{"id":1017,"date":"2025-05-15T10:18:17","date_gmt":"2025-05-15T10:18:17","guid":{"rendered":"https:\/\/reuzado.nl\/?page_id=1017"},"modified":"2025-12-04T08:44:55","modified_gmt":"2025-12-04T08:44:55","slug":"it-migration","status":"publish","type":"page","link":"https:\/\/reuzado.nl\/de\/losungsdienstleistungen\/ict-losungen\/it-migration\/","title":{"rendered":"Physische Arbeitsplatzinstallation"},"content":{"rendered":"<div  class=\"section section-pageheader-detail  has-no-bg has-no-pattern\">\n        <div class=\"container\">\n            <div class=\"holder\">\n                                    <div class=\"background-image\">\n                        <img decoding=\"async\" src=\"https:\/\/reuzado.nl\/app\/uploads\/2025\/09\/Reuzado-hoge-resolutie-JudithCapponFotografie-7905.jpg\" alt=\"\">\n                    <\/div>\n                \n                                    <div class=\"content\">\n                        <h1>Physische Arbeitsplatzinstallation<\/h1>\n\n                                                    <div class=\"rank-math-breadcrumbs\">\n                                <nav aria-label=\"Semmelbr\u00f6sel\" class=\"rank-math-breadcrumb\"><p><span class=\"last\">Startseite<\/span><\/p><\/nav>                            <\/div>\n                                            <\/div>\n                \n                            <\/div>\n        <\/div>\n    <\/div>\n\n\n        <div  class=\"section section-content has-no-padding-bottom-d has-no-padding-bottom-m has-no-bg has-no-pattern\">\n                        <div class=\"container\">\n                <div class=\"content-holder\">\n                    <div class=\"content\">\n                        <div class=\"inner\">\n                            <h2>Physische Arbeitsplatzinstallation<\/h2>\n<p>Eine Verlagerung oder ein Austausch von Arbeitspl\u00e4tzen muss kein invasiver oder st\u00f6render Prozess sein. Reuzado verf\u00fcgt \u00fcber mehr als 15 Jahre Erfahrung in der Installation und Demontage von physischen Arbeitspl\u00e4tzen, von kleinen B\u00fcros bis hin zu gro\u00dfen Arbeitsumgebungen. Ob f\u00fcr einen einzelnen Standort oder eine landesweite Einf\u00fchrung, wir sorgen f\u00fcr eine reibungslose Arbeitsplatzmigration von Anfang bis Ende, mit minimaler Unterbrechung f\u00fcr die Mitarbeiter.<\/p>\n                                                                                                                <\/div>\n                    <\/div>\n                <\/div>\n            <\/div>\n        <\/div>\n\n    \n\n        <div  class=\"section section-content two-columns has-no-bg has-no-pattern\">\n            <div class=\"container\">\n                <div class=\"content-holder\">\n                                            <div class=\"column\">\n                            <div class=\"content\">\n                                <h3>Erfahrenes und zuverl\u00e4ssiges Personal<\/h3>\n<p>Unsere Mitarbeiter werden sorgf\u00e4ltig ausgew\u00e4hlt und verf\u00fcgen \u00fcber ein VOG-Zertifikat, eine IT-Ausbildung oder eine nachweisliche Affinit\u00e4t zur IT. Dank ihrer langj\u00e4hrigen Erfahrung wissen sie genau, wie sie mit den Ger\u00e4ten umgehen und qualitativ hochwertige Arbeit leisten k\u00f6nnen. Dies gew\u00e4hrleistet eine professionelle und sorgf\u00e4ltige Ausf\u00fchrung vor Ort.<\/p>\n<p>&nbsp;<\/p>\n                            <\/div>\n                        <\/div>\n                                        <div class=\"column\">\n                        <div class=\"content\">\n                            <h3>Eine einzige Anlaufstelle<\/h3>\n<p>W\u00e4hrend des gesamten Projekts steht Ihnen ein st\u00e4ndiger Projektleiter zur Seite. Diese Person \u00fcberwacht die Planung, koordiniert die Ausf\u00fchrung und ist Ihr direkter Ansprechpartner. So behalten Sie den \u00dcberblick und Fragen werden schnell gekl\u00e4rt.<\/p>\n                                                    <\/div>\n                    <\/div>\n                <\/div>\n            <\/div>\n        <\/div>\n\n    \n\n    <div         class=\"section section-image-content has-bg-lightblue has-no-pattern has-image-left\">\n        <div class=\"holder\">\n                            <div class=\"image-holder\">\n                                            <div class=\"column\">\n                            <div class=\"image-wrapper\">\n                                <img decoding=\"async\" src=\"https:\/\/reuzado.nl\/app\/uploads\/2025\/09\/Reuzado-hoge-resolutie-JudithCapponFotografie-9143.jpg\" alt=\"Schredderfahrzeug\">\n                            <\/div>\n                        <\/div>\n                                        <div class=\"column\">\n                                                    <div class=\"image-wrapper\">\n                                <img decoding=\"async\" src=\"https:\/\/reuzado.nl\/app\/uploads\/2025\/09\/Reuzado-hoge-resolutie-JudithCapponFotografie-9104.jpg\" alt=\"\">\n                            <\/div>\n                                                                            <div class=\"image-wrapper\">\n                                <img decoding=\"async\" src=\"https:\/\/reuzado.nl\/app\/uploads\/2025\/09\/Reuzado-hoge-resolutie-JudithCapponFotografie-9448.jpg\" alt=\"\">\n                            <\/div>\n                                            <\/div>\n                                            <div class=\"column\">\n                            <div class=\"image-wrapper\">\n                                <img decoding=\"async\" src=\"https:\/\/reuzado.nl\/app\/uploads\/2025\/07\/Reuzado-9143.jpg\" alt=\"\">\n                            <\/div>\n                        <\/div>\n                                    <\/div>\n                <div class=\"image-holder-mobile\">\n\n                                            <div class=\"column\">\n                            <div class=\"image-wrapper\">\n                                <img decoding=\"async\" src=\"https:\/\/reuzado.nl\/app\/uploads\/2025\/09\/Reuzado-hoge-resolutie-JudithCapponFotografie-9143.jpg\" alt=\"Schredderfahrzeug\">\n                            <\/div>\n                        <\/div>\n                                        <div class=\"column\">\n                                                    <div class=\"image-wrapper\">\n                                <img decoding=\"async\" src=\"https:\/\/reuzado.nl\/app\/uploads\/2025\/09\/Reuzado-hoge-resolutie-JudithCapponFotografie-9104.jpg\" alt=\"\">\n                            <\/div>\n                                                                            <div class=\"image-wrapper\">\n                                <img decoding=\"async\" src=\"https:\/\/reuzado.nl\/app\/uploads\/2025\/09\/Reuzado-hoge-resolutie-JudithCapponFotografie-9448.jpg\" alt=\"\">\n                            <\/div>\n                                            <\/div>\n                                            <div class=\"column\">\n                            <div class=\"image-wrapper\">\n                                <img decoding=\"async\" src=\"https:\/\/reuzado.nl\/app\/uploads\/2025\/07\/Reuzado-9143.jpg\" alt=\"\">\n                            <\/div>\n                            <div class=\"image-wrapper is-blue\">\n                            <\/div>\n                        <\/div>\n                                    <\/div>\n                        <div class=\"content-holder\">\n                <div class=\"inner\">\n                                            <h2>Eigene Flotte f\u00fcr maximale Flexibilit\u00e4t<\/h2>\n<p>Reuzado verf\u00fcgt \u00fcber einen eigenen Fuhrpark, der aus einem LKW und mehreren Bussen besteht. Dadurch k\u00f6nnen wir auch bei Gro\u00dfprojekten mit bis zu Tausenden von Arbeitspl\u00e4tzen schnell und effizient agieren. Dank unserer fl\u00e4chendeckenden Pr\u00e4senz k\u00f6nnen wir flexibel eingesetzt werden, ohne auf externe Transportdienste angewiesen zu sein, was die Zuverl\u00e4ssigkeit und Verf\u00fcgbarkeit erh\u00f6ht.<\/p>\n                    \n                                    <\/div>\n            <\/div>\n        <\/div>\n    <\/div>\n\n\n        <div  class=\"section section-content two-columns has-no-bg has-no-pattern\">\n            <div class=\"container\">\n                <div class=\"content-holder\">\n                                            <div class=\"column\">\n                            <div class=\"content\">\n                                <h3>Intelligentes Kabelmanagement f\u00fcr einen aufger\u00e4umten Arbeitsplatz<\/h3>\n<p>Ein aufger\u00e4umter Arbeitsplatz tr\u00e4gt zu einer angenehmen Arbeitsumgebung bei. Deshalb sorgen wir f\u00fcr ein schlankes und geordnetes Kabelmanagement. Wir verwenden wiederverwendbare Kabelbinder, so dass die Kabel ordentlich versteckt sind, aber sp\u00e4ter leicht angepasst oder erweitert werden k\u00f6nnen. Dies bietet Flexibilit\u00e4t f\u00fcr zuk\u00fcnftige Anpassungen ohne Unordnung und \u00c4rger.<\/p>\n                            <\/div>\n                        <\/div>\n                                        <div class=\"column\">\n                        <div class=\"content\">\n                            <h3>Ger\u00e4teregistrierung auf Zimmer- oder Schreibtischebene<\/h3>\n<p>In gr\u00f6\u00dferen Organisationen, vor allem mit flexiblen R\u00e4umen, ist es wichtig zu wissen, wo sich welche Ger\u00e4te befinden. Reuzado registriert die Ger\u00e4te auf Raum- oder Schreibtischebene, so dass diese Informationen direkt in Ihre CMDB importiert werden k\u00f6nnen. Das erleichtert die Verwaltung und verhindert die Suche bei Wartung oder Austausch.<\/p>\n                                                    <\/div>\n                    <\/div>\n                <\/div>\n            <\/div>\n        <\/div>\n\n    \n\n        <div  class=\"section section-content two-columns has-bg-lightblue has-no-pattern\">\n            <div class=\"container\">\n                <div class=\"content-holder\">\n                                            <div class=\"column\">\n                            <div class=\"content\">\n                                <h3>Direkte Entsorgung von alten Arbeitspl\u00e4tzen<\/h3>\n<p>Um die St\u00f6rung zu minimieren, entsorgen wir die alten Arbeitspl\u00e4tze sofort. Wir verwenden abschlie\u00dfbare Rollcontainer, in denen die alte Hardware sicher gesammelt wird. Am Ende des Tages nehmen wir sie mit und bringen sie zu Reuzado zur\u00fcck. Dort pr\u00fcfen wir, ob die Ger\u00e4te noch einen Restwert haben oder unter Elektroschrott fallen. So bleibt Ihr Standort aufger\u00e4umt und betriebsbereit.<\/p>\n                            <\/div>\n                        <\/div>\n                                        <div class=\"column\">\n                        <div class=\"content\">\n                            <h3>Auch au\u00dferhalb der B\u00fcrozeiten verf\u00fcgbar<\/h3>\n<p>Um Ihren Tagesablauf nicht zu st\u00f6ren, k\u00f6nnen wir die Migration auch au\u00dferhalb der regul\u00e4ren Arbeitszeiten durchf\u00fchren. Abends oder am Wochenende - alles in Absprache und abgestimmt auf Ihren Zeitplan. So ist die Kontinuit\u00e4t Ihrer Organisation gew\u00e4hrleistet.<\/p>\n                                                    <\/div>\n                    <\/div>\n                <\/div>\n            <\/div>\n        <\/div>\n\n    \n\n    <div  class=\"section section-faq is-default has-no-bg has-no-pattern\">\n        \n        <div class=\"container\">\n                        <div class=\"faq-wrapper\">\n                <div class=\"faq\">\n                                                                        <div class=\"faq-title\">\n                                <h2>H\u00e4ufig gestellte Fragen zur IT-Migration<\/h2>\n                            <\/div>\n                                            \n                                            <div class=\"faq-items-wrapper\">\n                                                            <div class=\"faq-item\">\n                                    <div class=\"faq-heading toggle-heading\">\n                                        <h3>Kann Reuzado auch Arbeitsplatzmigrationen an vielen verschiedenen Orten durchf\u00fchren?<\/h3>\n                                        <i class=\"icon opened\"><\/i>\n                                    <\/div>\n                                    <div class=\"faq-body toggle-body is-opened\">\n                                        <p>Ja, Reuzado ist auf die Einf\u00fchrung von Arbeitsplatzmigrationen an zentralen und dezentralen Standorten spezialisiert. Egal, ob es sich um einen Hauptsitz oder Dutzende kleinerer Filialen handelt, wir erstellen einen intelligenten Einf\u00fchrungsplan, der zu Ihrem Unternehmen passt. Auf diese Weise verl\u00e4uft die Arbeitsplatzmigration reibungslos und strukturiert, unabh\u00e4ngig von der Komplexit\u00e4t des Projekts.<\/p>\n                                    <\/div>\n                                <\/div>\n                                                            <div class=\"faq-item\">\n                                    <div class=\"faq-heading toggle-heading\">\n                                        <h3>F\u00fchrt Reuzado auch Arbeitsmigrationen ins Ausland durch?<\/h3>\n                                        <i class=\"icon closed\"><\/i>\n                                    <\/div>\n                                    <div class=\"faq-body toggle-body hidden\">\n                                        <p>Wir f\u00fchren unsere IT-Migrationen und Hardware-Migrationen in den gesamten Benelux-L\u00e4ndern durch. In dieser Region bieten wir die gleiche hohe Qualit\u00e4t und den gleichen Service, einschlie\u00dflich Logistik, Installation und Support vor Ort.<\/p>\n                                    <\/div>\n                                <\/div>\n                                                            <div class=\"faq-item\">\n                                    <div class=\"faq-heading toggle-heading\">\n                                        <h3>K\u00f6nnen die Laptops mit unserer Software und unseren Einstellungen vorgeladen werden?<\/h3>\n                                        <i class=\"icon closed\"><\/i>\n                                    <\/div>\n                                    <div class=\"faq-body toggle-body hidden\">\n                                        <p>Aber sicher. Wir erstellen gemeinsam ein individuelles Standardbild. Dieses bringen wir vor dem Roll-out auf allen Ger\u00e4ten an. So startet jeder Mitarbeiter sofort mit einem Arbeitsplatz, der vollst\u00e4ndig nach Ihren Vorgaben eingerichtet ist. Das beschleunigt den Migrationsprozess und verhindert nachtr\u00e4gliche Installationsfehler.<\/p>\n                                    <\/div>\n                                <\/div>\n                                                            <div class=\"faq-item\">\n                                    <div class=\"faq-heading toggle-heading\">\n                                        <h3>Haben die Mitarbeiter von Reuzado einen VOG?<\/h3>\n                                        <i class=\"icon closed\"><\/i>\n                                    <\/div>\n                                    <div class=\"faq-body toggle-body hidden\">\n                                        <p>Ja. Alle Reuzado-Mitarbeiter, die an einem Migrationsprojekt beteiligt sind, haben ein g\u00fcltiges F\u00fchrungszeugnis (VOG). Dies ist besonders wichtig, wenn die Migration in Umgebungen stattfindet, in denen dies vorgeschrieben ist, wie im Gesundheitswesen oder in staatlichen Einrichtungen.<\/p>\n                                    <\/div>\n                                <\/div>\n                                                            <div class=\"faq-item\">\n                                    <div class=\"faq-heading toggle-heading\">\n                                        <h3>Ist es m\u00f6glich, das IT-Migrationsprojekt au\u00dferhalb der Arbeitszeiten durchzuf\u00fchren?<\/h3>\n                                        <i class=\"icon closed\"><\/i>\n                                    <\/div>\n                                    <div class=\"faq-body toggle-body hidden\">\n                                        <p>Ja, wir verstehen, dass eine Migration nicht immer w\u00e4hrend der Gesch\u00e4ftszeiten stattfinden kann. Deshalb bieten wir die M\u00f6glichkeit, Installationen und Swaps au\u00dferhalb der Arbeitszeiten oder am Wochenende durchzuf\u00fchren. So bleibt der t\u00e4gliche Betrieb ungest\u00f6rt und die Nutzer k\u00f6nnen ohne Unterbrechung weiterarbeiten.<\/p>\n                                    <\/div>\n                                <\/div>\n                                                            <div class=\"faq-item\">\n                                    <div class=\"faq-heading toggle-heading\">\n                                        <h3>Was passiert mit der alten Hardware nach der Arbeitsplatzmigration?<\/h3>\n                                        <i class=\"icon closed\"><\/i>\n                                    <\/div>\n                                    <div class=\"faq-body toggle-body hidden\">\n                                        <p>Altger\u00e4te werden von uns abgeholt, inventarisiert und sicher gelagert. Die Daten auf dieser Hardware werden mit der Blancco-Software vollst\u00e4ndig und zertifiziert gel\u00f6scht. Wo m\u00f6glich, werden die Ger\u00e4te f\u00fcr die Wiederverwendung aufbereitet. Nicht mehr verwendbare Ger\u00e4te werden nach WEEELABEX-Standards verantwortungsvoll recycelt.<\/p>\n                                    <\/div>\n                                <\/div>\n                                                            <div class=\"faq-item\">\n                                    <div class=\"faq-heading toggle-heading\">\n                                        <h3>K\u00f6nnen wir Reuzado auch nutzen, um unser B\u00fcro oder unsere IT-Abteilung umzusiedeln?<\/h3>\n                                        <i class=\"icon closed\"><\/i>\n                                    <\/div>\n                                    <div class=\"faq-body toggle-body hidden\">\n                                        <p>Ja, Sie k\u00f6nnen Reuzado auch mit dem Umzug von Arbeitspl\u00e4tzen oder der Zwischenlagerung von Ger\u00e4ten beauftragen. Bei einem kombinierten Umzug und einer IT-Migration sorgen wir f\u00fcr einen reibungslosen Ablauf. Nehmen Sie Kontakt mit uns auf, um die M\u00f6glichkeiten zu besprechen.<\/p>\n                                    <\/div>\n                                <\/div>\n                                                            <div class=\"faq-item\">\n                                    <div class=\"faq-heading toggle-heading\">\n                                        <h3>Ist es m\u00f6glich, ein komplettes Migrationsprojekt an Reuzado auszulagern?<\/h3>\n                                        <i class=\"icon closed\"><\/i>\n                                    <\/div>\n                                    <div class=\"faq-body toggle-body hidden\">\n                                        <p>Unbedingt. Sie k\u00f6nnen uns den gesamten Migrationsprozess \u00fcberlassen, einschlie\u00dflich Planung, Vorbereitung, Durchf\u00fchrung und Nachbetreuung. Wir k\u00fcmmern uns um die Kommunikation mit den internen Teams, die technische Umsetzung vor Ort und das komplette Reporting. Damit ist Reuzado der ideale Partner, wenn Sie ein Migrationsprojekt ohne \u00dcberraschungen auslagern wollen.<\/p>\n                                    <\/div>\n                                <\/div>\n                                                            <div class=\"faq-item\">\n                                    <div class=\"faq-heading toggle-heading\">\n                                        <h3>Wie kann Reuzado Software-Migrationen unterst\u00fctzen?<\/h3>\n                                        <i class=\"icon closed\"><\/i>\n                                    <\/div>\n                                    <div class=\"faq-body toggle-body hidden\">\n                                        <p>Reuzado bietet in erster Linie Hardware-Support, hilft aber auch bei der Neuinstallation von Betriebssystemen auf bestehenden Ger\u00e4ten, die bereits im Einsatz sind. Wir sorgen daf\u00fcr, dass der Endnutzer weiterarbeiten kann, indem wir ihm w\u00e4hrend der Migration ein - m\u00f6glicherweise vor\u00fcbergehendes - Ersatzger\u00e4t zur Verf\u00fcgung stellen.<\/p>\n                                    <\/div>\n                                <\/div>\n                                                    <\/div>\n                                    <\/div>\n            <\/div>\n        <\/div>\n    <\/div>\n\n\n    <div  class=\"section section-cta has-small-image has-no-padding-bottom-d has-no-padding-bottom-m has-no-bg has-no-pattern\">\n        \n        <div class=\"holder\">\n            <div class=\"container\">\n                <div class=\"cta-holder\">\n                                            <div class=\"image-holder\">\n                            <img decoding=\"async\" src=\"https:\/\/reuzado.nl\/app\/uploads\/2025\/06\/Marina-2-reuzado-.jpg\" alt=\"\">\n                        <\/div>\n                                        <div class=\"content-holder\">\n                        <div class=\"inner\">\n                            <h2>M\u00f6chten Sie wissen, welche Produkte f\u00fcr Ihr Unternehmen am besten geeignet sind?<\/h2>\n<p>Dann wenden Sie sich an unsere Beraterinnen und Berater. Sie k\u00f6nnen sie erreichen \u00fcber <a href=\"mailto:info@reuzado.nl\">info@reuzado.nl<\/a> oder \u00fcber <a href=\"tel:+31(0)235519821\">+31 (0)23 551 98 21<\/a>. Oder f\u00fcllen Sie das Kontaktformular aus.<\/p>\n                                                            <div class=\"button-holder\">\n                                    \n                                                                            <a href=\"https:\/\/reuzado.nl\/de\/kontakt\/\"\n                                           target=\"_self\"\n                                           class=\"button alt\">Kontakt aufnehmen<\/a>\n                                                                    <\/div>\n                                                    <\/div>\n                    <\/div>\n                <\/div>\n            <\/div>\n        <\/div>\n\n                    <div class=\"background-image\">\n                <img decoding=\"async\" src=\"https:\/\/reuzado.nl\/app\/uploads\/2025\/06\/Reuzado-9377-scaled.jpg\" alt=\"\">\n            <\/div>\n            <\/div>","protected":false},"excerpt":{"rendered":"","protected":false},"author":1,"featured_media":0,"parent":430,"menu_order":0,"comment_status":"closed","ping_status":"closed","template":"","meta":{"_acf_changed":false,"footnotes":""},"class_list":["post-1017","page","type-page","status-publish","hentry"],"acf":[],"_links":{"self":[{"href":"https:\/\/reuzado.nl\/de\/wp-json\/wp\/v2\/pages\/1017","targetHints":{"allow":["GET"]}}],"collection":[{"href":"https:\/\/reuzado.nl\/de\/wp-json\/wp\/v2\/pages"}],"about":[{"href":"https:\/\/reuzado.nl\/de\/wp-json\/wp\/v2\/types\/page"}],"author":[{"embeddable":true,"href":"https:\/\/reuzado.nl\/de\/wp-json\/wp\/v2\/users\/1"}],"replies":[{"embeddable":true,"href":"https:\/\/reuzado.nl\/de\/wp-json\/wp\/v2\/comments?post=1017"}],"version-history":[{"count":0,"href":"https:\/\/reuzado.nl\/de\/wp-json\/wp\/v2\/pages\/1017\/revisions"}],"up":[{"embeddable":true,"href":"https:\/\/reuzado.nl\/de\/wp-json\/wp\/v2\/pages\/430"}],"wp:attachment":[{"href":"https:\/\/reuzado.nl\/de\/wp-json\/wp\/v2\/media?parent=1017"}],"curies":[{"name":"wp","href":"https:\/\/api.w.org\/{rel}","templated":true}]}}