{"id":1052,"date":"2025-05-15T11:17:41","date_gmt":"2025-05-15T11:17:41","guid":{"rendered":"https:\/\/reuzado.nl\/?page_id=1052"},"modified":"2026-04-10T13:28:15","modified_gmt":"2026-04-10T13:28:15","slug":"schredderfahrzeug-2","status":"publish","type":"page","link":"https:\/\/reuzado.nl\/de\/schredderfahrzeug-2\/","title":{"rendered":"Schredder-LKW"},"content":{"rendered":"<div  class=\"section section-pageheader-detail has-video has-no-bg has-no-pattern\">\n        <div class=\"container\">\n            <div class=\"holder\">\n                                    <div class=\"background-image\">\n                        <video autoplay playsinline muted loop class=\"background-visual\">\n                            <source src=\"https:\/\/reuzado.nl\/app\/uploads\/2026\/04\/Reuzado-Diensten-video-Shredder-Rob-Lust.mp4\" type=\"video\/mp4\">\n                        <\/video>\n                    <\/div>\n                \n                                    <div class=\"content\">\n                        <h1>Datenvernichtung vor Ort mit unserem Schredderfahrzeug<\/h1>\n\n                                                    <div class=\"rank-math-breadcrumbs\">\n                                <nav aria-label=\"Semmelbr\u00f6sel\" class=\"rank-math-breadcrumb\"><p><span class=\"last\">Startseite<\/span><\/p><\/nav>                            <\/div>\n                                            <\/div>\n                \n                                    <div class=\"link\">\n                        <div class=\"link-wrapper\">\n                            <a href=\"https:\/\/www.youtube.com\/watch?v=DGLaq7bKZ7s\" data-fancybox=\"video\" data-autoplay=\"true\" target=\"_blank\" rel=\"noopener\">\n                                <i class=\"fa-light fa-play\"><\/i>\n                                Video ansehen\n                            <\/a>\n                        <\/div>\n                    <\/div>\n                            <\/div>\n        <\/div>\n    <\/div>\n\n\n        <div  class=\"section section-block-cards has-no-padding-bottom-d has-no-padding-bottom-m has-no-bg has-no-pattern\">\n            \n            <div class=\"container\">\n                <div class=\"holder\">\n                    <div class=\"content-holder\">\n                        <h2>Wie funktioniert die Datenvernichtung mit dem Schredderwagen?<\/h2>\n\n                                            <\/div>\n\n                    <div class=\"block-holder\">\n                                                    <div class=\"blocks has-four\">\n                                                                                                            <div class=\"column\">\n                                                                                            <div class=\"block\">\n                                                    <div class=\"inner\">\n                                                        <p><strong>1. Einen Termin vereinbaren<\/strong><\/p>\n<p>Sobald Sie gen\u00fcgend Datentr\u00e4ger gesammelt haben, vereinbaren wir einen Termin. Zum vereinbarten Zeitpunkt kommt der Schredderwagen zu Ihnen, wo unsere Mitarbeiter den Vorgang \u00fcberwachen.<\/p>\n                                                                                                            <\/div>\n                                                <\/div>\n                                                                                            <div class=\"block\">\n                                                    <div class=\"inner\">\n                                                        <p><strong>2. Sammlung und Registrierung<\/strong><\/p>\n<p>Ihre Datentr\u00e4ger werden in einer verschlie\u00dfbaren Verpackung \u00fcbergeben. Unsere Mitarbeiter scannen und registrieren alle Gegenst\u00e4nde, einschlie\u00dflich der Seriennummern und der Art der Speichermedien.<\/p>\n                                                                                                            <\/div>\n                                                <\/div>\n                                                                                    <\/div>\n                                                                                                                                                <div class=\"column\">\n                                                                                            <div class=\"block\">\n                                                    <div class=\"inner\">\n                                                        <p><strong>3. Direkte Zerst\u00f6rung vor Ort<\/strong><\/p>\n<p>Die Datentr\u00e4ger werden vor Ort im mobilen Schredder vernichtet, der in den LKW eingebaut ist. Sie k\u00f6nnen diesen Prozess live mitverfolgen, um maximale Transparenz und Sicherheit zu gew\u00e4hrleisten.<\/p>\n                                                                                                            <\/div>\n                                                <\/div>\n                                                                                            <div class=\"block\">\n                                                    <div class=\"inner\">\n                                                        <p><strong>4. Bescheinigung und Berichterstattung<\/strong><\/p>\n<p>Anschlie\u00dfend erhalten Sie einen detaillierten Vernichtungsnachweis. Dieser enth\u00e4lt alle relevanten Angaben wie Seriennummern, Datum und Vernichtungsmethode.<\/p>\n                                                                                                            <\/div>\n                                                <\/div>\n                                                                                    <\/div>\n                                                                                                <\/div>\n                                            <\/div>\n                <\/div>\n            <\/div>\n        <\/div>\n    \n\n        <div  class=\"section section-content has-no-padding-top-d has-no-padding-top-m has-no-bg has-no-pattern\">\n                        <div class=\"container\">\n                <div class=\"content-holder\">\n                    <div class=\"content\">\n                        <div class=\"inner\">\n                            <p>Manchmal ist der Transport von Datentr\u00e4gern einfach keine Option. Denken Sie an sensible Daten, an risikoreiche Branchen oder an Unternehmen, die ein Maximum an Kontrolle behalten wollen. Reuzado bietet daher eine professionelle und v\u00f6llig transparente L\u00f6sung: die Datenvernichtung vor Ort, mit einem mobilen Schredderwagen, der direkt auf das Firmengel\u00e4nde kommt.<\/p>\n<p>Von der Abholung bis zur Vernichtung: alles wird sicher, zertifiziert und vollst\u00e4ndig intern durchgef\u00fchrt. Sie k\u00f6nnen den Prozess von Anfang bis Ende verfolgen, einschlie\u00dflich des Augenblicks, in dem Ihre Datentr\u00e4ger buchst\u00e4blich und unwiederbringlich vernichtet werden.<\/p>\n                                                                                                <div class=\"button-holder\">\n                                                                                    <a href=\"https:\/\/reuzado.nl\/de\/angebot\/schredder-vor-ort\/\" target=\"_self\" class=\"button\">Angebot anfordern<\/a>\n                                                                                                                            <a href=\"https:\/\/reuzado.nl\/de\/kontakt\/\" target=\"_self\" class=\"button alt\">Kontakt<\/a>\n                                                                                                                    <\/div>\n                                                                                    <\/div>\n                    <\/div>\n                <\/div>\n            <\/div>\n        <\/div>\n\n    \n\n        <div  class=\"section section-content has-no-padding-top-d has-no-padding-top-m has-no-bg has-no-pattern\">\n                        <div class=\"container\">\n                <div class=\"content-holder\">\n                    <div class=\"content\">\n                        <div class=\"inner\">\n                            <h3>100% sichere Datenvernichtung nach europ\u00e4ischen Normen<\/h3>\n<p>Reuzado f\u00fchrt die Datenvernichtung vor Ort nach den h\u00f6chsten europ\u00e4ischen Standards durch. Unsere Prozesse sind nach ISO 9001 zertifiziert und wir arbeiten ganz im Sinne der Norm DIN 66399, die genau vorschreibt, wie Datentr\u00e4ger je nach Art der Daten und Risiken bei der Wiederverwendung vernichtet werden sollten. Jeder Datentr\u00e4ger wird vorregistriert und nach der Vernichtung erhalten Sie ein Zertifikat mit Seriennummer, Datum und angewandter Methode. Damit haben Sie einen schl\u00fcssigen Nachweis f\u00fcr Audits, die Einhaltung von Vorschriften und die vollst\u00e4ndige Rechenschaftspflicht und Berichterstattung von AVG.<\/p>\n                                                                                                                <\/div>\n                    <\/div>\n                <\/div>\n            <\/div>\n        <\/div>\n\n    \n\n        <div  class=\"section section-content has-no-padding-top-d has-no-padding-top-m has-no-bg has-no-pattern\">\n                        <div class=\"container\">\n                <div class=\"content-holder\">\n                    <div class=\"content\">\n                        <div class=\"inner\">\n                            <h3>Warum die Vernichtung vor Ort?<\/h3>\n<ul>\n<li><strong>Keine Transportrisiken<\/strong><br \/>\nDie Daten verlassen das Geb\u00e4ude nicht. Dies ist f\u00fcr Branchen mit hohen Anforderungen an den Datenschutz oder vertraulichen Informationen unerl\u00e4sslich.<\/li>\n<li><strong>Maximale Kontrolle und Sichtbarkeit<\/strong><br \/>\nSie sehen selbst, wie Ihre Datentr\u00e4ger vernichtet werden. Der Prozess findet unter Ihrer Aufsicht statt<\/li>\n<li><strong>Vollst\u00e4ndig zertifiziert und auditf\u00e4hig<\/strong><br \/>\nSie erhalten eine aussagekr\u00e4ftige Dokumentation und ein Zertifikat f\u00fcr jeden vernichteten Tr\u00e4ger.<\/li>\n<li><strong>Flexibel und effizient<\/strong><br \/>\nWir kommen zu Ihnen, wenn Sie es w\u00fcnschen. Unser mobiler Service passt sich an Ihren Zeitplan und Ihr Tempo an.<\/li>\n<\/ul>\n                                                                                                                <\/div>\n                    <\/div>\n                <\/div>\n            <\/div>\n        <\/div>\n\n    \n\n    <div  class=\"section section-images-slider has-no-padding-top-d has-no-padding-top-m has-no-bg has-no-pattern\">\n        \n                    <div class=\"slider-container\">\n                <div class=\"slider-track\">\n                                            <div class=\"slide\">\n                            <img decoding=\"async\" src=\"https:\/\/reuzado.nl\/app\/uploads\/2025\/09\/Reuzado-hoge-resolutie-JudithCapponFotografie-9143.jpg\" alt=\"Schredderfahrzeug\">\n                        <\/div>\n                                            <div class=\"slide\">\n                            <img decoding=\"async\" src=\"https:\/\/reuzado.nl\/app\/uploads\/2025\/09\/Reuzado-hoge-resolutie-JudithCapponFotografie-9573.jpg\" alt=\"\">\n                        <\/div>\n                                            <div class=\"slide\">\n                            <img decoding=\"async\" src=\"https:\/\/reuzado.nl\/app\/uploads\/2025\/09\/Reuzado-hoge-resolutie-JudithCapponFotografie-9564.jpg\" alt=\"Datenvernichtung\">\n                        <\/div>\n                                            <div class=\"slide\">\n                            <img decoding=\"async\" src=\"https:\/\/reuzado.nl\/app\/uploads\/2025\/09\/Reuzado-hoge-resolutie-JudithCapponFotografie-7811.jpg\" alt=\"\">\n                        <\/div>\n                                            <div class=\"slide\">\n                            <img decoding=\"async\" src=\"https:\/\/reuzado.nl\/app\/uploads\/2025\/09\/Reuzado-hoge-resolutie-JudithCapponFotografie-9570.jpg\" alt=\"\">\n                        <\/div>\n                                    <\/div>\n            <\/div>\n            <\/div>\n\n\n    <div  class=\"section section-faq is-default has-no-padding-top-d has-no-padding-top-m has-no-bg has-no-pattern\">\n        \n        <div class=\"container\">\n                        <div class=\"faq-wrapper\">\n                <div class=\"faq\">\n                                                                        <div class=\"faq-title\">\n                                <h2>H\u00e4ufig gestellte Fragen zur Datenvernichtung mit Schredderwagen<\/h2>\n                            <\/div>\n                                            \n                                            <div class=\"faq-items-wrapper\">\n                                                            <div class=\"faq-item\">\n                                    <div class=\"faq-heading toggle-heading\">\n                                        <h3>Was genau ist ein Schredderfahrzeug?<\/h3>\n                                        <i class=\"icon opened\"><\/i>\n                                    <\/div>\n                                    <div class=\"faq-body toggle-body is-opened\">\n                                        <p>Ein Shredder-Truck ist eine mobile Vernichtungseinheit in einem Lastwagen. Er enth\u00e4lt einen Industrieshredder, mit dem wir Speichermedien wie Festplatten oder SSDs direkt bei Ihnen vor Ort vernichten k\u00f6nnen. Auf diese Weise bleiben sensible Daten vollst\u00e4ndig in Ihren eigenen R\u00e4umlichkeiten.<\/p>\n                                    <\/div>\n                                <\/div>\n                                                            <div class=\"faq-item\">\n                                    <div class=\"faq-heading toggle-heading\">\n                                        <h3>Welche Datentr\u00e4ger k\u00f6nnen Sie vor Ort vernichten?<\/h3>\n                                        <i class=\"icon closed\"><\/i>\n                                    <\/div>\n                                    <div class=\"faq-body toggle-body hidden\">\n                                        <p>Wir k\u00f6nnen unter anderem Festplatten (HDD und SSD), B\u00e4nder, USB-Sticks, NAS-Laufwerke und \u00e4hnliche Speichermedien zerst\u00f6ren. Befindet sich der Datenspeicher noch in einem Ger\u00e4t? Dann entfernen wir sie zun\u00e4chst sicher, bevor wir mit der Vernichtung beginnen.<\/p>\n                                    <\/div>\n                                <\/div>\n                                                            <div class=\"faq-item\">\n                                    <div class=\"faq-heading toggle-heading\">\n                                        <h3>K\u00f6nnen wir den Zerst\u00f6rungsprozess selbst verfolgen?<\/h3>\n                                        <i class=\"icon closed\"><\/i>\n                                    <\/div>\n                                    <div class=\"faq-body toggle-body hidden\">\n                                        <p>Ja, genau das ist einer der Vorteile dieses Dienstes. Sie k\u00f6nnen live mitverfolgen, wie die Datentr\u00e4ger vernichtet werden. Das gibt maximale Transparenz und die Sicherheit, dass alles richtig gemacht wurde.<\/p>\n                                    <\/div>\n                                <\/div>\n                                                            <div class=\"faq-item\">\n                                    <div class=\"faq-heading toggle-heading\">\n                                        <h3>Bekommen wir einen Vernichtungsnachweis?<\/h3>\n                                        <i class=\"icon closed\"><\/i>\n                                    <\/div>\n                                    <div class=\"faq-body toggle-body hidden\">\n                                        <p>Sicher. Anschlie\u00dfend erhalten Sie f\u00fcr jeden Datentr\u00e4ger ein offizielles Zertifikat mit Seriennummer, Datum und verwendeter Vernichtungsmethode. Dies ist Ihr Nachweis f\u00fcr Audits, die Einhaltung von AVG und die interne Registrierung.<\/p>\n                                    <\/div>\n                                <\/div>\n                                                            <div class=\"faq-item\">\n                                    <div class=\"faq-heading toggle-heading\">\n                                        <h3>Ist diese Methode AVG-sicher und zertifiziert?<\/h3>\n                                        <i class=\"icon closed\"><\/i>\n                                    <\/div>\n                                    <div class=\"faq-body toggle-body hidden\">\n                                        <p>Ja, vollst\u00e4ndig. Wir arbeiten nach der Norm DIN 66399 und sind ISO 9001-zertifiziert. Alles wird sicher, r\u00fcckverfolgbar und nachweislich vernichtet, ganz im Sinne der Anforderungen des <a href=\"https:\/\/ondernemersplein.overheid.nl\/bedrijfsvoering\/juridische-zaken\/de-avg-dit-moeten-ondernemers-doen\/\" target=\"_blank\" rel=\"noopener\">AVG<\/a>.<\/p>\n                                    <\/div>\n                                <\/div>\n                                                    <\/div>\n                                    <\/div>\n            <\/div>\n        <\/div>\n    <\/div>\n\n\n    <div  class=\"section section-cta has-small-image has-no-padding-bottom-d has-no-padding-bottom-m has-no-bg has-no-pattern\">\n        \n        <div class=\"holder\">\n            <div class=\"container\">\n                <div class=\"cta-holder\">\n                                            <div class=\"image-holder\">\n                            <img decoding=\"async\" src=\"https:\/\/reuzado.nl\/app\/uploads\/2026\/03\/CTA-Gerrit.png\" alt=\"\">\n                        <\/div>\n                                        <div class=\"content-holder\">\n                        <div class=\"inner\">\n                            <p>M\u00f6chten Sie wissen, welche Produkte f\u00fcr Ihr Unternehmen am besten geeignet sind?<\/p>\n<p>Dann wenden Sie sich an unsere Beraterinnen und Berater. Sie k\u00f6nnen sie erreichen \u00fcber <a href=\"mailto:info@reuzado.nl\">info@reuzado.nl<\/a> oder \u00fcber <a href=\"tel:+31(0)235519821\">+31 (0)23 551 98 21<\/a>. Oder f\u00fcllen Sie das Kontaktformular aus.<\/p>\n                                                            <div class=\"button-holder\">\n                                    \n                                                                            <a href=\"https:\/\/reuzado.nl\/de\/kontakt\/\" target=\"_self\" class=\"button alt\">Kontakt aufnehmen<\/a>\n                                                                    <\/div>\n                                                    <\/div>\n                    <\/div>\n                <\/div>\n            <\/div>\n        <\/div>\n\n                    <div class=\"background-image\">\n                <img decoding=\"async\" src=\"https:\/\/reuzado.nl\/app\/uploads\/2025\/06\/Reuzado-9377-scaled.jpg\" alt=\"\">\n            <\/div>\n            <\/div>","protected":false},"excerpt":{"rendered":"","protected":false},"author":1,"featured_media":0,"parent":0,"menu_order":0,"comment_status":"closed","ping_status":"closed","template":"","meta":{"_acf_changed":false,"footnotes":""},"class_list":["post-1052","page","type-page","status-publish","hentry"],"acf":[],"_links":{"self":[{"href":"https:\/\/reuzado.nl\/de\/wp-json\/wp\/v2\/pages\/1052","targetHints":{"allow":["GET"]}}],"collection":[{"href":"https:\/\/reuzado.nl\/de\/wp-json\/wp\/v2\/pages"}],"about":[{"href":"https:\/\/reuzado.nl\/de\/wp-json\/wp\/v2\/types\/page"}],"author":[{"embeddable":true,"href":"https:\/\/reuzado.nl\/de\/wp-json\/wp\/v2\/users\/1"}],"replies":[{"embeddable":true,"href":"https:\/\/reuzado.nl\/de\/wp-json\/wp\/v2\/comments?post=1052"}],"version-history":[{"count":0,"href":"https:\/\/reuzado.nl\/de\/wp-json\/wp\/v2\/pages\/1052\/revisions"}],"wp:attachment":[{"href":"https:\/\/reuzado.nl\/de\/wp-json\/wp\/v2\/media?parent=1052"}],"curies":[{"name":"wp","href":"https:\/\/api.w.org\/{rel}","templated":true}]}}