{"id":1168,"date":"2025-05-16T12:45:21","date_gmt":"2025-05-16T12:45:21","guid":{"rendered":"https:\/\/reuzado.nl\/?page_id=1168"},"modified":"2026-03-16T16:09:03","modified_gmt":"2026-03-16T16:09:03","slug":"es-in-umlauf-bringen","status":"publish","type":"page","link":"https:\/\/reuzado.nl\/de\/losungsdienstleistungen\/ict-losungen\/es-in-umlauf-bringen\/","title":{"rendered":"Circu-IT"},"content":{"rendered":"<div  class=\"section section-pageheader-detail  has-no-bg has-no-pattern\">\n        <div class=\"container\">\n            <div class=\"holder\">\n                                    <div class=\"background-image\">\n                        <img decoding=\"async\" src=\"https:\/\/reuzado.nl\/app\/uploads\/2025\/09\/Reuzado-lage-resolutie-JudithCapponFotografie-7696.jpg\" alt=\"Circu-IT\">\n                    <\/div>\n                \n                                    <div class=\"content\">\n                        <h1>Circu-IT<\/h1>\n\n                                                    <div class=\"rank-math-breadcrumbs\">\n                                <nav aria-label=\"Semmelbr\u00f6sel\" class=\"rank-math-breadcrumb\"><p><span class=\"last\">Startseite<\/span><\/p><\/nav>                            <\/div>\n                                            <\/div>\n                \n                            <\/div>\n        <\/div>\n    <\/div>\n\n\n        <div  class=\"section section-content has-no-padding-bottom-d has-no-padding-bottom-m has-no-bg has-no-pattern\">\n                        <div class=\"container\">\n                <div class=\"content-holder\">\n                    <div class=\"content\">\n                        <div class=\"inner\">\n                            <p>Die Circu-IT-Plattform von Reuzado bietet eine umfassende und rund um die Uhr zug\u00e4ngliche L\u00f6sung f\u00fcr die Verwaltung Ihres IT-Asset-Disposal-Prozesses (ITAD). Diese Plattform wurde entwickelt, um vollst\u00e4ndige Kontrolle, Transparenz und Effizienz zu gew\u00e4hrleisten und sicherzustellen, dass Ihr Unternehmen die h\u00f6chsten Standards f\u00fcr Sicherheit, Nachhaltigkeit und Compliance erf\u00fcllt.<\/p>\n<p>In Circu-IT k\u00f6nnen Sie Ihre eigenen Ticketnummern f\u00fcr eine klare Referenz und eine effiziente Kommunikation mit Reuzado erstellen<\/p>\n                                                                                                <div class=\"button-holder\">\n                                                                                    <a href=\"https:\/\/reuzado.nl\/de\/angebot\/schaltportal\/\"\n                                                target=\"_self\"\n                                                class=\"button\">Angebot anfordern<\/a>\n                                                                                                                            <a href=\"https:\/\/reuzado.nl\/de\/kontakt\/\"\n                                                target=\"_self\"\n                                                class=\"button alt\">Kontakt<\/a>\n                                                                                                                    <\/div>\n                                                                                    <\/div>\n                    <\/div>\n                <\/div>\n            <\/div>\n        <\/div>\n\n    \n\n    <div  class=\"section section-video has-no-bg has-no-pattern\">\n        <div class=\"container\">\n                            <div class=\"content-holder\">\n                    <h2>Circu-IT: All-in-One-Portal f\u00fcr die Verwaltung der Kreislauf-IT<\/h2>\n                <\/div>\n            \n                            <div class=\"video-holder\">\n                    <a class=\"play-button\" href=\"#\">\n                        <i class=\"fa-solid fa-play\"><\/i>\n                    <\/a>\n                    <video playsinline muted>\n                        <source src=\"https:\/\/reuzado.nl\/app\/uploads\/2025\/08\/Circu-IT-\u2013-Alles-in-e\u0301e\u0301n-portaal-voor-circulair-IT-beheer-1.mp4\"\n                            type=\"video\/mp4\">\n                    <\/video>\n                <\/div>\n                    <\/div>\n    <\/div>\n\n\n        <div  class=\"section section-content two-columns has-bg-lightblue has-no-pattern\">\n            <div class=\"container\">\n                <div class=\"content-holder\">\n                                            <div class=\"column\">\n                            <div class=\"content\">\n                                <h4>Vollst\u00e4ndiger Einblick und \u00dcberwachung in Echtzeit<\/h4>\n<ul>\n<li><strong>Verfolgung in Echtzeit<\/strong>Nachverfolgung von IT-Ressourcen in jeder Phase des Prozesses, vom Transport bis zur Verarbeitung und Zertifizierung<\/li>\n<li><strong>Planung in Echtzeit<\/strong>Planung: Planen Sie Hardware-Kollektionen genau und stimmen Sie sie mit Ihren internen Zeitpl\u00e4nen ab.<\/li>\n<\/ul>\n<p>&nbsp;<\/p>\n<h4>Effizienz und Organisationskontrolle<\/h4>\n<ul>\n<li><strong>Zentralisierte Verwaltung:<\/strong> Als Wiederverk\u00e4ufer oder Endkunde verwalten Sie alle Ihre Standorte, Prozesse und Dokumentationen \u00fcber eine \u00fcbersichtliche und intuitive Umgebung.<\/li>\n<li><strong>Rollenbasierter Zugriff:<\/strong> Weisen Sie Benutzerrollen f\u00fcr eine sichere und genaue Datenverarbeitung zu.<\/li>\n<li><strong>Standardisierte Arbeitsabl\u00e4ufe:<\/strong> Interne Leitlinien gew\u00e4hrleisten Konsistenz und operative Effizienz.<\/li>\n<\/ul>\n                            <\/div>\n                        <\/div>\n                                        <div class=\"column\">\n                        <div class=\"content\">\n                            <h4>Zentralisierte und umfassende Dokumentation<\/h4>\n<ul>\n<li><strong>Speicherung von Dokumenten:<\/strong>\u00a0Speichern Sie wichtige Dokumente wie Bestandsverzeichnisse, Bescheinigungen f\u00fcr die Datenentsorgung (Wischen oder Schreddern) und Umweltvertr\u00e4glichkeitsberichte an einem sicheren Ort.<\/li>\n<li><strong>Umweltberichte:<\/strong> Gewinnen Sie Einblicke in die Verarbeitung und Wiederverwendung von Elektroschrott, unterst\u00fctzt durch WEEELABEX\/CENELEC-Zertifizierungen.<\/li>\n<li><strong>Projektkommunikation:<\/strong> Verwaltung der gesamten projektbezogenen Korrespondenz und Dokumentation innerhalb der Plattform zur optimalen Koordinierung.<\/li>\n<\/ul>\n                                                    <\/div>\n                    <\/div>\n                <\/div>\n            <\/div>\n        <\/div>\n\n    \n\n        <div  class=\"section section-content has-no-bg has-no-pattern\">\n                        <div class=\"container\">\n                <div class=\"content-holder\">\n                    <div class=\"content\">\n                        <div class=\"inner\">\n                            <h4>Nachhaltigkeit und Konformit\u00e4t<\/h4>\n<ul>\n<li><strong>CO2-Berichterstattung:<\/strong>\u00a0Mit einer Analyse der Auswirkungen von Renovierung und Wiederverwendung, einschlie\u00dflich potenzieller CO2-Einsparungen, die von Ihren eigenen Emissionen abgezogen werden k\u00f6nnen. Zeigen Sie Ihr Umweltbewusstsein.<\/li>\n<li><strong>Einhaltung von CSRD und ESG:<\/strong> Unterst\u00fctzen Sie Ihre Nachhaltigkeitsziele und erf\u00fcllen Sie effizient die gesetzlichen Anforderungen<\/li>\n<\/ul>\n<p>&nbsp;<\/p>\n<h4>Benutzerfreundlicher und effizienter Arbeitsablauf<\/h4>\n<ul>\n<li><strong>Transparenz des Projekts:<\/strong> Zugriff auf \u00fcbersichtliche Berichte \u00fcber laufende und abgeschlossene Projekte, einschlie\u00dflich finanzieller Details und vereinbarter Tarife.<\/li>\n<li><strong>Zugang f\u00fcr mehrere Benutzer:<\/strong> Administratoren k\u00f6nnen Zugriffsrechte definieren, um eine sichere und effiziente Zusammenarbeit innerhalb des Unternehmens zu erm\u00f6glichen.<\/li>\n<\/ul>\n                                                                                                                <\/div>\n                    <\/div>\n                <\/div>\n            <\/div>\n        <\/div>\n\n    \n\n    <div  class=\"section section-images-slider has-no-bg has-no-pattern\">\n        \n                    <div class=\"slider-container\">\n                <div class=\"slider-track\">\n                                            <div class=\"slide\">\n                            <img decoding=\"async\" src=\"https:\/\/reuzado.nl\/app\/uploads\/2025\/09\/Reuzado-hoge-resolutie-JudithCapponFotografie-7691.jpg\" alt=\"\">\n                        <\/div>\n                                            <div class=\"slide\">\n                            <img decoding=\"async\" src=\"https:\/\/reuzado.nl\/app\/uploads\/2025\/09\/Reuzado-hoge-resolutie-JudithCapponFotografie-9597.jpg\" alt=\"\">\n                        <\/div>\n                                            <div class=\"slide\">\n                            <img decoding=\"async\" src=\"https:\/\/reuzado.nl\/app\/uploads\/2025\/09\/Reuzado-hoge-resolutie-JudithCapponFotografie-7858.jpg\" alt=\"\">\n                        <\/div>\n                                            <div class=\"slide\">\n                            <img decoding=\"async\" src=\"https:\/\/reuzado.nl\/app\/uploads\/2025\/09\/Reuzado-hoge-resolutie-JudithCapponFotografie-9540.jpg\" alt=\"Aufkauf von Servern\">\n                        <\/div>\n                                            <div class=\"slide\">\n                            <img decoding=\"async\" src=\"https:\/\/reuzado.nl\/app\/uploads\/2025\/09\/Reuzado-lage-resolutie-JudithCapponFotografie-7673.jpg\" alt=\"\">\n                        <\/div>\n                                            <div class=\"slide\">\n                            <img decoding=\"async\" src=\"https:\/\/reuzado.nl\/app\/uploads\/2025\/09\/Reuzado-lage-resolutie-JudithCapponFotografie-7729.jpg\" alt=\"\">\n                        <\/div>\n                                            <div class=\"slide\">\n                            <img decoding=\"async\" src=\"https:\/\/reuzado.nl\/app\/uploads\/2025\/09\/Reuzado-hoge-resolutie-JudithCapponFotografie-9389.jpg\" alt=\"\">\n                        <\/div>\n                                            <div class=\"slide\">\n                            <img decoding=\"async\" src=\"https:\/\/reuzado.nl\/app\/uploads\/2025\/09\/Reuzado-hoge-resolutie-JudithCapponFotografie-7868.jpg\" alt=\"\">\n                        <\/div>\n                                    <\/div>\n            <\/div>\n            <\/div>\n\n\n        <div  class=\"section section-content two-columns has-no-bg has-no-pattern\">\n            <div class=\"container\">\n                <div class=\"content-holder\">\n                                            <div class=\"column\">\n                            <div class=\"content\">\n                                <h3>Nahtlose Integration in den physischen Prozess<\/h3>\n<p>Circu-IT ist vollst\u00e4ndig in den operativen Prozess von Reuzado integriert. Vom Abrufen, Buchen, Pr\u00fcfen, L\u00f6schen und Verpacken der Ger\u00e4te bis hin zur Zertifikatserstellung wird jeder Schritt digital unterst\u00fctzt und im Portal sichtbar gemacht.<\/p>\n<p>Statusaktualisierungen und Benachrichtigungen stellen sicher, dass die Kunden proaktiv und ohne manuelle Nachbearbeitung informiert werden. Dokumente wie Gewichtsaufzeichnungen, Anleitungsschreiben und Prozesszertifikate werden automatisch mit der richtigen Aufgabe oder dem richtigen Ort verkn\u00fcpft.<\/p>\n<p>&nbsp;<\/p>\n                            <\/div>\n                        <\/div>\n                                        <div class=\"column\">\n                        <div class=\"content\">\n                            <h3>Sicherheit und Flexibilit\u00e4t<\/h3>\n<ul>\n<li><strong>Datenschutz: <\/strong>Die Plattform ist mit modernen Sicherheitsma\u00dfnahmen ausgestattet und entspricht den Richtlinien von AVG. Alle Daten werden in hochsicheren europ\u00e4ischen Rechenzentren gespeichert.<\/li>\n<li><strong>API-Links: <\/strong>F\u00fcr gr\u00f6\u00dfere Organisationen ist es m\u00f6glich, Circu-IT mit internen Systemen (wie ERP oder ITSM) zu verbinden, um eine maximale Automatisierung zu erreichen.<\/li>\n<li><strong>Anpassbarkeit und Skalierbarkeit:\u00a0<\/strong>Circu-IT ist modular aufgebaut und l\u00e4sst sich an die Arbeitsabl\u00e4ufe und Bed\u00fcrfnisse des Kunden anpassen.<\/li>\n<\/ul>\n<p>Mit Circu-IT verf\u00fcgt Ihr Unternehmen \u00fcber einen vollst\u00e4ndig zirkul\u00e4ren IT-Managementprozess. Durch die Integration von Nachhaltigkeit, Sicherheit und operativer Exzellenz bietet Circu-IT eine vollst\u00e4ndige, auf die Bed\u00fcrfnisse moderner Unternehmen zugeschnittene Gesch\u00e4ftsl\u00f6sung.<\/p>\n                                                    <\/div>\n                    <\/div>\n                <\/div>\n            <\/div>\n        <\/div>\n\n    \n\n        <div  class=\"section section-content two-columns has-no-padding-top-d has-no-padding-top-m has-no-bg has-no-pattern\">\n            <div class=\"container\">\n                <div class=\"content-holder\">\n                                            <div class=\"column\">\n                            <div class=\"content\">\n                                <h3>Sicherheit und Kompatibilit\u00e4t<\/h3>\n<p>Circu-IT wurde im Hinblick auf Sicherheit und die Einhaltung von Vorschriften entwickelt. Die Plattform entspricht internationalen Standards wie ISO 27001 und ISO 14001 und unterst\u00fctzt Organisationen bei der Erreichung ihrer Compliance-Ziele.<\/p>\n                            <\/div>\n                        <\/div>\n                                        <div class=\"column\">\n                        <div class=\"content\">\n                            <h3>Nachhaltigkeit und soziale Verantwortung<\/h3>\n<p>Mit Circu-IT tragen Sie zu einer Kreislaufwirtschaft bei, indem Sie die Wiederverwendung maximieren und den Elektroschrott minimieren. Die Plattform bietet einen Einblick in die Kohlenstoffauswirkungen Ihrer IT-Ausr\u00fcstung, was f\u00fcr das Erreichen von Nachhaltigkeitszielen unerl\u00e4sslich ist<\/p>\n                                                    <\/div>\n                    <\/div>\n                <\/div>\n            <\/div>\n        <\/div>\n\n    \n\n    <div  class=\"section section-faq is-default has-no-padding-top-d has-no-padding-top-m has-no-bg has-no-pattern\">\n        \n        <div class=\"container\">\n                        <div class=\"faq-wrapper\">\n                <div class=\"faq\">\n                                                                        <div class=\"faq-title\">\n                                <h2>H\u00e4ufig gestellte Fragen zu Circu-IT<\/h2>\n                            <\/div>\n                                            \n                                            <div class=\"faq-items-wrapper\">\n                                                            <div class=\"faq-item\">\n                                    <div class=\"faq-heading toggle-heading\">\n                                        <h3>Was ist Circu-IT?<\/h3>\n                                        <i class=\"icon opened\"><\/i>\n                                    <\/div>\n                                    <div class=\"faq-body toggle-body is-opened\">\n                                        <p>Circu-IT ist ein Online-Management-Portal von Reuzado f\u00fcr die Verwaltung abgeschriebener IT-Hardware, einschlie\u00dflich Logistik, Datenvernichtung und Reporting.<\/p>\n                                    <\/div>\n                                <\/div>\n                                                            <div class=\"faq-item\">\n                                    <div class=\"faq-heading toggle-heading\">\n                                        <h3>Wie kann ich einen Abholtermin vereinbaren?<\/h3>\n                                        <i class=\"icon closed\"><\/i>\n                                    <\/div>\n                                    <div class=\"faq-body toggle-body hidden\">\n                                        <p>\u00dcber das Dashboard von Circu-IT k\u00f6nnen Sie ganz einfach einen Abholtermin vereinbaren, der in Ihren Zeitplan passt.<\/p>\n                                    <\/div>\n                                <\/div>\n                                                            <div class=\"faq-item\">\n                                    <div class=\"faq-heading toggle-heading\">\n                                        <h3>Ist die Datenvernichtung zertifiziert?<\/h3>\n                                        <i class=\"icon closed\"><\/i>\n                                    <\/div>\n                                    <div class=\"faq-body toggle-body hidden\">\n                                        <p>Ja, Reuzado bietet zertifizierte Datenvernichtung gem\u00e4\u00df ISO 27001, ISO 14001 und <a href=\"https:\/\/www.weeelabex.org\/\" target=\"_blank\" rel=\"noopener\">WEEELABEX<\/a>-Normen.<\/p>\n                                    <\/div>\n                                <\/div>\n                                                            <div class=\"faq-item\">\n                                    <div class=\"faq-heading toggle-heading\">\n                                        <h3>Kann ich Berichte f\u00fcr Audits herunterladen?<\/h3>\n                                        <i class=\"icon closed\"><\/i>\n                                    <\/div>\n                                    <div class=\"faq-body toggle-body hidden\">\n                                        <p>Ja, Circu-IT liefert leicht verf\u00fcgbare Daten und Berichte, die f\u00fcr Audits, CSR-Berichte und CO\u2082-Ziele ben\u00f6tigt werden.<\/p>\n                                    <\/div>\n                                <\/div>\n                                                    <\/div>\n                                    <\/div>\n            <\/div>\n        <\/div>\n    <\/div>\n\n\n    <div  class=\"section section-cta has-small-image has-no-padding-bottom-d has-no-padding-bottom-m has-no-bg has-no-pattern\">\n        \n        <div class=\"holder\">\n            <div class=\"container\">\n                <div class=\"cta-holder\">\n                                            <div class=\"image-holder\">\n                            <img decoding=\"async\" src=\"https:\/\/reuzado.nl\/app\/uploads\/2026\/03\/CTA-Gerrit.png\" alt=\"\">\n                        <\/div>\n                                        <div class=\"content-holder\">\n                        <div class=\"inner\">\n                            <p>M\u00f6chten Sie wissen, welche Produkte f\u00fcr Ihr Unternehmen am besten geeignet sind?<\/p>\n<p>Dann wenden Sie sich an unsere Beraterinnen und Berater. Sie k\u00f6nnen sie erreichen \u00fcber <a href=\"mailto:info@reuzado.nl\">info@reuzado.nl<\/a> oder \u00fcber <a href=\"tel:+31(0)235519821\">+31 (0)23 551 98 21<\/a>. Oder f\u00fcllen Sie das Kontaktformular aus.<\/p>\n                                                            <div class=\"button-holder\">\n                                    \n                                                                            <a href=\"https:\/\/reuzado.nl\/de\/kontakt\/\" target=\"_self\" class=\"button alt\">Kontakt aufnehmen<\/a>\n                                                                    <\/div>\n                                                    <\/div>\n                    <\/div>\n                <\/div>\n            <\/div>\n        <\/div>\n\n                    <div class=\"background-image\">\n                <img decoding=\"async\" src=\"https:\/\/reuzado.nl\/app\/uploads\/2025\/06\/Reuzado-9377-scaled.jpg\" alt=\"\">\n            <\/div>\n            <\/div>","protected":false},"excerpt":{"rendered":"","protected":false},"author":1,"featured_media":0,"parent":430,"menu_order":0,"comment_status":"closed","ping_status":"closed","template":"","meta":{"_acf_changed":false,"footnotes":""},"class_list":["post-1168","page","type-page","status-publish","hentry"],"acf":[],"_links":{"self":[{"href":"https:\/\/reuzado.nl\/de\/wp-json\/wp\/v2\/pages\/1168","targetHints":{"allow":["GET"]}}],"collection":[{"href":"https:\/\/reuzado.nl\/de\/wp-json\/wp\/v2\/pages"}],"about":[{"href":"https:\/\/reuzado.nl\/de\/wp-json\/wp\/v2\/types\/page"}],"author":[{"embeddable":true,"href":"https:\/\/reuzado.nl\/de\/wp-json\/wp\/v2\/users\/1"}],"replies":[{"embeddable":true,"href":"https:\/\/reuzado.nl\/de\/wp-json\/wp\/v2\/comments?post=1168"}],"version-history":[{"count":0,"href":"https:\/\/reuzado.nl\/de\/wp-json\/wp\/v2\/pages\/1168\/revisions"}],"up":[{"embeddable":true,"href":"https:\/\/reuzado.nl\/de\/wp-json\/wp\/v2\/pages\/430"}],"wp:attachment":[{"href":"https:\/\/reuzado.nl\/de\/wp-json\/wp\/v2\/media?parent=1168"}],"curies":[{"name":"wp","href":"https:\/\/api.w.org\/{rel}","templated":true}]}}