{"id":1285,"date":"2025-05-20T15:23:29","date_gmt":"2025-05-20T15:23:29","guid":{"rendered":"https:\/\/reuzado.nl\/?page_id=1285"},"modified":"2025-06-18T11:31:04","modified_gmt":"2025-06-18T11:31:04","slug":"haftungsausschluss","status":"publish","type":"page","link":"https:\/\/reuzado.nl\/de\/haftungsausschluss\/","title":{"rendered":"Haftungsausschluss"},"content":{"rendered":"<div  class=\"section section-pageheader-detail  has-no-bg has-no-pattern\">\n        <div class=\"container\">\n            <div class=\"holder\">\n                                    <div class=\"background-image\">\n                        <img decoding=\"async\" src=\"https:\/\/reuzado.nl\/app\/uploads\/2025\/06\/Reuzado-9710-scaled.jpg\" alt=\"\">\n                    <\/div>\n                \n                                    <div class=\"content\">\n                        <h1>Haftungsausschluss<\/h1>\n\n                                                    <div class=\"rank-math-breadcrumbs\">\n                                <nav aria-label=\"Semmelbr\u00f6sel\" class=\"rank-math-breadcrumb\"><p><span class=\"last\">Startseite<\/span><\/p><\/nav>                            <\/div>\n                                            <\/div>\n                \n                            <\/div>\n        <\/div>\n    <\/div>\n\n\n        <div  class=\"section section-content has-no-bg has-no-pattern\">\n                        <div class=\"container\">\n                <div class=\"content-holder\">\n                    <div class=\"content\">\n                        <div class=\"inner\">\n                            <p>Die nachstehenden Nutzungsbedingungen gelten f\u00fcr die Nutzung dieser Website (reuzado.de). Durch die Nutzung dieser Website wird davon ausgegangen, dass Sie die Nutzungsbedingungen zur Kenntnis genommen und akzeptiert haben.<\/p>\n<p>&nbsp;<\/p>\n<p><strong>Nutzung von Informationen<\/strong><br \/>\nReuzado B.V. ist bestrebt, auf dieser Website stets korrekte und aktuelle Informationen bereitzustellen. Obwohl diese Informationen mit gr\u00f6\u00dftm\u00f6glicher Sorgfalt zusammengestellt wurden, \u00fcbernimmt Reuzado B.V. keine Garantie f\u00fcr die Vollst\u00e4ndigkeit, Richtigkeit und Aktualit\u00e4t der Informationen. Die rechtlichen Informationen auf der Website sind allgemeiner Natur und k\u00f6nnen nicht als Ersatz f\u00fcr eine Rechtsberatung angesehen werden.<\/p>\n<p>Aus den Informationen k\u00f6nnen keine Rechte abgeleitet werden. Reuzado B.V. \u00fcbernimmt keine Haftung f\u00fcr Sch\u00e4den, die sich aus der Nutzung der Informationen oder der Website ergeben, noch f\u00fcr das fehlerhafte Funktionieren der Website.<br \/>\nAuf der Grundlage des Versendens und Empfangens von Informationen \u00fcber die Website oder per E-Mail kann nicht ohne Weiteres eine Beziehung zwischen Reuzado B.V. und dem Nutzer der Website entstehen.<\/p>\n<p>&nbsp;<\/p>\n<p><strong>E-Mail<\/strong><br \/>\nReuzado B.V. garantiert nicht, dass an sie gesendete E-Mails empfangen oder (rechtzeitig) verarbeitet werden, da der rechtzeitige Empfang von E-Mails nicht garantiert werden kann. Auch die Sicherheit des E-Mail-Verkehrs kann aufgrund der damit verbundenen Sicherheitsrisiken nicht vollst\u00e4ndig gew\u00e4hrleistet werden. Wenn Sie mit Reuzado B.V. per E-Mail ohne Verschl\u00fcsselung oder Passwortschutz korrespondieren, nehmen Sie dieses Risiko in Kauf.<\/p>\n<p>&nbsp;<\/p>\n<p><strong>Hyperlinks<\/strong><br \/>\nDiese Website kann Hyperlinks zu Websites Dritter enthalten. Reuzado B.V. hat keinen Einfluss auf die Websites Dritter und ist nicht verantwortlich f\u00fcr deren Verf\u00fcgbarkeit oder Inhalt. Reuzado B.V. \u00fcbernimmt daher keine Haftung f\u00fcr Sch\u00e4den, die sich aus der Nutzung von Websites Dritter ergeben.<\/p>\n<p>&nbsp;<\/p>\n<p><strong>Rechte an geistigem Eigentum<\/strong><br \/>\nAlle Ver\u00f6ffentlichungen und \u00c4u\u00dferungen von Reuzado B.V. sind durch das Urheberrecht und andere geistige Eigentumsrechte gesch\u00fctzt. Au\u00dfer f\u00fcr den pers\u00f6nlichen und nicht kommerziellen Gebrauch darf nichts aus diesen Ver\u00f6ffentlichungen und \u00c4u\u00dferungen ohne vorherige schriftliche Zustimmung von Reuzado B.V. vervielf\u00e4ltigt, kopiert oder auf andere Weise ver\u00f6ffentlicht werden.<\/p>\n                                                                                                                <\/div>\n                    <\/div>\n                <\/div>\n            <\/div>\n        <\/div>","protected":false},"excerpt":{"rendered":"","protected":false},"author":1,"featured_media":0,"parent":0,"menu_order":0,"comment_status":"closed","ping_status":"closed","template":"","meta":{"_acf_changed":false,"footnotes":""},"class_list":["post-1285","page","type-page","status-publish","hentry"],"acf":[],"_links":{"self":[{"href":"https:\/\/reuzado.nl\/de\/wp-json\/wp\/v2\/pages\/1285","targetHints":{"allow":["GET"]}}],"collection":[{"href":"https:\/\/reuzado.nl\/de\/wp-json\/wp\/v2\/pages"}],"about":[{"href":"https:\/\/reuzado.nl\/de\/wp-json\/wp\/v2\/types\/page"}],"author":[{"embeddable":true,"href":"https:\/\/reuzado.nl\/de\/wp-json\/wp\/v2\/users\/1"}],"replies":[{"embeddable":true,"href":"https:\/\/reuzado.nl\/de\/wp-json\/wp\/v2\/comments?post=1285"}],"version-history":[{"count":0,"href":"https:\/\/reuzado.nl\/de\/wp-json\/wp\/v2\/pages\/1285\/revisions"}],"wp:attachment":[{"href":"https:\/\/reuzado.nl\/de\/wp-json\/wp\/v2\/media?parent=1285"}],"curies":[{"name":"wp","href":"https:\/\/api.w.org\/{rel}","templated":true}]}}