{"id":1401,"date":"2025-06-18T08:47:09","date_gmt":"2025-06-18T08:47:09","guid":{"rendered":"https:\/\/reuzado.nl\/?page_id=1401"},"modified":"2025-10-17T13:56:13","modified_gmt":"2025-10-17T13:56:13","slug":"finns-geschichte-2","status":"publish","type":"page","link":"https:\/\/reuzado.nl\/de\/uber-uns\/finns-geschichte-2\/","title":{"rendered":"Die Geschichte von Finn"},"content":{"rendered":"<div  class=\"section section-pageheader-detail  has-no-bg has-no-pattern\">\n        <div class=\"container\">\n            <div class=\"holder\">\n                                    <div class=\"background-image\">\n                        <img decoding=\"async\" src=\"https:\/\/reuzado.nl\/app\/uploads\/2025\/09\/Mascotte.jpg\" alt=\"\">\n                    <\/div>\n                \n                                    <div class=\"content\">\n                        <h1>Finns Geschichte &amp; Freunde<\/h1>\n\n                                                    <div class=\"rank-math-breadcrumbs\">\n                                <nav aria-label=\"Semmelbr\u00f6sel\" class=\"rank-math-breadcrumb\"><p><span class=\"last\">Startseite<\/span><\/p><\/nav>                            <\/div>\n                                            <\/div>\n                \n                            <\/div>\n        <\/div>\n    <\/div>\n\n\n    <div         class=\"section section-image-content has-no-bg has-no-pattern has-image-left\">\n        <div class=\"holder\">\n                            <div class=\"image-holder\">\n                                            <div class=\"column\">\n                            <div class=\"image-wrapper\">\n                                <img decoding=\"async\" src=\"https:\/\/reuzado.nl\/app\/uploads\/2025\/09\/Mascotte-2.jpg\" alt=\"\">\n                            <\/div>\n                        <\/div>\n                                        <div class=\"column\">\n                                                    <div class=\"image-wrapper\">\n                                <img decoding=\"async\" src=\"https:\/\/reuzado.nl\/app\/uploads\/2025\/09\/Reuzado-hoge-resolutie-JudithCapponFotografie-9424.jpg\" alt=\"\">\n                            <\/div>\n                                                                            <div class=\"image-wrapper\">\n                                <img decoding=\"async\" src=\"https:\/\/reuzado.nl\/app\/uploads\/2025\/09\/Reuzado-hoge-resolutie-JudithCapponFotografie-9377.jpg\" alt=\"\">\n                            <\/div>\n                                            <\/div>\n                                            <div class=\"column\">\n                            <div class=\"image-wrapper\">\n                                <img decoding=\"async\" src=\"https:\/\/reuzado.nl\/app\/uploads\/2025\/09\/Reuzado-hoge-resolutie-JudithCapponFotografie-9426.jpg\" alt=\"\">\n                            <\/div>\n                        <\/div>\n                                    <\/div>\n                <div class=\"image-holder-mobile\">\n\n                                            <div class=\"column\">\n                            <div class=\"image-wrapper\">\n                                <img decoding=\"async\" src=\"https:\/\/reuzado.nl\/app\/uploads\/2025\/09\/Mascotte-2.jpg\" alt=\"\">\n                            <\/div>\n                        <\/div>\n                                        <div class=\"column\">\n                                                    <div class=\"image-wrapper\">\n                                <img decoding=\"async\" src=\"https:\/\/reuzado.nl\/app\/uploads\/2025\/09\/Reuzado-hoge-resolutie-JudithCapponFotografie-9424.jpg\" alt=\"\">\n                            <\/div>\n                                                                            <div class=\"image-wrapper\">\n                                <img decoding=\"async\" src=\"https:\/\/reuzado.nl\/app\/uploads\/2025\/09\/Reuzado-hoge-resolutie-JudithCapponFotografie-9377.jpg\" alt=\"\">\n                            <\/div>\n                                            <\/div>\n                                            <div class=\"column\">\n                            <div class=\"image-wrapper\">\n                                <img decoding=\"async\" src=\"https:\/\/reuzado.nl\/app\/uploads\/2025\/09\/Reuzado-hoge-resolutie-JudithCapponFotografie-9426.jpg\" alt=\"\">\n                            <\/div>\n                            <div class=\"image-wrapper is-blue\">\n                            <\/div>\n                        <\/div>\n                                    <\/div>\n                        <div class=\"content-holder\">\n                <div class=\"inner\">\n                                            <h2>Treffen Sie Finn: Ihr F\u00fchrer f\u00fcr nachhaltige IKT<\/h2>\n<p>Sie werden Finn treffen, wenn Sie Reuzado betreten. Mit seiner ansteckenden Begeisterung und seinem scharfen Blick zeigt er, wof\u00fcr wir stehen: Nachhaltigkeit, Zuverl\u00e4ssigkeit und Engagement. Finn ist nicht nur ein Maskottchen - er ist das Symbol f\u00fcr unsere Mission, IKT intelligenter, gr\u00fcner und menschlicher zu machen.<\/p>\n<p>Finn glaubt, dass technische Innovation mit Verantwortung einhergeht. Er l\u00e4dt Sie ein, gemeinsam mit uns den Schritt in eine zirkul\u00e4re IKT-Welt zu machen, in der Hardware wieder an Wert gewinnt und Rohstoffe intelligent genutzt werden. Denn bei Reuzado werden nachhaltige L\u00f6sungen Realit\u00e4t - und Finn ist mittendrin.<\/p>\n                    \n                                            <div class=\"button-holder\">\n                                                            <a href=\"https:\/\/reuzado.nl\/de\/uber-uns\/\"\n                                   target=\"_self\"\n                                   class=\"button\">\u00dcber uns<\/a>\n                                                                                <\/div>\n                                    <\/div>\n            <\/div>\n        <\/div>\n    <\/div>\n\n\n    <div  class=\"section section-images-slider has-bg-lightblue has-no-pattern\">\n        \n                    <div class=\"slider-container\">\n                <div class=\"slider-track\">\n                                            <div class=\"slide\">\n                            <img decoding=\"async\" src=\"https:\/\/reuzado.nl\/app\/uploads\/2025\/09\/Mascotte.jpg\" alt=\"\">\n                        <\/div>\n                                            <div class=\"slide\">\n                            <img decoding=\"async\" src=\"https:\/\/reuzado.nl\/app\/uploads\/2025\/09\/Mascotte-2.jpg\" alt=\"\">\n                        <\/div>\n                                            <div class=\"slide\">\n                            <img decoding=\"async\" src=\"https:\/\/reuzado.nl\/app\/uploads\/2025\/09\/Reuzado-hoge-resolutie-JudithCapponFotografie-9409.jpg\" alt=\"\">\n                        <\/div>\n                                            <div class=\"slide\">\n                            <img decoding=\"async\" src=\"https:\/\/reuzado.nl\/app\/uploads\/2025\/09\/Reuzado-hoge-resolutie-JudithCapponFotografie-9377.jpg\" alt=\"\">\n                        <\/div>\n                                            <div class=\"slide\">\n                            <img decoding=\"async\" src=\"https:\/\/reuzado.nl\/app\/uploads\/2025\/09\/Reuzado-hoge-resolutie-JudithCapponFotografie-9401.jpg\" alt=\"\">\n                        <\/div>\n                                    <\/div>\n            <\/div>\n            <\/div>\n\n\n        <div  class=\"section section-content two-columns has-bg-lightblue has-pattern-colored\">\n            <div class=\"container\">\n                <div class=\"content-holder\">\n                                            <div class=\"column\">\n                            <div class=\"content\">\n                                <h2>Gemeinsam f\u00fcr eine bessere Welt<\/h2>\n<p>Aber Finn ist nicht allein. Lernen Sie seine Freunde kennen: die Menschen und Organisationen, die an unserer Mission mitarbeiten. \u00d6rtliche Wohlt\u00e4tigkeitspartner, Experten f\u00fcr Kreislaufwirtschaft und begeisterte Kunden bilden eine eng verbundene Gemeinschaft. Gemeinsam unternehmen wir wirkungsvolle Schritte - von der sicheren Spende von Hardware f\u00fcr soziale Zwecke bis hin zur Wiederverwendung gebrauchter Ger\u00e4te.<\/p>\n<p>Mit Finn und seinen Freunden unterst\u00fctzen Sie nicht nur eine Kreislaufwirtschaft, sondern machen auch die Welt ein bisschen besser. Jeder gespendete Laptop oder jedes aufgearbeitete Ger\u00e4t ist eine bewusste Entscheidung f\u00fcr Mensch und Umwelt.<\/p>\n                            <\/div>\n                        <\/div>\n                                        <div class=\"column\">\n                        <div class=\"content\">\n                            <h2>Warum diese Geschichte Sie ber\u00fchrt<\/h2>\n<ul>\n<li>Pers\u00f6nliche Vorstellung: Finn bringt die Geschichte von Reuzado n\u00e4her und sorgt f\u00fcr Anerkennung.<\/li>\n<li>Gemeinschaftsgef\u00fchl: Finns Freunde und Partner unterstreichen, dass man nicht allein ist.<\/li>\n<li>Handlungsorientierte Botschaft: Sie sp\u00fcren sofort, dass Ihr Beitrag einen echten Unterschied macht - f\u00fcr die Nachhaltigkeit und f\u00fcr die Menschen.<\/li>\n<\/ul>\n                                                    <\/div>\n                    <\/div>\n                <\/div>\n            <\/div>\n        <\/div>\n\n    \n\n    <div\n                class=\"section section-card-slider has-no-bg has-no-pattern is-slider\">\n        <div class=\"holder\">\n                            <div class=\"background-image\">\n                    <img decoding=\"async\" src=\"https:\/\/reuzado.nl\/app\/uploads\/2025\/09\/Reuzado-hoge-resolutie-JudithCapponFotografie-9424.jpg\" alt=\"\">\n                <\/div>\n            \n                            <div class=\"text-holder\">\n                    <h2>Freunde<\/h2>\n<p>Eine Gruppe von Menschen und Unternehmen, die sich gemeinsam f\u00fcr soziale Verbesserungen einsetzen.<\/p>\n                <\/div>\n            \n                            <div class=\"card-holder swiper\">\n                    <div class=\"swiper-wrapper\">\n                                                    <div class=\"swiper-slide\">\n                                <div class=\"card usp\">\n                                    \n                                                                            <div class=\"inner\">\n                                            <div class=\"label\">Die \u2018Geburt\u2019 von Finn<\/div>\n<h3>Ein Freund f\u00fcrs Leben!<\/h3>\n<p>Nach einer langen, unruhigen Reise, versteckt unter einem Berg veralteter Hardware, kam ein kleiner Roboter als blinder Passagier bei Reuzado in Halfweg an. Mit offenen Armen wurde das Findelkind vom Team empfangen. Und bekam nat\u00fcrlich auch gleich einen Namen: Finn. Ein Freund f\u00fcrs Leben. Finn wuchs heran und genoss es, seinen neuen Freunden bei Reuzado zu helfen. Der kleine Roboter wuchs heran, erwies sich als wissbegierig und klug und wurde zu einem Allrounder in der IKT. Zuverl\u00e4ssig, einfallsreich, kreativ und wie seine neue \u2018Familie\u2019 mit einem gro\u00dfen Herz f\u00fcr die Gesellschaft.<\/p>\n                                        <\/div>\n                                                                    <\/div>\n                            <\/div>\n                                                    <div class=\"swiper-slide\">\n                                <div class=\"card usp\">\n                                    \n                                                                            <div class=\"inner\">\n                                            <div class=\"label\">Weises und starkes Haarlem<\/div>\n<h3>Kinder bef\u00e4higen<\/h3>\n<p>Wise and Strong setzt bei allen Aktivit\u00e4ten auf eine Mischung aus Coaching zu Resilienz, Fehlerwinkeln und Medienkompetenz. Medienkompetenz und der Umgang mit Cybermobbing sind wichtige Komponenten, um Kinder zu st\u00e4rken. Wir nutzen bei allen Aktivit\u00e4ten die Qualit\u00e4ten<\/p>\n<p>Auf spielerische Art und Weise und mit einer positiven Herangehensweise entdecken die Kinder unter anderem, was K\u00f6rpersprache ist, wie man f\u00fcr sich selbst einsteht, welche Qualit\u00e4ten man hat, wie man mit Gef\u00fchlen umgeht, wie man sich beruhigt, wie man Gedanken umdreht, dass es stark ist, um Hilfe zu bitten und vieles mehr!<\/p>\n                                        <\/div>\n                                                                    <\/div>\n                            <\/div>\n                                                    <div class=\"swiper-slide\">\n                                <div class=\"card usp\">\n                                    \n                                                                            <div class=\"inner\">\n                                            <div class=\"label\">Natur- und Umwelterziehung ist enorm wichtig.<\/div>\n<h3>Hilfeleistung f\u00fcr Wildv\u00f6gel in Not<\/h3>\n<p>Das Bird Hospital ist Teil der Bird Disaster Fund Foundation. Das Bird Hospital wird von etwa 50 Freiwilligen unterst\u00fctzt. Natur- und Umwelterziehung ist von gro\u00dfer Bedeutung. Der Mensch entfernt sich immer mehr von der Natur und damit auch von den Tieren. Wir m\u00f6chten unseren Teil dazu beitragen, unser Wissen \u00fcber V\u00f6gel an verschiedene Zielgruppen weiterzugeben.<\/p>\n<p>F\u00fcr Schulen, Horte, Vereine oder \u00e4ltere Menschen haben wir tolle Pr\u00e4sentationen, die von unseren Freiwilligen gehalten werden k\u00f6nnen.<\/p>\n                                        <\/div>\n                                                                    <\/div>\n                            <\/div>\n                                                    <div class=\"swiper-slide\">\n                                <div class=\"card usp\">\n                                    \n                                                                            <div class=\"inner\">\n                                            <div class=\"label\">Etwas f\u00fcr andere zu tun, macht einen selbst gl\u00fccklich<\/div>\n<h3>Wirtschaft &amp; Gesellschaft Haarlem<\/h3>\n<p>Business &amp; Society bringt Menschen zusammen, die sich im Alltag vielleicht nicht kennen. Wir tun dies, indem wir soziale Projekte organisieren, bei denen sich die Teilnehmer treffen und sich gegenseitig unterst\u00fctzen. Auf diese Weise lernen wir die Welt des anderen besser kennen und verstehen.<\/p>\n<p>Unsere Projekte f\u00fcr Freiwilligenarbeit und die Verbindung von Menschen zeichnen sich durch Verbundenheit mit hoher sozialer Wirkung aus. Wir machen die Spiele.<\/p>\n                                        <\/div>\n                                                                    <\/div>\n                            <\/div>\n                                                    <div class=\"swiper-slide\">\n                                <div class=\"card usp\">\n                                    \n                                                                            <div class=\"inner\">\n                                            <div class=\"label\">Wir sehen, wer Sie jetzt sind. Und wer du einmal warst.<\/div>\n<h3>Personenzentrierte Pflege<\/h3>\n<p>Wir tun alles daf\u00fcr, dass sich \u00e4ltere Menschen bei uns wohlf\u00fchlen, egal ob sie nur ein paar Wochen bei uns wohnen oder jahrelang bei uns leben. Mehr als 750 Mitarbeiter und 300 Freiwillige stehen ihnen t\u00e4glich liebevoll zur Seite.<\/p>\n<p>Bei Bedarf erhalten unsere Kunden eine 24-Stunden-Betreuung an sieben Tagen in der Woche, weil sie durch eine Krankheit wie Alzheimer oder Parkinson gef\u00e4hrdet oder durch eine (vor\u00fcbergehende) Behinderung eingeschr\u00e4nkt sind.<\/p>\n                                        <\/div>\n                                                                    <\/div>\n                            <\/div>\n                                            <\/div>\n                    <div class=\"swiper-actions\">\n                        <div class=\"swiper-button-prev\"><\/div>\n                        <div class=\"swiper-button-next\"><\/div>\n                    <\/div>\n                <\/div>\n                    <\/div>\n\n\n    <\/div>","protected":false},"excerpt":{"rendered":"","protected":false},"author":1,"featured_media":0,"parent":426,"menu_order":0,"comment_status":"closed","ping_status":"closed","template":"","meta":{"_acf_changed":false,"footnotes":""},"class_list":["post-1401","page","type-page","status-publish","hentry"],"acf":[],"_links":{"self":[{"href":"https:\/\/reuzado.nl\/de\/wp-json\/wp\/v2\/pages\/1401","targetHints":{"allow":["GET"]}}],"collection":[{"href":"https:\/\/reuzado.nl\/de\/wp-json\/wp\/v2\/pages"}],"about":[{"href":"https:\/\/reuzado.nl\/de\/wp-json\/wp\/v2\/types\/page"}],"author":[{"embeddable":true,"href":"https:\/\/reuzado.nl\/de\/wp-json\/wp\/v2\/users\/1"}],"replies":[{"embeddable":true,"href":"https:\/\/reuzado.nl\/de\/wp-json\/wp\/v2\/comments?post=1401"}],"version-history":[{"count":0,"href":"https:\/\/reuzado.nl\/de\/wp-json\/wp\/v2\/pages\/1401\/revisions"}],"up":[{"embeddable":true,"href":"https:\/\/reuzado.nl\/de\/wp-json\/wp\/v2\/pages\/426"}],"wp:attachment":[{"href":"https:\/\/reuzado.nl\/de\/wp-json\/wp\/v2\/media?parent=1401"}],"curies":[{"name":"wp","href":"https:\/\/api.w.org\/{rel}","templated":true}]}}