{"id":1630,"date":"2025-07-03T11:52:27","date_gmt":"2025-07-03T11:52:27","guid":{"rendered":"https:\/\/reuzado.nl\/?page_id=1630"},"modified":"2025-08-01T14:27:29","modified_gmt":"2025-08-01T14:27:29","slug":"ruckblick-auf-die-ausstellungsflache","status":"publish","type":"page","link":"https:\/\/reuzado.nl\/de\/uber-uns\/mvo\/ruckblick-auf-die-ausstellungsflache\/","title":{"rendered":"R\u00fcckblick auf die Ausstellungsfl\u00e4che"},"content":{"rendered":"<div  class=\"section section-pageheader-detail  has-no-bg has-no-pattern\">\n        <div class=\"container\">\n            <div class=\"holder\">\n                                    <div class=\"background-image\">\n                        <img decoding=\"async\" src=\"https:\/\/reuzado.nl\/app\/uploads\/2025\/06\/Reuzado-9244-scaled.jpg\" alt=\"\">\n                    <\/div>\n                \n                                    <div class=\"content\">\n                        <h1>R\u00fcckblick auf die Ausstellungsfl\u00e4che<\/h1>\n\n                                                    <div class=\"rank-math-breadcrumbs\">\n                                <nav aria-label=\"Semmelbr\u00f6sel\" class=\"rank-math-breadcrumb\"><p><span class=\"last\">Startseite<\/span><\/p><\/nav>                            <\/div>\n                                            <\/div>\n                \n                            <\/div>\n        <\/div>\n    <\/div>\n\n\n        <div  class=\"section section-content has-no-bg has-no-pattern\">\n                        <div class=\"container\">\n                <div class=\"content-holder\">\n                    <div class=\"content\">\n                        <div class=\"inner\">\n                            <h2>Erfolgreiches Matchmaking auf der Messe Haarlem Business &amp; Society: Reuzado war nat\u00fcrlich dabei.<\/h2>\n<p>Dass die soziale Verantwortung der Unternehmen bei Reuzado einen hohen Stellenwert hat, ist nichts Neues. Seit Jahren bieten wir zum Beispiel arbeitsmarktfernen Menschen feste Arbeitspl\u00e4tze an (und haben hier auch spezielle Coaches und ein PSO-Zertifikat (<a href=\"https:\/\/lnkd.in\/eY-rExUs\" target=\"_blank\" rel=\"noopener\">https:\/\/lnkd.in\/eY-rExUs<\/a>) unterst\u00fctzen verschiedene Wohlt\u00e4tigkeitsorganisationen) durch IT-Spenden und auch unser j\u00fcngstes Projekt mit Finn (<a href=\"https:\/\/lnkd.in\/ejMzwmka\" target=\"_blank\" rel=\"noopener\">https:\/\/lnkd.in\/ejMzwmka<\/a>) ist ein gutes Beispiel. Die Haarlem Business &amp; Society ist ein wichtiger Partner f\u00fcr Reuzado in diesem Bereich.<\/p>\n<p>Business &amp; Society bringt Menschen zusammen, die sich im Alltag vielleicht nicht kennen. Sie tun dies, indem sie soziale Projekte organisieren, bei denen sich die Teilnehmer treffen und gegenseitig unterst\u00fctzen. So lernen sie die Welt des anderen besser kennen und verstehen.<\/p>\n<p>Der Haarlemer Messeboden (17. Auflage) fungiert buchst\u00e4blich als \u2018der Jahrmarkt\u2019 mit Eckenstehern und Notaren, wo sich die Teilnehmer mit Angebot und Nachfrage gegenseitig suchen und bei \u00dcbereinstimmung sofort offiziell als Partner verbunden werden.<\/p>\n<p>Bei der letzten Ausgabe kn\u00fcpfte das Reuzado-Team wieder zahlreiche Kontakte zu Organisationen, die professionelle IT-Unterst\u00fctzung ben\u00f6tigen. Dabei kann es sich um Hardware, aber auch um Software oder IKT-Dienstleistungen handeln. Die Stiftungen brachten eine klare Bitte um Hilfe vor - und wenn diese mit den M\u00f6glichkeiten von Reuzado \u00fcbereinstimmte, wurde eine Verbindung hergestellt. Eine \u00dcbereinstimmung, die, soweit es uns betrifft, das Potenzial hat, zu einer langfristigen Beziehung zu wachsen.<\/p>\n<p>Unsere Spiele von der Haarlem Trade Fair 2023 sind:<br \/>\n<a href=\"https:\/\/www.linkedin.com\/company\/stichting-vogelrampenfonds\/\" target=\"_blank\" rel=\"noopener\">Die Vogelklinik<\/a><br \/>\n<a href=\"https:\/\/www.linkedin.com\/company\/stichting-sint-jacob\/\" target=\"_blank\" rel=\"noopener\">Heiliger Jakobus<\/a><br \/>\nStiftung Kurdisches Haus Haarlem<br \/>\nStiftung Somalis Haarlem &amp; Umgebung (SSHO)<\/p>\n<p>Wenn auch Ihre Organisation ein Hilfeersuchen hat, wenden Sie sich bitte an <a href=\"https:\/\/www.linkedin.com\/in\/ACoAAALM_v8BRMLPdmJMSMoFrvtGOiaYCr0aCk8\" target=\"_blank\" rel=\"noopener\">Wirtschaft und Gesellschaft<\/a>. Wer wei\u00df, vielleicht treffen wir uns ja beim n\u00e4chsten Haarlem Beursvloer!<\/p>\n                                                                                                                <\/div>\n                    <\/div>\n                <\/div>\n            <\/div>\n        <\/div>","protected":false},"excerpt":{"rendered":"","protected":false},"author":1,"featured_media":0,"parent":1397,"menu_order":0,"comment_status":"closed","ping_status":"closed","template":"","meta":{"_acf_changed":false,"footnotes":""},"class_list":["post-1630","page","type-page","status-publish","hentry"],"acf":[],"_links":{"self":[{"href":"https:\/\/reuzado.nl\/de\/wp-json\/wp\/v2\/pages\/1630","targetHints":{"allow":["GET"]}}],"collection":[{"href":"https:\/\/reuzado.nl\/de\/wp-json\/wp\/v2\/pages"}],"about":[{"href":"https:\/\/reuzado.nl\/de\/wp-json\/wp\/v2\/types\/page"}],"author":[{"embeddable":true,"href":"https:\/\/reuzado.nl\/de\/wp-json\/wp\/v2\/users\/1"}],"replies":[{"embeddable":true,"href":"https:\/\/reuzado.nl\/de\/wp-json\/wp\/v2\/comments?post=1630"}],"version-history":[{"count":0,"href":"https:\/\/reuzado.nl\/de\/wp-json\/wp\/v2\/pages\/1630\/revisions"}],"up":[{"embeddable":true,"href":"https:\/\/reuzado.nl\/de\/wp-json\/wp\/v2\/pages\/1397"}],"wp:attachment":[{"href":"https:\/\/reuzado.nl\/de\/wp-json\/wp\/v2\/media?parent=1630"}],"curies":[{"name":"wp","href":"https:\/\/api.w.org\/{rel}","templated":true}]}}