{"id":1637,"date":"2025-07-03T12:32:25","date_gmt":"2025-07-03T12:32:25","guid":{"rendered":"https:\/\/reuzado.nl\/?page_id=1637"},"modified":"2025-08-01T14:27:01","modified_gmt":"2025-08-01T14:27:01","slug":"soziale-rendite","status":"publish","type":"page","link":"https:\/\/reuzado.nl\/de\/uber-uns\/mvo\/soziale-rendite\/","title":{"rendered":"Soziale Rendite"},"content":{"rendered":"<div  class=\"section section-pageheader-detail  has-no-bg has-no-pattern\">\n        <div class=\"container\">\n            <div class=\"holder\">\n                                    <div class=\"background-image\">\n                        <img decoding=\"async\" src=\"https:\/\/reuzado.nl\/app\/uploads\/2025\/06\/Reuzado-9167-scaled.jpg\" alt=\"\">\n                    <\/div>\n                \n                                    <div class=\"content\">\n                        <h1>Soziale Rendite<\/h1>\n\n                                                    <div class=\"rank-math-breadcrumbs\">\n                                <nav aria-label=\"Semmelbr\u00f6sel\" class=\"rank-math-breadcrumb\"><p><span class=\"last\">Startseite<\/span><\/p><\/nav>                            <\/div>\n                                            <\/div>\n                \n                            <\/div>\n        <\/div>\n    <\/div>\n\n\n        <div  class=\"section section-content has-no-bg has-no-pattern\">\n                        <div class=\"container\">\n                <div class=\"content-holder\">\n                    <div class=\"content\">\n                        <div class=\"inner\">\n                            <p>Reuzado ist der Ansicht, dass jeder Mensch die gleiche Chance verdient, einen soliden Arbeitsplatz zu finden. Obwohl nicht jeder ohne Weiteres am Arbeitsmarkt teilnehmen kann, versuchen wir mit unseren Partnern, hier etwas zu bewirken. So arbeiten wir zum Beispiel mit Paswerk und Pasmatch zusammen, um Langzeitarbeitslose wieder einzugliedern, und wir haben ein Programm f\u00fcr Menschen mit einer gewissen Distanz zum Arbeitsmarkt.<\/p>\n<p>Wir sehen es als unsere Pflicht an, dabei die richtige Anleitung zu geben und die Entwicklung und Selbstentfaltung unserer Mitarbeiter zu f\u00f6rdern. Um dies so angemessen wie m\u00f6glich zu tun, bieten wir F\u00fchrungskr\u00e4ften die M\u00f6glichkeit, Schulungen zur Unterst\u00fctzung von Kollegen mit beruflichen Einschr\u00e4nkungen zu besuchen.<\/p>\n<p>Die Harrie-Schulung ist ein geeignetes Beispiel daf\u00fcr. Diese Ausbildung wurde von unseren Mitarbeitern absolviert, die als \u201cHarrie\u201d arbeiten. Der Begriff \u201cHarrie\u201d steht f\u00fcr:\u00a0<strong>H<\/strong>ulpful,\u00a0<strong>A<\/strong>lert,\u00a0<strong>R<\/strong>ustig,\u00a0<strong>R<\/strong>ealistisch,\u00a0<strong>I<\/strong>nstruieren und\u00a0<strong>E<\/strong>eral. In den Betrieben sorgt dieser \u201cHarrie\u201d daf\u00fcr, dass die Mitarbeiter, die Unterst\u00fctzung brauchen, angemessen betreut werden.<\/p>\n<p>Neben unserer Politik f\u00fcr Arbeitssuchende unterh\u00e4lt Reuzado \u00e4hnliche Partnerschaften mit Schulen, um Praktikanten auszubilden. Dabei geht es vor allem um Sch\u00fcler, denen es etwas schwerer f\u00e4llt, mitzuhalten und\/oder die Verhaltensauff\u00e4lligkeiten haben. Auch hier bietet Reuzado eine passende L\u00f6sung und die richtige Unterst\u00fctzung.<\/p>\n                                                                                                                <\/div>\n                    <\/div>\n                <\/div>\n            <\/div>\n        <\/div>","protected":false},"excerpt":{"rendered":"","protected":false},"author":1,"featured_media":0,"parent":1397,"menu_order":0,"comment_status":"closed","ping_status":"closed","template":"","meta":{"_acf_changed":false,"footnotes":""},"class_list":["post-1637","page","type-page","status-publish","hentry"],"acf":[],"_links":{"self":[{"href":"https:\/\/reuzado.nl\/de\/wp-json\/wp\/v2\/pages\/1637","targetHints":{"allow":["GET"]}}],"collection":[{"href":"https:\/\/reuzado.nl\/de\/wp-json\/wp\/v2\/pages"}],"about":[{"href":"https:\/\/reuzado.nl\/de\/wp-json\/wp\/v2\/types\/page"}],"author":[{"embeddable":true,"href":"https:\/\/reuzado.nl\/de\/wp-json\/wp\/v2\/users\/1"}],"replies":[{"embeddable":true,"href":"https:\/\/reuzado.nl\/de\/wp-json\/wp\/v2\/comments?post=1637"}],"version-history":[{"count":0,"href":"https:\/\/reuzado.nl\/de\/wp-json\/wp\/v2\/pages\/1637\/revisions"}],"up":[{"embeddable":true,"href":"https:\/\/reuzado.nl\/de\/wp-json\/wp\/v2\/pages\/1397"}],"wp:attachment":[{"href":"https:\/\/reuzado.nl\/de\/wp-json\/wp\/v2\/media?parent=1637"}],"curies":[{"name":"wp","href":"https:\/\/api.w.org\/{rel}","templated":true}]}}