{"id":1649,"date":"2025-07-03T12:40:04","date_gmt":"2025-07-03T12:40:04","guid":{"rendered":"https:\/\/reuzado.nl\/?page_id=1649"},"modified":"2025-07-03T12:40:06","modified_gmt":"2025-07-03T12:40:06","slug":"fall-wsp","status":"publish","type":"page","link":"https:\/\/reuzado.nl\/de\/uber-uns\/mvo\/fall-wsp\/","title":{"rendered":"Fall: WSP"},"content":{"rendered":"<div  class=\"section section-pageheader-detail  has-no-bg has-no-pattern\">\n        <div class=\"container\">\n            <div class=\"holder\">\n                                    <div class=\"background-image\">\n                        <img decoding=\"async\" src=\"https:\/\/reuzado.nl\/app\/uploads\/2025\/05\/IMG_2740.jpg\" alt=\"\">\n                    <\/div>\n                \n                                    <div class=\"content\">\n                        <h1>Fall: WSP<\/h1>\n\n                                                    <div class=\"rank-math-breadcrumbs\">\n                                <nav aria-label=\"Semmelbr\u00f6sel\" class=\"rank-math-breadcrumb\"><p><span class=\"last\">Startseite<\/span><\/p><\/nav>                            <\/div>\n                                            <\/div>\n                \n                            <\/div>\n        <\/div>\n    <\/div>\n\n\n        <div  class=\"section section-content has-no-bg has-no-pattern\">\n                        <div class=\"container\">\n                <div class=\"content-holder\">\n                    <div class=\"content\">\n                        <div class=\"inner\">\n                            <p>In Zusammenarbeit mit WSP haben wir w\u00e4hrend der Sperrzeit von Corona ein Projekt ins Leben gerufen, um Arbeitsuchenden mit geringem Einkommen Laptops zur Verf\u00fcgung zu stellen.<br \/>\nWSP befasst sich mit der Zusammenf\u00fchrung von Angebot und Nachfrage auf dem Arbeitsmarkt. Dabei ist ihnen die Inklusion wichtig. WSP setzt sich f\u00fcr die Unterst\u00fctzung von Menschen ein, die keinen Zugang zum Arbeitsmarkt haben. Die Gemeinden bitten ihre Auftragnehmer, diesen Menschen bei der Arbeitssuche zu helfen.<\/p>\n<p>Arbeitsuchende, die Sozialhilfe beziehen, sind auf \u00f6ffentliche Computer angewiesen. Diese waren w\u00e4hrend der Schlie\u00dfung nicht zug\u00e4nglich. Reuzado verdoppelte die Zahl der angeforderten Laptops, und unsere Mitarbeiter reinigten und reparierten die veralteten Ger\u00e4te und statteten sie mit einer Maus aus. Arbeitssuchende mit geringem Einkommen konnten die Laptops dann zu einem sehr niedrigen Preis kaufen. So konnten sie zu Hause weiter an ihrer Zukunft arbeiten.<\/p>\n                                                                                                                <\/div>\n                    <\/div>\n                <\/div>\n            <\/div>\n        <\/div>","protected":false},"excerpt":{"rendered":"","protected":false},"author":1,"featured_media":0,"parent":1397,"menu_order":0,"comment_status":"closed","ping_status":"closed","template":"","meta":{"_acf_changed":false,"footnotes":""},"class_list":["post-1649","page","type-page","status-publish","hentry"],"acf":[],"_links":{"self":[{"href":"https:\/\/reuzado.nl\/de\/wp-json\/wp\/v2\/pages\/1649","targetHints":{"allow":["GET"]}}],"collection":[{"href":"https:\/\/reuzado.nl\/de\/wp-json\/wp\/v2\/pages"}],"about":[{"href":"https:\/\/reuzado.nl\/de\/wp-json\/wp\/v2\/types\/page"}],"author":[{"embeddable":true,"href":"https:\/\/reuzado.nl\/de\/wp-json\/wp\/v2\/users\/1"}],"replies":[{"embeddable":true,"href":"https:\/\/reuzado.nl\/de\/wp-json\/wp\/v2\/comments?post=1649"}],"version-history":[{"count":0,"href":"https:\/\/reuzado.nl\/de\/wp-json\/wp\/v2\/pages\/1649\/revisions"}],"up":[{"embeddable":true,"href":"https:\/\/reuzado.nl\/de\/wp-json\/wp\/v2\/pages\/1397"}],"wp:attachment":[{"href":"https:\/\/reuzado.nl\/de\/wp-json\/wp\/v2\/media?parent=1649"}],"curies":[{"name":"wp","href":"https:\/\/api.w.org\/{rel}","templated":true}]}}