{"id":1652,"date":"2025-07-03T12:42:43","date_gmt":"2025-07-03T12:42:43","guid":{"rendered":"https:\/\/reuzado.nl\/?page_id=1652"},"modified":"2025-08-01T14:21:20","modified_gmt":"2025-08-01T14:21:20","slug":"fall-unternehmen-gesellschaft","status":"publish","type":"page","link":"https:\/\/reuzado.nl\/de\/uber-uns\/mvo\/fall-unternehmen-gesellschaft\/","title":{"rendered":"Fall: Wirtschaft und Gesellschaft"},"content":{"rendered":"<div  class=\"section section-pageheader-detail  has-no-bg has-no-pattern\">\n        <div class=\"container\">\n            <div class=\"holder\">\n                                    <div class=\"background-image\">\n                        <img decoding=\"async\" src=\"https:\/\/reuzado.nl\/app\/uploads\/2025\/06\/Reuzado-9701-scaled.jpg\" alt=\"Aufkauf von Cisco\">\n                    <\/div>\n                \n                                    <div class=\"content\">\n                        <h1>Fall: Wirtschaft und Gesellschaft<\/h1>\n\n                                                    <div class=\"rank-math-breadcrumbs\">\n                                <nav aria-label=\"Semmelbr\u00f6sel\" class=\"rank-math-breadcrumb\"><p><span class=\"last\">Startseite<\/span><\/p><\/nav>                            <\/div>\n                                            <\/div>\n                \n                            <\/div>\n        <\/div>\n    <\/div>\n\n\n        <div  class=\"section section-content has-no-bg has-no-pattern\">\n                        <div class=\"container\">\n                <div class=\"content-holder\">\n                    <div class=\"content\">\n                        <div class=\"inner\">\n                            <p>W\u00e4hrend des Corona Lockdowns waren alle Schulen geschlossen. Dies hatte zur Folge, dass viele Sch\u00fcler nicht auf dem Laufenden waren, weil sie keinen Zugang zu einem Laptop hatten. Das hatte zur Folge, dass eine gro\u00dfe Zahl von Sch\u00fclern in ihrem Lernprozess zur\u00fcckfiel. Um auch diesen Kindern eine faire Chance auf Bildung zu geben, arbeiteten wir zusammen mit\u00a0<a href=\"https:\/\/bedrijfensamenleving.nl\/\" target=\"_blank\" rel=\"noopener\">Wirtschaft und Gesellschaft<\/a>\u00a0funktionierte. Sie riefen dazu auf, Laptops zu spenden, und boten sie dann den betreffenden Sch\u00fclern an.<\/p>\n<p>Wir wollten nat\u00fcrlich unseren Beitrag dazu leisten und haben auch Laptops angeboten. So haben wir den Kauf von 20 gebrauchten Laptops durch Sponsorengelder direkt auf 40 verdoppelt.<\/p>\n<p>F\u00fcr weitere Informationen <a href=\"https:\/\/www.facebook.com\/BedrijfenSamenleving\/posts\/inmiddels-zijn-er-ruim-60-laptops-voor-leerlingen-leerachterstanden-door-het-mis\/2460621037373019\/\" target=\"_blank\" rel=\"noopener\">hier klicken<\/a><\/p>\n                                                                                                                <\/div>\n                    <\/div>\n                <\/div>\n            <\/div>\n        <\/div>","protected":false},"excerpt":{"rendered":"","protected":false},"author":1,"featured_media":0,"parent":1397,"menu_order":0,"comment_status":"closed","ping_status":"closed","template":"","meta":{"_acf_changed":false,"footnotes":""},"class_list":["post-1652","page","type-page","status-publish","hentry"],"acf":[],"_links":{"self":[{"href":"https:\/\/reuzado.nl\/de\/wp-json\/wp\/v2\/pages\/1652","targetHints":{"allow":["GET"]}}],"collection":[{"href":"https:\/\/reuzado.nl\/de\/wp-json\/wp\/v2\/pages"}],"about":[{"href":"https:\/\/reuzado.nl\/de\/wp-json\/wp\/v2\/types\/page"}],"author":[{"embeddable":true,"href":"https:\/\/reuzado.nl\/de\/wp-json\/wp\/v2\/users\/1"}],"replies":[{"embeddable":true,"href":"https:\/\/reuzado.nl\/de\/wp-json\/wp\/v2\/comments?post=1652"}],"version-history":[{"count":0,"href":"https:\/\/reuzado.nl\/de\/wp-json\/wp\/v2\/pages\/1652\/revisions"}],"up":[{"embeddable":true,"href":"https:\/\/reuzado.nl\/de\/wp-json\/wp\/v2\/pages\/1397"}],"wp:attachment":[{"href":"https:\/\/reuzado.nl\/de\/wp-json\/wp\/v2\/media?parent=1652"}],"curies":[{"name":"wp","href":"https:\/\/api.w.org\/{rel}","templated":true}]}}