{"id":1655,"date":"2025-07-03T12:45:12","date_gmt":"2025-07-03T12:45:12","guid":{"rendered":"https:\/\/reuzado.nl\/?page_id=1655"},"modified":"2025-08-01T14:24:28","modified_gmt":"2025-08-01T14:24:28","slug":"fall-philomela-stiftung","status":"publish","type":"page","link":"https:\/\/reuzado.nl\/de\/uber-uns\/mvo\/fall-philomela-stiftung\/","title":{"rendered":"Fall: Philomela-Stiftung"},"content":{"rendered":"<div  class=\"section section-pageheader-detail  has-no-bg has-no-pattern\">\n        <div class=\"container\">\n            <div class=\"holder\">\n                                    <div class=\"background-image\">\n                        <img decoding=\"async\" src=\"https:\/\/reuzado.nl\/app\/uploads\/2025\/06\/Reuzado-9167-scaled.jpg\" alt=\"\">\n                    <\/div>\n                \n                                    <div class=\"content\">\n                        <h1>Fall: Philomela-Stiftung<\/h1>\n\n                                                    <div class=\"rank-math-breadcrumbs\">\n                                <nav aria-label=\"Semmelbr\u00f6sel\" class=\"rank-math-breadcrumb\"><p><span class=\"last\">Startseite<\/span><\/p><\/nav>                            <\/div>\n                                            <\/div>\n                \n                            <\/div>\n        <\/div>\n    <\/div>\n\n\n        <div  class=\"section section-content has-no-bg has-no-pattern\">\n                        <div class=\"container\">\n                <div class=\"content-holder\">\n                    <div class=\"content\">\n                        <div class=\"inner\">\n                            <p><a href=\"https:\/\/www.philomela.nl\/\" target=\"_blank\" rel=\"noopener\">Stiftung Philomela<\/a>\u00a0hat es sich zur Aufgabe gemacht, klassische Musik und Kunst f\u00fcr alle zug\u00e4nglich zu machen. Dabei bezieht sie alle Kulturen, Altersgruppen und sozialen Schichten mit ein. Die Stiftung Philomela ist auf Spenden angewiesen. Deshalb haben wir eine Zusammenarbeit f\u00fcr die R\u00fcckgabe von gebrauchter Hardware gestartet. Die gespendete Hardware, die bei Philomela eintrifft, wird von Reuzado verarbeitet, wobei die Datensicherheit oberste Priorit\u00e4t hat. Der Erl\u00f6s aus dem Weiterverkauf der Waren flie\u00dft vollst\u00e4ndig an Philomela.<\/p>\n                                                                                                                <\/div>\n                    <\/div>\n                <\/div>\n            <\/div>\n        <\/div>","protected":false},"excerpt":{"rendered":"","protected":false},"author":1,"featured_media":0,"parent":1397,"menu_order":0,"comment_status":"closed","ping_status":"closed","template":"","meta":{"_acf_changed":false,"footnotes":""},"class_list":["post-1655","page","type-page","status-publish","hentry"],"acf":[],"_links":{"self":[{"href":"https:\/\/reuzado.nl\/de\/wp-json\/wp\/v2\/pages\/1655","targetHints":{"allow":["GET"]}}],"collection":[{"href":"https:\/\/reuzado.nl\/de\/wp-json\/wp\/v2\/pages"}],"about":[{"href":"https:\/\/reuzado.nl\/de\/wp-json\/wp\/v2\/types\/page"}],"author":[{"embeddable":true,"href":"https:\/\/reuzado.nl\/de\/wp-json\/wp\/v2\/users\/1"}],"replies":[{"embeddable":true,"href":"https:\/\/reuzado.nl\/de\/wp-json\/wp\/v2\/comments?post=1655"}],"version-history":[{"count":0,"href":"https:\/\/reuzado.nl\/de\/wp-json\/wp\/v2\/pages\/1655\/revisions"}],"up":[{"embeddable":true,"href":"https:\/\/reuzado.nl\/de\/wp-json\/wp\/v2\/pages\/1397"}],"wp:attachment":[{"href":"https:\/\/reuzado.nl\/de\/wp-json\/wp\/v2\/media?parent=1655"}],"curies":[{"name":"wp","href":"https:\/\/api.w.org\/{rel}","templated":true}]}}