{"id":1691,"date":"2025-07-09T09:12:27","date_gmt":"2025-07-09T09:12:27","guid":{"rendered":"https:\/\/reuzado.nl\/?page_id=1691"},"modified":"2025-12-15T08:57:03","modified_gmt":"2025-12-15T08:57:03","slug":"unsere-werte","status":"publish","type":"page","link":"https:\/\/reuzado.nl\/de\/unsere-werte\/","title":{"rendered":"Unsere Werte"},"content":{"rendered":"<div  class=\"section section-pageheader-detail  has-no-bg has-no-pattern\">\n        <div class=\"container\">\n            <div class=\"holder\">\n                                    <div class=\"background-image\">\n                        <img decoding=\"async\" src=\"https:\/\/reuzado.nl\/app\/uploads\/2025\/06\/Reuzado-9377-scaled.jpg\" alt=\"\">\n                    <\/div>\n                \n                                    <div class=\"content\">\n                        <h1>Unsere Werte<\/h1>\n\n                                                    <div class=\"rank-math-breadcrumbs\">\n                                <nav aria-label=\"Semmelbr\u00f6sel\" class=\"rank-math-breadcrumb\"><p><span class=\"last\">Startseite<\/span><\/p><\/nav>                            <\/div>\n                                            <\/div>\n                \n                            <\/div>\n        <\/div>\n    <\/div>\n\n\n        <div  class=\"section section-content has-no-bg has-no-pattern\">\n                        <div class=\"container\">\n                <div class=\"content-holder\">\n                    <div class=\"content\">\n                        <div class=\"inner\">\n                            <p data-start=\"104\" data-end=\"170\"><strong data-start=\"104\" data-end=\"170\">F\u00fcr Reuzado ist es wichtig, in jeder Region verantwortungsvoll zu handeln.<\/strong><\/p>\n<p data-start=\"172\" data-end=\"459\">Um sicherzustellen, dass alle unsere Aktivit\u00e4ten mit den geltenden Gesetzen und Vorschriften in den L\u00e4ndern, in denen wir t\u00e4tig sind, \u00fcbereinstimmen, arbeiten wir nur mit Partnern zusammen, die sich zu unserem Verhaltenskodex, unserer Kinderarbeitspolitik, unserer Whistleblowing-Politik sowie zu unseren zentralen Unternehmenswerten bekennen.<\/p>\n<p data-start=\"461\" data-end=\"925\">So arbeiten wir beispielsweise ausschlie\u00dflich mit lokalen Unternehmen zusammen, um strukturell in die Kapazit\u00e4ten in den Regionen zu investieren, in denen die Sammlung stattfindet. Es werden nur Produkte recycelt, die f\u00fcr den Gebrauch nicht mehr relevant sind. Um dies zu gew\u00e4hrleisten, zahlen wir den autorisierten Sammlern bewusst weniger als den Gebrauchtmarktwert in dem Gebiet, in dem das Produkt gesammelt wird. Auf diese Weise wird die Wiederverwendung stets gegen\u00fcber dem Recycling oder der Zerst\u00f6rung gef\u00f6rdert.<\/p>\n<p data-start=\"927\" data-end=\"1143\">Unsere Sammelt\u00e4tigkeit steht nicht in Konkurrenz zu bestehenden obligatorischen oder regulierten R\u00fccknahmesystemen in Regionen, in denen diese gut funktionieren und \u00fcber ausreichende Kapazit\u00e4ten zur Verarbeitung der gesammelten Produkte verf\u00fcgen.<\/p>\n<p data-start=\"1145\" data-end=\"1322\"><strong data-start=\"1145\" data-end=\"1322\">Wir bei Reuzado sind der Meinung, dass echte Wirkung mit Transparenz, Zusammenarbeit und Technologie beginnt - und so bauen wir jeden Tag eine kreislauff\u00e4hige IT-Kette auf, die f\u00fcr alle funktioniert.<\/strong><\/p>\n                                                                                                                <\/div>\n                    <\/div>\n                <\/div>\n            <\/div>\n        <\/div>\n\n    \n\n        <div  class=\"section section-links has-no-padding-top-d has-no-padding-top-m has-no-bg has-no-pattern\">\n        <div class=\"container\">\n            <div class=\"holder\">\n                \n                                    <div class=\"links-holder\">\n                                                    <div class=\"link\">\n                                <div class=\"icon\">\n                                    <i class=\"fa-solid fa-file-pdf\"><\/i>\n                                <\/div>\n                                <a href=\"https:\/\/reuzado.nl\/app\/uploads\/2025\/11\/Gedragscode-Beleid.pdf\" target=\"_blank\">Verhaltenskodex<\/a>\n                            <\/div>\n                                                    <div class=\"link\">\n                                <div class=\"icon\">\n                                    <i class=\"fa-solid fa-file-pdf\"><\/i>\n                                <\/div>\n                                <a href=\"https:\/\/reuzado.nl\/app\/uploads\/2025\/11\/Ken-uw-Tegenpartij-KYC-Beleid.pdf\" target=\"_blank\">Know Your Counterparty (KYC) Politik<\/a>\n                            <\/div>\n                                                    <div class=\"link\">\n                                <div class=\"icon\">\n                                    <i class=\"fa-solid fa-file-pdf\"><\/i>\n                                <\/div>\n                                <a href=\"https:\/\/reuzado.nl\/app\/uploads\/2025\/11\/Kinderarbeid-Beleid.pdf\" target=\"_blank\">Kinderarbeitspolitik<\/a>\n                            <\/div>\n                                                    <div class=\"link\">\n                                <div class=\"icon\">\n                                    <i class=\"fa-solid fa-file-pdf\"><\/i>\n                                <\/div>\n                                <a href=\"https:\/\/reuzado.nl\/app\/uploads\/2025\/11\/Klokkenluiders-Procedure.pdf\" target=\"_blank\">Whistleblowing-Verfahren<\/a>\n                            <\/div>\n                                                    <div class=\"link\">\n                                <div class=\"icon\">\n                                    <i class=\"fa-solid fa-file-pdf\"><\/i>\n                                <\/div>\n                                <a href=\"https:\/\/reuzado.nl\/app\/uploads\/2025\/11\/Formulier-voor-het-Indienen-van-Zorgen-Klachten.pdf\" target=\"_blank\">Formular f\u00fcr die Einreichung von Anliegen und Beschwerden<\/a>\n                            <\/div>\n                        \n                        \n                                                                                                <\/div>\n                            <\/div>\n        <\/div>\n    <\/div>","protected":false},"excerpt":{"rendered":"","protected":false},"author":1,"featured_media":0,"parent":0,"menu_order":0,"comment_status":"closed","ping_status":"closed","template":"","meta":{"_acf_changed":false,"footnotes":""},"class_list":["post-1691","page","type-page","status-publish","hentry"],"acf":[],"_links":{"self":[{"href":"https:\/\/reuzado.nl\/de\/wp-json\/wp\/v2\/pages\/1691","targetHints":{"allow":["GET"]}}],"collection":[{"href":"https:\/\/reuzado.nl\/de\/wp-json\/wp\/v2\/pages"}],"about":[{"href":"https:\/\/reuzado.nl\/de\/wp-json\/wp\/v2\/types\/page"}],"author":[{"embeddable":true,"href":"https:\/\/reuzado.nl\/de\/wp-json\/wp\/v2\/users\/1"}],"replies":[{"embeddable":true,"href":"https:\/\/reuzado.nl\/de\/wp-json\/wp\/v2\/comments?post=1691"}],"version-history":[{"count":0,"href":"https:\/\/reuzado.nl\/de\/wp-json\/wp\/v2\/pages\/1691\/revisions"}],"wp:attachment":[{"href":"https:\/\/reuzado.nl\/de\/wp-json\/wp\/v2\/media?parent=1691"}],"curies":[{"name":"wp","href":"https:\/\/api.w.org\/{rel}","templated":true}]}}