{"id":1764,"date":"2025-07-18T13:24:46","date_gmt":"2025-07-18T13:24:46","guid":{"rendered":"https:\/\/reuzado.nl\/?page_id=1764"},"modified":"2025-08-01T13:27:31","modified_gmt":"2025-08-01T13:27:31","slug":"behalter-fullen","status":"publish","type":"page","link":"https:\/\/reuzado.nl\/de\/behalter-fullen\/","title":{"rendered":"Wie f\u00fcllt man den Beh\u00e4lter?"},"content":{"rendered":"<div  class=\"section section-pageheader-detail  has-no-bg has-no-pattern\">\n        <div class=\"container\">\n            <div class=\"holder\">\n                                    <div class=\"background-image\">\n                        <img decoding=\"async\" src=\"https:\/\/reuzado.nl\/app\/uploads\/2025\/06\/Reuzado-9143-scaled.jpg\" alt=\"Datenvernichtung vor Ort\">\n                    <\/div>\n                \n                                    <div class=\"content\">\n                        <h1>Wie f\u00fcllt man den Beh\u00e4lter?<\/h1>\n\n                                                    <div class=\"rank-math-breadcrumbs\">\n                                <nav aria-label=\"Semmelbr\u00f6sel\" class=\"rank-math-breadcrumb\"><p><span class=\"last\">Startseite<\/span><\/p><\/nav>                            <\/div>\n                                            <\/div>\n                \n                            <\/div>\n        <\/div>\n    <\/div>\n\n\n        <div\n                class=\"section section-card-overview has-no-bg has-no-pattern\">\n        <div class=\"container\">\n            <div class=\"intro-wrapper\">\n                                    <div class=\"intro\">\n                        <h2>Der Fahrplan<\/h2>\n<p>Siehe unsere Roadmap hier. Folgen Sie dieser Beschreibung, um die Container richtig aufzustellen. Wenn Sie die Gegenst\u00e4nde richtig aufstellen, vermeiden Sie so weit wie m\u00f6glich eine Besch\u00e4digung der Gegenst\u00e4nde.<\/p>\n                    <\/div>\n                \n                            <\/div>\n                            <div class=\"cards-holder\">\n                    <div class=\"cards left\">\n                                                    <div class=\"card is-default\">\n                                                                    <div class=\"image-holder\">\n                                        <img decoding=\"async\" src=\"https:\/\/reuzado.nl\/app\/uploads\/2025\/07\/Rolcontainer1.jpg\" alt=\"\" \/>\n                                    <\/div>\n                                                                <div class=\"content-holder\">\n                                    <div class=\"inner\">\n                                      <div class=\"info\">\n                                                                                                                          <div class=\"title\">\n                                                <h3>1. Abstellen des Beh\u00e4lters<\/h3>\n                                            <\/div>\n                                                                                                                            <div class=\"content\">\n                                                <p>Stellen Sie den Container offen vor sich hin, bereit zum Beladen. Ist der Container noch zusammengeklappt? Dann folgen Sie <a href=\"https:\/\/reuzado.nl\/de\/behalter-entfalten\/\">diese Beschreibung<\/a> So bauen Sie den Beh\u00e4lter zusammen.<\/p>\n                                            <\/div>\n                                                                              <\/div>\n\n                                                                            <\/div>\n                                <\/div>\n                            <\/div>\n                                                    <div class=\"card is-default\">\n                                                                    <div class=\"image-holder\">\n                                        <img decoding=\"async\" src=\"https:\/\/reuzado.nl\/app\/uploads\/2025\/07\/Rolcontainer2.jpg\" alt=\"\" \/>\n                                    <\/div>\n                                                                <div class=\"content-holder\">\n                                    <div class=\"inner\">\n                                      <div class=\"info\">\n                                                                                                                          <div class=\"title\">\n                                                <h3>2. Schwere Gegenst\u00e4nde unter<\/h3>\n                                            <\/div>\n                                                                                                                            <div class=\"content\">\n                                                <p>Legen Sie die schweren Gegenst\u00e4nde in den unteren Teil des Containers.<\/p>\n                                            <\/div>\n                                                                              <\/div>\n\n                                                                            <\/div>\n                                <\/div>\n                            <\/div>\n                                                    <div class=\"card is-default\">\n                                                                    <div class=\"image-holder\">\n                                        <img decoding=\"async\" src=\"https:\/\/reuzado.nl\/app\/uploads\/2025\/07\/Rolcontainer3.jpg\" alt=\"\" \/>\n                                    <\/div>\n                                                                <div class=\"content-holder\">\n                                    <div class=\"inner\">\n                                      <div class=\"info\">\n                                                                                                                          <div class=\"title\">\n                                                <h3>3. Leichte Gegenst\u00e4nde oben<\/h3>\n                                            <\/div>\n                                                                                                                            <div class=\"content\">\n                                                <p>Legen Sie die leichteren Gegenst\u00e4nde in den oberen Teil des Beh\u00e4lters<\/p>\n                                            <\/div>\n                                                                              <\/div>\n\n                                                                            <\/div>\n                                <\/div>\n                            <\/div>\n                                                    <div class=\"card is-default\">\n                                                                    <div class=\"image-holder\">\n                                        <img decoding=\"async\" src=\"https:\/\/reuzado.nl\/app\/uploads\/2025\/07\/Rolcontainer4-1.jpg\" alt=\"\" \/>\n                                    <\/div>\n                                                                <div class=\"content-holder\">\n                                    <div class=\"inner\">\n                                      <div class=\"info\">\n                                                                                                                          <div class=\"title\">\n                                                <h3>4. Sch\u00e4den verhindern<\/h3>\n                                            <\/div>\n                                                                                                                            <div class=\"content\">\n                                                <p><strong>Achtung!<\/strong> Durch die richtige Positionierung der Gegenst\u00e4nde verhindern Sie so weit wie m\u00f6glich, dass die Gegenst\u00e4nde w\u00e4hrend des Transports besch\u00e4digt werden.<\/p>\n                                            <\/div>\n                                                                              <\/div>\n\n                                                                            <\/div>\n                                <\/div>\n                            <\/div>\n                                            <\/div>\n                <\/div>\n                    <\/div>\n    <\/div>","protected":false},"excerpt":{"rendered":"","protected":false},"author":1,"featured_media":0,"parent":0,"menu_order":0,"comment_status":"closed","ping_status":"closed","template":"","meta":{"_acf_changed":false,"footnotes":""},"class_list":["post-1764","page","type-page","status-publish","hentry"],"acf":[],"_links":{"self":[{"href":"https:\/\/reuzado.nl\/de\/wp-json\/wp\/v2\/pages\/1764","targetHints":{"allow":["GET"]}}],"collection":[{"href":"https:\/\/reuzado.nl\/de\/wp-json\/wp\/v2\/pages"}],"about":[{"href":"https:\/\/reuzado.nl\/de\/wp-json\/wp\/v2\/types\/page"}],"author":[{"embeddable":true,"href":"https:\/\/reuzado.nl\/de\/wp-json\/wp\/v2\/users\/1"}],"replies":[{"embeddable":true,"href":"https:\/\/reuzado.nl\/de\/wp-json\/wp\/v2\/comments?post=1764"}],"version-history":[{"count":0,"href":"https:\/\/reuzado.nl\/de\/wp-json\/wp\/v2\/pages\/1764\/revisions"}],"wp:attachment":[{"href":"https:\/\/reuzado.nl\/de\/wp-json\/wp\/v2\/media?parent=1764"}],"curies":[{"name":"wp","href":"https:\/\/api.w.org\/{rel}","templated":true}]}}