{"id":1972,"date":"2025-07-24T10:37:04","date_gmt":"2025-07-24T10:37:04","guid":{"rendered":"https:\/\/reuzado.nl\/?page_id=1972"},"modified":"2026-02-13T14:19:27","modified_gmt":"2026-02-13T14:19:27","slug":"blancco","status":"publish","type":"page","link":"https:\/\/reuzado.nl\/de\/losungsdienstleistungen\/ict-losungen\/blancco\/","title":{"rendered":"Blancco"},"content":{"rendered":"<div  class=\"section section-pageheader-detail  has-no-bg has-no-pattern\">\n        <div class=\"container\">\n            <div class=\"holder\">\n                                    <div class=\"background-image\">\n                        <img decoding=\"async\" src=\"https:\/\/reuzado.nl\/app\/uploads\/2025\/05\/6T7A8526.png\" alt=\"Blancco Management-Konsole\">\n                    <\/div>\n                \n                                    <div class=\"content\">\n                        <h1>Blancco Management-Konsole (Vor-Ort)<\/h1>\n\n                                                    <div class=\"rank-math-breadcrumbs\">\n                                <nav aria-label=\"Semmelbr\u00f6sel\" class=\"rank-math-breadcrumb\"><p><span class=\"last\">Startseite<\/span><\/p><\/nav>                            <\/div>\n                                            <\/div>\n                \n                            <\/div>\n        <\/div>\n    <\/div>\n\n\n        <div  class=\"section section-content has-no-bg has-no-pattern\">\n                        <div class=\"container\">\n                <div class=\"content-holder\">\n                    <div class=\"content\">\n                        <div class=\"inner\">\n                            <h2>Vollst\u00e4ndige Kontrolle \u00fcber die Datenentfernung und Berichterstattung innerhalb Ihrer eigenen IT-Umgebung<\/h2>\n<p>Mit der Blancco Management Console (On-Premise) erhalten Sie sicheren und einfachen Zugriff auf alle Datenentfernungs- und Diagnoseaktivit\u00e4ten, ohne von Cloud-Software abh\u00e4ngig zu sein. Verwalten Sie Benutzer, erstellen Sie auditf\u00e4hige Berichte und verbessern Sie gleichzeitig Ihre Informationssicherheit und Nachhaltigkeitsziele - alles innerhalb Ihrer eigenen Infrastruktur.<\/p>\n                                                                                                                <\/div>\n                    <\/div>\n                <\/div>\n            <\/div>\n        <\/div>\n\n    \n\n    <div  class=\"section section-intro-text-image has-bg-lightblue has-no-pattern\">\n        <div class=\"wrapper\">\n            <div class=\"column-wrapper\">\n                <div class=\"column-holder\">\n                    <div class=\"column\">\n                        <div class=\"image-holder is-blue\">\n                        <\/div>\n                    <\/div>\n                    <div class=\"column\">\n                        <div class=\"image-holder is-lightblue\">\n                        <\/div>\n                        <div class=\"image-holder is-blue\">\n                        <\/div>\n                    <\/div>\n                    <div class=\"column\">\n                                                    <div class=\"image-holder\">\n                                <img decoding=\"async\" src=\"https:\/\/reuzado.nl\/app\/uploads\/2025\/06\/Reuzado-9241-scaled.jpg\" alt=\"\">\n                            <\/div>\n                                                <div class=\"image-holder is-blue\">\n                        <\/div>\n                    <\/div>\n                <\/div>\n            <\/div>\n            <div class=\"container\">\n                <div class=\"title\">\n                                            <h3>Was ist Blancco Management Console (On-Premise)?<\/h3>\n<p>Blancco Management Console (On-Premise) ist eine leistungsstarke Managementl\u00f6sung, die lokal in Ihrer IT-Umgebung l\u00e4uft. So k\u00f6nnen Sie alle Vorteile der Blancco-Software nutzen, ohne eine Verbindung zu externen Cloud-Plattformen herzustellen. Ideal f\u00fcr Unternehmen mit strengen Compliance-Anforderungen oder einer Pr\u00e4ferenz f\u00fcr vollst\u00e4ndige interne Kontrolle.<\/p>\n                    \n                                    <\/div>\n                <div class=\"mobile-image\">\n                    <div class=\"column-holder\">\n                        <div class=\"column\">\n                            <div class=\"image-holder is-blue\">\n                            <\/div>\n                        <\/div>\n                        <div class=\"column\">\n                            <div class=\"image-holder is-lightblue\">\n                            <\/div>\n                            <div class=\"image-holder is-blue\">\n                            <\/div>\n                        <\/div>\n                        <div class=\"column\">\n                                                            <div class=\"image-holder\">\n                                    <img decoding=\"async\" src=\"https:\/\/reuzado.nl\/app\/uploads\/2025\/06\/Reuzado-9241-scaled.jpg\" alt=\"\">\n                                <\/div>\n                                                        <div class=\"image-holder is-blue\">\n                            <\/div>\n                        <\/div>\n                    <\/div>\n                <\/div>\n                <div class=\"text\">\n                    <div class=\"inner\">\n                                                    <h3>Nahtlose Integration innerhalb Ihrer Organisation<\/h3>\n<p>Diese On-Premise-L\u00f6sung l\u00e4sst sich problemlos in bestehende Systeme integrieren. So verwalten Sie von einem zentralen Punkt aus:<\/p>\n<ul>\n<li>Globale Verteilung von Lizenzen<\/li>\n<li>Benutzer- und Rechteverwaltung<\/li>\n<li>Zugang zu sicheren, f\u00e4lschungssicheren Berichten<\/li>\n<\/ul>\n<p>Alle Berichte werden lokal erstellt und gespeichert, was optimale Datensicherheit und Kontrolle \u00fcber den gesamten Pr\u00fcfungsprozess gew\u00e4hrleistet.<\/p>\n                                                                    <\/div>\n                <\/div>\n            <\/div>\n        <\/div>\n    <\/div>\n\n\n    <div  class=\"section section-image-card has-no-bg has-no-pattern\">\n        \n        <div class=\"container\">\n            <div class=\"card-holder\">\n                                    <div class=\"content-holder\">\n                        <div class=\"inner\">\n                            <h2>Wichtige Funktionalit\u00e4ten<\/h2>\n<ul>\n<li>Vollst\u00e4ndiges Management von Blancco-L\u00f6sungen innerhalb Ihrer eigenen Infrastruktur<\/li>\n<li>Benutzerverwaltung und Lizenzverteilung weltweit, von einem einzigen Standort aus<\/li>\n<li>Umfassende Berichte, einschlie\u00dflich Ger\u00e4tedetails (wie Name, Modell, IMEI und Speicherkapazit\u00e4t)<\/li>\n<li>Exportierbare Berichte in PDF, XML oder CSV<\/li>\n<li>Sicherungsoptionen auf lokalen Laufwerken oder Servern<\/li>\n<li>Transparenz und Kontrolle bei Audits, ohne Datenverst\u00f6\u00dfe<\/li>\n<li>Unterst\u00fctzung in mehreren Sprachen<\/li>\n<\/ul>\n                                                    <\/div>\n                    <\/div>\n                \n                                    <div class=\"image-wrapper\">\n                        <div class=\"image-holder\">\n                            <img decoding=\"async\" src=\"https:\/\/reuzado.nl\/app\/uploads\/2025\/05\/6T7A8522.png\" alt=\"\">\n                        <\/div>\n                    <\/div>\n                            <\/div>\n        <\/div>\n    <\/div>\n\n\n        <div  class=\"section section-block-cards has-bg-lightblue has-pattern-blue\">\n            \n            <div class=\"container\">\n                <div class=\"holder\">\n                    <div class=\"content-holder\">\n                        <h2>Die Vorteile auf einen Blick<\/h2>\n\n                                            <\/div>\n\n                    <div class=\"block-holder\">\n                                                    <div class=\"blocks\">\n                                                                                                            <div class=\"column\">\n                                                                                            <div class=\"block\">\n                                                    <div class=\"inner\">\n                                                        <h3>Zentralisierte Verwaltung und Berichterstattung<\/h3>\n<p>Verwalten Sie alle Ihre Datenentfernungsaktivit\u00e4ten von einer sicheren Umgebung aus, mit automatisch generierten, digital signierten Zertifikaten f\u00fcr vollst\u00e4ndige Konformit\u00e4t.<\/p>\n                                                                                                            <\/div>\n                                                <\/div>\n                                                                                            <div class=\"block\">\n                                                    <div class=\"inner\">\n                                                        <h3>Erh\u00f6hte Lebensdauer<\/h3>\n<p>\u00dcber das integrierte Nachhaltigkeits-Dashboard und den ESG-Rechner erhalten Sie einen Einblick in die CO2-Emissionen, die dank Blancco-wipes eingespart werden - ein wertvoller Input f\u00fcr <a href=\"https:\/\/www.rvo.nl\/onderwerpen\/mvo\/transparantie-en-verslaglegging\" target=\"_blank\" rel=\"noopener\">CSR<\/a>-Berichte.<\/p>\n                                                                                                            <\/div>\n                                                <\/div>\n                                                                                    <\/div>\n                                                                                                                                                <div class=\"column\">\n                                                                                            <div class=\"block\">\n                                                    <div class=\"inner\">\n                                                        <h3>Flexible Umsetzung<\/h3>\n<p>Schnell einsatzbereit in verschiedenen IT-Umgebungen. Ob Sie nun 10 oder 10.000 Ger\u00e4te verwalten, Blancco On-Premise l\u00e4sst sich problemlos mit Ihrem Unternehmen skalieren.<\/p>\n                                                                                                            <\/div>\n                                                <\/div>\n                                                                                            <div class=\"block\">\n                                                    <div class=\"inner\">\n                                                        <h3>St\u00e4ndiger Zugang zu aktuellem Wissen<\/h3>\n<p>\u00dcber die integrierte Wissensdatenbank k\u00f6nnen Sie auf h\u00e4ufig gestellte Fragen, Lehrvideos, Handb\u00fccher und bew\u00e4hrte Verfahren zugreifen.<\/p>\n                                                                                                            <\/div>\n                                                <\/div>\n                                                                                            <div class=\"block\">\n                                                    <div class=\"inner\">\n                                                        <h3>\u00dcbereinstimmung mit allen relevanten Normen<\/h3>\n<p>Unterst\u00fctzt u.a. PCI DSS, HIPAA und GDPR - lokal und international.<\/p>\n                                                                                                            <\/div>\n                                                <\/div>\n                                                                                    <\/div>\n                                                                                                <\/div>\n                                            <\/div>\n                <\/div>\n            <\/div>\n        <\/div>\n    \n\n    <div  class=\"section section-cta has-small-image has-no-padding-bottom-d has-no-padding-bottom-m has-no-bg has-no-pattern\">\n        \n        <div class=\"holder\">\n            <div class=\"container\">\n                <div class=\"cta-holder\">\n                                            <div class=\"image-holder\">\n                            <img decoding=\"async\" src=\"https:\/\/reuzado.nl\/app\/uploads\/2025\/06\/LI-retouched.jpg\" alt=\"\">\n                        <\/div>\n                                        <div class=\"content-holder\">\n                        <div class=\"inner\">\n                            <h2>M\u00f6chten Sie mehr erfahren oder eine Demo anfordern?<span style=\"font-size: 16px\"><br \/>\n<\/span><\/h2>\n<p><span style=\"font-size: 16px\">M\u00f6chten Sie wissen, wie Blancco Management Console (On-Premise) Ihr Unternehmen bei der sicheren, zertifizierten Datenl\u00f6schung unterst\u00fctzen kann? Dann kontaktieren Sie uns unverbindlich<\/span><span style=\"font-size: 16px\">: <\/span><a style=\"font-size: 16px\" href=\"tel:+31235519821\">rufen Sie uns an<\/a><span style=\"font-size: 16px\"> oder senden Sie eine <\/span><a href=\"mailto:info@reuzado.nl\">E-Mail<\/a><span style=\"font-size: 16px\"> f\u00fcr eine kostenlose Beratung und ein ma\u00dfgeschneidertes Angebot.<\/span><\/p>\n                                                            <div class=\"button-holder\">\n                                    \n                                                                            <a href=\"https:\/\/reuzado.nl\/de\/kontakt\/\" target=\"_self\" class=\"button alt\">Kontakt aufnehmen<\/a>\n                                                                    <\/div>\n                                                    <\/div>\n                    <\/div>\n                <\/div>\n            <\/div>\n        <\/div>\n\n                    <div class=\"background-image\">\n                <img decoding=\"async\" src=\"https:\/\/reuzado.nl\/app\/uploads\/2025\/05\/Groot-formaat-9414.jpg\" alt=\"\">\n            <\/div>\n            <\/div>","protected":false},"excerpt":{"rendered":"","protected":false},"author":1,"featured_media":0,"parent":430,"menu_order":0,"comment_status":"closed","ping_status":"closed","template":"","meta":{"_acf_changed":false,"footnotes":""},"class_list":["post-1972","page","type-page","status-publish","hentry"],"acf":[],"_links":{"self":[{"href":"https:\/\/reuzado.nl\/de\/wp-json\/wp\/v2\/pages\/1972","targetHints":{"allow":["GET"]}}],"collection":[{"href":"https:\/\/reuzado.nl\/de\/wp-json\/wp\/v2\/pages"}],"about":[{"href":"https:\/\/reuzado.nl\/de\/wp-json\/wp\/v2\/types\/page"}],"author":[{"embeddable":true,"href":"https:\/\/reuzado.nl\/de\/wp-json\/wp\/v2\/users\/1"}],"replies":[{"embeddable":true,"href":"https:\/\/reuzado.nl\/de\/wp-json\/wp\/v2\/comments?post=1972"}],"version-history":[{"count":0,"href":"https:\/\/reuzado.nl\/de\/wp-json\/wp\/v2\/pages\/1972\/revisions"}],"up":[{"embeddable":true,"href":"https:\/\/reuzado.nl\/de\/wp-json\/wp\/v2\/pages\/430"}],"wp:attachment":[{"href":"https:\/\/reuzado.nl\/de\/wp-json\/wp\/v2\/media?parent=1972"}],"curies":[{"name":"wp","href":"https:\/\/api.w.org\/{rel}","templated":true}]}}