{"id":2323,"date":"2025-08-29T13:48:55","date_gmt":"2025-08-29T13:48:55","guid":{"rendered":"https:\/\/reuzado.nl\/?page_id=2323"},"modified":"2025-11-14T13:58:55","modified_gmt":"2025-11-14T13:58:55","slug":"uberholte-laptops-dell","status":"publish","type":"page","link":"https:\/\/reuzado.nl\/de\/uberholte-laptops-dell\/","title":{"rendered":"\u00dcberholte Laptops Dell"},"content":{"rendered":"<div  class=\"section section-pageheader-detail  has-no-bg has-no-pattern\">\n        <div class=\"container\">\n            <div class=\"holder\">\n                                    <div class=\"background-image\">\n                        <img decoding=\"async\" src=\"https:\/\/reuzado.nl\/app\/uploads\/2025\/07\/Datavernietiging-voor-uw-bedrijf-Laat-het-aan-Reuzado-over-.jpg\" alt=\"\">\n                    <\/div>\n                \n                                    <div class=\"content\">\n                        <h1>\u00dcberholte Laptops Dell<\/h1>\n\n                                                    <div class=\"rank-math-breadcrumbs\">\n                                <nav aria-label=\"Semmelbr\u00f6sel\" class=\"rank-math-breadcrumb\"><p><span class=\"last\">Startseite<\/span><\/p><\/nav>                            <\/div>\n                                            <\/div>\n                \n                            <\/div>\n        <\/div>\n    <\/div>\n\n\n        <div  class=\"section section-content has-no-bg has-no-pattern\">\n                        <div class=\"container\">\n                <div class=\"content-holder\">\n                    <div class=\"content\">\n                        <div class=\"inner\">\n                            <h2>\u00dcberholte Laptops von Dell kaufen<\/h2>\n<p>Dell ist weltweit als eine Marke bekannt, die es versteht, Business-Performance und Robustheit zu verbinden. Mit general\u00fcberholten Laptops von Dell, die Sie bei Reuzado kaufen, profitieren Sie von leistungsstarken Systemen, die f\u00fcr eine Vielzahl von Anwendungen geeignet sind, von Standard-B\u00fcroarbeiten bis hin zu umfangreicher technischer Software.<\/p>\n<p>Ab \u20ac365 k\u00f6nnen Sie einen general\u00fcberholten Dell Laptop kaufen, der professionell \u00fcberholt wurde und sofort einsatzbereit ist. Damit erhalten Sie die Leistung einer A-Marke zu einem wettbewerbsf\u00e4higen Preis, ohne Zugest\u00e4ndnisse an Qualit\u00e4t oder Zuverl\u00e4ssigkeit.<\/p>\n                                                                                                                <\/div>\n                    <\/div>\n                <\/div>\n            <\/div>\n        <\/div>\n\n    \n\n        <div  class=\"section section-content has-bg-lightblue has-pattern-colored\">\n                        <div class=\"container\">\n                <div class=\"content-holder\">\n                    <div class=\"content\">\n                        <div class=\"inner\">\n                            <h2>Was macht general\u00fcberholte Laptops von Dell attraktiv?<\/h2>\n<p>Dell ist bei Unternehmen besonders wegen der Vielseitigkeit und Skalierbarkeit seiner Modelle beliebt. Ob leichte Latitude-Laptops f\u00fcr mobile Mitarbeiter oder leistungsstarke Precision-Workstations f\u00fcr Spezialisten - es gibt immer eine passende L\u00f6sung.<br \/>\nDie wichtigsten Merkmale von Dell-Laptops:<\/p>\n<ul>\n<li>Robuste Bauweise f\u00fcr intensiven t\u00e4glichen Gebrauch<\/li>\n<li>Flexibel in den Konfigurationen, geeignet f\u00fcr verschiedene Sektoren<\/li>\n<li>Hohe Leistung, vom einfachen Gebrauch bis zu schweren Anwendungen<\/li>\n<li>Gleichbleibende Qualit\u00e4t, ideal f\u00fcr gro\u00df angelegte Einf\u00fchrungen<\/li>\n<li>Refurbished kommt mit Windows 11 Pro und Garantie<\/li>\n<\/ul>\n<p>Mit general\u00fcberholten Laptops von Dell erhalten Sie bew\u00e4hrte Business-Hardware, die jahrelang halten wird.<\/p>\n                                                                                                                <\/div>\n                    <\/div>\n                <\/div>\n            <\/div>\n        <\/div>\n\n    \n\n        <div  class=\"section section-block-cards has-bg-lightblue has-pattern-blue\">\n            \n            <div class=\"container\">\n                <div class=\"holder\">\n                    <div class=\"content-holder\">\n                        <h2>F\u00fcr wen sind Dell-Laptops interessant?<\/h2>\n<p>&nbsp;<\/p>\n\n                                            <\/div>\n\n                    <div class=\"block-holder\">\n                                                    <div class=\"blocks has-four\">\n                                                                                                            <div class=\"column\">\n                                                                                            <div class=\"block\">\n                                                    <div class=\"inner\">\n                                                        <p><strong>Regierungsbeh\u00f6rden und Gemeinden<\/strong><\/p>\n<p>Dell Latitude-Laptops sind bei Beh\u00f6rden wegen ihrer Stabilit\u00e4t und Benutzerfreundlichkeit beliebt. Perfekt f\u00fcr Mitarbeiter, die t\u00e4glich auf zuverl\u00e4ssige IT angewiesen sind.<\/p>\n                                                                                                            <\/div>\n                                                <\/div>\n                                                                                            <div class=\"block\">\n                                                    <div class=\"inner\">\n                                                        <p><strong>Pflege und Erziehung<\/strong><\/p>\n<p>Dell-Laptops sind f\u00fcr ihre Robustheit bekannt. Sie k\u00f6nnen einer intensiven Nutzung standhalten und sind daher ideal f\u00fcr Gesundheitseinrichtungen und Schulen.<\/p>\n                                                                                                            <\/div>\n                                                <\/div>\n                                                                                    <\/div>\n                                                                                                                                                <div class=\"column\">\n                                                                                            <div class=\"block\">\n                                                    <div class=\"inner\">\n                                                        <p><strong>IT-Dienstleister und Systemintegratoren<\/strong><\/p>\n<p>Die Dell Modelle k\u00f6nnen flexibel f\u00fcr Migrationen oder projektbezogene Lieferungen eingesetzt werden. Durch die gro\u00dfe Auswahl an Konfigurationen sind sie f\u00fcr eine Vielzahl von Kundenanforderungen geeignet.<\/p>\n                                                                                                            <\/div>\n                                                <\/div>\n                                                                                            <div class=\"block\">\n                                                    <div class=\"inner\">\n                                                        <p><strong>KMU und multinationale Unternehmen<\/strong><\/p>\n<p>Unternehmen mit Wachstumsambitionen oder internationalen Teams entscheiden sich h\u00e4ufig f\u00fcr Dell aufgrund seiner Skalierbarkeit und gleichbleibenden Qualit\u00e4t<\/p>\n                                                                                                            <\/div>\n                                                <\/div>\n                                                                                    <\/div>\n                                                                                                <\/div>\n                                            <\/div>\n                <\/div>\n            <\/div>\n        <\/div>\n    \n\n        <div  class=\"section section-product-overview has-no-bg has-no-pattern\">\n        <div class=\"container\">\n                                        <div class=\"product-holder\">\n                                                                    <div class=\"product-card\"\n                            data-product-id=\"2310\"\n                            data-product-price=\"465 \"\n                            data-product-categories=\"6\"\n                            data-product-brands=\"11\"\n                            data-product-sizes=\"8\"\n                            data-product-uses=\"9,10\">\n\n                                                            <div class=\"image-holder\">\n                                    <img decoding=\"async\" src=\"https:\/\/reuzado.nl\/app\/uploads\/2025\/08\/dell-5550-1.webp\" alt=\"Dell Pr\u00e4zision 5550\">\n                                                                    <\/div>\n                                                        <div class=\"content-holder\">\n                                <div class=\"inner\">\n                                    <div class=\"title\">\n                                                                                <h4> <a href=\"https:\/\/reuzado.nl\/de\/produkte\/dell-prazision-5550\/\">Dell Pr\u00e4zision 5550<\/a> <\/h4>\n                                                                                    <span>von \u20ac465 <\/span>\n                                                                            <\/div>\n                                                                            <p>Eine leistungsstarke mobile 15-Zoll-Workstation, die Design und Leistung f\u00fcr Profis in anspruchsvollen Branchen wie 3D-Modellierung, Videobearbeitung und Datenanalyse vereint.<\/p>\n                                    \n                                                                            <ul>\n                                                                                                                                                <li>Die Precision 5550 ist die d\u00fcnnste mobile 15-Zoll-Workstation von Dell, mit einem schlanken Profil von nur 7,7 mm an der Vorderseite.<\/li>\n                                                                                                                                                                                                <li>Ausgestattet mit Intel Core i7 oder Xeon Prozessoren und professionellen NVIDIA Quadro Grafikkarten f\u00fcr anspruchsvolle Anwendungen.<\/li>\n                                                                                                                                                                                                <li>Das Precision 5550 erf\u00fcllt die milit\u00e4rischen MIL-STD-810G-Standards und ist damit ein robustes und zuverl\u00e4ssiges Notebook, das den Herausforderungen des mobilen Einsatzes gewachsen ist.<\/li>\n                                                                                                                                    <\/ul>\n                                                                    <\/div>\n                                <div class=\"button-holder\">\n                                    <a href=\"https:\/\/reuzado.nl\/de\/produkte\/dell-prazision-5550\/\" class=\"button alt\">Weitere Informationen<\/a>\n                                <\/div>\n                            <\/div>\n                        <\/div>\n                                                                    <div class=\"product-card\"\n                            data-product-id=\"2305\"\n                            data-product-price=\"389\"\n                            data-product-categories=\"6\"\n                            data-product-brands=\"11\"\n                            data-product-sizes=\"8\"\n                            data-product-uses=\"9,10\">\n\n                                                            <div class=\"image-holder\">\n                                    <img decoding=\"async\" src=\"https:\/\/reuzado.nl\/app\/uploads\/2025\/08\/7410.png\" alt=\"Dell Latitude 7400 \/ 7410 \/ 7420\">\n                                                                    <\/div>\n                                                        <div class=\"content-holder\">\n                                <div class=\"inner\">\n                                    <div class=\"title\">\n                                                                                <h4> <a href=\"https:\/\/reuzado.nl\/de\/produkte\/dell-latitude-7400-7410-7420\/\">Dell Latitude 7400 \/ 7410 \/ 7420<\/a> <\/h4>\n                                                                                    <span>von \u20ac389<\/span>\n                                                                            <\/div>\n                                                                            <p>Eine ausgezeichnete Wahl f\u00fcr Fachleute, die t\u00e4glich auf ein stabiles und sicheres Arbeitsumfeld angewiesen sind.<\/p>\n                                    \n                                                                            <ul>\n                                                                                                                                                <li>ExpressCharge\u2122 f\u00fcr schnelles Aufladen<\/li>\n                                                                                                                                                                                                <li>Leichtes und langlebiges Design<\/li>\n                                                                                                                                                                                                <li>Lange Akkulaufzeit, ideal f\u00fcr unterwegs<\/li>\n                                                                                                                                    <\/ul>\n                                                                    <\/div>\n                                <div class=\"button-holder\">\n                                    <a href=\"https:\/\/reuzado.nl\/de\/produkte\/dell-latitude-7400-7410-7420\/\" class=\"button alt\">Weitere Informationen<\/a>\n                                <\/div>\n                            <\/div>\n                        <\/div>\n                                                                    <div class=\"product-card\"\n                            data-product-id=\"2299\"\n                            data-product-price=\"365 \"\n                            data-product-categories=\"6\"\n                            data-product-brands=\"11\"\n                            data-product-sizes=\"8\"\n                            data-product-uses=\"9,10\">\n\n                                                            <div class=\"image-holder\">\n                                    <img decoding=\"async\" src=\"https:\/\/reuzado.nl\/app\/uploads\/2025\/08\/Dell-Latitude-5420-Side-1-600x600-1.webp\" alt=\"Dell Latitude 5420\">\n                                                                    <\/div>\n                                                        <div class=\"content-holder\">\n                                <div class=\"inner\">\n                                    <div class=\"title\">\n                                                                                <h4> <a href=\"https:\/\/reuzado.nl\/de\/produkte\/dell-latitude-5420\/\">Dell Latitude 5420<\/a> <\/h4>\n                                                                                    <span>von \u20ac365 <\/span>\n                                                                            <\/div>\n                                                                            <p>Ein vielseitiges und zuverl\u00e4ssiges 14-Zoll-Business-Notebook, das auf Produktivit\u00e4t und Mobilit\u00e4t ausgelegt ist.<\/p>\n                                    \n                                                                            <ul>\n                                                                                                                                                <li>Milit\u00e4risch getestet nach MIL-STD-810H und dennoch kompakt (ab ca. 1,4 kg).<\/li>\n                                                                                                                                                                                                <li>Lange Akkulaufzeit mit ExpressCharge\u2122 f\u00fcr schnelles Aufladen.<\/li>\n                                                                                                                                                                                                <li>Geh\u00e4use teilweise aus recyceltem Biokunststoff, umweltfreundliches Design.<\/li>\n                                                                                                                                    <\/ul>\n                                                                    <\/div>\n                                <div class=\"button-holder\">\n                                    <a href=\"https:\/\/reuzado.nl\/de\/produkte\/dell-latitude-5420\/\" class=\"button alt\">Weitere Informationen<\/a>\n                                <\/div>\n                            <\/div>\n                        <\/div>\n                                    <\/div>\n                    <\/div>\n    <\/div>\n\n\n    <div         class=\"section section-image-content has-no-bg has-no-pattern has-image-left\">\n        <div class=\"holder\">\n                            <div class=\"image-holder\">\n                                            <div class=\"column\">\n                            <div class=\"image-wrapper\">\n                                <img decoding=\"async\" src=\"https:\/\/reuzado.nl\/app\/uploads\/2025\/07\/Wat-is-hardware-hardware-opkopen-en-hardware-afvoeren.jpg\" alt=\"Was ist Hardware, Hardware-R\u00fcckkauf und Hardware-Entsorgung?\">\n                            <\/div>\n                        <\/div>\n                                        <div class=\"column\">\n                                                    <div class=\"image-wrapper\">\n                                <img decoding=\"async\" src=\"https:\/\/reuzado.nl\/app\/uploads\/2025\/07\/IT-Asset-Disposition-.png\" alt=\"IT-Bestandsver\u00e4u\u00dferung\">\n                            <\/div>\n                                                                            <div class=\"image-wrapper\">\n                                <img decoding=\"async\" src=\"https:\/\/reuzado.nl\/app\/uploads\/2025\/08\/dell-5550-1.webp\" alt=\"\">\n                            <\/div>\n                                            <\/div>\n                                            <div class=\"column\">\n                            <div class=\"image-wrapper\">\n                                <img decoding=\"async\" src=\"https:\/\/reuzado.nl\/app\/uploads\/2025\/08\/Estunt-Dell-Latitude-7420-1.jpg\" alt=\"\">\n                            <\/div>\n                        <\/div>\n                                    <\/div>\n                <div class=\"image-holder-mobile\">\n\n                                            <div class=\"column\">\n                            <div class=\"image-wrapper\">\n                                <img decoding=\"async\" src=\"https:\/\/reuzado.nl\/app\/uploads\/2025\/07\/Wat-is-hardware-hardware-opkopen-en-hardware-afvoeren.jpg\" alt=\"Was ist Hardware, Hardware-R\u00fcckkauf und Hardware-Entsorgung?\">\n                            <\/div>\n                        <\/div>\n                                        <div class=\"column\">\n                                                    <div class=\"image-wrapper\">\n                                <img decoding=\"async\" src=\"https:\/\/reuzado.nl\/app\/uploads\/2025\/07\/IT-Asset-Disposition-.png\" alt=\"IT-Bestandsver\u00e4u\u00dferung\">\n                            <\/div>\n                                                                            <div class=\"image-wrapper\">\n                                <img decoding=\"async\" src=\"https:\/\/reuzado.nl\/app\/uploads\/2025\/08\/dell-5550-1.webp\" alt=\"\">\n                            <\/div>\n                                            <\/div>\n                                            <div class=\"column\">\n                            <div class=\"image-wrapper\">\n                                <img decoding=\"async\" src=\"https:\/\/reuzado.nl\/app\/uploads\/2025\/08\/Estunt-Dell-Latitude-7420-1.jpg\" alt=\"\">\n                            <\/div>\n                            <div class=\"image-wrapper is-blue\">\n                            <\/div>\n                        <\/div>\n                                    <\/div>\n                        <div class=\"content-holder\">\n                <div class=\"inner\">\n                                            <h2>Zus\u00e4tzliche Dienstleistungen mit Dell Laptops<\/h2>\n<p>Reuzado bietet nicht nur Hardware, sondern auch eine einwandfreie Umsetzung. F\u00fcr Dell Laptops bieten wir unter anderem:<\/p>\n<ul>\n<li>Installation und Konfiguration vor Ort oder aus der Ferne<\/li>\n<li>Vorinstallation mit Client-Image oder Domain-Verkn\u00fcpfung<\/li>\n<li>Kennzeichnung von Verm\u00f6genswerten und Verwaltung von Seriennummern<\/li>\n<li>Beschriftung oder Gravur mit Firmenlogo<\/li>\n<li>Integration mit dem Kundenportal D-atz f\u00fcr Einblicke und Nachbestellungen<\/li>\n<\/ul>\n<p>Mit diesen Extras wird der Kauf von general\u00fcberholten Laptops von Dell mehr als nur ein Kauf: Er wird zu einer vollst\u00e4ndig handhabbaren L\u00f6sung.<\/p>\n                    \n                                    <\/div>\n            <\/div>\n        <\/div>\n    <\/div>\n\n\n        <div  class=\"section section-content two-columns has-no-bg has-no-pattern\">\n            <div class=\"container\">\n                <div class=\"content-holder\">\n                                            <div class=\"column\">\n                            <div class=\"content\">\n                                <h2>Nachhaltiger Vorteil<\/h2>\n<p>Refurbished Laptops von Dell reduzieren sowohl die Kosten als auch Ihren \u00f6kologischen Fu\u00dfabdruck. Sie verl\u00e4ngern die Lebensdauer der Gesch\u00e4ftshardware und sparen gleichzeitig CO\u2082 und Ressourcen. Wir bieten auch Berichte, die direkt f\u00fcr die ESG- und CSRD-Rechenschaftslegung verwendet werden k\u00f6nnen.<\/p>\n                            <\/div>\n                        <\/div>\n                                        <div class=\"column\">\n                        <div class=\"content\">\n                            <h3>Fazit: Aufgearbeitete Laptops von Dell ab \u20ac365 kaufen<\/h3>\n<p>Mit gebrauchten Laptops von Dell, die Sie bei Reuzado kaufen, entscheiden Sie sich f\u00fcr Leistung, Flexibilit\u00e4t und Langlebigkeit. Egal, ob Sie in der Verwaltung, im Gesundheitswesen, im Bildungswesen, in der IT oder in der Wirtschaft t\u00e4tig sind, Dell bietet die Vielseitigkeit und Zuverl\u00e4ssigkeit, die Ihr Unternehmen ben\u00f6tigt.<\/p>\n                                                            <div class=\"button-holder\">\n                                                                            <a href=\"https:\/\/reuzado.nl\/de\/ein-angebot-anfordern\/\"\n                                            target=\"_self\"\n                                            class=\"button\">Jetzt bewerben<\/a>\n                                                                                                                <a href=\"https:\/\/reuzado.nl\/de\/kontakt\/\"\n                                            target=\"_self\"\n                                            class=\"button alt\">Direkt anrufen<\/a>\n                                                                    <\/div>\n                                                    <\/div>\n                    <\/div>\n                <\/div>\n            <\/div>\n        <\/div>","protected":false},"excerpt":{"rendered":"","protected":false},"author":3,"featured_media":0,"parent":0,"menu_order":0,"comment_status":"closed","ping_status":"closed","template":"","meta":{"_acf_changed":false,"footnotes":""},"class_list":["post-2323","page","type-page","status-publish","hentry"],"acf":[],"_links":{"self":[{"href":"https:\/\/reuzado.nl\/de\/wp-json\/wp\/v2\/pages\/2323","targetHints":{"allow":["GET"]}}],"collection":[{"href":"https:\/\/reuzado.nl\/de\/wp-json\/wp\/v2\/pages"}],"about":[{"href":"https:\/\/reuzado.nl\/de\/wp-json\/wp\/v2\/types\/page"}],"author":[{"embeddable":true,"href":"https:\/\/reuzado.nl\/de\/wp-json\/wp\/v2\/users\/3"}],"replies":[{"embeddable":true,"href":"https:\/\/reuzado.nl\/de\/wp-json\/wp\/v2\/comments?post=2323"}],"version-history":[{"count":0,"href":"https:\/\/reuzado.nl\/de\/wp-json\/wp\/v2\/pages\/2323\/revisions"}],"wp:attachment":[{"href":"https:\/\/reuzado.nl\/de\/wp-json\/wp\/v2\/media?parent=2323"}],"curies":[{"name":"wp","href":"https:\/\/api.w.org\/{rel}","templated":true}]}}