{"id":2779,"date":"2025-11-27T12:50:08","date_gmt":"2025-11-27T12:50:08","guid":{"rendered":"https:\/\/reuzado.nl\/?page_id=2779"},"modified":"2026-05-06T09:02:18","modified_gmt":"2026-05-06T09:02:18","slug":"kilo-fur-kilo","status":"publish","type":"page","link":"https:\/\/reuzado.nl\/de\/kilo-fur-kilo\/","title":{"rendered":"Kilo f\u00fcr Kilo"},"content":{"rendered":"<div  class=\"section section-pageheader-one-for-one has-no-bg has-no-pattern\">\n                    <img decoding=\"async\" src=\"https:\/\/reuzado.nl\/app\/uploads\/2025\/12\/IMG_8974.jpg\" alt=\"\">\n                <div class=\"container\">\n            <div class=\"content-holder\">\n                                    <h4>Die Zukunft der IT ist zirkul\u00e4r. Wir sind dabei, den neuen Standard zu schaffen.<\/h4>\n<h2>Reuzado Kilo-f\u00fcr-Kilo<\/h2>\n<p>Die IT muss kein Abfallstrom sein. Sie kann zu einer kontrollierten, transparenten und messbaren Wertsch\u00f6pfungskette werden.<\/p>\n<p>Als Full-Service-ITAD-Dienstleister \u00fcbernimmt Reuzado das komplette Lifecycle-Management im eigenen Haus - von der Logistik \u00fcber die zertifizierte Datenvernichtung bis hin zu Refurbishment, Remarketing und ESG-Reporting.<\/p>\n<p>Vollst\u00e4ndige Ausrichtung der Kette. Messbare Auswirkungen. Kein Greenwashing.<\/p>\n                \n                                    <div class=\"button-holder\">\n                                                    <a href=\"#intro\" target=\"_self\" class=\"button\">Kilo f\u00fcr Kilo entdecken<\/a>\n                        \n                                                    <a href=\"https:\/\/reuzado.nl\/de\/kontakt\/\" target=\"_self\" class=\"button alt\">Kontakt aufnehmen<\/a>\n                                            <\/div>\n                            <\/div>\n        <\/div>\n    <\/div>\n\n\n        <div  class=\"section section-content has-large-text has-no-bg has-no-pattern\">\n            <div class=\"container\">\n                                    <div class=\"content-holder\">\n                        <h2>Der Standard, den wir aufbauen<\/h2>\n<p>Der IT-Markt ist im Wandel. Die ESG-Verpflichtungen werden strenger. CSRD fordert \u00fcberpr\u00fcfbare Daten. Greenwashing wird aktiv angegangen.<\/p>\n<p>Deshalb bauen wir keine losen Nachhaltigkeitsbehauptungen. Wir schaffen einen neuen Standard f\u00fcr Kreislauf-IT.<\/p>\n<p>Diese Norm wird genannt:<\/p>\n<h4><em>Kilo f\u00fcr Kilo<\/em><\/h4>\n                    <\/div>\n                            <\/div>\n        <\/div>\n\n\n    <div  class=\"section section-usp-blocks has-bg-lightblue has-rows\">\n        <div class=\"container\">\n                            <div class=\"content-holder\">\n                    <h2>Kilo f\u00fcr Kilo<\/h2>\n<p>F\u00fcr jedes Kilo neuer IT-Ger\u00e4te, das \u00fcber unser Lebenszyklusmodell bereitgestellt wird, wird ein Kilo zus\u00e4tzlicher Elektroschrott sicher verarbeitet. Jede Bestellung enth\u00e4lt einen verifizierten E-Waste-Beitrag.<\/p>\n<p><strong>Bedeutung:<\/strong><\/p>\n                <\/div>\n            \n                            <div class=\"usp-holder\">\n                                                                                                <div class=\"usp-row\">\n                                                                    <div class=\"usp\">\n                                        <div class=\"icon\">\n                                                                                            <i class=\"fa-solid fa-check\"><\/i>\n                                                                                    <\/div>\n                                                                                    <p>Finanzierung einer zus\u00e4tzlichen sicheren Verarbeitung<\/p>\n                                                                            <\/div>\n                                                                    <div class=\"usp\">\n                                        <div class=\"icon\">\n                                                                                            <i class=\"fa-solid fa-check\"><\/i>\n                                                                                    <\/div>\n                                                                                    <p>Keine Doppelz\u00e4hlung im Rahmen des EPR<\/p>\n                                                                            <\/div>\n                                                            <\/div>\n                                                    <div class=\"usp-row\">\n                                                                    <div class=\"usp\">\n                                        <div class=\"icon\">\n                                                                                            <i class=\"fa-solid fa-check\"><\/i>\n                                                                                    <\/div>\n                                                                                    <p>Keine Rosinenpickerei bei wertvollen Materialien<\/p>\n                                                                            <\/div>\n                                                                    <div class=\"usp\">\n                                        <div class=\"icon\">\n                                                                                            <i class=\"fa-solid fa-check\"><\/i>\n                                                                                    <\/div>\n                                                                                    <p>Vorrang f\u00fcr Hochrisiko- und Nullwertfraktionen<\/p>\n                                                                            <\/div>\n                                                            <\/div>\n                                                    <div class=\"usp-row\">\n                                                                    <div class=\"usp\">\n                                        <div class=\"icon\">\n                                                                                            <i class=\"fa-solid fa-check\"><\/i>\n                                                                                    <\/div>\n                                                                                    <p>Vollst\u00e4ndige Massenbilanz<\/p>\n                                                                            <\/div>\n                                                                    <div class=\"usp\">\n                                        <div class=\"icon\">\n                                                                                            <i class=\"fa-solid fa-check\"><\/i>\n                                                                                    <\/div>\n                                                                                    <p>R\u00fcckverfolgbarkeit von Anfang bis Ende<\/p>\n                                                                            <\/div>\n                                                            <\/div>\n                                                            <\/div>\n            \n                            <h4><strong><em>Es handelt sich nicht um eine symbolische Entsch\u00e4digung. Dies ist ein \u00fcberpr\u00fcfbares System.<\/em><\/strong><\/h4>\n                    <\/div>\n    <\/div>\n\n\n    <div  class=\"section section-usp-blocks has-no-bg has-no-pattern has-one-column\">\n        <div class=\"container\">\n                            <div class=\"content-holder\">\n                    <h2>Kein Greenwashing. Keine Kompensationen<\/h2>\n<p>Reuzado tut <strong>nicht<\/strong> zu Greenwashing. Unser verifizierter E-M\u00fcll-Beitrag basiert auf <strong>Zus\u00e4tzlichkeit<\/strong>, <strong>Transparenz<\/strong> und <strong>nachweisbare Wirkung<\/strong>.<\/p>\n<p>Unser Modell entspricht im Wesentlichen den internationalen Mindestanforderungen f\u00fcr die Kompensation von Elektroschrott, zu denen u. a. TCO Certified und das \u00d6ko-Institut beigetragen haben.<\/p>\n                <\/div>\n            \n                            <div class=\"usp-holder\">\n                                                                        <div class=\"usp\">\n                                <div class=\"icon\">\n                                                                            <i class=\"fa-regular fa-xmark\"><\/i>\n                                                                    <\/div>\n                                                                    <p>Wir beanspruchen keine \u201cAbfallneutralit\u00e4t\u201d.\u201d<\/p>\n                                                            <\/div>\n                                                    <div class=\"usp\">\n                                <div class=\"icon\">\n                                                                            <i class=\"fa-regular fa-xmark\"><\/i>\n                                                                    <\/div>\n                                                                    <p>Wir verkaufen keine Kompensationen<\/p>\n                                                            <\/div>\n                                                    <div class=\"usp\">\n                                <div class=\"icon\">\n                                                                            <i class=\"fa-regular fa-xmark\"><\/i>\n                                                                    <\/div>\n                                                                    <p>Wir setzen die Verg\u00fctung nicht als Marketinginstrument ein.<\/p>\n                                                            <\/div>\n                                                            <\/div>\n            \n                            <h4><strong><em>Wirkung vor Image. Daten \u00fcber Anspr\u00fcche.<\/em><\/strong><\/h4>\n                    <\/div>\n    <\/div>\n\n\n    <div  class=\"section section-usp-blocks has-bg-lightblue has-no-pattern has-rows\">\n        <div class=\"container\">\n                            <div class=\"content-holder\">\n                    <h2>Vollst\u00e4ndiges Kettenmanagement<\/h2>\n<p>Wo andere Links auslagern, kontrolliert Reuzado den gesamten IT-Lebenszyklus im eigenen Haus.<\/p>\n<p><strong>Dazu geh\u00f6ren:<\/strong><\/p>\n                <\/div>\n            \n                            <div class=\"usp-holder\">\n                                                                                                <div class=\"usp-row\">\n                                                                    <div class=\"usp\">\n                                        <div class=\"icon\">\n                                                                                            <i class=\"fa-classic fa-solid fa-truck\"><\/i>\n                                                                                    <\/div>\n                                                                                    <p>Logistik<\/p>\n                                                                            <\/div>\n                                                                    <div class=\"usp\">\n                                        <div class=\"icon\">\n                                                                                            <i class=\"fa-classic fa-solid fa-trash-can\"><\/i>\n                                                                                    <\/div>\n                                                                                    <p>Sichere Datenvernichtung<\/p>\n                                                                            <\/div>\n                                                            <\/div>\n                                                    <div class=\"usp-row\">\n                                                                    <div class=\"usp\">\n                                        <div class=\"icon\">\n                                                                                            <i class=\"fa-classic fa-solid fa-clipboard-list\"><\/i>\n                                                                                    <\/div>\n                                                                                    <p>Bestandsaufnahme und Berichterstattung<\/p>\n                                                                            <\/div>\n                                                                    <div class=\"usp\">\n                                        <div class=\"icon\">\n                                                                                            <i class=\"fa-classic fa-solid fa-screwdriver-wrench\"><\/i>\n                                                                                    <\/div>\n                                                                                    <p>Renovierung<\/p>\n                                                                            <\/div>\n                                                            <\/div>\n                                                    <div class=\"usp-row\">\n                                                                    <div class=\"usp\">\n                                        <div class=\"icon\">\n                                                                                            <i class=\"fa-classic fa-solid fa-arrows-rotate\"><\/i>\n                                                                                    <\/div>\n                                                                                    <p>Wiedervermarktung<\/p>\n                                                                            <\/div>\n                                                                    <div class=\"usp\">\n                                        <div class=\"icon\">\n                                                                                            <i class=\"fa-classic fa-solid fa-leaf\"><\/i>\n                                                                                    <\/div>\n                                                                                    <p>ESG-Anpassung<\/p>\n                                                                            <\/div>\n                                                            <\/div>\n                                                            <\/div>\n            \n                            <h4><strong><em>Wenn man die Kette kontrolliert, wird IT zirkul\u00e4r. Wir kontrollieren diese Kette.<\/em><\/strong><\/h4>\n                    <\/div>\n    <\/div>\n\n\n    <div  class=\"section section-content-full-image has-no-bg has-no-pattern\">\n        <div class=\"container\">\n            <div class=\"holder\">\n                                    <div class=\"content-holder\">\n                        <h2>Vollst\u00e4ndige Transparenz - von der Erfassung bis zur Berichterstattung in unserem One-for-One Dashboard.<\/h2>\n                    <\/div>\n                \n                                    <div class=\"image-holder\">\n                        <img decoding=\"async\" src=\"https:\/\/reuzado.nl\/app\/uploads\/2025\/12\/E-wate-Kenia-met-achtergrond-scaled.png\" alt=\"Reuzado Kilo-For-Kilo Elektroschrott Batch Screenshot Software\">\n                    <\/div>\n                            <\/div>\n        <\/div>\n    <\/div>\n\n\n    <div  class=\"section section-image-content-one-for-one has-img-right has-no-bg has-no-pattern\">\n        <div class=\"container\">\n            <div class=\"holder\">\n                <div class=\"content-holder\">\n                                            <h2>Auswirkungen in Kenia<\/h2>\n<p>In Kenia baut Reuzado eine sichere Verarbeitung von Elektroschrott auf. Wir schaffen Arbeitspl\u00e4tze, bilden Techniker aus und stellen \u00d6kosysteme wieder her. Jedes Kilo recycelten Materials tr\u00e4gt zur R\u00fcckgewinnung von Ressourcen und zur Vermeidung von Umweltverschmutzung bei.<\/p>\n                    \n                                            <div class=\"button-holder\">\n                            <a href=\"#leesmeer\" target=\"_self\" class=\"button\">Lesen Sie, wie es funktioniert<\/a>\n                        <\/div>\n                                    <\/div>\n\n                                    <div class=\"image-holder\">\n                        <img decoding=\"async\" src=\"https:\/\/reuzado.nl\/app\/uploads\/2025\/12\/IMG_89332.jpg\" alt=\"\">\n                    <\/div>\n                            <\/div>\n        <\/div>\n    <\/div>\n\n\n    <div  class=\"section section-image-content-one-for-one has-img-left has-no-bg has-no-pattern\">\n        <div class=\"container\">\n            <div class=\"holder\">\n                <div class=\"content-holder\">\n                                            <h2>Unser Ziel<\/h2>\n<p>Wir bei Reuzado glauben an eine Welt ohne Elektroschrott. Unser Ziel ist es, mit Unternehmen zusammenzuarbeiten, die elektronische Ger\u00e4te verwenden oder herstellen, um das schnell wachsende globale Problem des Elektroschrotts zu bek\u00e4mpfen.<\/p>\n<p>Gemeinsam sch\u00fctzen wir nicht nur die Umwelt und die Menschen vor den gef\u00e4hrlichen Umweltsch\u00e4den, die durch Elektroschrott entstehen, sondern bewahren auch wertvolle Rohstoffe, die uns den Zugang zu neuen Entwicklungen in der Zukunft sichern.<\/p>\n                    \n                                            <div class=\"button-holder\">\n                            <a href=\"#leesmeer\" target=\"_self\" class=\"button\">Lesen Sie, wie es funktioniert<\/a>\n                        <\/div>\n                                    <\/div>\n\n                                    <div class=\"image-holder\">\n                        <img decoding=\"async\" src=\"https:\/\/reuzado.nl\/app\/uploads\/2025\/12\/ac5d1981-9fa0-42ab-b99f-c57103484702.jpeg\" alt=\"\">\n                    <\/div>\n                            <\/div>\n        <\/div>\n    <\/div>\n\n\n    <div  class=\"section section-rotating-text\">\n        <div class=\"container\">\n            <div class=\"content-holder\">\n                                                        <h2 data-rotating-title class=\"rotating-text__heading\">IT ist keine                        <span data-rotating-words=\"kostenpost, afvalstroom, marketinginstrument\" class=\"rotating-text__highlight\"><\/span>\n                    <\/h2>\n                                                    <h2>IT ist VERANTWORTUNG<\/h2>\n<p>Und Verantwortung erfordert einen neuen Standard. Reuzado schafft diesen Standard. Reuzado meistert diese Kette.<\/p>\n                \n                                    <div class=\"button-holder\">\n                        <a href=\"https:\/\/reuzado.nl\/de\/kontakt\/\" target=\"_self\" class=\"button\">Beratungstermin vereinbaren<\/a>\n                    <\/div>\n                            <\/div>\n        <\/div>\n    <\/div>\n\n\n    <div  class=\"section section-quote has-bg-lightblue has-no-pattern\">\n        <div class=\"container\">\n            <div class=\"holder\">\n                                    <div class=\"content-holder\">\n                        <h2><h2>\u201cWir recyceln nicht nur Ger\u00e4te - wir stellen \u00d6kosysteme und M\u00f6glichkeiten wieder her.\u201d<\/h2>\n<p>&nbsp;<\/p>\n<\/h2>\n                    <\/div>\n                            <\/div>\n        <\/div>\n    <\/div>\n\n\n    <div  class=\"section section-cta-one-for-one has-no-bg has-no-pattern\">\n        <div class=\"container\">\n            <div class=\"holder\">\n                <div class=\"content-holder\">\n                                            <h2>Schlie\u00dfen Sie den Kreis. Machen Sie Ihre IT kreisf\u00f6rmig.<\/h2>\n<p>Ob Sie Kunde von Reuzado oder Partner in der IT-Kette sind - jedes Kilo z\u00e4hlt. Gemeinsam machen wir Technologie verantwortungsvoll, transparent und zirkul\u00e4r.<\/p>\n                    \n                                            <div class=\"button-holder\">\n                                                            <a href=\"https:\/\/reuzado.nl\/de\/kontakt\/\" target=\"_self\" class=\"button\">Beratungstermin vereinbaren<\/a>\n                                                                                <\/div>\n                                    <\/div>\n            <\/div>\n        <\/div>\n    <\/div>","protected":false},"excerpt":{"rendered":"","protected":false},"author":1,"featured_media":0,"parent":0,"menu_order":0,"comment_status":"closed","ping_status":"closed","template":"","meta":{"_acf_changed":false,"footnotes":""},"class_list":["post-2779","page","type-page","status-publish","hentry"],"acf":[],"_links":{"self":[{"href":"https:\/\/reuzado.nl\/de\/wp-json\/wp\/v2\/pages\/2779","targetHints":{"allow":["GET"]}}],"collection":[{"href":"https:\/\/reuzado.nl\/de\/wp-json\/wp\/v2\/pages"}],"about":[{"href":"https:\/\/reuzado.nl\/de\/wp-json\/wp\/v2\/types\/page"}],"author":[{"embeddable":true,"href":"https:\/\/reuzado.nl\/de\/wp-json\/wp\/v2\/users\/1"}],"replies":[{"embeddable":true,"href":"https:\/\/reuzado.nl\/de\/wp-json\/wp\/v2\/comments?post=2779"}],"version-history":[{"count":16,"href":"https:\/\/reuzado.nl\/de\/wp-json\/wp\/v2\/pages\/2779\/revisions"}],"predecessor-version":[{"id":3125,"href":"https:\/\/reuzado.nl\/de\/wp-json\/wp\/v2\/pages\/2779\/revisions\/3125"}],"wp:attachment":[{"href":"https:\/\/reuzado.nl\/de\/wp-json\/wp\/v2\/media?parent=2779"}],"curies":[{"name":"wp","href":"https:\/\/api.w.org\/{rel}","templated":true}]}}