{"id":2867,"date":"2025-12-12T12:05:51","date_gmt":"2025-12-12T12:05:51","guid":{"rendered":"https:\/\/reuzado.nl\/?page_id=2867"},"modified":"2025-12-12T12:28:46","modified_gmt":"2025-12-12T12:28:46","slug":"finns-geschichte","status":"publish","type":"page","link":"https:\/\/reuzado.nl\/de\/finns-geschichte\/","title":{"rendered":"Finns Geschichte"},"content":{"rendered":"<div  class=\"section section-pageheader-finn has-bg-lightblue has-pattern-colored\">\n        <div class=\"container\">\n            <div class=\"holder\">\n                                    <div class=\"content-holder\">\n                        <h1>Hallo, ich bin Finn<\/h1>\n<p>Ihre Online-Hilfe f\u00fcr alle Ihre Fragen zu Reuzado.<\/p>\n                    <\/div>\n                \n                                    <div class=\"image-holder\">\n                        <img decoding=\"async\" src=\"https:\/\/reuzado.nl\/app\/uploads\/2025\/11\/a366793288c614c3a0e1c41f9b943785ff650a45.png\" alt=\"\">\n                    <\/div>\n                            <\/div>\n\n        <\/div>\n    <\/div>\n\n\n        <div  class=\"section section-content two-columns has-no-bg has-no-pattern\">\n            <div class=\"container\">\n                <div class=\"content-holder\">\n                                            <div class=\"column\">\n                            <div class=\"content\">\n                                <h2>Wer ist Finn?<\/h2>\n                            <\/div>\n                        <\/div>\n                                        <div class=\"column\">\n                        <div class=\"content\">\n                            <p>Unser Kundenexperte Finn ist immer f\u00fcr Sie da. Er gibt sein umfangreiches Wissen und seine langj\u00e4hrige Erfahrung am liebsten weiter. Er ist einfallsreich und kreativ, weshalb Finn immer passende L\u00f6sungen f\u00fcr die Kunden von Reuzado anbietet. Au\u00dferdem teilt er regelm\u00e4\u00dfig wertvolle Fakten und Entwicklungen in der Branche. Auch im sozialen Bereich ist Finn engagiert. Vor allem, wenn es um junge Menschen geht. Deshalb ist er eng in die Entwicklung eines Unterrichtsprogramms f\u00fcr Grundsch\u00fcler \u00fcber Cybersicherheit und IT und Umwelt eingebunden. F\u00fcr eine bessere Zukunft f\u00fcr diese und k\u00fcnftige Generationen.<\/p>\n                                                    <\/div>\n                    <\/div>\n                <\/div>\n            <\/div>\n        <\/div>\n\n    \n\n    <div  class=\"section section-cards-finn has-bg-lightblue has-pattern-blue\">\n        <div class=\"container\">\n            <div class=\"holder\">\n                                    <div class=\"content-holder\">\n                        <h2>Seine Geschichte<\/h2>\n                    <\/div>\n                \n                                    <div class=\"cards-holder\">\n                                                    <div class=\"card\">\n                                <div class=\"inner\">\n                                                                            <div class=\"image-holder\">\n                                            <img decoding=\"async\" src=\"https:\/\/reuzado.nl\/app\/uploads\/2025\/11\/Copy-of-Voorbeeld-Tim-Max-Quality-e1634033742740-260x260-2-1.svg\" alt=\"\" \/>\n                                        <\/div>\n                                    \n                                                                            <div class=\"card-content\">\n                                            <h3>Die Ankunft eines unerwarteten Gastes<\/h3>\n<p>Nach einer langen, unbequemen Reise, versteckt unter allerlei alten Ger\u00e4ten, war der kleine Roboter in Halfweg angekommen. Eine Zeit lang lag er einsam in dem hochmodernen Lagerhaus und wusste nicht, wo er gelandet war. Bis zu dem Moment, als er von den Mitarbeitern von Reuzado entdeckt wurde, die ihn mit offenen Armen empfingen.<\/p>\n                                        <\/div>\n                                                                    <\/div>\n                            <\/div>\n                                                    <div class=\"card\">\n                                <div class=\"inner\">\n                                                                            <div class=\"image-holder\">\n                                            <img decoding=\"async\" src=\"https:\/\/reuzado.nl\/app\/uploads\/2025\/11\/Finn-1.svg\" alt=\"\" \/>\n                                        <\/div>\n                                    \n                                                                            <div class=\"card-content\">\n                                            <h3>Wie Finn zu einem wahren Freund wurde<\/h3>\n<p>Obwohl der kleine Roboter anfangs etwas gew\u00f6hnungsbed\u00fcrftig war, entwickelte er sich rasend schnell. Die Mitarbeiter von Reuzado brachten ihm alle Feinheiten des IKT-Berufs und die einzigartige Arbeitsweise des innovativen Unternehmens bei. Finn wurde sein Name, eine Abwandlung des Wortes Freund. Finn steht f\u00fcr Weisheit und Ehrlichkeit, benannt nach einem legend\u00e4ren Helden. Und Finn macht seinem Namen alle Ehre: Er ist \u00e4u\u00dferst wissbegierig, schnell und zuverl\u00e4ssig. Er hat schnell gelernt, den Kunden von Reuzado einen hervorragenden Service zu bieten. Und weil er so intelligent ist, hat er sofort verstanden, dass Transparenz f\u00fcr die Kunden sehr wichtig ist.<\/p>\n                                        <\/div>\n                                                                    <\/div>\n                            <\/div>\n                                                    <div class=\"card\">\n                                <div class=\"inner\">\n                                                                            <div class=\"image-holder\">\n                                            <img decoding=\"async\" src=\"https:\/\/reuzado.nl\/app\/uploads\/2025\/11\/finn_computer-1.svg\" alt=\"\" \/>\n                                        <\/div>\n                                    \n                                                                            <div class=\"card-content\">\n                                            <h3>Vom eifrigen Neuank\u00f6mmling zum unentbehrlichen Kollegen<\/h3>\n<p>Inzwischen ist Finn zu einem ausgereiften Roboter herangewachsen, der bei Reuzado eine wahre Wissensquelle darstellt. Er ist immer f\u00fcr alle da und ein angenehmer, offener Kollege, dessen beste Eigenschaften Lernbereitschaft und Mitdenken sind.<\/p>\n                                        <\/div>\n                                                                    <\/div>\n                            <\/div>\n                                            <\/div>\n                            <\/div>\n        <\/div>\n    <\/div>\n\n\n    <div  class=\"section section-image-content-finn has-image-right. has-no-bg has-no-pattern\">\n        <div class=\"holder\">\n                            <div class=\"content-holder\">\n                    <h2>Soziales Engagement<\/h2>\n<p>Sowohl beruflich als auch privat. Denn auch das soziale Zeitgeschehen liegt ihm am Herzen. Vor allem, wenn es um junge Menschen geht. Deshalb ist Finn ma\u00dfgeblich an der Entwicklung eines Lehrprogramms f\u00fcr Kinder zum Thema Cybermobbing und Spielsucht beteiligt. Er wei\u00df, wie viel Spa\u00df ein digitales Leben macht und wie wichtig es ist, aber auch, dass \u2018Cyberverhalten\u2019 eigentlich ein Schulfach im Rahmen der sozialen Bildung sein sollte. Genauso wie Umweltbewusstsein: Abfall und was kann man selbst f\u00fcr die Zukunft der Erde tun? Bildung kann jede Hilfe gebrauchen, und genau daran arbeitet Finn jetzt im Auftrag von Reuzado: ein unterhaltsames, interaktives und informatives Programm, das die Cybersicherheit von Kindern f\u00f6rdert und ihr Umweltbewusstsein st\u00e4rkt.<\/p>\n                <\/div>\n            \n                            <div class=\"image-holder\">\n                    <img decoding=\"async\" src=\"https:\/\/reuzado.nl\/app\/uploads\/2025\/11\/Finn_2-2.svg\" alt=\"\">\n                <\/div>\n                    <\/div>\n    <\/div>\n\n\n\n    <div  class=\"section section-cards-stacked has-bg-lightblue has-no-pattern\">\n        <div class=\"container\" data-reveal-group>\n                            <div class=\"title\">\n                    <h2>Finn ist f\u00fcr Sie da!<\/h2>\n                <\/div>\n            \n                            <div class=\"holder\" data-reveal-group-nested data-ignore=\"false\" data-distance=\"1\">\n                                            <div class=\"image-holder\">\n                            <img decoding=\"async\" src=\"https:\/\/reuzado.nl\/app\/uploads\/2025\/11\/Finn-1.svg\" alt=\"\">\n                        <\/div>\n                                        <div class=\"stackable-cards\">\n                                                    <div class=\"stackable-card\" data-index=\"0\">\n                                <div class=\"card-inner\">\n                                                                            <div class=\"icon\">\n                                            <i class=\"fa-classic fa-solid fa-comment-exclamation\"><\/i>\n                                        <\/div>\n                                    \n                                                                            <div class=\"card-content\">\n                                            <h4>Haben Sie noch Fragen? Ich beantworte sie gerne im Chat!<\/h4>\n<p>Die verschiedenen von Reuzado angebotenen Dienstleistungen k\u00f6nnen noch Fragen aufwerfen. Klarheit ist unsere Priorit\u00e4t. Deshalb hilft Finn Ihnen gerne im Chat oder per E-Mail. Haben Sie eine dringende Frage? Z\u00f6gern Sie nicht, uns unter der Telefonnummer +31 (0)23 551 98 21 zu kontaktieren.<\/p>\n                                        <\/div>\n                                                                    <\/div>\n                            <\/div>\n                                                    <div class=\"stackable-card\" data-index=\"1\">\n                                <div class=\"card-inner\">\n                                                                            <div class=\"icon\">\n                                            <i class=\"fa-classic fa-solid fa-newspaper\"><\/i>\n                                        <\/div>\n                                    \n                                                                            <div class=\"card-content\">\n                                            <h4>\u00dcber den Newsletter werde ich Sie \u00fcber die neuesten Entwicklungen auf dem Laufenden halten.<\/h4>\n<p>In unserem w\u00f6chentlichen Newsletter informiert Finn Sie \u00fcber die neuesten Fakten, Entwicklungen und Angebote. Er teilt gerne sein Wissen, um Sie auf dem Laufenden zu halten. Auch auf unseren Social-Media-Kan\u00e4len zeigt Finn die besten Fotos und Videos.<\/p>\n                                        <\/div>\n                                                                    <\/div>\n                            <\/div>\n                                                    <div class=\"stackable-card\" data-index=\"2\">\n                                <div class=\"card-inner\">\n                                                                            <div class=\"icon\">\n                                            <i class=\"fa-classic fa-solid fa-location-dot\"><\/i>\n                                        <\/div>\n                                    \n                                                                            <div class=\"card-content\">\n                                            <h4>Haben Sie einen Termin vor Ort? Ich komme gerne zu Ihnen!<\/h4>\n<p>Die Datenvernichtung ist sowohl in unserem sicheren Lager als auch in Ihren eigenen R\u00e4umlichkeiten m\u00f6glich. Der Transport von Datentr\u00e4gern kann f\u00fcr manche Branchen oder Unternehmen ein zu gro\u00dfes Risiko darstellen. In unserem Shredder-LKW stehen Finn und seine Kollegen f\u00fcr Sie bereit, direkt bei Ihnen vor Ort. Sicher und zuverl\u00e4ssig.<\/p>\n                                        <\/div>\n                                                                    <\/div>\n                            <\/div>\n                                                    <div class=\"stackable-card\" data-index=\"3\">\n                                <div class=\"card-inner\">\n                                                                            <div class=\"icon\">\n                                            <i class=\"fa-classic fa-solid fa-handshake\"><\/i>\n                                        <\/div>\n                                    \n                                                                            <div class=\"card-content\">\n                                            <h4>Ich ziehe es vor, mitzudenken. Gemeinsam finden wir die beste L\u00f6sung.<\/h4>\n<p>Wir bei Reuzado wollen unsere Kunden bestm\u00f6glich bedienen. Deshalb sind wir gerne im Gespr\u00e4ch. Wir suchen f\u00fcr jeden eine passende L\u00f6sung. Um dies zu erreichen, kommunizieren wir transparent und arbeiten flexibel.<\/p>\n                                        <\/div>\n                                                                    <\/div>\n                            <\/div>\n                                                <div class=\"space\"><\/div>\n                    <\/div>\n                <\/div>\n                    <\/div>\n    <\/div>\n\n\n    <div  class=\"section section-cta-finn has-bg-white has-no-pattern\">\n        <div class=\"container\">\n            <div class=\"holder\">\n                <div class=\"inner\">\n                    <div class=\"content-holder\">\n                                                    <h4>M\u00f6chten Sie mehr wissen? Ich bin f\u00fcr Sie da!<\/h4>\n<p>Kontaktieren Sie Finn \u00fcber die Schaltfl\u00e4che unten.<\/p>\n                        \n                                                    <div class=\"button-holder\">\n                                <a href=\"https:\/\/reuzado.nl\/de\/kontakt\/\" target=\"_self\" class=\"button\">Ansprechpartner Finn<\/a>\n                            <\/div>\n                                            <\/div>\n                <\/div>\n            <\/div>\n        <\/div>\n    <\/div>","protected":false},"excerpt":{"rendered":"","protected":false},"author":1,"featured_media":0,"parent":0,"menu_order":0,"comment_status":"closed","ping_status":"closed","template":"","meta":{"_acf_changed":false,"footnotes":""},"class_list":["post-2867","page","type-page","status-publish","hentry"],"acf":[],"_links":{"self":[{"href":"https:\/\/reuzado.nl\/de\/wp-json\/wp\/v2\/pages\/2867","targetHints":{"allow":["GET"]}}],"collection":[{"href":"https:\/\/reuzado.nl\/de\/wp-json\/wp\/v2\/pages"}],"about":[{"href":"https:\/\/reuzado.nl\/de\/wp-json\/wp\/v2\/types\/page"}],"author":[{"embeddable":true,"href":"https:\/\/reuzado.nl\/de\/wp-json\/wp\/v2\/users\/1"}],"replies":[{"embeddable":true,"href":"https:\/\/reuzado.nl\/de\/wp-json\/wp\/v2\/comments?post=2867"}],"version-history":[{"count":0,"href":"https:\/\/reuzado.nl\/de\/wp-json\/wp\/v2\/pages\/2867\/revisions"}],"wp:attachment":[{"href":"https:\/\/reuzado.nl\/de\/wp-json\/wp\/v2\/media?parent=2867"}],"curies":[{"name":"wp","href":"https:\/\/api.w.org\/{rel}","templated":true}]}}