{"id":2870,"date":"2025-12-12T12:18:47","date_gmt":"2025-12-12T12:18:47","guid":{"rendered":"https:\/\/reuzado.nl\/?page_id=2870"},"modified":"2025-12-12T12:29:57","modified_gmt":"2025-12-12T12:29:57","slug":"freunde-von-finn","status":"publish","type":"page","link":"https:\/\/reuzado.nl\/de\/freunde-von-finn\/","title":{"rendered":"Freunde von Finn"},"content":{"rendered":"<div class=\"section section-pageheader-home-finn\">\n                    <div class=\"items-holder\">\n                                    <div class=\"holder\" data-filter=\"0\">\n                                                    <div class=\"image-holder\">\n                                <img decoding=\"async\" src=\"https:\/\/reuzado.nl\/app\/uploads\/2025\/12\/Finn_2-1.svg\" alt=\"\">\n                            <\/div>\n                                                <div class=\"content-holder\">\n                            <div class=\"text\">\n                                                                    <h4>Die Geburt von Finn<\/h4>\n<h1>Ein Freund f\u00fcrs Leben!<\/h1>\n<p>Nach einer langen, unruhigen Reise, versteckt unter einem Berg veralteter Hardware, kam ein kleiner Roboter als blinder Passagier bei Reuzado in Halfweg an. Mit offenen Armen wurde das Findelkind vom Team empfangen. Und bekam nat\u00fcrlich auch gleich einen Namen: Finn. Ein Freund f\u00fcrs Leben. Finn wuchs heran und genoss es, seinen neuen Freunden bei Reuzado zu helfen. Der kleine Roboter wuchs heran, erwies sich als wissbegierig und klug und wurde zu einem Allrounder in der IKT. Zuverl\u00e4ssig, einfallsreich, kreativ und wie seine neue \u2018Familie\u2019 mit einem gro\u00dfen Herz f\u00fcr die Gesellschaft.<\/p>\n                                \n                                                            <\/div>\n                        <\/div>\n                    <\/div>\n                                    <div class=\"holder\" data-filter=\"1\">\n                                                    <div class=\"image-holder\">\n                                <img decoding=\"async\" src=\"https:\/\/reuzado.nl\/app\/uploads\/2025\/12\/Wes_logo-2.svg\" alt=\"\">\n                            <\/div>\n                                                <div class=\"content-holder\">\n                            <div class=\"text\">\n                                                                    <h4>Weises und starkes Haarlem<\/h4>\n<h1>Kinder bef\u00e4higen<\/h1>\n<p>Wise and Strong setzt bei allen Aktivit\u00e4ten auf eine Mischung aus Coaching zu Resilienz, Fehlerwinkeln und Medienkompetenz. Medienkompetenz und der Umgang mit Cybermobbing sind wichtige Komponenten, um Kinder zu st\u00e4rken. Wir nutzen bei allen Aktivit\u00e4ten die Qualit\u00e4ten<\/p>\n<p>Auf spielerische Art und Weise und mit einer positiven Herangehensweise entdecken die Kinder unter anderem, was K\u00f6rpersprache ist, wie man f\u00fcr sich selbst einsteht, welche Qualit\u00e4ten man hat, wie man mit Gef\u00fchlen umgeht, wie man sich beruhigt, wie man Gedanken umdreht, dass es stark ist, um Hilfe zu bitten und vieles mehr!<\/p>\n                                \n                                                                    <div class=\"button-holder\">\n                                        <a href=\"#\" target=\"_self\" class=\"button\">Zur Website gehen<\/a>\n                                    <\/div>\n                                                            <\/div>\n                        <\/div>\n                    <\/div>\n                                    <div class=\"holder\" data-filter=\"2\">\n                                                    <div class=\"image-holder\">\n                                <img decoding=\"async\" src=\"https:\/\/reuzado.nl\/app\/uploads\/2025\/12\/Vogelhospitaal-1.svg\" alt=\"\">\n                            <\/div>\n                                                <div class=\"content-holder\">\n                            <div class=\"text\">\n                                                                    <h4>Natur- und Umwelterziehung ist enorm wichtig.<\/h4>\n<h1>Hilfeleistung f\u00fcr Wildv\u00f6gel in Not<\/h1>\n<p>Das Bird Hospital ist Teil der Bird Disaster Fund Foundation. Das Bird Hospital wird von etwa 50 Freiwilligen unterst\u00fctzt. Natur- und Umwelterziehung ist von gro\u00dfer Bedeutung. Der Mensch entfernt sich immer mehr von der Natur und damit auch von den Tieren. Wir m\u00f6chten unseren Teil dazu beitragen, unser Wissen \u00fcber V\u00f6gel an verschiedene Zielgruppen weiterzugeben.<\/p>\n<p>F\u00fcr Schulen, Horte, Vereine oder \u00e4ltere Menschen haben wir tolle Pr\u00e4sentationen, die von unseren Freiwilligen gehalten werden k\u00f6nnen.<\/p>\n                                \n                                                                    <div class=\"button-holder\">\n                                        <a href=\"#\" target=\"_self\" class=\"button\">Zur Website gehen<\/a>\n                                    <\/div>\n                                                            <\/div>\n                        <\/div>\n                    <\/div>\n                                    <div class=\"holder\" data-filter=\"3\">\n                                                    <div class=\"image-holder\">\n                                <img decoding=\"async\" src=\"https:\/\/reuzado.nl\/app\/uploads\/2025\/12\/images-1.svg\" alt=\"\">\n                            <\/div>\n                                                <div class=\"content-holder\">\n                            <div class=\"text\">\n                                                                    <h4>Etwas f\u00fcr andere zu tun, macht einen selbst gl\u00fccklich<\/h4>\n<h1>Wirtschaft &amp; Gesellschaft Haarlem<\/h1>\n<p>Business &amp; Society bringt Menschen zusammen, die sich im Alltag vielleicht nicht kennen. Wir tun dies, indem wir soziale Projekte organisieren, bei denen sich die Teilnehmer treffen und sich gegenseitig unterst\u00fctzen. Auf diese Weise lernen wir die Welt des anderen besser kennen und verstehen.<\/p>\n<p>Unsere Projekte f\u00fcr Freiwilligenarbeit und die Verbindung von Menschen zeichnen sich durch Verbundenheit mit hoher sozialer Wirkung aus. Wir machen die Spiele.<\/p>\n                                \n                                                                    <div class=\"button-holder\">\n                                        <a href=\"#\" target=\"_self\" class=\"button\">Zur Website gehen<\/a>\n                                    <\/div>\n                                                            <\/div>\n                        <\/div>\n                    <\/div>\n                                <div class=\"filter-holder\">\n                    <div class=\"filters\">\n                                                    <div class=\"filter\" data-filter=\"0\">\n                                <a href=\"\">\n                                                                            <img decoding=\"async\" src=\"https:\/\/reuzado.nl\/app\/uploads\/2025\/11\/Copy-of-Voorbeeld-Tim-Max-Quality-e1634033742740-260x260-2.svg\" alt=\"\">\n                                                                    <\/a>\n                            <\/div>\n                                                    <div class=\"filter\" data-filter=\"1\">\n                                <a href=\"\">\n                                                                            <img decoding=\"async\" src=\"https:\/\/reuzado.nl\/app\/uploads\/2025\/11\/Wes_logo-1.png\" alt=\"\">\n                                                                    <\/a>\n                            <\/div>\n                                                    <div class=\"filter\" data-filter=\"2\">\n                                <a href=\"\">\n                                                                            <img decoding=\"async\" src=\"https:\/\/reuzado.nl\/app\/uploads\/2025\/11\/Vogel_logo-1.png\" alt=\"\">\n                                                                    <\/a>\n                            <\/div>\n                                                    <div class=\"filter\" data-filter=\"3\">\n                                <a href=\"\">\n                                                                            <img decoding=\"async\" src=\"https:\/\/reuzado.nl\/app\/uploads\/2025\/11\/Bedrijf_logo-1.png\" alt=\"\">\n                                                                    <\/a>\n                            <\/div>\n                                            <\/div>\n                <\/div>\n            <\/div>\n            <\/div>\n\n\n        <div  class=\"section section-content two-columns has-no-bg has-no-pattern\">\n            <div class=\"container\">\n                <div class=\"content-holder\">\n                                            <div class=\"column\">\n                            <div class=\"content\">\n                                <h2>Finn bei Reuzado: an der Basis der Gesellschaft<\/h2>\n                            <\/div>\n                        <\/div>\n                                        <div class=\"column\">\n                        <div class=\"content\">\n                            <p>Finn, das Gesicht von Reuzado, ist als Kundenexperte immer bereit, Fragen zu beantworten und kreative L\u00f6sungen f\u00fcr die gr\u00f6\u00dften Herausforderungen zu finden. Sein Wissen ist unvorstellbar und sein Arbeitstempo un\u00fcbertroffen. Neben seiner Arbeit sind seine gr\u00f6\u00dfte Leidenschaft die sozialen Projekte, die er entwickelt. Sein Herz geh\u00f6rt der Jugend: Cyber Education.<\/p>\n<p>Mit seinem Unterrichtsprogramm f\u00fcr Grundschulen unterrichtet er Kinder der Klassen 6-8 \u00fcber Cybersicherheit, IT und Umwelt. Themen wie Cybermobbing und Spielsucht werden auf Finns eigene, einzigartige und lustige Art und Weise behandelt, so dass der Stoff wirklich h\u00e4ngen bleibt. Mit dem Ziel, dieser und k\u00fcnftigen Generationen eine bessere und sicherere (Online-)Zukunft zu erm\u00f6glichen.<\/p>\n                                                    <\/div>\n                    <\/div>\n                <\/div>\n            <\/div>\n        <\/div>\n\n    \n\n    <div  class=\"section section-usps-finn has-bg-lightblue has-pattern-blue\">\n        <div class=\"container\">\n            <div class=\"holder\">\n                                    <div class=\"content-holder\">\n                        <h2>Lernen und Wachsen mit Finn<\/h2>\n                    <\/div>\n                \n                                    <div class=\"usp-holder\">\n                                                    <div class=\"usp\">\n                                <div class=\"inner\">\n                                                                            <div class=\"icon\">\n                                            <i class=\"fa-classic fa-solid fa-user-robot\"><\/i>\n                                        <\/div>\n                                    \n                                                                            <h4>Cybermobbing<\/h4>\n<p>Finn von Reuzado arbeitet an einem Lehrplan gegen Cybermobbing, der sich auf Sensibilisierung und positives Online-Verhalten konzentriert, mit dem Ziel, ein sicheres digitales Umfeld zu f\u00f6rdern.<\/p>\n                                                                    <\/div>\n                            <\/div>\n                                                    <div class=\"usp\">\n                                <div class=\"inner\">\n                                                                            <div class=\"icon\">\n                                            <i class=\"fa-classic fa-solid fa-gamepad\"><\/i>\n                                        <\/div>\n                                    \n                                                                            <h4>Spielsucht<\/h4>\n<p>Als Botschafter setzt sich Finn mit einem kurzen Lehrprogramm gegen die Spielsucht ein, um Kinder f\u00fcr ein gesundes Spielverhalten zu sensibilisieren. Das Ziel ist es, die Auswirkungen auf das Wohlbefinden der Kinder zu verstehen.<\/p>\n                                                                    <\/div>\n                            <\/div>\n                                                    <div class=\"usp\">\n                                <div class=\"inner\">\n                                                                            <div class=\"icon\">\n                                            <i class=\"fa-classic fa-solid fa-chalkboard\"><\/i>\n                                        <\/div>\n                                    \n                                                                            <h4>Interaktiv und informativ<\/h4>\n<p>Das Programm ist ansprechend und interaktiv, mit spielerischen Elementen, die das Lernen zum Vergn\u00fcgen machen. Ziel ist es, Wissen zug\u00e4nglich zu machen und den Teilnehmern Spa\u00df am Lernprozess zu vermitteln.<\/p>\n                                                                    <\/div>\n                            <\/div>\n                          \n                    <\/div>\n                            <\/div>\n        <\/div>\n    <\/div>\n\n\n    <div  class=\"section section-image-content-finn has-image-right. has-no-bg has-no-pattern\">\n        <div class=\"holder\">\n                            <div class=\"content-holder\">\n                    <h2>Finns Mission<\/h2>\n<p>In der Gesellschaft etwas bewirken, direkt und indirekt, indem wir auch andere Unternehmen begeistern und anregen. Konkret zum Wohlbefinden und Gl\u00fcck von Menschen, jung und alt, beitragen, die Hilfe gebrauchen k\u00f6nnen. Mit Initiativen, die direkt wirken: praktisch und verbindlich. Positiv, unbeschwert und fr\u00f6hlich.<\/p>\n<p>Engagement ist ansteckend. Finn hofft daher, andere Unternehmen dazu zu inspirieren, ebenfalls Verantwortung zu \u00fcbernehmen und die Befriedigung zu erfahren, die die soziale Verantwortung der Unternehmen in der Praxis mit sich bringt #MVO.<\/p>\n                <\/div>\n            \n                            <div class=\"image-holder\">\n                    <img decoding=\"async\" src=\"https:\/\/reuzado.nl\/app\/uploads\/2025\/11\/Finn_2-2.svg\" alt=\"\">\n                <\/div>\n                    <\/div>\n    <\/div>\n\n\n\n    <div  class=\"section section-image-content-finn has-image-left has-no-bg has-no-pattern\">\n        <div class=\"holder\">\n                            <div class=\"content-holder\">\n                    <h2>Zukunftstr\u00e4ume<\/h2>\n<p>Finn tr\u00e4umt von der finnischen Gemeinschaft. Eine Gruppe von Menschen und Unternehmen, die sich gemeinsam f\u00fcr soziale Verbesserungen einsetzen. Mit besonderem Augenmerk auf Menschen, die in ihrem Leben weniger Gl\u00fcck haben, die weniger wohlhabend sind, die weniger Chancen erhalten haben. Die finnische Gemeinschaft hilft ihnen auf praktische Weise, damit sie ihr Leben selbst in die Hand nehmen und Schritte zu mehr Freude und Gl\u00fcck im Leben unternehmen k\u00f6nnen.<\/p>\n                <\/div>\n            \n                            <div class=\"image-holder\">\n                    <img decoding=\"async\" src=\"https:\/\/reuzado.nl\/app\/uploads\/2025\/12\/Finn-1.svg\" alt=\"\">\n                <\/div>\n                    <\/div>\n    <\/div>\n\n\n\n    <div  class=\"section section-cta-finn has-bg-white has-no-pattern\">\n        <div class=\"container\">\n            <div class=\"holder\">\n                <div class=\"inner\">\n                    <div class=\"content-holder\">\n                                                    <h4>Mitglied in dieser Gemeinschaft werden?<\/h4>\n<p>Kontaktieren Sie Finn \u00fcber die Schaltfl\u00e4che unten.<\/p>\n                        \n                                                    <div class=\"button-holder\">\n                                <a href=\"https:\/\/reuzado.nl\/de\/kontakt\/\" target=\"_self\" class=\"button\">Ansprechpartner Finn<\/a>\n                            <\/div>\n                                            <\/div>\n                <\/div>\n            <\/div>\n        <\/div>\n    <\/div>","protected":false},"excerpt":{"rendered":"","protected":false},"author":1,"featured_media":0,"parent":0,"menu_order":0,"comment_status":"closed","ping_status":"closed","template":"","meta":{"_acf_changed":false,"footnotes":""},"class_list":["post-2870","page","type-page","status-publish","hentry"],"acf":[],"_links":{"self":[{"href":"https:\/\/reuzado.nl\/de\/wp-json\/wp\/v2\/pages\/2870","targetHints":{"allow":["GET"]}}],"collection":[{"href":"https:\/\/reuzado.nl\/de\/wp-json\/wp\/v2\/pages"}],"about":[{"href":"https:\/\/reuzado.nl\/de\/wp-json\/wp\/v2\/types\/page"}],"author":[{"embeddable":true,"href":"https:\/\/reuzado.nl\/de\/wp-json\/wp\/v2\/users\/1"}],"replies":[{"embeddable":true,"href":"https:\/\/reuzado.nl\/de\/wp-json\/wp\/v2\/comments?post=2870"}],"version-history":[{"count":0,"href":"https:\/\/reuzado.nl\/de\/wp-json\/wp\/v2\/pages\/2870\/revisions"}],"wp:attachment":[{"href":"https:\/\/reuzado.nl\/de\/wp-json\/wp\/v2\/media?parent=2870"}],"curies":[{"name":"wp","href":"https:\/\/api.w.org\/{rel}","templated":true}]}}