{"id":426,"date":"2025-05-01T12:27:20","date_gmt":"2025-05-01T12:27:20","guid":{"rendered":"https:\/\/reuzado.nl\/?page_id=426"},"modified":"2025-09-24T09:57:02","modified_gmt":"2025-09-24T09:57:02","slug":"uber-uns","status":"publish","type":"page","link":"https:\/\/reuzado.nl\/de\/uber-uns\/","title":{"rendered":"\u00dcber uns"},"content":{"rendered":"<div  class=\"section section-pageheader-detail  has-no-bg has-no-pattern\">\n        <div class=\"container\">\n            <div class=\"holder\">\n                                    <div class=\"background-image\">\n                        <img decoding=\"async\" src=\"https:\/\/reuzado.nl\/app\/uploads\/2025\/09\/Reuzado-hoge-resolutie-JudithCapponFotografie-9377.jpg\" alt=\"\">\n                    <\/div>\n                \n                                    <div class=\"content\">\n                        <h1>\u00dcber Reuzado ICT Services<\/h1>\n\n                                                    <div class=\"rank-math-breadcrumbs\">\n                                <nav aria-label=\"Semmelbr\u00f6sel\" class=\"rank-math-breadcrumb\"><p><span class=\"last\">Startseite<\/span><\/p><\/nav>                            <\/div>\n                                            <\/div>\n                \n                            <\/div>\n        <\/div>\n    <\/div>\n\n\n        <div  class=\"section section-content has-no-padding-bottom-d has-no-padding-bottom-m has-no-bg has-no-pattern\">\n                        <div class=\"container\">\n                <div class=\"content-holder\">\n                    <div class=\"content\">\n                        <div class=\"inner\">\n                            <h1>Das ist Reuzado:<br \/>\nunser Auftrag und unsere Vision<\/h1>\n<h3>Esperanto f\u00fcr \u2018wiederverwenden\u2019<\/h3>\n<p>Reuzado ist der Experte f\u00fcr alles, was mit ICT zu tun hat. Mit einem Team von einigen<strong> 68 Kollegen<\/strong> die immer noch w\u00e4chst, ein <strong>Lagerhaus von 5.500 m2<\/strong> und unserem eigenen Fuhrpark, zu dem auch hochinnovative Schredderfahrzeuge f\u00fcr die Datenvernichtung vor Ort geh\u00f6ren, werden wir jedem Bedarf in jeder Gr\u00f6\u00dfenordnung gerecht.<\/p>\n<p>Im Jahr 2004 wurde das niederl\u00e4ndische Unternehmen Reuzado B.V. gegr\u00fcndet, um gebrauchte IKT-G\u00fcter zu kaufen und zu verkaufen. Seitdem haben wir uns zu einem Unternehmen entwickelt, das sich sowohl auf IKT-Dienstleistungen (einschlie\u00dflich Lifecycle Management und Device as a Service) als auch auf die Optimierung der Kreislaufwirtschaft im Bereich der Hardware konzentriert. Als eigenst\u00e4ndiges Unternehmen arbeiten wir flexibel, kreativ, innovativ und transparent und werden nicht durch hierarchische Strukturen oder Prozesse behindert. Das erm\u00f6glicht uns, schnell zu wechseln und damit kundenorientierter und nachhaltiger zu arbeiten und CSR st\u00e4rker in den Fokus zu r\u00fccken. Einzigartig in der Branche.<\/p>\n                                                                                                <div class=\"button-holder\">\n                                                                                                                            <a href=\"https:\/\/reuzado.nl\/de\/kontakt\/\"\n                                                target=\"_self\"\n                                                class=\"button\">Kontakt aufnehmen<\/a>\n                                                                                                                    <\/div>\n                                                                                    <\/div>\n                    <\/div>\n                <\/div>\n            <\/div>\n        <\/div>\n\n    \n\n    <div\n                class=\"section section-card-slider has-no-bg has-no-pattern is-grid\">\n        <div class=\"holder\">\n                            <div class=\"background-image\">\n                    <img decoding=\"async\" src=\"https:\/\/reuzado.nl\/app\/uploads\/2025\/09\/Reuzado-hoge-resolutie-JudithCapponFotografie-9308.jpg\" alt=\"\">\n                <\/div>\n            \n                            <div class=\"text-holder\">\n                    <h2>F\u00fcnf Gr\u00fcnde, sich f\u00fcr Reuzado zu entscheiden:<\/h2>\n                <\/div>\n            \n                            <div class=\"card-holder\">\n                    <div class=\"card-grid\">\n                                                    <div class=\"card usp\">\n                                                                    <div class=\"icon\">\n                                        <div class=\"icon-wrapper\">\n                                            <i class=\"fa-classic fa-regular fa-handshake\"><\/i>\n                                        <\/div>\n                                    <\/div>\n                                                                                                    <div class=\"inner\">\n                                        <h4>Angebot an Dienstleistungen<\/h4>\n<p>Reuzado bietet eine breite Palette von IKT-Dienstleistungen an, darunter den Aufkauf, die Aufbereitung und das Recycling von Hardware und vor allem die sichere Vernichtung von vertraulichen Daten (Daten!). Viele verschiedene Unternehmen und Organisationen sind Ihnen vorausgegangen, darunter Gemeinden, Banken, Schulen, Anwaltskanzleien, Wirtschaftspr\u00fcfer, Krankenh\u00e4user und Unternehmen aus dem IT-Sektor und den Unternehmensdienstleistungen.<\/p>\n                                    <\/div>\n                                                            <\/div>\n                                                    <div class=\"card usp\">\n                                                                    <div class=\"icon\">\n                                        <div class=\"icon-wrapper\">\n                                            <i class=\"fa-classic fa-solid fa-users\"><\/i>\n                                        <\/div>\n                                    <\/div>\n                                                                                                    <div class=\"inner\">\n                                        <h4>Qualit\u00e4t und Effizienz<\/h4>\n<p>Dank fortschrittlicher Technologien und Verfahren erzielen wir die besten Ergebnisse und garantieren eine 100% datensichere Verarbeitung Ihrer Ger\u00e4te. Durch die Zusammenarbeit mit verschiedenen Partnern und Experten arbeiten wir kontinuierlich an der Innovation und Verbesserung unserer Dienstleistungen.<\/p>\n                                    <\/div>\n                                                            <\/div>\n                                                    <div class=\"card usp\">\n                                                                    <div class=\"icon\">\n                                        <div class=\"icon-wrapper\">\n                                            <i class=\"fa-classic fa-regular fa-file\"><\/i>\n                                        <\/div>\n                                    <\/div>\n                                                                                                    <div class=\"inner\">\n                                        <h4>Kosteneinsparungen<\/h4>\n<p>Durch die Inanspruchnahme unserer Dienstleistungen sparen viele Unternehmen und Organisationen bereits Kosten f\u00fcr Personal, Verarbeitung und Recycling von Elektronikschrott sowie f\u00fcr die Anschaffung neuer Ger\u00e4te. Auch das zweite Leben von Altger\u00e4ten kann zur Senkung der Gesamtkosten beitragen.<\/p>\n                                    <\/div>\n                                                            <\/div>\n                                                    <div class=\"card usp\">\n                                                                    <div class=\"icon\">\n                                        <div class=\"icon-wrapper\">\n                                            <i class=\"fa-classic fa-solid fa-seedling\"><\/i>\n                                        <\/div>\n                                    <\/div>\n                                                                                                    <div class=\"inner\">\n                                        <h4>Umweltbewusstsein<\/h4>\n<p>Reuzado konzentriert sich auf Nachhaltigkeit und die Verringerung der Menge an Elektroschrott, der auf Deponien oder in Verbrennungsanlagen landet. Stattdessen wird er auf verantwortungsvolle und sichere Weise verarbeitet, wobei auf die Umwelt und die Gesundheit von Mensch und Tier geachtet wird.<\/p>\n                                    <\/div>\n                                                            <\/div>\n                                                    <div class=\"card usp\">\n                                                                    <div class=\"icon\">\n                                        <div class=\"icon-wrapper\">\n                                            <i class=\"fa-classic fa-solid fa-truck-arrow-right\"><\/i>\n                                        <\/div>\n                                    <\/div>\n                                                                                                    <div class=\"inner\">\n                                        <h4>Soziale Verantwortung<\/h4>\n<p>Die Wahl der Dienstleistungen von Reuzado tr\u00e4gt zu den CSR- und Nachhaltigkeitszielen von Unternehmen und Organisationen bei. Die Reduzierung von IT-Abfall und die Wiederverwendung wertvoller Materialien tragen zu einer besseren Zukunft f\u00fcr die Umwelt und die Gesellschaft insgesamt bei.<\/p>\n                                    <\/div>\n                                                            <\/div>\n                                            <\/div>\n\n                <\/div>\n                    <\/div>\n\n\n    <\/div>\n\n\n    <div  class=\"section section-images-slider has-no-padding-bottom-d has-no-padding-bottom-m has-no-bg has-no-pattern\">\n        \n                    <div class=\"slider-container\">\n                <div class=\"slider-track\">\n                                            <div class=\"slide\">\n                            <img decoding=\"async\" src=\"https:\/\/reuzado.nl\/app\/uploads\/2025\/09\/Reuzado-hoge-resolutie-JudithCapponFotografie-9291.jpg\" alt=\"\">\n                        <\/div>\n                                            <div class=\"slide\">\n                            <img decoding=\"async\" src=\"https:\/\/reuzado.nl\/app\/uploads\/2025\/09\/Mascotte-2.jpg\" alt=\"\">\n                        <\/div>\n                                            <div class=\"slide\">\n                            <img decoding=\"async\" src=\"https:\/\/reuzado.nl\/app\/uploads\/2025\/09\/Reuzado-lage-resolutie-JudithCapponFotografie-7696.jpg\" alt=\"Circu-IT\">\n                        <\/div>\n                                            <div class=\"slide\">\n                            <img decoding=\"async\" src=\"https:\/\/reuzado.nl\/app\/uploads\/2025\/09\/Reuzado-hoge-resolutie-JudithCapponFotografie-7912.jpg\" alt=\"\">\n                        <\/div>\n                                            <div class=\"slide\">\n                            <img decoding=\"async\" src=\"https:\/\/reuzado.nl\/app\/uploads\/2025\/09\/Reuzado-lage-resolutie-JudithCapponFotografie-7669.jpg\" alt=\"\">\n                        <\/div>\n                                            <div class=\"slide\">\n                            <img decoding=\"async\" src=\"https:\/\/reuzado.nl\/app\/uploads\/2025\/09\/Reuzado-hoge-resolutie-JudithCapponFotografie-7850.jpg\" alt=\"\">\n                        <\/div>\n                                            <div class=\"slide\">\n                            <img decoding=\"async\" src=\"https:\/\/reuzado.nl\/app\/uploads\/2025\/09\/Reuzado-hoge-resolutie-JudithCapponFotografie-9401.jpg\" alt=\"\">\n                        <\/div>\n                                            <div class=\"slide\">\n                            <img decoding=\"async\" src=\"https:\/\/reuzado.nl\/app\/uploads\/2025\/09\/Certificaten.jpg\" alt=\"\">\n                        <\/div>\n                                    <\/div>\n            <\/div>\n            <\/div>\n\n\n        <div  class=\"section section-content text-columns has-indentation has-bg-lightblue has-pattern-colored\">\n            <div class=\"container\">\n                <div class=\"content-holder\">\n                                        <div class=\"column-holder\">\n                        <div class=\"column\">\n                            <div class=\"content\">\n                                <h3>Unser Auftrag<\/h3>\n<p>Reuzado hat es sich zur Aufgabe gemacht, zu einer nachhaltigeren Welt beizutragen, indem wir Hardware auf verantwortungsvolle und sichere Weise aufkaufen, verarbeiten (Datenvernichtung), wiederverwenden und gegebenenfalls recyceln. Wir streben eine Kreislaufwirtschaft an, in der gebrauchte IT-Ger\u00e4te ein zweites Leben erhalten (Wiederverwendung) und nur dann, wenn dies technisch wirklich nicht m\u00f6glich ist, die wertvollen Materialien zur\u00fcckgewonnen und in der Wirtschaft wiederverwendet werden (Recycling).<\/p>\n<p>All dies kann nur dank unserer Spezialisierung auf den wichtigsten ersten Schritt erreicht werden: die Datenvernichtung. Wir arbeiten nach festgelegten Verfahren, halten uns an Gesetze und Vorschriften und wenden auch unsere eigenen, noch strengeren Sicherheitsma\u00dfnahmen an. Au\u00dferdem setzen wir uns f\u00fcr den Schutz der Umwelt und der Gesundheit von Mensch und Tier ein, indem wir die Verbrennung oder Deponierung von IT-Abf\u00e4llen reduzieren. Wir konzentrieren uns auf die Erhaltung der nat\u00fcrlichen Ressourcen, indem wir Materialien wiederverwenden und so die Gewinnung neuer Rohstoffe reduzieren.<\/p>\n                                                            <\/div>\n                        <\/div>\n                        <div class=\"column\">\n                            <div class=\"content\">\n                                <p>Neben unserer nachhaltigen Mission ist unser Team auch weiterhin bestrebt, ein H\u00f6chstma\u00df an Service im Bereich der IKT-Dienstleistungen zu bieten. Sowohl f\u00fcr die laufenden IKT-Dienstleistungen mit dem einzigartigen CMDB-Tool D-atz: Services from A to Z als auch f\u00fcr die Endphase der Hardware innerhalb einer Organisation mit dem Kundenportal Circu-IT - ebenfalls exklusiv f\u00fcr Reuzado entwickelt. Mit diesen un\u00fcbertroffenen, \u00e4u\u00dferst benutzerfreundlichen und innovativen Software-Tools (die speziell f\u00fcr uns entwickelt wurden) bieten wir unseren Kunden Transparenz, Zuverl\u00e4ssigkeit, Autonomie und Effizienz. So geht keine kostbare Zeit verloren und die Mitarbeiter k\u00f6nnen sich auf das konzentrieren, was sie am besten k\u00f6nnen! Die j\u00fcngste Innovation in unserem Dienstleistungsangebot hat mit der CSRD zu tun, die in den kommenden Jahren f\u00fcr immer mehr Organisationen relevant sein wird. Es handelt sich dabei um ein Tool zur Darstellung der CO2-Belastung von IT-Assets, von der Anschaffung bis zur Verabschiedung (Itad). Der aus diesem Tool resultierende CO2-Bericht kann vom CSO direkt in den vollst\u00e4ndigen CSRD-Bericht verarbeitet werden, effizient und einfach.<\/p>\n                                                            <\/div>\n                        <\/div>\n                    <\/div>\n                <\/div>\n            <\/div>\n        <\/div>\n    \n\n        <div  class=\"section section-content two-columns has-no-bg has-no-pattern\">\n            <div class=\"container\">\n                <div class=\"content-holder\">\n                                            <div class=\"column\">\n                            <div class=\"content\">\n                                <h2>Unsere Vision<\/h2>\n<p>Die Wiederverwendung von Ressourcen ist ein wichtiger Bestandteil des \u00dcbergangs zu einer Kreislaufwirtschaft. Reuzado spielt bei diesem \u00dcbergang eine f\u00fchrende Rolle, indem es das Bewusstsein f\u00fcr die Vorteile sch\u00e4rft und die effizienteste technologische und logistische Infrastruktur f\u00fcr den ordnungsgem\u00e4\u00dfen und sicheren Umgang mit gebrauchter Hardware und Daten bereitstellt.<\/p>\n<p>Reuzado entwickelt sich st\u00e4ndig weiter und investiert in die neuesten Technologien und Verfahren, um die Qualit\u00e4t und Effizienz unserer Dienstleistungen zu verbessern. So bleiben wir f\u00fchrend in der Datenvernichtung und im IT-Abfallmanagement.<\/p>\n                            <\/div>\n                        <\/div>\n                                        <div class=\"column\">\n                        <div class=\"content\">\n                            <h2>Unsere Werte<\/h2>\n<p>Bei Reuzado stehen Transparenz, Zusammenarbeit und Technologie im Mittelpunkt. Wir arbeiten nur mit Partnern zusammen, die unseren Verhaltenskodex und unsere Grundwerte teilen und bewusst in lokale Kapazit\u00e4ten investieren. Die Wiederverwendung wird immer dem Recycling oder der Zerst\u00f6rung vorgezogen. So bauen wir jeden Tag eine zirkul\u00e4re IT-Kette auf, die verantwortungsvoll und zukunftsorientiert ist.<\/p>\n                                                            <div class=\"button-holder\">\n                                                                            <a href=\"https:\/\/reuzado.nl\/de\/unsere-werte\/\"\n                                            target=\"_self\"\n                                            class=\"button\">Mehr \u00fcber unsere Werte<\/a>\n                                                                                                        <\/div>\n                                                    <\/div>\n                    <\/div>\n                <\/div>\n            <\/div>\n        <\/div>\n\n    \n\n        <div  class=\"section section-block-cards has-bg-lightblue has-pattern-blue\">\n            \n            <div class=\"container\">\n                <div class=\"holder\">\n                    <div class=\"content-holder\">\n                        <h2>Warum Reuzado w\u00e4hlen?<\/h2>\n<p>Wir m\u00f6chten Ihnen die 5 wichtigsten Gr\u00fcnde nennen, warum Sie sich f\u00fcr die IKT-Dienstleistungen von Reuzado entscheiden sollten.<\/p>\n\n                                                    <div class=\"button-holder\">\n                                <a href=\"https:\/\/reuzado.nl\/de\/kontakt\/\" target=\"_self\" class=\"button\">\n                                    Kontakt aufnehmen                                <\/a>\n                            <\/div>\n                                            <\/div>\n\n                    <div class=\"block-holder\">\n                                                    <div class=\"blocks\">\n                                                                                                            <div class=\"column\">\n                                                                                            <div class=\"block\">\n                                                    <div class=\"inner\">\n                                                        <h3>Umweltbewusstsein<\/h3>\n<p>Aktiver Beitrag zur Reduzierung von Elektroschrott durch Wiederverwendung und Recycling.<\/p>\n                                                                                                            <\/div>\n                                                <\/div>\n                                                                                            <div class=\"block\">\n                                                    <div class=\"inner\">\n                                                        <h3>\u00a0Angebot an Dienstleistungen<\/h3>\n<p>Vom Aufkauf und der L\u00f6schung bis zur Aufarbeitung und Berichterstattung.<\/p>\n                                                                                                            <\/div>\n                                                <\/div>\n                                                                                    <\/div>\n                                                                                                                                                <div class=\"column\">\n                                                                                            <div class=\"block\">\n                                                    <div class=\"inner\">\n                                                        <h3>Qualit\u00e4t und Effizienz<\/h3>\n<p>Fortschrittliche Tools und Prozesse, wie unser einzigartiges CMDB-Tool D-atz und das Kundenportal Circu-IT.<\/p>\n                                                                                                            <\/div>\n                                                <\/div>\n                                                                                            <div class=\"block\">\n                                                    <div class=\"inner\">\n                                                        <h3>Kosteneinsparungen<\/h3>\n<p>Niedrigere Beschaffungskosten, weniger Abfall, effizientere Prozesse.<\/p>\n                                                                                                            <\/div>\n                                                <\/div>\n                                                                                            <div class=\"block\">\n                                                    <div class=\"inner\">\n                                                        <h3>Soziale Verantwortung<\/h3>\n<p>Reuzado erf\u00fcllt PSO 30+ und hilft Ihrer Organisation, ihre CSR-Ziele zu erreichen.<\/p>\n                                                                                                            <\/div>\n                                                <\/div>\n                                                                                    <\/div>\n                                                                                                <\/div>\n                                            <\/div>\n                <\/div>\n            <\/div>\n        <\/div>\n    \n\n    <div  class=\"section section-cta has-small-image has-no-padding-bottom-d has-no-padding-bottom-m has-no-bg has-no-pattern\">\n        \n        <div class=\"holder\">\n            <div class=\"container\">\n                <div class=\"cta-holder\">\n                                            <div class=\"image-holder\">\n                            <img decoding=\"async\" src=\"https:\/\/reuzado.nl\/app\/uploads\/2025\/06\/LI-retouched.jpg\" alt=\"\">\n                        <\/div>\n                                        <div class=\"content-holder\">\n                        <div class=\"inner\">\n                            <h4>Arbeiten mit Reuzado<\/h4>\n<p>Ob es um die sichere Vernichtung von Daten, die Wiederverwendung von Hardware oder die Implementierung neuer IKT-L\u00f6sungen geht, Reuzado ist f\u00fcr Sie da. Kontaktieren Sie uns und finden Sie heraus, wie wir gemeinsam eine nachhaltigere und effizientere IKT-Umgebung schaffen k\u00f6nnen.<\/p>\n                                                            <div class=\"button-holder\">\n                                    \n                                                                            <a href=\"https:\/\/reuzado.nl\/de\/kontakt\/\"\n                                           target=\"_self\"\n                                           class=\"button alt\">Kontakt aufnehmen<\/a>\n                                                                    <\/div>\n                                                    <\/div>\n                    <\/div>\n                <\/div>\n            <\/div>\n        <\/div>\n\n                    <div class=\"background-image\">\n                <img decoding=\"async\" src=\"https:\/\/reuzado.nl\/app\/uploads\/2025\/09\/Reuzado-hoge-resolutie-JudithCapponFotografie-9468.jpg\" alt=\"\">\n            <\/div>\n            <\/div>","protected":false},"excerpt":{"rendered":"","protected":false},"author":1,"featured_media":0,"parent":0,"menu_order":0,"comment_status":"closed","ping_status":"closed","template":"","meta":{"_acf_changed":false,"footnotes":""},"class_list":["post-426","page","type-page","status-publish","hentry"],"acf":[],"_links":{"self":[{"href":"https:\/\/reuzado.nl\/de\/wp-json\/wp\/v2\/pages\/426","targetHints":{"allow":["GET"]}}],"collection":[{"href":"https:\/\/reuzado.nl\/de\/wp-json\/wp\/v2\/pages"}],"about":[{"href":"https:\/\/reuzado.nl\/de\/wp-json\/wp\/v2\/types\/page"}],"author":[{"embeddable":true,"href":"https:\/\/reuzado.nl\/de\/wp-json\/wp\/v2\/users\/1"}],"replies":[{"embeddable":true,"href":"https:\/\/reuzado.nl\/de\/wp-json\/wp\/v2\/comments?post=426"}],"version-history":[{"count":0,"href":"https:\/\/reuzado.nl\/de\/wp-json\/wp\/v2\/pages\/426\/revisions"}],"wp:attachment":[{"href":"https:\/\/reuzado.nl\/de\/wp-json\/wp\/v2\/media?parent=426"}],"curies":[{"name":"wp","href":"https:\/\/api.w.org\/{rel}","templated":true}]}}