{"id":437,"date":"2025-05-01T12:31:55","date_gmt":"2025-05-01T12:31:55","guid":{"rendered":"https:\/\/reuzado.nl\/?page_id=437"},"modified":"2026-02-17T15:22:43","modified_gmt":"2026-02-17T15:22:43","slug":"ict-miete","status":"publish","type":"page","link":"https:\/\/reuzado.nl\/de\/losungsdienstleistungen\/ict-miete\/","title":{"rendered":"ICT-Miete"},"content":{"rendered":"<div  class=\"section section-pageheader-detail  has-no-bg has-no-pattern\">\n        <div class=\"container\">\n            <div class=\"holder\">\n                                    <div class=\"background-image\">\n                        <img decoding=\"async\" src=\"https:\/\/reuzado.nl\/app\/uploads\/2025\/09\/Reuzado-hoge-resolutie-JudithCapponFotografie-7876.jpg\" alt=\"Lebenszyklus-Management-Dienstleistungen\">\n                    <\/div>\n                \n                                    <div class=\"content\">\n                        <h1>ICT-Miete<\/h1>\n\n                                                    <div class=\"rank-math-breadcrumbs\">\n                                <nav aria-label=\"Semmelbr\u00f6sel\" class=\"rank-math-breadcrumb\"><p><span class=\"last\">Startseite<\/span><\/p><\/nav>                            <\/div>\n                                            <\/div>\n                \n                            <\/div>\n        <\/div>\n    <\/div>\n\n\n        <div  class=\"section section-content two-columns has-no-bg has-no-pattern\">\n            <div class=\"container\">\n                <div class=\"content-holder\">\n                                            <div class=\"column\">\n                            <div class=\"content\">\n                                <h2>Flexible und nachhaltige ma\u00dfgeschneiderte IKT-L\u00f6sungen<\/h2>\n                            <\/div>\n                        <\/div>\n                                        <div class=\"column\">\n                        <div class=\"content\">\n                            <p>Ben\u00f6tigt Ihr Unternehmen vor\u00fcbergehend zus\u00e4tzliche IT-Ausr\u00fcstung? Oder sind Sie auf der Suche nach einer flexiblen L\u00f6sung f\u00fcr Ihren wechselnden Hardwarebedarf? Reuzado bietet ein umfangreiches Angebot an IT-Ausr\u00fcstung zur Miete, von Laptops und Desktops bis hin zu Servern und Druckern. Mit unseren flexiblen Dienstleistungen und unserem Fokus auf Nachhaltigkeit bieten wir Ihnen eine L\u00f6sung, die perfekt auf Ihre Bed\u00fcrfnisse zugeschnitten ist.<\/p>\n                                                            <div class=\"button-holder\">\n                                                                            <a href=\"https:\/\/reuzado.nl\/de\/ein-angebot-anfordern\/\"\n                                            target=\"_self\"\n                                            class=\"button\">Angebot anfordern<\/a>\n                                                                                                                <a href=\"https:\/\/reuzado.nl\/de\/kontakt\/\"\n                                            target=\"_self\"\n                                            class=\"button alt\">Kontakt aufnehmen<\/a>\n                                                                    <\/div>\n                                                    <\/div>\n                    <\/div>\n                <\/div>\n            <\/div>\n        <\/div>\n\n    \n\n    <div  class=\"section section-intro-text-image has-no-padding-top-d has-no-padding-top-m has-no-bg has-no-pattern\">\n        <div class=\"wrapper\">\n            <div class=\"column-wrapper\">\n                <div class=\"column-holder\">\n                    <div class=\"column\">\n                        <div class=\"image-holder is-blue\">\n                        <\/div>\n                    <\/div>\n                    <div class=\"column\">\n                        <div class=\"image-holder is-lightblue\">\n                        <\/div>\n                        <div class=\"image-holder is-blue\">\n                        <\/div>\n                    <\/div>\n                    <div class=\"column\">\n                                                    <div class=\"image-holder\">\n                                <img decoding=\"async\" src=\"https:\/\/reuzado.nl\/app\/uploads\/2025\/09\/Twee-collega_s-.jpg\" alt=\"\">\n                            <\/div>\n                                                <div class=\"image-holder is-blue\">\n                        <\/div>\n                    <\/div>\n                <\/div>\n            <\/div>\n            <div class=\"container\">\n                <div class=\"title\">\n                                            <h2>Unser Angebot: IT-Miete, die mit Ihrem Unternehmen mitw\u00e4chst<\/h2>\n                    \n                                    <\/div>\n                <div class=\"mobile-image\">\n                    <div class=\"column-holder\">\n                        <div class=\"column\">\n                            <div class=\"image-holder is-blue\">\n                            <\/div>\n                        <\/div>\n                        <div class=\"column\">\n                            <div class=\"image-holder is-lightblue\">\n                            <\/div>\n                            <div class=\"image-holder is-blue\">\n                            <\/div>\n                        <\/div>\n                        <div class=\"column\">\n                                                            <div class=\"image-holder\">\n                                    <img decoding=\"async\" src=\"https:\/\/reuzado.nl\/app\/uploads\/2025\/09\/Twee-collega_s-.jpg\" alt=\"\">\n                                <\/div>\n                                                        <div class=\"image-holder is-blue\">\n                            <\/div>\n                        <\/div>\n                    <\/div>\n                <\/div>\n                <div class=\"text\">\n                    <div class=\"inner\">\n                                                    <p>Ob Sie einen einzelnen Laptop f\u00fcr einen Aushilfsmitarbeiter ben\u00f6tigen oder ein ganzes Netzwerk von Arbeitspl\u00e4tzen f\u00fcr eine Veranstaltung einrichten wollen, bei Reuzado sind Sie an der richtigen Adresse. Wir vermieten eine breite Palette von IT-Ger\u00e4ten, darunter Laptops, Desktops, Server und Drucker, die wir aus unserem eigenen Bestand bereitstellen. So k\u00f6nnen Sie schnell handeln, ohne gro\u00dfe Investitionen t\u00e4tigen zu m\u00fcssen.<\/p>\n<p>Bei uns mieten Sie genau das, was Sie brauchen, und zwar so lange, wie Sie es brauchen. Es gibt keine Mindestabnahme und keine feste Laufzeit: Flexibilit\u00e4t steht an erster Stelle. Ob f\u00fcr ein paar Tage, ein paar Monate oder sogar ein Jahr - wir stimmen die Miete ganz auf Ihre Situation ab. Damit ist unsere IT-Miete ideal f\u00fcr zeitlich begrenzte Projekte, saisonale Spitzen oder als \u00dcberbr\u00fcckung bei Lieferproblemen von Neuger\u00e4ten.<\/p>\n                                                                    <\/div>\n                <\/div>\n            <\/div>\n        <\/div>\n    <\/div>\n\n\n        <div  class=\"section section-block-cards has-bg-lightblue has-no-pattern\">\n            \n            <div class=\"container\">\n                <div class=\"holder\">\n                    <div class=\"content-holder\">\n                        <p><strong>ICT-Miete<\/strong><\/p>\n<h2>Unser Service: schnell, sicher und v\u00f6llig unbelastet<\/h2>\n<p>Bei Reuzado geht es bei der IT-Vermietung um mehr als nur die Bereitstellung von Ger\u00e4ten. Wir sorgen f\u00fcr eine schnelle Lieferung, oft innerhalb von 24 Stunden, und bieten Unterst\u00fctzung vor Ort beim Auf- und Abbau von Arbeitspl\u00e4tzen. Anschlie\u00dfend sorgen wir f\u00fcr eine zertifizierte Datenvernichtung, damit Ihre Daten immer sicher sind. Sie k\u00f6nnen sich auf individuelle Anpassung, klare Vereinbarungen und ein Team verlassen, das mit Ihnen mitdenkt - vom ersten Kontakt bis zu dem Moment, an dem alles wieder ordentlich eingesammelt ist.<\/p>\n\n                                                    <div class=\"button-holder\">\n                                <a href=\"https:\/\/reuzado.nl\/de\/kontakt\/\" target=\"_self\" class=\"button\">\n                                    Kontakt aufnehmen                                <\/a>\n                            <\/div>\n                                            <\/div>\n\n                    <div class=\"block-holder\">\n                                                    <div class=\"blocks has-four\">\n                                                                                                            <div class=\"column\">\n                                                                                            <div class=\"block\">\n                                                    <div class=\"inner\">\n                                                        <h3>Schnelle Lieferung<\/h3>\n<p>24-Stunden-Lieferung vor Ort innerhalb der Niederlande.<\/p>\n                                                                                                            <\/div>\n                                                <\/div>\n                                                                                            <div class=\"block\">\n                                                    <div class=\"inner\">\n                                                        <h3>Unterst\u00fctzung vor Ort<\/h3>\n<p>Hilfe beim Auf- und Abbau von Arbeitspl\u00e4tzen.<\/p>\n                                                                                                            <\/div>\n                                                <\/div>\n                                                                                    <\/div>\n                                                                                                                                                <div class=\"column\">\n                                                                                            <div class=\"block\">\n                                                    <div class=\"inner\">\n                                                        <h3>Sicherheit der Daten<\/h3>\n<p>Zertifizierte Datenvernichtung mit Blancco f\u00fcr R\u00fccksendungen.<\/p>\n                                                                                                            <\/div>\n                                                <\/div>\n                                                                                            <div class=\"block\">\n                                                    <div class=\"inner\">\n                                                        <h3>Kundenspezifische L\u00f6sungen<\/h3>\n<p>Wir denken gemeinsam mit Ihnen \u00fcber den besten Ansatz f\u00fcr Ihre Organisation nach.<\/p>\n                                                                                                            <\/div>\n                                                <\/div>\n                                                                                    <\/div>\n                                                                                                <\/div>\n                                            <\/div>\n                <\/div>\n            <\/div>\n        <\/div>\n    \n\n    <div         class=\"section section-image-content has-no-padding-top-d has-no-bg has-no-pattern has-image-left\">\n        <div class=\"holder\">\n                            <div class=\"image-holder\">\n                                            <div class=\"column\">\n                            <div class=\"image-wrapper\">\n                                <img decoding=\"async\" src=\"https:\/\/reuzado.nl\/app\/uploads\/2025\/09\/Reuzado-hoge-resolutie-JudithCapponFotografie-7858.jpg\" alt=\"\">\n                            <\/div>\n                        <\/div>\n                                        <div class=\"column\">\n                                                    <div class=\"image-wrapper\">\n                                <img decoding=\"async\" src=\"https:\/\/reuzado.nl\/app\/uploads\/2025\/09\/Reuzado-hoge-resolutie-JudithCapponFotografie-7754.jpg\" alt=\"\">\n                            <\/div>\n                                                                            <div class=\"image-wrapper\">\n                                <img decoding=\"async\" src=\"https:\/\/reuzado.nl\/app\/uploads\/2025\/09\/Reuzado-hoge-resolutie-JudithCapponFotografie-9124.jpg\" alt=\"\">\n                            <\/div>\n                                            <\/div>\n                                            <div class=\"column\">\n                            <div class=\"image-wrapper\">\n                                <img decoding=\"async\" src=\"https:\/\/reuzado.nl\/app\/uploads\/2025\/09\/Reuzado-hoge-resolutie-JudithCapponFotografie-7865.jpg\" alt=\"\">\n                            <\/div>\n                        <\/div>\n                                    <\/div>\n                <div class=\"image-holder-mobile\">\n\n                                            <div class=\"column\">\n                            <div class=\"image-wrapper\">\n                                <img decoding=\"async\" src=\"https:\/\/reuzado.nl\/app\/uploads\/2025\/09\/Reuzado-hoge-resolutie-JudithCapponFotografie-7858.jpg\" alt=\"\">\n                            <\/div>\n                        <\/div>\n                                        <div class=\"column\">\n                                                    <div class=\"image-wrapper\">\n                                <img decoding=\"async\" src=\"https:\/\/reuzado.nl\/app\/uploads\/2025\/09\/Reuzado-hoge-resolutie-JudithCapponFotografie-7754.jpg\" alt=\"\">\n                            <\/div>\n                                                                            <div class=\"image-wrapper\">\n                                <img decoding=\"async\" src=\"https:\/\/reuzado.nl\/app\/uploads\/2025\/09\/Reuzado-hoge-resolutie-JudithCapponFotografie-9124.jpg\" alt=\"\">\n                            <\/div>\n                                            <\/div>\n                                            <div class=\"column\">\n                            <div class=\"image-wrapper\">\n                                <img decoding=\"async\" src=\"https:\/\/reuzado.nl\/app\/uploads\/2025\/09\/Reuzado-hoge-resolutie-JudithCapponFotografie-7865.jpg\" alt=\"\">\n                            <\/div>\n                            <div class=\"image-wrapper is-blue\">\n                            <\/div>\n                        <\/div>\n                                    <\/div>\n                        <div class=\"content-holder\">\n                <div class=\"inner\">\n                                            <p><strong>ICT-Miete<\/strong><\/p>\n<h2>Warum Reuzado w\u00e4hlen?<\/h2>\n<ul>\n<li><strong>Nachhaltigkeit<\/strong>Unser Mietservice tr\u00e4gt durch die Wiederverwendung von IT-Ger\u00e4ten zu einer Kreislaufwirtschaft bei.<\/li>\n<li><strong>Kundenorientierung<\/strong>Wir bieten L\u00f6sungen, die auf Ihre spezifischen Bed\u00fcrfnisse zugeschnitten sind.<\/li>\n<li><strong>Verl\u00e4sslichkeit<\/strong>: Mit unserer langj\u00e4hrigen Erfahrung im ICT-Sektor sind wir ein zuverl\u00e4ssiger Partner f\u00fcr Ihren IT-Bedarf.<\/li>\n<li><strong>Vollst\u00e4ndige Entlastung<\/strong>Von der Lieferung \u00fcber die Installation bis hin zur Datenvernichtung - wir nehmen Ihnen den gesamten Prozess ab.<\/li>\n<\/ul>\n                    \n                                    <\/div>\n            <\/div>\n        <\/div>\n    <\/div>\n\n\n    <div  class=\"section section-cta has-small-image has-no-padding-bottom-d has-no-padding-bottom-m has-no-bg has-no-pattern\">\n        \n        <div class=\"holder\">\n            <div class=\"container\">\n                <div class=\"cta-holder\">\n                                            <div class=\"image-holder\">\n                            <img decoding=\"async\" src=\"https:\/\/reuzado.nl\/app\/uploads\/2025\/06\/LI-retouched.jpg\" alt=\"\">\n                        <\/div>\n                                        <div class=\"content-holder\">\n                        <div class=\"inner\">\n                            <h2>Kontakt<\/h2>\n<p>M\u00f6chten Sie mehr \u00fcber unsere IT-Mietservices erfahren oder ein Angebot anfordern? Dann kontaktieren Sie uns \u00fcber <a href=\"mailto:info@reuzado.nl\">info@reuzado.nl<\/a> oder rufen Sie an <a href=\"tel:+31(0)235519821\">+31 (0)23 551 98 21<\/a>. Gemeinsam werden wir die beste L\u00f6sung f\u00fcr Ihr Unternehmen finden.<\/p>\n                                                            <div class=\"button-holder\">\n                                    \n                                                                            <a href=\"https:\/\/reuzado.nl\/de\/kontakt\/\"\n                                           target=\"_self\"\n                                           class=\"button alt\">Kontakt aufnehmen<\/a>\n                                                                    <\/div>\n                                                    <\/div>\n                    <\/div>\n                <\/div>\n            <\/div>\n        <\/div>\n\n                    <div class=\"background-image\">\n                <img decoding=\"async\" src=\"https:\/\/reuzado.nl\/app\/uploads\/2025\/06\/Reuzado-9377-scaled.jpg\" alt=\"\">\n            <\/div>\n            <\/div>","protected":false},"excerpt":{"rendered":"","protected":false},"author":1,"featured_media":0,"parent":424,"menu_order":0,"comment_status":"closed","ping_status":"closed","template":"","meta":{"_acf_changed":false,"footnotes":""},"class_list":["post-437","page","type-page","status-publish","hentry"],"acf":[],"_links":{"self":[{"href":"https:\/\/reuzado.nl\/de\/wp-json\/wp\/v2\/pages\/437","targetHints":{"allow":["GET"]}}],"collection":[{"href":"https:\/\/reuzado.nl\/de\/wp-json\/wp\/v2\/pages"}],"about":[{"href":"https:\/\/reuzado.nl\/de\/wp-json\/wp\/v2\/types\/page"}],"author":[{"embeddable":true,"href":"https:\/\/reuzado.nl\/de\/wp-json\/wp\/v2\/users\/1"}],"replies":[{"embeddable":true,"href":"https:\/\/reuzado.nl\/de\/wp-json\/wp\/v2\/comments?post=437"}],"version-history":[{"count":0,"href":"https:\/\/reuzado.nl\/de\/wp-json\/wp\/v2\/pages\/437\/revisions"}],"up":[{"embeddable":true,"href":"https:\/\/reuzado.nl\/de\/wp-json\/wp\/v2\/pages\/424"}],"wp:attachment":[{"href":"https:\/\/reuzado.nl\/de\/wp-json\/wp\/v2\/media?parent=437"}],"curies":[{"name":"wp","href":"https:\/\/api.w.org\/{rel}","templated":true}]}}