{"id":439,"date":"2025-05-01T12:32:18","date_gmt":"2025-05-01T12:32:18","guid":{"rendered":"https:\/\/reuzado.nl\/?page_id=439"},"modified":"2025-09-24T09:29:05","modified_gmt":"2025-09-24T09:29:05","slug":"ict-spenden","status":"publish","type":"page","link":"https:\/\/reuzado.nl\/de\/losungsdienstleistungen\/ict-spenden\/","title":{"rendered":"IT spenden"},"content":{"rendered":"<div  class=\"section section-pageheader-detail  has-no-bg has-no-pattern\">\n        <div class=\"container\">\n            <div class=\"holder\">\n                                    <div class=\"background-image\">\n                        <img decoding=\"async\" src=\"https:\/\/reuzado.nl\/app\/uploads\/2025\/09\/Reuzado-hoge-resolutie-JudithCapponFotografie-9291.jpg\" alt=\"\">\n                    <\/div>\n                \n                                    <div class=\"content\">\n                        <h1>IT Spende \u00fcber Reuzado<\/h1>\n\n                                                    <div class=\"rank-math-breadcrumbs\">\n                                <nav aria-label=\"Semmelbr\u00f6sel\" class=\"rank-math-breadcrumb\"><p><span class=\"last\">Startseite<\/span><\/p><\/nav>                            <\/div>\n                                            <\/div>\n                \n                            <\/div>\n        <\/div>\n    <\/div>\n\n\n        <div  class=\"section section-content two-columns has-no-padding-bottom-d has-no-padding-bottom-m has-no-bg has-no-pattern\">\n            <div class=\"container\">\n                <div class=\"content-holder\">\n                                            <div class=\"column\">\n                            <div class=\"content\">\n                                <h2>Unterst\u00fctzen Sie einen guten Zweck: Spenden Sie den Restwert Ihrer IT-Ger\u00e4te<\/h2>\n                            <\/div>\n                        <\/div>\n                                        <div class=\"column\">\n                        <div class=\"content\">\n                            <p>Spenden Sie Ihre IT-Ger\u00e4te an eine Wohlt\u00e4tigkeitsorganisation Ihrer Wahl und profitieren Sie von der zertifizierten, 100% sicheren und professionellen Entsorgung Ihrer wertvollen Daten. Die ultimative Kombination aus sozialer Verantwortung und garantiert datenschutzgerechter Entsorgung der veralteten Hardware Ihres Unternehmens.<\/p>\n                                                            <div class=\"button-holder\">\n                                                                            <a href=\"https:\/\/reuzado.nl\/de\/kontakt\/\"\n                                            target=\"_self\"\n                                            class=\"button\">Kontakt aufnehmen<\/a>\n                                                                                                        <\/div>\n                                                    <\/div>\n                    <\/div>\n                <\/div>\n            <\/div>\n        <\/div>\n\n    \n\n    <div         class=\"section section-image-content has-no-bg has-no-pattern has-image-left\">\n        <div class=\"holder\">\n                            <div class=\"image-holder\">\n                                            <div class=\"column\">\n                            <div class=\"image-wrapper\">\n                                <img decoding=\"async\" src=\"https:\/\/reuzado.nl\/app\/uploads\/2025\/07\/IMG_3717-1.jpg\" alt=\"\">\n                            <\/div>\n                        <\/div>\n                                        <div class=\"column\">\n                                                    <div class=\"image-wrapper\">\n                                <img decoding=\"async\" src=\"https:\/\/reuzado.nl\/app\/uploads\/2025\/09\/Reuzado-hoge-resolutie-JudithCapponFotografie-9424.jpg\" alt=\"\">\n                            <\/div>\n                                                                            <div class=\"image-wrapper\">\n                                <img decoding=\"async\" src=\"https:\/\/reuzado.nl\/app\/uploads\/2025\/09\/Reuzado-hoge-resolutie-JudithCapponFotografie-9459.jpg\" alt=\"\">\n                            <\/div>\n                                            <\/div>\n                                            <div class=\"column\">\n                            <div class=\"image-wrapper\">\n                                <img decoding=\"async\" src=\"https:\/\/reuzado.nl\/app\/uploads\/2025\/09\/Mascotte-2.jpg\" alt=\"\">\n                            <\/div>\n                        <\/div>\n                                    <\/div>\n                <div class=\"image-holder-mobile\">\n\n                                            <div class=\"column\">\n                            <div class=\"image-wrapper\">\n                                <img decoding=\"async\" src=\"https:\/\/reuzado.nl\/app\/uploads\/2025\/07\/IMG_3717-1.jpg\" alt=\"\">\n                            <\/div>\n                        <\/div>\n                                        <div class=\"column\">\n                                                    <div class=\"image-wrapper\">\n                                <img decoding=\"async\" src=\"https:\/\/reuzado.nl\/app\/uploads\/2025\/09\/Reuzado-hoge-resolutie-JudithCapponFotografie-9424.jpg\" alt=\"\">\n                            <\/div>\n                                                                            <div class=\"image-wrapper\">\n                                <img decoding=\"async\" src=\"https:\/\/reuzado.nl\/app\/uploads\/2025\/09\/Reuzado-hoge-resolutie-JudithCapponFotografie-9459.jpg\" alt=\"\">\n                            <\/div>\n                                            <\/div>\n                                            <div class=\"column\">\n                            <div class=\"image-wrapper\">\n                                <img decoding=\"async\" src=\"https:\/\/reuzado.nl\/app\/uploads\/2025\/09\/Mascotte-2.jpg\" alt=\"\">\n                            <\/div>\n                            <div class=\"image-wrapper is-blue\">\n                            <\/div>\n                        <\/div>\n                                    <\/div>\n                        <div class=\"content-holder\">\n                <div class=\"inner\">\n                                            <h2>M\u00f6chten auch Sie IT-Ger\u00e4te spenden?<\/h2>\n<p>Ist die Hardware Ihres Unternehmens wirtschaftlich abgeschrieben, aber noch in gutem Zustand und f\u00fcr ein zweites Leben geeignet? Dann ist sie in den meisten F\u00e4llen noch Geld wert. Diesen Betrag k\u00f6nnen Sie direkt \u00fcber Reuzado an eine gemeinn\u00fctzige Organisation Ihrer Wahl spenden. Im Gegenzug f\u00fcr diese soziale Unterst\u00fctzung k\u00fcmmert sich Reuzado um die zertifizierte, garantiert sichere Datenentsorgung: vom datensicheren Transport bis zur Spende in Ihrem Namen an die gemeinn\u00fctzige Organisation Ihrer Wahl.<\/p>\n<p>\u201cSeit der Gr\u00fcndung von Reuzado (und lange bevor CSR ein Begriff war) unterst\u00fctzen wir selbst lokale Wohlt\u00e4tigkeitsorganisationen und Stiftungen. Deshalb arbeiten wir jetzt eng mit Business &amp; Society zusammen, einer in Haarlem ans\u00e4ssigen Organisation, die alle Arten von lokalen Initiativen unterst\u00fctzt. Durch die IT-Spende wollen wir auch andere Unternehmen dazu ermutigen, ihren Beitrag zu leisten. Wir \u00fcbernehmen dann die Kosten f\u00fcr die Datenvernichtung, und der Erl\u00f6s aus den Ger\u00e4ten geht an die Wohlt\u00e4tigkeitsorganisation der Wahl des Spenders. Eine Win-Win-Situation!\u201d<\/p>\n                    \n                                    <\/div>\n            <\/div>\n        <\/div>\n    <\/div>\n\n\n        <div  class=\"section section-donations has-no-padding-bottom-d has-no-padding-bottom-m has-no-bg has-no-pattern\">\n        <div class=\"holder\">\n            <div class=\"container\">\n                <div class=\"cta-holder\">\n                    <div class=\"information-holder\">\n                                                    <div class=\"image-holder\">\n                                <img decoding=\"async\" src=\"https:\/\/reuzado.nl\/app\/uploads\/2025\/09\/Reuzado-hoge-resolutie-JudithCapponFotografie-9377.jpg\" alt=\"\">\n                            <\/div>\n                                                <div class=\"text\">\n                            <div class=\"text-inner\">\n                                                                    <h3>Dieser Betrag ist bereits gespendet worden <strong>\u00fcber Reuzado<\/strong><\/h3>\n                                \n                                                                    <h3 class=\"amount\">\u20ac658.949<\/h3>\n                                                            <\/div>\n                        <\/div>\n                    <\/div>\n\n                    <div class=\"content-holder\">\n                        <div class=\"inner\">\n                                                            <h2>Gemeinsam mit Ihrer Spende etwas bewirken<\/h2>\n<p>Mit dem ICT-Spendenprogramm von Reuzado geben Sie den Restwert Ihrer abgeschriebenen Hardware f\u00fcr einen guten Zweck frei. Reuzado sorgt f\u00fcr eine sichere Datenvernichtung, eine transparente Abwicklung und daf\u00fcr, dass Ihre Spende an eine Stiftung Ihrer Wahl geht. So verbinden Sie auf zuverl\u00e4ssige und einfache Weise Nachhaltigkeit mit sozialem Engagement.<\/p>\n                            \n                                                            <div class=\"button-holder\">\n                                    <a href=\"https:\/\/reuzado.nl\/de\/kontakt\/\" target=\"_self\" class=\"button\">Ich m\u00f6chte auch spenden<\/a>\n                                <\/div>\n                                                    <\/div>\n                    <\/div>\n                <\/div>\n            <\/div>\n        <\/div>\n\n                    <div class=\"background-image\">\n                <img decoding=\"async\" src=\"https:\/\/reuzado.nl\/app\/uploads\/2025\/07\/6T7A9338-1.png\" alt=\"\">\n            <\/div>\n            <\/div>\n\n\n        <div  class=\"section section-block-cards has-bg-lightblue has-pattern-blue\">\n            \n            <div class=\"container\">\n                <div class=\"holder\">\n                    <div class=\"content-holder\">\n                        <h2>IT-Spende: Unterst\u00fctzen Sie eine Wohlt\u00e4tigkeitsorganisation Ihrer Wahl<\/h2>\n<p>W\u00e4hlen Sie Ihre eigene Wohlt\u00e4tigkeitsorganisation und spenden Sie den Restwert Ihrer IT-Ger\u00e4te.<\/p>\n\n                                                    <div class=\"button-holder\">\n                                <a href=\"https:\/\/reuzado.nl\/de\/kontakt\/\" target=\"_self\" class=\"button\">\n                                    Kontakt aufnehmen                                <\/a>\n                            <\/div>\n                                            <\/div>\n\n                    <div class=\"block-holder\">\n                                                    <div class=\"blocks has-four\">\n                                                                                                            <div class=\"column\">\n                                                                                            <div class=\"block\">\n                                                    <div class=\"inner\">\n                                                        <h3>Warum \u00fcber Reuzado?<\/h3>\n<p>Reuzado ermutigt Unternehmen, IT-Ger\u00e4te f\u00fcr wohlt\u00e4tige Zwecke zu spenden. Nat\u00fcrlich nur im \u00fcbertragenen Sinne - die eigentliche Spende besteht aus harten Euros: dem Erl\u00f6s der gespendeten Hardware. Aber der erste Schritt ist immer die garantiert sichere Datenentsorgung. Ein kostspieliger Prozess, der sorgf\u00e4ltig durchgef\u00fchrt werden muss, um die Sicherheit zu gew\u00e4hrleisten. Im Rahmen eines IT-Spendenprozesses \u00fcbernehmen wir diese Kosten.<\/p>\n                                                                                                            <\/div>\n                                                <\/div>\n                                                                                            <div class=\"block\">\n                                                    <div class=\"inner\">\n                                                        <h3>100% Sicheres Entfernen von Daten<\/h3>\n<p>F\u00fcr viele Unternehmen sind Daten das wertvollste Gut. Reuzado l\u00f6scht diese Daten 100% sicher, vertraulich und vollst\u00e4ndig. Und zertifiziert. Sorglos also. Und mit IT-Spende, kostenlos*.<\/p>\n                                                                                                            <\/div>\n                                                <\/div>\n                                                                                    <\/div>\n                                                                                                                                                <div class=\"column\">\n                                                                                            <div class=\"block\">\n                                                    <div class=\"inner\">\n                                                        <h3>\u201cPraktiziere, was du predigst\u201d<\/h3>\n<p>Neben dem finanziellen Anreiz (kostenlose Datenl\u00f6schung), den wir Unternehmen bieten, wenn sie sich f\u00fcr eine IT-Spende entscheiden, unterst\u00fctzt Reuzado nat\u00fcrlich auch direkt notwendige Projekte. In der Regel handelt es sich dabei um Stiftungen und Organisationen in der Region Haarlem. Wir engagieren uns also nicht nur finanziell, sondern auch praktisch: zum Beispiel durch IKT-Unterst\u00fctzung.<\/p>\n                                                                                                            <\/div>\n                                                <\/div>\n                                                                                            <div class=\"block\">\n                                                    <div class=\"inner\">\n                                                        <h3>Sie m\u00fcssen sich keine Gedanken \u00fcber die Logistik machen<\/h3>\n<p>Wir k\u00fcmmern uns um die gesamte Logistik und Abwicklung. Sicherer Transport oder sogar Datenvernichtung vor Ort in unserem einzigartigen mobilen Shredder. Auch in unserem Lager ist die Datensicherheit dank optimaler Sicherheitsma\u00dfnahmen gew\u00e4hrleistet. Wir arbeiten mit eigenem, vertrauensw\u00fcrdigem Personal, so dass auch der Faktor Mensch unter Kontrolle ist. Schlie\u00dflich erhalten Sie auch Zertifikate \u00fcber die Datenvernichtung. So ist es wirklich einfach, eine gute Sache zu unterst\u00fctzen, ohne sich Sorgen machen zu m\u00fcssen.<\/p>\n                                                                                                            <\/div>\n                                                <\/div>\n                                                                                    <\/div>\n                                                                                                <\/div>\n                                            <\/div>\n                <\/div>\n            <\/div>\n        <\/div>\n    \n\n        <div  class=\"section section-content has-no-padding-top-d has-no-padding-top-m has-no-bg has-no-pattern\">\n                        <div class=\"container\">\n                <div class=\"content-holder\">\n                    <div class=\"content\">\n                        <div class=\"inner\">\n                            <h2>Fall<\/h2>\n<p>Im Jahr 2023 nahmen wir am \u2018Beursvloer\u2019 von Business &amp; Society teil, einem bekannten Namen in der Region Haarlem. Bei einer Art Speed-Dating trafen wir befreundete Stiftungen mit einem konkreten IKT-bezogenen Hilfegesuch. F\u00fcr diese Organisationen k\u00f6nnen wir unser Fachwissen voll und ganz einsetzen, um sie bei ihrer gro\u00dfartigen Arbeit f\u00fcr die Gesellschaft zu unterst\u00fctzen. In der Zwischenzeit laufen angenehme Kooperationen mit der Pflegeorganisation Sint Jacob Haarlem, dem Bird Hospital und der Stiftung Kurdisches Haus Haarlem und der Stiftung Somalis Haarlem &amp; Surroundings.<\/p>\n<p>* Vor einer IT-Spendenabwicklung erfassen wir zun\u00e4chst, welche Ger\u00e4te Sie spenden, um eine Prognose des Erl\u00f6ses zu erstellen. Sollte dieser gleich Null sein, beh\u00e4lt sich Reuzado vor, die Ware nicht als IT-Spende zu verarbeiten.<\/p>\n                                                                                                                <\/div>\n                    <\/div>\n                <\/div>\n            <\/div>\n        <\/div>\n\n    \n\n    <div  class=\"section section-intro-text-image has-bg-lightblue has-no-pattern\">\n        <div class=\"wrapper\">\n            <div class=\"column-wrapper\">\n                <div class=\"column-holder\">\n                    <div class=\"column\">\n                        <div class=\"image-holder is-blue\">\n                        <\/div>\n                    <\/div>\n                    <div class=\"column\">\n                        <div class=\"image-holder is-lightblue\">\n                        <\/div>\n                        <div class=\"image-holder is-blue\">\n                        <\/div>\n                    <\/div>\n                    <div class=\"column\">\n                                                    <div class=\"image-holder\">\n                                <img decoding=\"async\" src=\"https:\/\/reuzado.nl\/app\/uploads\/2025\/09\/Reuzado-hoge-resolutie-JudithCapponFotografie-9696.jpg\" alt=\"\">\n                            <\/div>\n                                                <div class=\"image-holder is-blue\">\n                        <\/div>\n                    <\/div>\n                <\/div>\n            <\/div>\n            <div class=\"container\">\n                <div class=\"title\">\n                                            <h2>Machen Sie jemand anderem eine Freude: Spenden Sie Ihre IT-Ausr\u00fcstung!<\/h2>\n<p>Ihre IT-Ger\u00e4te m\u00fcssen ersetzt werden und Sie wissen nicht, was Sie damit tun sollen? Dann spenden Sie den Restwert Ihrer IT-Ger\u00e4te an eine gemeinn\u00fctzige Einrichtung Ihrer Wahl. Reuzado nimmt Ihnen die gesamte Logistik und den Verwaltungsaufwand ab. Und warum? Weil wir selbst Wert auf CSR legen und Unternehmen zum Spenden ermutigen wollen. Deshalb \u00fcbernehmen wir auch die Kosten f\u00fcr die Datenvernichtung. So erfahren Unternehmen nicht nur einen CSR-Anreiz, sondern auch einen finanziellen.<\/p>\n                    \n                                    <\/div>\n                <div class=\"mobile-image\">\n                    <div class=\"column-holder\">\n                        <div class=\"column\">\n                            <div class=\"image-holder is-blue\">\n                            <\/div>\n                        <\/div>\n                        <div class=\"column\">\n                            <div class=\"image-holder is-lightblue\">\n                            <\/div>\n                            <div class=\"image-holder is-blue\">\n                            <\/div>\n                        <\/div>\n                        <div class=\"column\">\n                                                            <div class=\"image-holder\">\n                                    <img decoding=\"async\" src=\"https:\/\/reuzado.nl\/app\/uploads\/2025\/09\/Reuzado-hoge-resolutie-JudithCapponFotografie-9696.jpg\" alt=\"\">\n                                <\/div>\n                                                        <div class=\"image-holder is-blue\">\n                            <\/div>\n                        <\/div>\n                    <\/div>\n                <\/div>\n                <div class=\"text\">\n                    <div class=\"inner\">\n                                                    <h3>100% vollst\u00e4ndige Datenentfernung<\/h3>\n<p>Desktops, Laptops, Server, mobile Ger\u00e4te (Smartphone, Tablet), SAN-Umgebungen; wenn ein Ger\u00e4t Daten speichert, kann Reuzado sie l\u00f6schen. Wir l\u00f6schen Ihre Daten vertraulich und vollst\u00e4ndig mit Blancco - NATO- und T\u00dcV-gepr\u00fcft. Sind Ihre Daten so sensibel, dass sie Ihr Haus nicht verlassen d\u00fcrfen? Dann f\u00fchren wir die Datenvernichtung bei Ihnen vor Ort durch. Wir arbeiten auch ambulant mit der zertifizierten Datenvernichtungs-Software von Blancco. F\u00fcr jeden Datentr\u00e4ger stellen wir ein Zertifikat aus, das garantiert, dass die Daten mit 100% Sicherheit vernichtet worden sind.<\/p>\n<p>&nbsp;<\/p>\n<h3>Jedes kleine bisschen hilft!<\/h3>\n<p>Wenn Sie sich nicht sicher sind, ob Ihre abgeschriebene Hardware noch genug Wert hat, um sie zu spenden, k\u00f6nnen Sie sich gerne an uns wenden.<\/p>\n                                                                    <\/div>\n                <\/div>\n            <\/div>\n        <\/div>\n    <\/div>\n\n\n    <div  class=\"section section-cta has-small-image has-no-padding-bottom-d has-no-padding-bottom-m has-no-bg has-no-pattern\">\n        \n        <div class=\"holder\">\n            <div class=\"container\">\n                <div class=\"cta-holder\">\n                                            <div class=\"image-holder\">\n                            <img decoding=\"async\" src=\"https:\/\/reuzado.nl\/app\/uploads\/2025\/06\/Marina-2-reuzado-.jpg\" alt=\"\">\n                        <\/div>\n                                        <div class=\"content-holder\">\n                        <div class=\"inner\">\n                            <h2>Werden Sie Partner!<\/h2>\n<p>M\u00f6chten Sie gemeinsam mit Reuzado Wohlt\u00e4tigkeitsorganisationen unterst\u00fctzen? Dann kontaktieren Sie uns \u00fcber <a href=\"mailto:info@reuzado.nl\">info@reuzado.nl<\/a> oder rufen Sie an <a href=\"tel:+31(0)235519821\">+31 (0)23 551 98 21<\/a>.  Wir w\u00fcrden uns freuen, mit Ihnen \u00fcber die verschiedenen M\u00f6glichkeiten der Zusammenarbeit zu sprechen. Denn mit Partnerschaften und langfristiger Zusammenarbeit erreichen wir mehr und kommen weiter.<\/p>\n                                                            <div class=\"button-holder\">\n                                    \n                                                                            <a href=\"https:\/\/reuzado.nl\/de\/kontakt\/\"\n                                           target=\"_self\"\n                                           class=\"button alt\">Kontakt aufnehmen<\/a>\n                                                                    <\/div>\n                                                    <\/div>\n                    <\/div>\n                <\/div>\n            <\/div>\n        <\/div>\n\n                    <div class=\"background-image\">\n                <img decoding=\"async\" src=\"https:\/\/reuzado.nl\/app\/uploads\/2025\/06\/Reuzado-9377-scaled.jpg\" alt=\"\">\n            <\/div>\n            <\/div>","protected":false},"excerpt":{"rendered":"","protected":false},"author":1,"featured_media":0,"parent":424,"menu_order":0,"comment_status":"closed","ping_status":"closed","template":"","meta":{"_acf_changed":false,"footnotes":""},"class_list":["post-439","page","type-page","status-publish","hentry"],"acf":[],"_links":{"self":[{"href":"https:\/\/reuzado.nl\/de\/wp-json\/wp\/v2\/pages\/439","targetHints":{"allow":["GET"]}}],"collection":[{"href":"https:\/\/reuzado.nl\/de\/wp-json\/wp\/v2\/pages"}],"about":[{"href":"https:\/\/reuzado.nl\/de\/wp-json\/wp\/v2\/types\/page"}],"author":[{"embeddable":true,"href":"https:\/\/reuzado.nl\/de\/wp-json\/wp\/v2\/users\/1"}],"replies":[{"embeddable":true,"href":"https:\/\/reuzado.nl\/de\/wp-json\/wp\/v2\/comments?post=439"}],"version-history":[{"count":0,"href":"https:\/\/reuzado.nl\/de\/wp-json\/wp\/v2\/pages\/439\/revisions"}],"up":[{"embeddable":true,"href":"https:\/\/reuzado.nl\/de\/wp-json\/wp\/v2\/pages\/424"}],"wp:attachment":[{"href":"https:\/\/reuzado.nl\/de\/wp-json\/wp\/v2\/media?parent=439"}],"curies":[{"name":"wp","href":"https:\/\/api.w.org\/{rel}","templated":true}]}}