{"id":614,"date":"2025-05-09T11:07:45","date_gmt":"2025-05-09T11:07:45","guid":{"rendered":"https:\/\/reuzado.nl\/?page_id=614"},"modified":"2026-02-17T10:52:33","modified_gmt":"2026-02-17T10:52:33","slug":"datenvernichtung-vor-ort","status":"publish","type":"page","link":"https:\/\/reuzado.nl\/de\/losungsdienstleistungen\/ikt-beschaffung\/datenvernichtung-vor-ort\/","title":{"rendered":"Datenvernichtung vor Ort"},"content":{"rendered":"<div  class=\"section section-pageheader-detail  has-no-bg has-no-pattern\">\n        <div class=\"container\">\n            <div class=\"holder\">\n                                    <div class=\"background-image\">\n                        <img decoding=\"async\" src=\"https:\/\/reuzado.nl\/app\/uploads\/2025\/06\/Reuzado-9143-scaled.jpg\" alt=\"Datenvernichtung vor Ort\">\n                    <\/div>\n                \n                                    <div class=\"content\">\n                        <h1>Datenvernichtung vor Ort<\/h1>\n\n                                                    <div class=\"rank-math-breadcrumbs\">\n                                <nav aria-label=\"Semmelbr\u00f6sel\" class=\"rank-math-breadcrumb\"><p><span class=\"last\">Startseite<\/span><\/p><\/nav>                            <\/div>\n                                            <\/div>\n                \n                            <\/div>\n        <\/div>\n    <\/div>\n\n\n        <div  class=\"section section-content has-no-padding-bottom-d has-no-padding-bottom-m has-no-bg has-no-pattern\">\n                        <div class=\"container\">\n                <div class=\"content-holder\">\n                    <div class=\"content\">\n                        <div class=\"inner\">\n                            <p>Sie wollen nicht, dass vertrauliche Daten herumliegen. Deshalb bieten wir von Reuzado professionelle Datenvernichtung vor Ort an. Wir kommen mit unserem mobilen Shredder zu Ihnen und vernichten Festplatten, SSDs und andere Datentr\u00e4ger vor Ort unter Ihrer Aufsicht. So ist sichergestellt, dass sensible Informationen Ihr Unternehmen nie verlassen - und dass Sie das AVG und andere Datenschutzgesetze einhalten.<\/p>\n                                                                                                <div class=\"button-holder\">\n                                                                                    <a href=\"https:\/\/reuzado.nl\/de\/angebot\/datenvernichtung-2\/\"\n                                                target=\"_self\"\n                                                class=\"button\">Angebot anfordern<\/a>\n                                                                                                                            <a href=\"https:\/\/reuzado.nl\/de\/kontakt\/\"\n                                                target=\"_self\"\n                                                class=\"button alt\">Kontakt aufnehmen<\/a>\n                                                                                                                    <\/div>\n                                                                                    <\/div>\n                    <\/div>\n                <\/div>\n            <\/div>\n        <\/div>\n\n    \n\n\n    <div         class=\"section section-image-content  has-no-padding-bottom-d has-no-padding-bottom-m has-no-bg has-no-pattern\">\n        <div class=\"holder\">\n            <div class=\"image-holder\">\n                                        <div class=\"column\">\n                            <div class=\"image-wrapper\">\n                                <img decoding=\"async\" src=\"https:\/\/reuzado.nl\/app\/uploads\/2025\/09\/Reuzado-hoge-resolutie-JudithCapponFotografie-9143.jpg\" alt=\"Schredderfahrzeug\">\n                            <\/div>\n                        <\/div>\n                                                                <div class=\"column\">\n                                                            <div class=\"image-wrapper\">\n                                    <img decoding=\"async\" src=\"https:\/\/reuzado.nl\/app\/uploads\/2025\/09\/Reuzado-hoge-resolutie-JudithCapponFotografie-9570.jpg\" alt=\"\">\n                                <\/div>\n                                                                                        <div class=\"image-wrapper\">\n                                    <img decoding=\"async\" src=\"https:\/\/reuzado.nl\/app\/uploads\/2025\/09\/Reuzado-hoge-resolutie-JudithCapponFotografie-7830.jpg\" alt=\"\">\n                                <\/div>\n                                                    <\/div>\n                                                                <div class=\"column\">\n                            <div class=\"image-wrapper\">\n                                <img decoding=\"async\" src=\"https:\/\/reuzado.nl\/app\/uploads\/2025\/09\/Reuzado-hoge-resolutie-JudithCapponFotografie-9564.jpg\" alt=\"Datenvernichtung\">\n                            <\/div>\n                            <div class=\"image-wrapper is-blue\"><\/div>\n                        <\/div>\n                                                <\/div>\n            <div class=\"image-holder-mobile\">\n                                        <div class=\"column\">\n                            <div class=\"image-wrapper\">\n                                <img decoding=\"async\" src=\"https:\/\/reuzado.nl\/app\/uploads\/2025\/09\/Reuzado-hoge-resolutie-JudithCapponFotografie-9143.jpg\" alt=\"Schredderfahrzeug\">\n                            <\/div>\n                        <\/div>\n                                                                <div class=\"column\">\n                                                            <div class=\"image-wrapper\">\n                                    <img decoding=\"async\" src=\"https:\/\/reuzado.nl\/app\/uploads\/2025\/09\/Reuzado-hoge-resolutie-JudithCapponFotografie-9570.jpg\" alt=\"\">\n                                <\/div>\n                                                                                        <div class=\"image-wrapper\">\n                                    <img decoding=\"async\" src=\"https:\/\/reuzado.nl\/app\/uploads\/2025\/09\/Reuzado-hoge-resolutie-JudithCapponFotografie-7830.jpg\" alt=\"\">\n                                <\/div>\n                                                    <\/div>\n                                                                <div class=\"column\">\n                            <div class=\"image-wrapper\">\n                                <img decoding=\"async\" src=\"https:\/\/reuzado.nl\/app\/uploads\/2025\/09\/Reuzado-hoge-resolutie-JudithCapponFotografie-9564.jpg\" alt=\"Datenvernichtung\">\n                            <\/div>\n                            <div class=\"image-wrapper is-blue\"><\/div>\n                        <\/div>\n                                                <\/div>\n            <div class=\"content-holder\">\n                <div class=\"inner\">\n                                            <h2>Datenvernichtung vor Ort: Wie machen wir das?<\/h2>\n<p>Bei diesem Service kommen wir mit einer speziell ausger\u00fcsteten Schredderanlage zu Ihnen vor Ort. Unsere Mitarbeiter entnehmen die Datentr\u00e4ger aus den Ger\u00e4ten, registrieren alles sauber und sorgen daf\u00fcr, dass alle Festplatten oder Speichermedien sofort vernichtet werden. Alles geschieht bei Ihnen vor Ort - transparent, sicher und vollst\u00e4ndig nachweisbar.<\/p>\n<p>Sie erhalten anschlie\u00dfend ein offizielles Datenvernichtungszertifikat mit Seriennummern und Datum, das f\u00fcr Ihre internen Unterlagen und f\u00fcr Audits geeignet ist.<\/p>\n<ol>\n<li><strong>Einen Termin vereinbaren <\/strong><br \/>\nSie setzen sich mit uns in Verbindung und wir vereinbaren einen Termin nach Ihren W\u00fcnschen.<\/li>\n<li><strong>Zerst\u00f6rung vor Ort<\/strong><br \/>\nUnsere Mitarbeiter kommen mit dem mobilen Schredder zu Ihnen. Datentr\u00e4ger werden bei Ihnen vor Ort vernichtet.<\/li>\n<li><strong>Zertifikat und \u00dcbersicht<\/strong><br \/>\nAnschlie\u00dfend erhalten Sie eine vollst\u00e4ndige \u00dcbersicht \u00fcber die zerst\u00f6rten Medien, einschlie\u00dflich Seriennummern und Datum<\/li>\n<\/ol>\n                    \n                                    <\/div>\n            <\/div>\n        <\/div>\n    <\/div>\n\n\n        <div  class=\"section section-content has-bg-lightblue has-no-pattern\">\n                        <div class=\"container\">\n                <div class=\"content-holder\">\n                    <div class=\"content\">\n                        <div class=\"inner\">\n                            <h2>Welche Datentr\u00e4ger k\u00f6nnen wir vor Ort vernichten?<\/h2>\n<p>Wir k\u00f6nnen fast alle Arten von Datentr\u00e4gern vor Ort professionell und sicher vernichten. Denken Sie an herk\u00f6mmliche Festplatten (HDD), moderne SSDs, Backup-B\u00e4nder, USB-Sticks, NAS-Laufwerke, aber auch Smartphones, Tablets, Laptops und Server mit internem Speicher. Egal, ob es sich um ein paar St\u00fccke oder einen ganzen Stapel handelt: Unser mobiler Shredder ist in der Lage, diese Art von Medien sofort und unwiederbringlich zu vernichten. Sie sind sich nicht sicher, ob ein bestimmter Medientyp geeignet ist? Sprechen Sie uns an - wir denken gerne mit Ihnen mit.<\/p>\n                                                                                                                <\/div>\n                    <\/div>\n                <\/div>\n            <\/div>\n        <\/div>\n\n    \n\n        <div  class=\"section section-content two-columns has-no-padding-bottom-d has-no-padding-bottom-m has-no-bg has-no-pattern\">\n            <div class=\"container\">\n                <div class=\"content-holder\">\n                                            <div class=\"column\">\n                            <div class=\"content\">\n                                <h3>F\u00fcr wen ist dieser Dienst geeignet?<\/h3>\n<p>Die Datenvernichtung vor Ort eignet sich besonders f\u00fcr Organisationen, die kein Risiko eingehen wollen, wenn es um vertrauliche Informationen geht. Beh\u00f6rden, Einrichtungen des Gesundheitswesens und Finanzdienstleister nutzen diese M\u00f6glichkeit h\u00e4ufig, da es sich um sensible Daten handelt. Auch IT-Abteilungen, die alte Hardware sicher entsorgen wollen, entscheiden sich regelm\u00e4\u00dfig f\u00fcr diese Option, ebenso wie Unternehmen, die die volle Kontrolle dar\u00fcber behalten wollen, was mit ihren Datentr\u00e4gern geschieht.<\/p>\n                            <\/div>\n                        <\/div>\n                                        <div class=\"column\">\n                        <div class=\"content\">\n                            <h3>Verantwortungsvolles Recycling von zerst\u00f6rten Festplatten und IT-Abf\u00e4llen<\/h3>\n<p>Nach der Datenvernichtung sorgen wir daf\u00fcr, dass alles ordentlich aufger\u00e4umt wird. Wir nehmen die zerst\u00f6rten Festplatten und andere Datentr\u00e4ger ab, damit sie den Richtlinien entsprechend recycelt werden k\u00f6nnen. Auch wenn sich die Datentr\u00e4ger noch in Systemen befinden, bauen wir sie f\u00fcr Sie aus und nehmen sie mit. Dar\u00fcber hinaus entsorgen wir verantwortungsvoll alle nicht mehr genutzten IT-Ger\u00e4te und Peripherieger\u00e4te. Dank unserer <a href=\"https:\/\/www.weeelabex.org\/\" target=\"_blank\" rel=\"noopener\">WEEELABEX<\/a>-Zertifizierung haben Sie die Gewissheit, dass das Recycling nach den strengsten Umweltstandards und gesetzlichen Vorschriften erfolgt.<\/p>\n                                                    <\/div>\n                    <\/div>\n                <\/div>\n            <\/div>\n        <\/div>\n\n    \n\n    <div  class=\"section section-image-card has-no-padding-bottom-d has-no-padding-bottom-m has-no-bg has-no-pattern\">\n        \n        <div class=\"container\">\n            <div class=\"card-holder\">\n                                    <div class=\"content-holder\">\n                        <div class=\"inner\">\n                            <h4>Die Vorteile der Datenvernichtung vor Ort<\/h4>\n<ul>\n<li><strong>Vollst\u00e4ndige Kontrolle<\/strong>Sie sehen mit eigenen Augen, dass die Daten zerst\u00f6rt sind.<\/li>\n<li><strong>Keine Transportrisiken<\/strong>: nichts muss das Gel\u00e4nde verlassen<\/li>\n<li><strong>Geeignet f\u00fcr Audits<\/strong>einschlie\u00dflich Zertifikat und Bericht<\/li>\n<li><strong>Professionelle Verarbeitung<\/strong>: durch geschultes Personal<\/li>\n<li><strong>AVG-sicher<\/strong>: alle Anforderungen f\u00fcr eine sichere Daten\u00fcbermittlung erf\u00fcllen<\/li>\n<\/ul>\n                                                    <\/div>\n                    <\/div>\n                \n                                    <div class=\"image-wrapper\">\n                        <div class=\"image-holder\">\n                            <img decoding=\"async\" src=\"https:\/\/reuzado.nl\/app\/uploads\/2025\/06\/Reuzado-9124-scaled.jpg\" alt=\"\">\n                        <\/div>\n                    <\/div>\n                            <\/div>\n        <\/div>\n    <\/div>\n\n\n    <div  class=\"section section-faq is-default has-no-bg has-no-pattern\">\n        \n        <div class=\"container\">\n                        <div class=\"faq-wrapper\">\n                <div class=\"faq\">\n                                                                        <div class=\"faq-title\">\n                                <h2>H\u00e4ufig gestellte Fragen zur Datenvernichtung vor Ort<\/h2>\n                            <\/div>\n                                            \n                                            <div class=\"faq-items-wrapper\">\n                                                            <div class=\"faq-item\">\n                                    <div class=\"faq-heading toggle-heading\">\n                                        <h3>Was bedeutet Datenvernichtung vor Ort?<\/h3>\n                                        <i class=\"icon opened\"><\/i>\n                                    <\/div>\n                                    <div class=\"faq-body toggle-body is-opened\">\n                                        <p>Datenvernichtung vor Ort bedeutet, dass wir zu Ihnen kommen und Festplatten und andere IT-Ger\u00e4te direkt vor Ort vernichten. Sie brauchen also nichts zu transportieren und behalten die volle Kontrolle \u00fcber den Prozess.<\/p>\n                                    <\/div>\n                                <\/div>\n                                                            <div class=\"faq-item\">\n                                    <div class=\"faq-heading toggle-heading\">\n                                        <h3>Warum Festplattenvernichtung vor Ort?<\/h3>\n                                        <i class=\"icon closed\"><\/i>\n                                    <\/div>\n                                    <div class=\"faq-body toggle-body hidden\">\n                                        <p>Die Festplattenvernichtung vor Ort ist die sicherste Wahl, wenn Sie kein Risiko mit vertraulichen Daten eingehen wollen. Da alles bei Ihnen vor Ort geschieht, vermeiden Sie Datenlecks w\u00e4hrend des Transports.<\/p>\n                                    <\/div>\n                                <\/div>\n                                                            <div class=\"faq-item\">\n                                    <div class=\"faq-heading toggle-heading\">\n                                        <h3>Welche IT-Ger\u00e4te k\u00f6nnen Sie vor Ort einsetzen?<\/h3>\n                                        <i class=\"icon closed\"><\/i>\n                                    <\/div>\n                                    <div class=\"faq-body toggle-body hidden\">\n                                        <p>Wir vernichten unter anderem Festplatten (HDD und SSD), Backup-B\u00e4nder, USB-Sticks, Laptops, Server und andere Speichermedien. Haben Sie Zweifel? Kontaktieren Sie uns einfach.<\/p>\n                                    <\/div>\n                                <\/div>\n                                                            <div class=\"faq-item\">\n                                    <div class=\"faq-heading toggle-heading\">\n                                        <h3>Bekomme ich ein Zertifikat \u00fcber die Datenvernichtung?<\/h3>\n                                        <i class=\"icon closed\"><\/i>\n                                    <\/div>\n                                    <div class=\"faq-body toggle-body hidden\">\n                                        <p>Ja, Sie erhalten anschlie\u00dfend ein offizielles Datenvernichtungszertifikat mit Seriennummern und Datum. Damit erf\u00fcllen Sie das AVG und k\u00f6nnen es intern oder bei Audits nachweisen.<\/p>\n                                    <\/div>\n                                <\/div>\n                                                            <div class=\"faq-item\">\n                                    <div class=\"faq-heading toggle-heading\">\n                                        <h3>Wie schnell k\u00f6nnen Sie kommen?<\/h3>\n                                        <i class=\"icon closed\"><\/i>\n                                    <\/div>\n                                    <div class=\"faq-body toggle-body hidden\">\n                                        <p>In der Regel innerhalb weniger Arbeitstage. In dringenden F\u00e4llen schauen wir gerne, was m\u00f6glich ist.<\/p>\n                                    <\/div>\n                                <\/div>\n                                                            <div class=\"faq-item\">\n                                    <div class=\"faq-heading toggle-heading\">\n                                        <h3>Was kostet die Datenvernichtung vor Ort?<\/h3>\n                                        <i class=\"icon closed\"><\/i>\n                                    <\/div>\n                                    <div class=\"faq-body toggle-body hidden\">\n                                        <p>Die Kosten h\u00e4ngen von der Anzahl der Datentr\u00e4ger und Ihrem Standort ab. Fordern Sie ein unverbindliches Angebot an, um einen klaren Preisvorschlag zu erhalten.<\/p>\n                                    <\/div>\n                                <\/div>\n                                                    <\/div>\n                                    <\/div>\n            <\/div>\n        <\/div>\n    <\/div>\n\n\n    <div  class=\"section section-cta has-small-image has-no-padding-bottom-d has-no-padding-bottom-m has-no-bg has-no-pattern\">\n        \n        <div class=\"holder\">\n            <div class=\"container\">\n                <div class=\"cta-holder\">\n                                            <div class=\"image-holder\">\n                            <img decoding=\"async\" src=\"https:\/\/reuzado.nl\/app\/uploads\/2025\/06\/Marina-2-reuzado-.jpg\" alt=\"\">\n                        <\/div>\n                                        <div class=\"content-holder\">\n                        <div class=\"inner\">\n                            <p>M\u00f6chten Sie wissen, welche Produkte f\u00fcr Ihr Unternehmen am besten geeignet sind?<\/p>\n<p>Dann wenden Sie sich an unsere Beraterinnen und Berater. Sie k\u00f6nnen sie erreichen \u00fcber <a href=\"mailto:info@reuzado.nl\">info@reuzado.nl<\/a> oder \u00fcber <a href=\"tel:+31(0)235519821\">+31 (0)23 551 98 21<\/a>. Oder f\u00fcllen Sie das Kontaktformular aus.<\/p>\n                                                            <div class=\"button-holder\">\n                                    \n                                                                            <a href=\"https:\/\/reuzado.nl\/de\/kontakt\/\" target=\"_self\" class=\"button alt\">Kontakt aufnehmen<\/a>\n                                                                    <\/div>\n                                                    <\/div>\n                    <\/div>\n                <\/div>\n            <\/div>\n        <\/div>\n\n                    <div class=\"background-image\">\n                <img decoding=\"async\" src=\"https:\/\/reuzado.nl\/app\/uploads\/2025\/06\/Reuzado-9377-scaled.jpg\" alt=\"\">\n            <\/div>\n            <\/div>","protected":false},"excerpt":{"rendered":"","protected":false},"author":1,"featured_media":0,"parent":432,"menu_order":0,"comment_status":"closed","ping_status":"closed","template":"","meta":{"_acf_changed":false,"footnotes":""},"class_list":["post-614","page","type-page","status-publish","hentry"],"acf":[],"_links":{"self":[{"href":"https:\/\/reuzado.nl\/de\/wp-json\/wp\/v2\/pages\/614","targetHints":{"allow":["GET"]}}],"collection":[{"href":"https:\/\/reuzado.nl\/de\/wp-json\/wp\/v2\/pages"}],"about":[{"href":"https:\/\/reuzado.nl\/de\/wp-json\/wp\/v2\/types\/page"}],"author":[{"embeddable":true,"href":"https:\/\/reuzado.nl\/de\/wp-json\/wp\/v2\/users\/1"}],"replies":[{"embeddable":true,"href":"https:\/\/reuzado.nl\/de\/wp-json\/wp\/v2\/comments?post=614"}],"version-history":[{"count":0,"href":"https:\/\/reuzado.nl\/de\/wp-json\/wp\/v2\/pages\/614\/revisions"}],"up":[{"embeddable":true,"href":"https:\/\/reuzado.nl\/de\/wp-json\/wp\/v2\/pages\/432"}],"wp:attachment":[{"href":"https:\/\/reuzado.nl\/de\/wp-json\/wp\/v2\/media?parent=614"}],"curies":[{"name":"wp","href":"https:\/\/api.w.org\/{rel}","templated":true}]}}