{"id":625,"date":"2025-05-09T11:23:01","date_gmt":"2025-05-09T11:23:01","guid":{"rendered":"https:\/\/reuzado.nl\/?page_id=625"},"modified":"2026-03-16T15:39:09","modified_gmt":"2026-03-16T15:39:09","slug":"entsorgung-von-alter-hardware","status":"publish","type":"page","link":"https:\/\/reuzado.nl\/de\/losungsdienstleistungen\/ikt-beschaffung\/entsorgung-von-alter-hardware\/","title":{"rendered":"Entsorgung von alter Hardware"},"content":{"rendered":"<div  class=\"section section-pageheader-detail  has-no-bg has-no-pattern\">\n        <div class=\"container\">\n            <div class=\"holder\">\n                                    <div class=\"background-image\">\n                        <img decoding=\"async\" src=\"https:\/\/reuzado.nl\/app\/uploads\/2025\/09\/Reuzado-hoge-resolutie-JudithCapponFotografie-7812.jpg\" alt=\"Entsorgung von alter Hardware\">\n                    <\/div>\n                \n                                    <div class=\"content\">\n                        <h1>Entsorgung von alter Hardware<\/h1>\n\n                                                    <div class=\"rank-math-breadcrumbs\">\n                                <nav aria-label=\"Semmelbr\u00f6sel\" class=\"rank-math-breadcrumb\"><p><span class=\"last\">Startseite<\/span><\/p><\/nav>                            <\/div>\n                                            <\/div>\n                \n                            <\/div>\n        <\/div>\n    <\/div>\n\n\n        <div  class=\"section section-content has-no-bg has-no-pattern\">\n                        <div class=\"container\">\n                <div class=\"content-holder\">\n                    <div class=\"content\">\n                        <div class=\"inner\">\n                            <p>Ist Ihr altes IT-Equipment zum Austausch f\u00e4llig? Dann ist es wichtig, sie sicher und verantwortungsvoll zu entsorgen. Reuzado unterst\u00fctzt Unternehmen bei der fachgerechten Entsorgung ausgemusterter Hardware - vom einzelnen Ger\u00e4t bis zur kompletten B\u00fcroausstattung. Wir sorgen daf\u00fcr, dass Ihre Ger\u00e4te nicht nur aus dem Blickfeld verschwinden, sondern auch nach den geltenden Normen sauber verarbeitet werden.<\/p>\n<p>Ob alte Computer, Server, Monitore oder mobile Ger\u00e4te: Wir sammeln sie ein, registrieren sie St\u00fcck f\u00fcr St\u00fcck, entfernen alle Daten und verarbeiten die Hardware sicher und umweltbewusst.<\/p>\n                                                                                                <div class=\"button-holder\">\n                                                                                    <a href=\"https:\/\/reuzado.nl\/de\/angebot\/entsorgung-recycling-von-hardware\/\"\n                                                target=\"_self\"\n                                                class=\"button\">Angebot anfordern<\/a>\n                                                                                                                            <a href=\"https:\/\/reuzado.nl\/de\/kontakt\/\"\n                                                target=\"_self\"\n                                                class=\"button alt\">Kontakt aufnehmen<\/a>\n                                                                                                                    <\/div>\n                                                                                    <\/div>\n                    <\/div>\n                <\/div>\n            <\/div>\n        <\/div>\n\n    \n\n        <div  class=\"section section-block-cards has-no-padding-bottom-d has-no-padding-bottom-m has-bg-lightblue has-pattern-blue\">\n            \n            <div class=\"container\">\n                <div class=\"holder\">\n                    <div class=\"content-holder\">\n                        <h2>Entsorgung von alter Hardware: der Prozess<\/h2>\n\n                                            <\/div>\n\n                    <div class=\"block-holder\">\n                                                    <div class=\"blocks\">\n                                                                                                            <div class=\"column\">\n                                                                                            <div class=\"block\">\n                                                    <div class=\"inner\">\n                                                        <h3>1. Registrierung und Ausrichtung<\/h3>\n<p>Sie geben an, welche Ger\u00e4te entsorgt werden sollen. Das kann eine Liste sein, muss es aber nicht. Wir vereinbaren gemeinsam, was f\u00fcr den Transport und die Verarbeitung erforderlich ist.<\/p>\n                                                                                                            <\/div>\n                                                <\/div>\n                                                                                            <div class=\"block\">\n                                                    <div class=\"inner\">\n                                                        <h3>2. Abholung durch zertifizierte Fahrer<\/h3>\n<p>Unsere eigenen Mitarbeiter holen die Ger\u00e4te bei Ihnen ab, ausgestattet mit einem sicheren Transport und versiegelten Containern oder Beh\u00e4ltern, falls erforderlich.<\/p>\n                                                                                                            <\/div>\n                                                <\/div>\n                                                                                    <\/div>\n                                                                                                                                                <div class=\"column\">\n                                                                                            <div class=\"block\">\n                                                    <div class=\"inner\">\n                                                        <h3>3. Aufnahme und Registrierung<\/h3>\n<p>Jedes Ger\u00e4t wird bei der Ankunft sorgf\u00e4ltig erfasst und mit einer Projektnummer verkn\u00fcpft. Sind Datentr\u00e4ger vorhanden? Wenn ja, werden diese separat aufbewahrt.<\/p>\n                                                                                                            <\/div>\n                                                <\/div>\n                                                                                            <div class=\"block\">\n                                                    <div class=\"inner\">\n                                                        <h3>4. L\u00f6schung oder Vernichtung von Daten<\/h3>\n<p>Ger\u00e4te mit Speicherplatz werden gel\u00f6scht oder physisch vernichtet. F\u00fcr jede Seriennummer erhalten Sie ein Zertifikat. Defekte Hardware wird ebenfalls sicher verarbeitet.<\/p>\n                                                                                                            <\/div>\n                                                <\/div>\n                                                                                            <div class=\"block\">\n                                                    <div class=\"inner\">\n                                                        <h3>5. Umweltschonende Verarbeitung<\/h3>\n<p>Alles, was noch brauchbar ist, wird f\u00fcr die Wiederverwendung vorbereitet. Andere Teile werden verantwortungsbewusst recycelt. Anschlie\u00dfend erhalten Sie einen klaren Bericht.<\/p>\n                                                                                                            <\/div>\n                                                <\/div>\n                                                                                    <\/div>\n                                                                                                <\/div>\n                                            <\/div>\n                <\/div>\n            <\/div>\n        <\/div>\n    \n\n    <div  class=\"section section-image-card has-no-padding-bottom-d has-no-padding-bottom-m has-no-bg has-no-pattern\">\n        \n        <div class=\"container\">\n            <div class=\"card-holder\">\n                                    <div class=\"content-holder\">\n                        <div class=\"inner\">\n                            <p><strong>Entsorgung von alter Hardware<\/strong><\/p>\n<h2>Welche Art von Hardware k\u00f6nnen Sie loswerden?<\/h2>\n<p>Bei Reuzado k\u00f6nnen Sie praktisch jede Art von Gesch\u00e4ftshardware sicher entsorgen lassen, einschlie\u00dflich:<\/p>\n<ul>\n<li>Alte Laptops, Desktops und Thin Clients<\/li>\n<li>Server, Switches, Racks und andere Netzwerkausr\u00fcstung<\/li>\n<li>Monitore, Tastaturen und Docking-Stationen<\/li>\n<li>Smartphones, Tablets und andere mobile Ger\u00e4te<\/li>\n<li>Drucker, Scanner, Verkabelung und Zubeh\u00f6r<\/li>\n<\/ul>\n<p>Haben Sie ganze Arbeitspl\u00e4tze oder Serverr\u00e4ume zu r\u00e4umen? Auch darum k\u00fcmmern wir uns.<\/p>\n                                                    <\/div>\n                    <\/div>\n                \n                                    <div class=\"image-wrapper\">\n                        <div class=\"image-holder\">\n                            <img decoding=\"async\" src=\"https:\/\/reuzado.nl\/app\/uploads\/2025\/06\/Reuzado-9696-scaled.jpg\" alt=\"\">\n                        <\/div>\n                    <\/div>\n                            <\/div>\n        <\/div>\n    <\/div>\n\n\n    <div  class=\"section section-intro-text-image has-no-bg has-no-pattern\">\n        <div class=\"wrapper\">\n            <div class=\"column-wrapper\">\n                <div class=\"column-holder\">\n                    <div class=\"column\">\n                        <div class=\"image-holder is-blue\">\n                        <\/div>\n                    <\/div>\n                    <div class=\"column\">\n                        <div class=\"image-holder is-lightblue\">\n                        <\/div>\n                        <div class=\"image-holder is-blue\">\n                        <\/div>\n                    <\/div>\n                    <div class=\"column\">\n                                                    <div class=\"image-holder\">\n                                <img decoding=\"async\" src=\"https:\/\/reuzado.nl\/app\/uploads\/2025\/09\/Reuzado-hoge-resolutie-JudithCapponFotografie-7811.jpg\" alt=\"\">\n                            <\/div>\n                                                <div class=\"image-holder is-blue\">\n                        <\/div>\n                    <\/div>\n                <\/div>\n            <\/div>\n            <div class=\"container\">\n                <div class=\"title\">\n                                            <h3>Auch f\u00fcr Organisationen mit mehreren Standorten geeignet<\/h3>\n<p>Haben Sie mehrere Standorte oder eine dezentralisierte IT-Struktur? Dann wollen Sie die Entsorgung alter Hardware strukturiert organisieren. Reuzado bietet flexible L\u00f6sungen f\u00fcr Unternehmen mit mehreren Standorten. Wir koordinieren einen Abholtermin pro Niederlassung, sorgen f\u00fcr eine separate Anmeldung pro Standort und b\u00fcndeln alles \u00fcbersichtlich in einer Projektakte. \u00dcber unser Kundenportal Circu-IT verfolgen Sie jeden Schritt - von der Abholung bis zur Bearbeitung - an einer zentralen Stelle. So behalten Sie m\u00fchelos den \u00dcberblick \u00fcber Ihren gesamten Hardwarefluss, auch wenn er \u00fcber das ganze Land verteilt ist.<\/p>\n                    \n                                    <\/div>\n                <div class=\"mobile-image\">\n                    <div class=\"column-holder\">\n                        <div class=\"column\">\n                            <div class=\"image-holder is-blue\">\n                            <\/div>\n                        <\/div>\n                        <div class=\"column\">\n                            <div class=\"image-holder is-lightblue\">\n                            <\/div>\n                            <div class=\"image-holder is-blue\">\n                            <\/div>\n                        <\/div>\n                        <div class=\"column\">\n                                                            <div class=\"image-holder\">\n                                    <img decoding=\"async\" src=\"https:\/\/reuzado.nl\/app\/uploads\/2025\/09\/Reuzado-hoge-resolutie-JudithCapponFotografie-7811.jpg\" alt=\"\">\n                                <\/div>\n                                                        <div class=\"image-holder is-blue\">\n                            <\/div>\n                        <\/div>\n                    <\/div>\n                <\/div>\n                <div class=\"text\">\n                    <div class=\"inner\">\n                                                    <h3>Sicherer Umgang mit Datentr\u00e4gern<\/h3>\n<p>Bei der Entsorgung von IT-Altger\u00e4ten ist die Datensicherheit keine Nebensache - sie ist unerl\u00e4sslich. Ger\u00e4te mit Speicher, wie Festplatten, SSDs oder interne Flash-Module, behandeln wir standardm\u00e4\u00dfig als potenziell riskant. Deshalb werden sie bei der Ankunft sofort demontiert und in einem sicheren Bereich gelagert. Anschlie\u00dfend sorgen wir f\u00fcr eine zertifizierte Datenentsorgung mittels Blancco-Software oder eine physische Vernichtung nach DIN 66399 H5. Sie erhalten f\u00fcr jeden einzelnen Datentr\u00e4ger ein Zertifikat mit Seriennummer und Verarbeitungsart. Damit erf\u00fcllen Sie alle <a href=\"https:\/\/ondernemersplein.overheid.nl\/bedrijfsvoering\/juridische-zaken\/de-avg-dit-moeten-ondernemers-doen\/\" target=\"_blank\" rel=\"noopener\">AVG<\/a>-Anforderungen und haben einen wasserdichten Nachweis f\u00fcr Audits oder interne Compliance.<\/p>\n                                                                    <\/div>\n                <\/div>\n            <\/div>\n        <\/div>\n    <\/div>\n\n\n        <div  class=\"section section-content has-bg-lightblue has-no-pattern\">\n                        <div class=\"container\">\n                <div class=\"content-holder\">\n                    <div class=\"content\">\n                        <div class=\"inner\">\n                            <p><strong>Entsorgung von alter Hardware<\/strong><\/p>\n<h3>Ihre alte Hardware als Quelle f\u00fcr neue Werte<\/h3>\n<p>Entsorgung muss nicht gleichbedeutend mit Abfall sein. Im Gegenteil: Wir pr\u00fcfen jedes Ger\u00e4t kritisch auf seine Wiederverwendbarkeit. Funktionierende Hardware erh\u00e4lt durch Refurbishing ein zweites Leben, und Komponenten wie Speichermodule oder Netzteile werden, wo immer m\u00f6glich, wiederverwendet. Auf diese Weise leisten Sie einen aktiven Beitrag zur Kreislaufwirtschaft, reduzieren den Elektroschrott und verringern indirekt die Umweltauswirkungen der Neuproduktion. Ger\u00e4te oder Komponenten, die wirklich nicht mehr zu gebrauchen sind, werden sorgf\u00e4ltig demontiert und zertifizierten Aufbereitern angeboten. Diese gewinnen wertvolle Rohstoffe zur\u00fcck - von Edelmetallen bis hin zu recyceltem Kunststoff.<\/p>\n                                                                                                                <\/div>\n                    <\/div>\n                <\/div>\n            <\/div>\n        <\/div>\n\n    \n\n    <div  class=\"section section-faq is-default has-no-bg has-no-pattern\">\n        \n        <div class=\"container\">\n                        <div class=\"faq-wrapper\">\n                <div class=\"faq\">\n                                                                        <div class=\"faq-title\">\n                                <h2>H\u00e4ufig gestellte Fragen zur Entsorgung von alter Hardware<\/h2>\n                            <\/div>\n                                            \n                                            <div class=\"faq-items-wrapper\">\n                                                            <div class=\"faq-item\">\n                                    <div class=\"faq-heading toggle-heading\">\n                                        <h3>Was kostet die Entsorgung von IT-Altger\u00e4ten?<\/h3>\n                                        <i class=\"icon opened\"><\/i>\n                                    <\/div>\n                                    <div class=\"faq-body toggle-body is-opened\">\n                                        <p>Die Kosten h\u00e4ngen von der Anzahl der Ger\u00e4te, dem Standort und davon ab, ob Datentr\u00e4ger vernichtet werden m\u00fcssen. Wir unterbreiten Ihnen immer vorab ein klares Angebot, das auf Ihre Situation zugeschnitten ist.<\/p>\n                                    <\/div>\n                                <\/div>\n                                                            <div class=\"faq-item\">\n                                    <div class=\"faq-heading toggle-heading\">\n                                        <h3>Kann ich auch einen alten Computer abholen lassen?<\/h3>\n                                        <i class=\"icon closed\"><\/i>\n                                    <\/div>\n                                    <div class=\"faq-body toggle-body hidden\">\n                                        <p>Sicher. Ob es sich um einen einzelnen alten Computer oder einen ganzen Stapel veralteter Workstations handelt, wir sorgen f\u00fcr eine sichere Entsorgung und Aufbereitung. Ger\u00e4te mit Datentr\u00e4gern werden ebenfalls zertifiziert gel\u00f6scht oder vernichtet.<\/p>\n                                    <\/div>\n                                <\/div>\n                                                            <div class=\"faq-item\">\n                                    <div class=\"faq-heading toggle-heading\">\n                                        <h3>Was passiert mit Ger\u00e4ten, die noch funktionieren?<\/h3>\n                                        <i class=\"icon closed\"><\/i>\n                                    <\/div>\n                                    <div class=\"faq-body toggle-body hidden\">\n                                        <p>Wenn ein Ger\u00e4t, z. B. ein alter Laptop oder Monitor, noch brauchbar ist, wird es nach der \u00dcberpr\u00fcfung f\u00fcr die Wiederverwendung vorbereitet. Auf diese Weise verl\u00e4ngern wir die Lebensdauer und reduzieren Ihren E-M\u00fcll.<\/p>\n                                    <\/div>\n                                <\/div>\n                                                            <div class=\"faq-item\">\n                                    <div class=\"faq-heading toggle-heading\">\n                                        <h3>Ist dies auch Teil des IT-Recyclings?<\/h3>\n                                        <i class=\"icon closed\"><\/i>\n                                    <\/div>\n                                    <div class=\"faq-body toggle-body hidden\">\n                                        <p>Ja, die Entsorgung von Hardware durch Reuzado ist Teil eines umfassenden IT-Recyclingprozesses. Wir sorgen f\u00fcr die Wiederverwendung, wo dies m\u00f6glich ist, und f\u00fcr ein hochwertiges Recycling von nicht wiederverwendbaren Teilen durch zertifizierte Partner.<\/p>\n                                    <\/div>\n                                <\/div>\n                                                            <div class=\"faq-item\">\n                                    <div class=\"faq-heading toggle-heading\">\n                                        <h3>Bekomme ich ein Zertifikat \u00fcber die Datenvernichtung?<\/h3>\n                                        <i class=\"icon closed\"><\/i>\n                                    <\/div>\n                                    <div class=\"faq-body toggle-body hidden\">\n                                        <p>Ja. Jeder Datentr\u00e4ger, der von uns gel\u00f6scht oder physisch vernichtet wird, wird Ihnen mit einem offiziellen Zertifikat und der dazugeh\u00f6rigen Seriennummer zugesandt. Auf diese Weise erf\u00fcllen Sie das AVG und k\u00f6nnen die Datensicherheit nachweisen.<\/p>\n                                    <\/div>\n                                <\/div>\n                                                            <div class=\"faq-item\">\n                                    <div class=\"faq-heading toggle-heading\">\n                                        <h3>Kann ich auch eine kleine Menge an Hardware entsorgen lassen?<\/h3>\n                                        <i class=\"icon closed\"><\/i>\n                                    <\/div>\n                                    <div class=\"faq-body toggle-body hidden\">\n                                        <p>Sie k\u00f6nnen auch wegen einiger Ger\u00e4te zu uns kommen. Denken Sie an einen alten Computer, Router oder Drucker. Wir haben flexible L\u00f6sungen sowohl f\u00fcr kleine als auch f\u00fcr gro\u00dfe Mengen.<\/p>\n                                    <\/div>\n                                <\/div>\n                                                            <div class=\"faq-item\">\n                                    <div class=\"faq-heading toggle-heading\">\n                                        <h3>Bieten Sie auch die Demontage vor Ort an?<\/h3>\n                                        <i class=\"icon closed\"><\/i>\n                                    <\/div>\n                                    <div class=\"faq-body toggle-body hidden\">\n                                        <p>Bei Bedarf demontieren wir Hardware vor Ort, z.B. in Serverr\u00e4umen oder B\u00fcros. Sagen Sie uns Bescheid, wenn Sie anfragen, und wir werden Sie entsprechend unterst\u00fctzen.<\/p>\n                                    <\/div>\n                                <\/div>\n                                                    <\/div>\n                                    <\/div>\n            <\/div>\n        <\/div>\n    <\/div>\n\n\n    <div  class=\"section section-cta has-small-image has-no-padding-bottom-d has-no-padding-bottom-m has-no-bg has-no-pattern\">\n        \n        <div class=\"holder\">\n            <div class=\"container\">\n                <div class=\"cta-holder\">\n                                            <div class=\"image-holder\">\n                            <img decoding=\"async\" src=\"https:\/\/reuzado.nl\/app\/uploads\/2026\/03\/CTA-Tim.png\" alt=\"\">\n                        <\/div>\n                                        <div class=\"content-holder\">\n                        <div class=\"inner\">\n                            <p>M\u00f6chten Sie wissen, welche Produkte f\u00fcr Ihr Unternehmen am besten geeignet sind?<\/p>\n<p>Dann wenden Sie sich an unsere Beraterinnen und Berater. Sie k\u00f6nnen sie erreichen \u00fcber <a href=\"mailto:info@reuzado.nl\">info@reuzado.nl<\/a> oder \u00fcber <a href=\"tel:+31(0)235519821\">+31 (0)23 551 98 21<\/a>. Oder f\u00fcllen Sie das Kontaktformular aus.<\/p>\n                                                            <div class=\"button-holder\">\n                                    \n                                                                            <a href=\"https:\/\/reuzado.nl\/de\/kontakt\/\" target=\"_self\" class=\"button alt\">Kontakt aufnehmen<\/a>\n                                                                    <\/div>\n                                                    <\/div>\n                    <\/div>\n                <\/div>\n            <\/div>\n        <\/div>\n\n                    <div class=\"background-image\">\n                <img decoding=\"async\" src=\"https:\/\/reuzado.nl\/app\/uploads\/2025\/06\/Reuzado-9377-scaled.jpg\" alt=\"\">\n            <\/div>\n            <\/div>","protected":false},"excerpt":{"rendered":"","protected":false},"author":1,"featured_media":0,"parent":432,"menu_order":0,"comment_status":"closed","ping_status":"closed","template":"","meta":{"_acf_changed":false,"footnotes":""},"class_list":["post-625","page","type-page","status-publish","hentry"],"acf":[],"_links":{"self":[{"href":"https:\/\/reuzado.nl\/de\/wp-json\/wp\/v2\/pages\/625","targetHints":{"allow":["GET"]}}],"collection":[{"href":"https:\/\/reuzado.nl\/de\/wp-json\/wp\/v2\/pages"}],"about":[{"href":"https:\/\/reuzado.nl\/de\/wp-json\/wp\/v2\/types\/page"}],"author":[{"embeddable":true,"href":"https:\/\/reuzado.nl\/de\/wp-json\/wp\/v2\/users\/1"}],"replies":[{"embeddable":true,"href":"https:\/\/reuzado.nl\/de\/wp-json\/wp\/v2\/comments?post=625"}],"version-history":[{"count":0,"href":"https:\/\/reuzado.nl\/de\/wp-json\/wp\/v2\/pages\/625\/revisions"}],"up":[{"embeddable":true,"href":"https:\/\/reuzado.nl\/de\/wp-json\/wp\/v2\/pages\/432"}],"wp:attachment":[{"href":"https:\/\/reuzado.nl\/de\/wp-json\/wp\/v2\/media?parent=625"}],"curies":[{"name":"wp","href":"https:\/\/api.w.org\/{rel}","templated":true}]}}