{"id":765,"date":"2025-05-14T09:31:52","date_gmt":"2025-05-14T09:31:52","guid":{"rendered":"https:\/\/reuzado.nl\/?page_id=765"},"modified":"2025-08-01T14:08:30","modified_gmt":"2025-08-01T14:08:30","slug":"laptop-recycling","status":"publish","type":"page","link":"https:\/\/reuzado.nl\/de\/losungsdienstleistungen\/ikt-beschaffung\/it-recycling\/laptop-recycling\/","title":{"rendered":"Laptop-Recycling"},"content":{"rendered":"<div  class=\"section section-pageheader-detail  has-no-bg has-no-pattern\">\n        <div class=\"container\">\n            <div class=\"holder\">\n                                    <div class=\"background-image\">\n                        <img decoding=\"async\" src=\"https:\/\/reuzado.nl\/app\/uploads\/2025\/06\/Reuzado-9630-scaled.jpg\" alt=\"Laptop-Recycling\">\n                    <\/div>\n                \n                                    <div class=\"content\">\n                        <h1>Laptop-Recycling<\/h1>\n\n                                                    <div class=\"rank-math-breadcrumbs\">\n                                <nav aria-label=\"Semmelbr\u00f6sel\" class=\"rank-math-breadcrumb\"><p><span class=\"last\">Startseite<\/span><\/p><\/nav>                            <\/div>\n                                            <\/div>\n                \n                            <\/div>\n        <\/div>\n    <\/div>\n\n\n        <div  class=\"section section-content has-no-bg has-no-pattern\">\n                        <div class=\"container\">\n                <div class=\"content-holder\">\n                    <div class=\"content\">\n                        <div class=\"inner\">\n                            <p>Sie geben alte Laptops zur\u00fcck? Wir sorgen f\u00fcr eine sichere, schnelle und umweltfreundliche Entsorgung von ausrangierten Laptops. Ob ein paar St\u00fcck oder eine ganze Charge von Gesch\u00e4ftsger\u00e4ten: Wir organisieren das Laptop-Recycling von A bis Z. Inklusive zertifizierter Datenvernichtung und einem \u00fcbersichtlichen Bericht.<\/p>\n                                                                                                <div class=\"button-holder\">\n                                                                                    <a href=\"https:\/\/reuzado.nl\/de\/ein-angebot-anfordern\/\"\n                                                target=\"_self\"\n                                                class=\"button\">Angebot anfordern<\/a>\n                                                                                                                            <a href=\"https:\/\/reuzado.nl\/de\/kontakt\/\"\n                                                target=\"_self\"\n                                                class=\"button\">Kontakt aufnehmen<\/a>\n                                                                                                                    <\/div>\n                                                                                    <\/div>\n                    <\/div>\n                <\/div>\n            <\/div>\n        <\/div>\n\n    \n\n        <div  class=\"section section-block-cards has-bg-lightblue has-pattern-blue\">\n            \n            <div class=\"container\">\n                <div class=\"holder\">\n                    <div class=\"content-holder\">\n                        <h2>Laptop-Recycling: Wie funktioniert der Recyclingprozess?<\/h2>\n<p>Ein alter Laptop sieht vielleicht ausrangiert aus, aber er enth\u00e4lt noch immer wertvolle Materialien und datenschutzrechtlich sensible Informationen. Wenn Sie Laptops professionell recyceln, verhindern Sie Datenverluste und tragen zu einer Kreislaufwirtschaft bei. Denken Sie an Metalle wie Kupfer und Aluminium, aber auch an Schadstoffe, die sicher verarbeitet werden m\u00fcssen.<\/p>\n<p>Auch das Laptop-Recycling ist gesetzlich vorgeschrieben: Elektronische Ger\u00e4te d\u00fcrfen nicht in den Restm\u00fcll. Wir sorgen daf\u00fcr, dass Sie alle Vorschriften einhalten - ohne zur\u00fcckzuschauen.<\/p>\n\n                                            <\/div>\n\n                    <div class=\"block-holder\">\n                                                    <div class=\"blocks\">\n                                                                                                            <div class=\"column\">\n                                                                                            <div class=\"block\">\n                                                    <div class=\"inner\">\n                                                        <h3>1. Registrierung Ihrer Ausr\u00fcstung<\/h3>\n<p><span style=\"font-weight: 400\">Schicken Sie uns eine Liste Ihrer alten Laptops oder kontaktieren Sie uns direkt. Wir werden besprechen, was gesammelt werden muss und ob es zus\u00e4tzliche Anforderungen gibt, wie z. B. die Datenvernichtung vor Ort.<\/span><\/p>\n                                                                                                            <\/div>\n                                                <\/div>\n                                                                                            <div class=\"block\">\n                                                    <div class=\"inner\">\n                                                        <h3>2. Abholung mit sicherem Transport<\/h3>\n<p><span style=\"font-weight: 400\">Wir holen Laptops ab, wo und wann es Ihnen passt - sicher und diskret. Gro\u00dfe Mengen? Kein Problem.<\/span><\/p>\n                                                                                                            <\/div>\n                                                <\/div>\n                                                                                    <\/div>\n                                                                                                                                                <div class=\"column\">\n                                                                                            <div class=\"block\">\n                                                    <div class=\"inner\">\n                                                        <h3>3. Registrierung und Bearbeitung<\/h3>\n<p><span style=\"font-weight: 400\">Alle Laptops werden bei der Ankunft registriert und \u00fcberpr\u00fcft. Funktionierende Ger\u00e4te werden f\u00fcr die Wiederverwendung vorbereitet, defekte Teile werden umweltgerecht entsorgt.<\/span><\/p>\n                                                                                                            <\/div>\n                                                <\/div>\n                                                                                            <div class=\"block\">\n                                                    <div class=\"inner\">\n                                                        <h3>4. Vollst\u00e4ndige Datenvernichtung<\/h3>\n<p><span style=\"font-weight: 400\">Die Speichermedien werden entweder per Software gel\u00f6scht oder physisch vernichtet - je nach Ihrer Wahl. Sie erhalten immer ein offizielles Datenvernichtungszertifikat.<\/span><\/p>\n                                                                                                            <\/div>\n                                                <\/div>\n                                                                                            <div class=\"block\">\n                                                    <div class=\"inner\">\n                                                        <h3>5. Berichterstattung und Nachweise<\/h3>\n<p><span style=\"font-weight: 400\">Anschlie\u00dfend erhalten Sie einen \u00fcbersichtlichen Bericht mit den Seriennummern der zerst\u00f6rten Speichermedien und verarbeiteten Ger\u00e4te.<\/span><\/p>\n                                                                                                            <\/div>\n                                                <\/div>\n                                                                                    <\/div>\n                                                                                                <\/div>\n                                            <\/div>\n                <\/div>\n            <\/div>\n        <\/div>\n    \n\n\n    <div         class=\"section section-image-content  has-no-bg has-no-pattern\">\n        <div class=\"holder\">\n            <div class=\"image-holder\">\n                                        <div class=\"column\">\n                            <div class=\"image-wrapper\">\n                                <img decoding=\"async\" src=\"https:\/\/reuzado.nl\/app\/uploads\/2025\/06\/Reuzado-9564-scaled.jpg\" alt=\"Telefon-Recycling\">\n                            <\/div>\n                        <\/div>\n                                                                <div class=\"column\">\n                                                            <div class=\"image-wrapper\">\n                                    <img decoding=\"async\" src=\"https:\/\/reuzado.nl\/app\/uploads\/2025\/06\/Reuzado-9503-scaled.jpg\" alt=\"\">\n                                <\/div>\n                                                                                        <div class=\"image-wrapper\">\n                                    <img decoding=\"async\" src=\"https:\/\/reuzado.nl\/app\/uploads\/2025\/06\/Reuzado-9701-scaled.jpg\" alt=\"Aufkauf von Cisco\">\n                                <\/div>\n                                                    <\/div>\n                                                                    <\/div>\n            <div class=\"image-holder-mobile\">\n                                        <div class=\"column\">\n                            <div class=\"image-wrapper\">\n                                <img decoding=\"async\" src=\"https:\/\/reuzado.nl\/app\/uploads\/2025\/06\/Reuzado-9564-scaled.jpg\" alt=\"Telefon-Recycling\">\n                            <\/div>\n                        <\/div>\n                                                                <div class=\"column\">\n                                                            <div class=\"image-wrapper\">\n                                    <img decoding=\"async\" src=\"https:\/\/reuzado.nl\/app\/uploads\/2025\/06\/Reuzado-9503-scaled.jpg\" alt=\"\">\n                                <\/div>\n                                                                                        <div class=\"image-wrapper\">\n                                    <img decoding=\"async\" src=\"https:\/\/reuzado.nl\/app\/uploads\/2025\/06\/Reuzado-9701-scaled.jpg\" alt=\"Aufkauf von Cisco\">\n                                <\/div>\n                                                    <\/div>\n                                                                    <\/div>\n            <div class=\"content-holder\">\n                <div class=\"inner\">\n                                            <h2>Datenvernichtung beim Laptop-Recycling<\/h2>\n<p>Auf Laptops sind oft mehr Informationen gespeichert, als man denkt - von pers\u00f6nlichen Dateien und E-Mails bis hin zu Kundendaten, Passw\u00f6rtern und sensiblen Gesch\u00e4ftsinformationen. Selbst wenn ein Ger\u00e4t jahrelang ungenutzt im Schrank steht, k\u00f6nnen auf der Festplatte oder SSD noch Datenspuren vorhanden sein. Deshalb legen wir bei jedem Recycling-Auftrag gro\u00dfen Wert auf eine professionelle und zertifizierte Datenvernichtung. Ihre Daten werden auf sichere und nachpr\u00fcfbare Weise vollst\u00e4ndig entfernt, so dass Sie sich beruhigt von Ihrem alten Laptop verabschieden k\u00f6nnen.<\/p>\n                    \n                                    <\/div>\n            <\/div>\n        <\/div>\n    <\/div>\n\n\n        <div  class=\"section section-content two-columns has-no-bg has-no-pattern\">\n            <div class=\"container\">\n                <div class=\"content-holder\">\n                                            <div class=\"column\">\n                            <div class=\"content\">\n                                <h3>Softwaregest\u00fctzte Vernichtung mit Zertifikat<\/h3>\n<p>Wenn ein Laptop noch funktionsf\u00e4hig ist, k\u00f6nnen wir die Daten mit zertifizierter Software sicher und dauerhaft l\u00f6schen. Dies geschieht durch einen gr\u00fcndlichen \u00dcberschreibungsprozess, bei dem alle gespeicherten Daten mehrfach ersetzt werden, so dass eine Wiederherstellung unm\u00f6glich ist. F\u00fcr diesen Service verwenden wir Blancco - einen international anerkannten Standard f\u00fcr die Datenl\u00f6schung. Blancco erf\u00fcllt strenge Anforderungen und wird u. a. von der NATO, dem AIVD, der ANSSI und dem T\u00dcV empfohlen.<br \/>\nDiese Methode ist nicht nur sicher, sondern auch nachhaltig: Der Laptop selbst bleibt brauchbar und kann in vielen F\u00e4llen ein zweites Leben erhalten. Anschlie\u00dfend erhalten Sie einen detaillierten Bericht mit den Seriennummern der gel\u00f6schten Ger\u00e4te und ein offizielles Vernichtungszertifikat als schl\u00fcssigen Beweis.<\/p>\n                            <\/div>\n                        <\/div>\n                                        <div class=\"column\">\n                        <div class=\"content\">\n                            <h3>Physische Zerst\u00f6rung von Speichermedien<\/h3>\n<p>Ist der Laptop besch\u00e4digt, veraltet oder enth\u00e4lt er sensible Informationen, die auf keinen Fall nach au\u00dfen dringen d\u00fcrfen? Dann entscheiden wir uns f\u00fcr die physische Zerst\u00f6rung des Speichermediums. In diesem Fall wird die interne Festplatte oder SSD mit einem Industrieshredder vollst\u00e4ndig unbrauchbar gemacht, der das Speichermedium in kleine, unlesbare Fragmente zerschreddert.<br \/>\nDiese Methode wird in unserer hochsicheren Verarbeitungsanlage durchgef\u00fchrt, aber bei Bedarf k\u00f6nnen wir auch eine physische Vernichtung vor Ort beim Kunden anbieten - zum Beispiel f\u00fcr Organisationen mit hohen Datenschutzanforderungen oder spezifischen Compliance-Verpflichtungen. Selbstverst\u00e4ndlich erhalten Sie auch in diesem Fall ein Vernichtungszertifikat, so dass Sie die volle Kontrolle und den Nachweis der Datensicherheit haben.<\/p>\n<p>Mit beiden Methoden garantieren wir, dass Ihre vertraulichen Daten niemals in die falschen H\u00e4nde geraten.<\/p>\n                                                    <\/div>\n                    <\/div>\n                <\/div>\n            <\/div>\n        <\/div>\n\n    \n\n    <div  class=\"section section-images-slider has-no-padding-bottom-d has-no-padding-bottom-m has-no-bg has-no-pattern\">\n        \n                    <div class=\"slider-container\">\n                <div class=\"slider-track\">\n                                            <div class=\"slide\">\n                            <img decoding=\"async\" src=\"https:\/\/reuzado.nl\/app\/uploads\/2025\/06\/Reuzado-9564-scaled.jpg\" alt=\"Telefon-Recycling\">\n                        <\/div>\n                                            <div class=\"slide\">\n                            <img decoding=\"async\" src=\"https:\/\/reuzado.nl\/app\/uploads\/2025\/06\/Reuzado-9648-scaled.jpg\" alt=\"\">\n                        <\/div>\n                                            <div class=\"slide\">\n                            <img decoding=\"async\" src=\"https:\/\/reuzado.nl\/app\/uploads\/2025\/06\/Reuzado-9597-scaled.jpg\" alt=\"Computer kaufen\">\n                        <\/div>\n                                            <div class=\"slide\">\n                            <img decoding=\"async\" src=\"https:\/\/reuzado.nl\/app\/uploads\/2025\/06\/Reuzado-9503-scaled.jpg\" alt=\"\">\n                        <\/div>\n                                            <div class=\"slide\">\n                            <img decoding=\"async\" src=\"https:\/\/reuzado.nl\/app\/uploads\/2025\/06\/Reuzado-9701-scaled.jpg\" alt=\"Aufkauf von Cisco\">\n                        <\/div>\n                                    <\/div>\n            <\/div>\n            <\/div>\n\n\n        <div  class=\"section section-content two-columns has-bg-lightblue has-no-pattern\">\n            <div class=\"container\">\n                <div class=\"content-holder\">\n                                            <div class=\"column\">\n                            <div class=\"content\">\n                                <h4>Verantwortungsvoller Umgang mit abgeschriebenen Laptops<\/h4>\n<p>Nicht jeder Laptop muss sofort vernichtet werden. Viele Ger\u00e4te sind technisch noch in Ordnung und k\u00f6nnen ein zweites Leben erhalten. Wir pr\u00fcfen jeden Laptop auf seine Wiederverwendbarkeit. Geeignete Exemplare werden gereinigt und f\u00fcr die Wiederverwendung, zum Beispiel in Bildungsprojekten, vorbereitet.<\/p>\n<p>Ist eine Wiederverwendung nicht m\u00f6glich? Dann wird das Ger\u00e4t nach den Richtlinien von WEEELABEX aufbereitet. Wertvolle Materialien werden zur\u00fcckgewonnen und Schadstoffe verantwortungsvoll entsorgt.<\/p>\n                            <\/div>\n                        <\/div>\n                                        <div class=\"column\">\n                        <div class=\"content\">\n                            <h4>Wir kaufen Ihre alten Laptops auf<\/h4>\n<p>M\u00f6chten Sie alte Laptops verkaufen? Kontaktieren Sie uns unter opkoop@reuzado.nl oder rufen Sie 023 5519821 an. Gemeinsam besprechen wir die Anzahl, den Typ und den Zustand der Ger\u00e4te. Auf dieser Basis machen wir Ihnen ein marktgerechtes Angebot - ohne \u00dcberraschungen im Nachhinein. Die Abholung ist jederzeit m\u00f6glich, auch au\u00dferhalb der Gesch\u00e4ftszeiten.<\/p>\n                                                            <div class=\"button-holder\">\n                                                                            <a href=\"https:\/\/reuzado.nl\/de\/kontakt\/\"\n                                            target=\"_self\"\n                                            class=\"button\">Kontakt aufnehmen<\/a>\n                                                                                                        <\/div>\n                                                    <\/div>\n                    <\/div>\n                <\/div>\n            <\/div>\n        <\/div>\n\n    \n\n    <div  class=\"section section-faq  has-no-bg has-no-pattern\">\n        \n        <div class=\"container\">\n                        <div class=\"faq-wrapper\">\n                <div class=\"faq\">\n                                                                        <div class=\"faq-title\">\n                                <h2>H\u00e4ufig gestellte Fragen zum Laptop-Recycling<\/h2>\n                            <\/div>\n                                            \n                                            <div class=\"faq-items-wrapper\">\n                                                            <div class=\"faq-item\">\n                                    <div class=\"faq-heading toggle-heading\">\n                                        <h3>Welche Ger\u00e4te k\u00f6nnen recycelt werden?<\/h3>\n                                        <i class=\"icon opened\"><\/i>\n                                    <\/div>\n                                    <div class=\"faq-body toggle-body is-opened\">\n                                        <p>Alle Arten von Laptops sind willkommen: von Gesch\u00e4ftsmodellen bis zur privaten Nutzung, vollst\u00e4ndig oder unvollst\u00e4ndig, funktionst\u00fcchtig oder defekt. Auch Zubeh\u00f6r wie Ladeger\u00e4te k\u00f6nnen abgegeben werden.<\/p>\n                                    <\/div>\n                                <\/div>\n                                                            <div class=\"faq-item\">\n                                    <div class=\"faq-heading toggle-heading\">\n                                        <h3>Was genau ist Laptop-Recycling?<\/h3>\n                                        <i class=\"icon closed\"><\/i>\n                                    <\/div>\n                                    <div class=\"faq-body toggle-body hidden\">\n                                        <p>Laptop-Recycling ist die sichere und nachhaltige Entsorgung von ausrangierten Laptops. Wiederverwendbare Teile erhalten ein zweites Leben, der Rest wird umweltfreundlich aufbereitet und alle Daten werden entfernt.<\/p>\n                                    <\/div>\n                                <\/div>\n                                                            <div class=\"faq-item\">\n                                    <div class=\"faq-heading toggle-heading\">\n                                        <h3>Was passiert mit meinen Daten auf dem alten Laptop?<\/h3>\n                                        <i class=\"icon closed\"><\/i>\n                                    <\/div>\n                                    <div class=\"faq-body toggle-body hidden\">\n                                        <p>Alle Daten werden zertifiziert gel\u00f6scht - entweder softwarebasiert oder physisch. Sie erhalten immer ein Zertifikat \u00fcber die Datenvernichtung.<\/p>\n                                    <\/div>\n                                <\/div>\n                                                            <div class=\"faq-item\">\n                                    <div class=\"faq-heading toggle-heading\">\n                                        <h3>Ist das Recycling von Laptops kostenlos?<\/h3>\n                                        <i class=\"icon closed\"><\/i>\n                                    <\/div>\n                                    <div class=\"faq-body toggle-body hidden\">\n                                        <p>In vielen F\u00e4llen ist das Recycling von Laptops kostenlos, insbesondere bei gr\u00f6\u00dferen Mengen oder wenn sie einen Restwert haben. Etwaige Kosten werden im Voraus besprochen.<\/p>\n                                    <\/div>\n                                <\/div>\n                                                            <div class=\"faq-item\">\n                                    <div class=\"faq-heading toggle-heading\">\n                                        <h3>Kann ich als Einzelperson auch Laptops recyceln lassen?<\/h3>\n                                        <i class=\"icon closed\"><\/i>\n                                    <\/div>\n                                    <div class=\"faq-body toggle-body hidden\">\n                                        <p>Nat\u00fcrlich. Sowohl Unternehmen als auch Privatpersonen k\u00f6nnen sich f\u00fcr das Recycling von Laptops an uns wenden. Sprechen Sie uns auf die M\u00f6glichkeiten an.<\/p>\n                                    <\/div>\n                                <\/div>\n                                                            <div class=\"faq-item\">\n                                    <div class=\"faq-heading toggle-heading\">\n                                        <h3>Wie schnell k\u00f6nnen Sie meine alten Laptops abholen?<\/h3>\n                                        <i class=\"icon closed\"><\/i>\n                                    <\/div>\n                                    <div class=\"faq-body toggle-body hidden\">\n                                        <p>Wir k\u00f6nnen oft innerhalb weniger Arbeitstage vorbeikommen. Eine Abholung au\u00dferhalb der B\u00fcrozeiten ist nach Absprache ebenfalls m\u00f6glich.<\/p>\n                                    <\/div>\n                                <\/div>\n                                                    <\/div>\n                                    <\/div>\n            <\/div>\n        <\/div>\n    <\/div>","protected":false},"excerpt":{"rendered":"","protected":false},"author":1,"featured_media":0,"parent":756,"menu_order":0,"comment_status":"closed","ping_status":"closed","template":"","meta":{"_acf_changed":false,"footnotes":""},"class_list":["post-765","page","type-page","status-publish","hentry"],"acf":[],"_links":{"self":[{"href":"https:\/\/reuzado.nl\/de\/wp-json\/wp\/v2\/pages\/765","targetHints":{"allow":["GET"]}}],"collection":[{"href":"https:\/\/reuzado.nl\/de\/wp-json\/wp\/v2\/pages"}],"about":[{"href":"https:\/\/reuzado.nl\/de\/wp-json\/wp\/v2\/types\/page"}],"author":[{"embeddable":true,"href":"https:\/\/reuzado.nl\/de\/wp-json\/wp\/v2\/users\/1"}],"replies":[{"embeddable":true,"href":"https:\/\/reuzado.nl\/de\/wp-json\/wp\/v2\/comments?post=765"}],"version-history":[{"count":0,"href":"https:\/\/reuzado.nl\/de\/wp-json\/wp\/v2\/pages\/765\/revisions"}],"up":[{"embeddable":true,"href":"https:\/\/reuzado.nl\/de\/wp-json\/wp\/v2\/pages\/756"}],"wp:attachment":[{"href":"https:\/\/reuzado.nl\/de\/wp-json\/wp\/v2\/media?parent=765"}],"curies":[{"name":"wp","href":"https:\/\/api.w.org\/{rel}","templated":true}]}}