{"id":811,"date":"2025-05-14T09:55:45","date_gmt":"2025-05-14T09:55:45","guid":{"rendered":"https:\/\/reuzado.nl\/?page_id=811"},"modified":"2025-08-01T14:10:09","modified_gmt":"2025-08-01T14:10:09","slug":"zerstorung-von-netzwerkausrustung","status":"publish","type":"page","link":"https:\/\/reuzado.nl\/de\/losungsdienstleistungen\/ikt-beschaffung\/zerstorung-von-netzwerkausrustung\/","title":{"rendered":"Zerst\u00f6rung von Netzwerkausr\u00fcstung"},"content":{"rendered":"<div  class=\"section section-pageheader-detail  has-no-bg has-no-pattern\">\n        <div class=\"container\">\n            <div class=\"holder\">\n                                    <div class=\"background-image\">\n                        <img decoding=\"async\" src=\"https:\/\/reuzado.nl\/app\/uploads\/2025\/06\/Reuzado-9677-scaled.jpg\" alt=\"\">\n                    <\/div>\n                \n                                    <div class=\"content\">\n                        <h1>Zerst\u00f6rung von Netzwerkausr\u00fcstung<\/h1>\n\n                                                    <div class=\"rank-math-breadcrumbs\">\n                                <nav aria-label=\"Semmelbr\u00f6sel\" class=\"rank-math-breadcrumb\"><p><span class=\"last\">Startseite<\/span><\/p><\/nav>                            <\/div>\n                                            <\/div>\n                \n                            <\/div>\n        <\/div>\n    <\/div>\n\n\n        <div  class=\"section section-content has-no-bg has-no-pattern\">\n                        <div class=\"container\">\n                <div class=\"content-holder\">\n                    <div class=\"content\">\n                        <div class=\"inner\">\n                            <p>Bei Reuzado sorgen wir f\u00fcr die sichere und verantwortungsvolle Entsorgung von Netzwerkger\u00e4ten. Ob ein paar Switches oder ein ganzer Stapel Router: Alles wird physisch zerst\u00f6rt oder gr\u00fcndlich gel\u00f6scht, damit die Daten nicht wiederhergestellt werden k\u00f6nnen - ein wesentlicher Bestandteil jeder sicheren IT-Entsorgung. Sie erhalten in jedem Fall ein Zertifikat und eine eindeutige Dokumentation \u00fcber das, was verarbeitet wurde.<\/p>\n                                                                                                <div class=\"button-holder\">\n                                                                                    <a href=\"https:\/\/reuzado.nl\/de\/ein-angebot-anfordern\/\"\n                                                target=\"_self\"\n                                                class=\"button\">Angebot anfordern<\/a>\n                                                                                                                            <a href=\"https:\/\/reuzado.nl\/de\/kontakt\/\"\n                                                target=\"_self\"\n                                                class=\"button\">Kontakt aufnehmen<\/a>\n                                                                                                                    <\/div>\n                                                                                    <\/div>\n                    <\/div>\n                <\/div>\n            <\/div>\n        <\/div>\n\n    \n\n        <div  class=\"section section-block-cards has-bg-lightblue has-pattern-blue\">\n            \n            <div class=\"container\">\n                <div class=\"holder\">\n                    <div class=\"content-holder\">\n                        <h2>Der Prozess der Zerst\u00f6rung von Netzwerkger\u00e4ten<\/h2>\n<p>Netzwerkger\u00e4te wie Switches, Router, Firewalls und Access Points enthalten mehr Informationen, als man auf den ersten Blick vermuten k\u00f6nnte. Nicht nur Netzwerkkonfigurationen, sondern auch IP-Einstellungen, Zugriffsrechte und sogar sensible Unternehmensdaten k\u00f6nnen auf diesen Ger\u00e4ten gespeichert sein. Und Sie m\u00f6chten nicht, dass diese Daten au\u00dferhalb Ihres Unternehmens eingesehen werden k\u00f6nnen.<\/p>\n\n                                            <\/div>\n\n                    <div class=\"block-holder\">\n                                                    <div class=\"blocks\">\n                                                                                                            <div class=\"column\">\n                                                                                            <div class=\"block\">\n                                                    <div class=\"inner\">\n                                                        <h3>1. Anmeldung<\/h3>\n<p>Melden Sie per E-Mail oder Telefon, dass Sie Ger\u00e4te abholen oder zur\u00fcckgeben m\u00f6chten.<\/p>\n                                                                                                            <\/div>\n                                                <\/div>\n                                                                                            <div class=\"block\">\n                                                    <div class=\"inner\">\n                                                        <h3>2. Abholung oder Lieferung<\/h3>\n<p>Wir holen die Ger\u00e4te bei Ihnen vor Ort ab. Selbstanlieferung ist ebenfalls m\u00f6glich. Bei gr\u00f6\u00dferen Mengen nutzen wir den sicheren Transport.<\/p>\n                                                                                                            <\/div>\n                                                <\/div>\n                                                                                    <\/div>\n                                                                                                                                                <div class=\"column\">\n                                                                                            <div class=\"block\">\n                                                    <div class=\"inner\">\n                                                        <h3>3. Registrierung und Bearbeitung<\/h3>\n<p>Bei der Ankunft registrieren wir die Ger\u00e4te. Funktionierende Ger\u00e4te werden f\u00fcr die Wiederverwendung vorbereitet. Defekte Ger\u00e4te bereiten wir umweltgerecht auf.<\/p>\n                                                                                                            <\/div>\n                                                <\/div>\n                                                                                            <div class=\"block\">\n                                                    <div class=\"inner\">\n                                                        <h3>4.  Datenvernichtung<\/h3>\n<p>Wir l\u00f6schen alle Daten sicher - entweder softwarebasiert oder durch physische Vernichtung. Sie erhalten immer ein Zertifikat \u00fcber die Datenvernichtung.<\/p>\n                                                                                                            <\/div>\n                                                <\/div>\n                                                                                            <div class=\"block\">\n                                                    <div class=\"inner\">\n                                                        <h3>5. Berichterstattung und Nachweise<\/h3>\n<p>Sie erhalten einen \u00dcberblick \u00fcber alle abgegebenen Ger\u00e4te und was mit jedem einzelnen passiert ist.<\/p>\n                                                                                                            <\/div>\n                                                <\/div>\n                                                                                    <\/div>\n                                                                                                <\/div>\n                                            <\/div>\n                <\/div>\n            <\/div>\n        <\/div>\n    \n\n        <div  class=\"section section-content has-no-bg has-no-pattern\">\n                        <div class=\"container\">\n                <div class=\"content-holder\">\n                    <div class=\"content\">\n                        <div class=\"inner\">\n                            <h2>So gehen wir mit Ihren Daten um<\/h2>\n<p>Bei Reuzado haben Sie die Wahl zwischen zwei Methoden zur Vernichtung von Netzwerkger\u00e4ten. Beide sind sicher, zertifiziert und liefern einen offiziellen Nachweis, den Sie gegen\u00fcber Auditoren oder im Rahmen Ihrer Compliance-Richtlinie verwenden k\u00f6nnen.<\/p>\n                                                                                                                <\/div>\n                    <\/div>\n                <\/div>\n            <\/div>\n        <\/div>\n\n    \n\n        <div  class=\"section section-content two-columns has-no-padding-bottom-d has-no-padding-bottom-m has-no-bg has-no-pattern\">\n            <div class=\"container\">\n                <div class=\"content-holder\">\n                                            <div class=\"column\">\n                            <div class=\"content\">\n                                <h3>Zerst\u00f6rung vor Ort<\/h3>\n<p>Wir kommen mit unserem mobilen Schredderfahrzeug zu Ihnen. Die Ger\u00e4te werden vor Ort zerlegt: Die Platinen werden aus dem Geh\u00e4use gel\u00f6st und kommen unter Ihrer Aufsicht direkt in den Schredder. Dieser Prozess ist 100% transparent und ideal f\u00fcr Organisationen, die beim Transport empfindlicher Ger\u00e4te kein Risiko eingehen wollen.<\/p>\n<p>Da die Demontage von Cisco-Switches, -Routern oder -Firewalls arbeitsintensiv ist, sind die Kosten f\u00fcr diesen Service etwas h\u00f6her - daf\u00fcr erhalten Sie aber ein Maximum an Kontrolle und Sicherheit.<\/p>\n                            <\/div>\n                        <\/div>\n                                        <div class=\"column\">\n                        <div class=\"content\">\n                            <h3>Abholservice mit Vernichtung in unserem Sicherheitslager<\/h3>\n<p>M\u00f6chten Sie, dass wir die Ger\u00e4te abholen? Dann organisieren wir den Transport und f\u00fchren die Vernichtung in unserem eigenen zertifizierten Verarbeitungsbetrieb durch. Auch hier werden die Geh\u00e4use entfernt und die Leiterplatten mit Industrieshreddern physikalisch zerst\u00f6rt. Anschlie\u00dfend erhalten Sie alle notwendigen Unterlagen und Zertifikate.<\/p>\n                                                    <\/div>\n                    <\/div>\n                <\/div>\n            <\/div>\n        <\/div>\n\n    \n\n        <div  class=\"section section-content two-columns has-no-bg has-no-pattern\">\n            <div class=\"container\">\n                <div class=\"content-holder\">\n                                            <div class=\"column\">\n                            <div class=\"content\">\n                                <h4>Datenvernichtung auf Netzwerkger\u00e4ten<\/h4>\n<p>Neben der physischen Vernichtung bieten wir auch die softwarebasierte Datenvernichtung auf Netzwerkger\u00e4ten an. Dies eignet sich besonders f\u00fcr j\u00fcngere Modelle oder Ger\u00e4te, die Sie weiterverkaufen wollen oder aufgekauft haben. Dabei werden alle Einstellungen und Daten mit einer zertifizierten Datenl\u00f6schsoftware komplett \u00fcberschrieben. Anschlie\u00dfend wird das Ger\u00e4t komplett auf Werkseinstellungen zur\u00fcckgesetzt, inklusive Nachweis der sicheren Datenl\u00f6schung.<\/p>\n                            <\/div>\n                        <\/div>\n                                        <div class=\"column\">\n                        <div class=\"content\">\n                            <h4>Warum Sie Netzwerkger\u00e4te nicht einfach recyceln k\u00f6nnen<\/h4>\n<p>Netzwerkger\u00e4te enthalten in der Regel Flash-Speicher oder andere Speichermodule, in denen Konfigurationen und Benutzerdaten gespeichert werden. Selbst nach einem Reset k\u00f6nnen diese Daten manchmal wieder abgerufen werden - und das birgt Risiken.<\/p>\n<p>Untersuchungen des Sicherheitsunternehmens ESET haben gezeigt, dass Router und Switches, die nicht sorgf\u00e4ltig gel\u00f6scht werden, in den falschen H\u00e4nden sensible Informationen preisgeben k\u00f6nnen. Man denke nur an VPN-Tunnel, Administratordaten oder Zugriffsrechte innerhalb des Unternehmensnetzes. Daher ist es wichtig, dass solche Ger\u00e4te professionell und nachweislich zerst\u00f6rt werden.<\/p>\n                                                    <\/div>\n                    <\/div>\n                <\/div>\n            <\/div>\n        <\/div>\n\n    \n\n    <div  class=\"section section-images-slider has-no-bg has-no-pattern\">\n        \n                    <div class=\"slider-container\">\n                <div class=\"slider-track\">\n                                            <div class=\"slide\">\n                            <img decoding=\"async\" src=\"https:\/\/reuzado.nl\/app\/uploads\/2025\/06\/Reuzado-9570-scaled.jpg\" alt=\"\">\n                        <\/div>\n                                            <div class=\"slide\">\n                            <img decoding=\"async\" src=\"https:\/\/reuzado.nl\/app\/uploads\/2025\/06\/Reuzado-9564-scaled.jpg\" alt=\"Telefon-Recycling\">\n                        <\/div>\n                                            <div class=\"slide\">\n                            <img decoding=\"async\" src=\"https:\/\/reuzado.nl\/app\/uploads\/2025\/06\/Reuzado-9503-scaled.jpg\" alt=\"\">\n                        <\/div>\n                                            <div class=\"slide\">\n                            <img decoding=\"async\" src=\"https:\/\/reuzado.nl\/app\/uploads\/2025\/06\/Reuzado-9597-scaled.jpg\" alt=\"Computer kaufen\">\n                        <\/div>\n                                            <div class=\"slide\">\n                            <img decoding=\"async\" src=\"https:\/\/reuzado.nl\/app\/uploads\/2025\/06\/Reuzado-9648-scaled.jpg\" alt=\"\">\n                        <\/div>\n                                            <div class=\"slide\">\n                            <img decoding=\"async\" src=\"https:\/\/reuzado.nl\/app\/uploads\/2025\/06\/Reuzado-9677-scaled.jpg\" alt=\"\">\n                        <\/div>\n                                    <\/div>\n            <\/div>\n            <\/div>\n\n\n    <div  class=\"section section-faq  has-no-bg has-no-pattern\">\n        \n        <div class=\"container\">\n                        <div class=\"faq-wrapper\">\n                <div class=\"faq\">\n                                                                        <div class=\"faq-title\">\n                                <h2>H\u00e4ufig gestellte Fragen zur Zerst\u00f6rung von Netzwerkger\u00e4ten<\/h2>\n                            <\/div>\n                                            \n                                            <div class=\"faq-items-wrapper\">\n                                                            <div class=\"faq-item\">\n                                    <div class=\"faq-heading toggle-heading\">\n                                        <h3>Welche Art von IT-Ger\u00e4ten k\u00f6nnen Sie zerst\u00f6ren?<\/h3>\n                                        <i class=\"icon opened\"><\/i>\n                                    <\/div>\n                                    <div class=\"faq-body toggle-body is-opened\">\n                                        <p>Wir verarbeiten alle Arten von IT-Ger\u00e4ten: von Netzwerkger\u00e4ten wie Switches und Routern bis hin zu einzelnen Komponenten wie Festplatten und Servern. Wir k\u00f6nnen auch komplette IT-Umgebungen in einem Zug entsorgen.<\/p>\n                                    <\/div>\n                                <\/div>\n                                                            <div class=\"faq-item\">\n                                    <div class=\"faq-heading toggle-heading\">\n                                        <h3>Wie funktioniert die Datenvernichtung f\u00fcr Sie?<\/h3>\n                                        <i class=\"icon closed\"><\/i>\n                                    <\/div>\n                                    <div class=\"faq-body toggle-body hidden\">\n                                        <p>Wir f\u00fchren die Datenvernichtung mittels zertifizierter L\u00f6schung oder physischer Vernichtung durch. Je nach Art des Ger\u00e4ts w\u00e4hlen wir die richtige Methode. Alles wird in einem Bericht festgehalten, einschlie\u00dflich Seriennummern und Verarbeitungsmethode.<\/p>\n                                    <\/div>\n                                <\/div>\n                                                            <div class=\"faq-item\">\n                                    <div class=\"faq-heading toggle-heading\">\n                                        <h3>Kann ich auch nur Festplatten zerst\u00f6ren lassen?<\/h3>\n                                        <i class=\"icon closed\"><\/i>\n                                    <\/div>\n                                    <div class=\"faq-body toggle-body hidden\">\n                                        <p>Ja, die Vernichtung von Festplatten ist eine sehr gefragte Dienstleistung. Sie k\u00f6nnen lose Festplatten bei uns abgeben oder abholen lassen. Wir k\u00fcmmern uns um die vollst\u00e4ndige Datenvernichtung und Sie erhalten ein Zertifikat als Nachweis.<\/p>\n                                    <\/div>\n                                <\/div>\n                                                            <div class=\"faq-item\">\n                                    <div class=\"faq-heading toggle-heading\">\n                                        <h3>Was geschieht mit der Netzwerkausr\u00fcstung nach der Datenvernichtung?<\/h3>\n                                        <i class=\"icon closed\"><\/i>\n                                    <\/div>\n                                    <div class=\"faq-body toggle-body hidden\">\n                                        <p>Wir machen Ger\u00e4te, die noch funktionieren, f\u00fcr die Wiederverwendung geeignet. Defekte oder veraltete Ger\u00e4te werden auf umweltfreundliche Weise recycelt. In allen F\u00e4llen werden die Daten zun\u00e4chst vollst\u00e4ndig entfernt oder zerst\u00f6rt.<\/p>\n                                    <\/div>\n                                <\/div>\n                                                            <div class=\"faq-item\">\n                                    <div class=\"faq-heading toggle-heading\">\n                                        <h3>Wie kann ich sicher sein, dass wirklich alles zerst\u00f6rt ist?<\/h3>\n                                        <i class=\"icon closed\"><\/i>\n                                    <\/div>\n                                    <div class=\"faq-body toggle-body hidden\">\n                                        <p>Anschlie\u00dfend erhalten Sie eine \u00dcbersicht \u00fcber alle zur\u00fcckgegebenen IT-Ger\u00e4te, einschlie\u00dflich der verwendeten Datenvernichtungsmethode. Im Falle von Festplatten erhalten Sie ein separates Vernichtungszertifikat.<\/p>\n                                    <\/div>\n                                <\/div>\n                                                            <div class=\"faq-item\">\n                                    <div class=\"faq-heading toggle-heading\">\n                                        <h3>Was kostet die Vernichtung von Festplatten oder die Aufbereitung von IT-Ger\u00e4ten?<\/h3>\n                                        <i class=\"icon closed\"><\/i>\n                                    <\/div>\n                                    <div class=\"faq-body toggle-body hidden\">\n                                        <p>Der Preis h\u00e4ngt von der Anzahl der Ger\u00e4te, der gew\u00fcnschten Methode (L\u00f6schung oder physische Vernichtung) und davon ab, ob wir sie bei Ihnen abholen. Fragen Sie uns nach einem Angebot, wir denken gerne mit Ihnen mit.<\/p>\n                                    <\/div>\n                                <\/div>\n                                                            <div class=\"faq-item\">\n                                    <div class=\"faq-heading toggle-heading\">\n                                        <h3>K\u00f6nnen die Ger\u00e4te auch bei mir abgeholt werden?<\/h3>\n                                        <i class=\"icon closed\"><\/i>\n                                    <\/div>\n                                    <div class=\"faq-body toggle-body hidden\">\n                                        <p>Sicher. Wir holen die IT-Ger\u00e4te ab, wann immer Sie es w\u00fcnschen. Bei gr\u00f6\u00dferen Mengen nutzen wir den sicheren Transport. Selbstanlieferung ist nat\u00fcrlich auch m\u00f6glich.<\/p>\n                                    <\/div>\n                                <\/div>\n                                                    <\/div>\n                                    <\/div>\n            <\/div>\n        <\/div>\n    <\/div>","protected":false},"excerpt":{"rendered":"","protected":false},"author":3,"featured_media":0,"parent":432,"menu_order":0,"comment_status":"closed","ping_status":"closed","template":"","meta":{"_acf_changed":false,"footnotes":""},"class_list":["post-811","page","type-page","status-publish","hentry"],"acf":[],"_links":{"self":[{"href":"https:\/\/reuzado.nl\/de\/wp-json\/wp\/v2\/pages\/811","targetHints":{"allow":["GET"]}}],"collection":[{"href":"https:\/\/reuzado.nl\/de\/wp-json\/wp\/v2\/pages"}],"about":[{"href":"https:\/\/reuzado.nl\/de\/wp-json\/wp\/v2\/types\/page"}],"author":[{"embeddable":true,"href":"https:\/\/reuzado.nl\/de\/wp-json\/wp\/v2\/users\/3"}],"replies":[{"embeddable":true,"href":"https:\/\/reuzado.nl\/de\/wp-json\/wp\/v2\/comments?post=811"}],"version-history":[{"count":0,"href":"https:\/\/reuzado.nl\/de\/wp-json\/wp\/v2\/pages\/811\/revisions"}],"up":[{"embeddable":true,"href":"https:\/\/reuzado.nl\/de\/wp-json\/wp\/v2\/pages\/432"}],"wp:attachment":[{"href":"https:\/\/reuzado.nl\/de\/wp-json\/wp\/v2\/media?parent=811"}],"curies":[{"name":"wp","href":"https:\/\/api.w.org\/{rel}","templated":true}]}}