{"id":822,"date":"2025-05-14T10:02:22","date_gmt":"2025-05-14T10:02:22","guid":{"rendered":"https:\/\/reuzado.nl\/?page_id=822"},"modified":"2026-03-16T15:52:02","modified_gmt":"2026-03-16T15:52:02","slug":"telefone-aufkaufen","status":"publish","type":"page","link":"https:\/\/reuzado.nl\/de\/losungsdienstleistungen\/ikt-verkaufe\/telefone-aufkaufen\/","title":{"rendered":"Aufkauf von Telefonen"},"content":{"rendered":"<div  class=\"section section-pageheader-detail  has-no-bg has-no-pattern\">\n        <div class=\"container\">\n            <div class=\"holder\">\n                                    <div class=\"background-image\">\n                        <img decoding=\"async\" src=\"https:\/\/reuzado.nl\/app\/uploads\/2025\/09\/Telefoons_3.jpg\" alt=\"Aufkauf von Telefonen\">\n                    <\/div>\n                \n                                    <div class=\"content\">\n                        <h1>Aufkauf von Telefonen<\/h1>\n\n                                                    <div class=\"rank-math-breadcrumbs\">\n                                <nav aria-label=\"Semmelbr\u00f6sel\" class=\"rank-math-breadcrumb\"><p><span class=\"last\">Startseite<\/span><\/p><\/nav>                            <\/div>\n                                            <\/div>\n                \n                            <\/div>\n        <\/div>\n    <\/div>\n\n\n        <div  class=\"section section-content has-no-bg has-no-pattern\">\n                        <div class=\"container\">\n                <div class=\"content-holder\">\n                    <div class=\"content\">\n                        <div class=\"inner\">\n                            <p>Haben Sie Smartphones oder Tablets herumliegen, die nicht mehr benutzt werden? Bei Reuzado nehmen wir Ihre Altger\u00e4te sicher, nachhaltig und effizient an. Von einigen wenigen Ger\u00e4ten bis hin zu gro\u00dfen Mengen an Firmenhandys: Wir sorgen f\u00fcr eine professionelle Abwicklung und einen maximalen Restwert.<\/p>\n<p>Alte Handys k\u00f6nnen oft noch erstaunlich profitabel sein. Vor allem, wenn man sie mit einer zertifizierten Datenl\u00f6schung und einer reibungslosen logistischen Abwicklung kombiniert, wie wir sie anbieten. So werden Sie Ihre Altger\u00e4te sicher los und behalten die sensiblen Daten im Griff.<\/p>\n                                                                                                <div class=\"button-holder\">\n                                                                                    <a href=\"https:\/\/reuzado.nl\/de\/angebot\/verkaufen-sie-ihre-alte-hardware\/\"\n                                                target=\"_self\"\n                                                class=\"button\">Angebot anfordern<\/a>\n                                                                                                                            <a href=\"https:\/\/reuzado.nl\/de\/kontakt\/\"\n                                                target=\"_self\"\n                                                class=\"button alt\">Kontakt aufnehmen<\/a>\n                                                                                                                    <\/div>\n                                                                                    <\/div>\n                    <\/div>\n                <\/div>\n            <\/div>\n        <\/div>\n\n    \n\n        <div  class=\"section section-block-cards has-bg-lightblue has-pattern-blue\">\n            \n            <div class=\"container\">\n                <div class=\"holder\">\n                    <div class=\"content-holder\">\n                        <p><strong>Aufkauf von Telefonen<\/strong><\/p>\n<h2>Verkaufen Sie Ihre Handys f\u00fcr Ihr Gesch\u00e4ft? So funktioniert es bei Reuzado<\/h2>\n<p>Unser Service ist auf Unternehmen zugeschnitten, die ihre mobilen Ger\u00e4te sorgf\u00e4ltig entsorgen wollen. In f\u00fcnf klaren Schritten regeln wir den gesamten Prozess:<\/p>\n\n                                            <\/div>\n\n                    <div class=\"block-holder\">\n                                                    <div class=\"blocks\">\n                                                                                                            <div class=\"column\">\n                                                                                            <div class=\"block\">\n                                                    <div class=\"inner\">\n                                                        <h3>1. Registrierung und Ger\u00e4te\u00fcbersicht<\/h3>\n<p><span style=\"font-weight: 400\">Sie senden uns eine Liste mit der Anzahl der Ger\u00e4te, Marken und Typen. Auf dieser Grundlage erstellen wir eine unverbindliche Sch\u00e4tzung des Ertrags.<\/span><\/p>\n                                                                                                            <\/div>\n                                                <\/div>\n                                                                                            <div class=\"block\">\n                                                    <div class=\"inner\">\n                                                        <h3>2. Abholung und sicherer Transport<\/h3>\n<p><span style=\"font-weight: 400\">Unsere Fahrer holen die Telefone bei Ihnen ab, wann immer Sie es w\u00fcnschen. F\u00fcr gr\u00f6\u00dfere Mengen bieten wir versiegelten Transport, Track &amp; Trace und Schutzverpackung, falls erforderlich.<\/span><\/p>\n                                                                                                            <\/div>\n                                                <\/div>\n                                                                                    <\/div>\n                                                                                                                                                <div class=\"column\">\n                                                                                            <div class=\"block\">\n                                                    <div class=\"inner\">\n                                                        <h3>3. L\u00f6schung und\/oder Vernichtung von Daten<\/h3>\n<p><span style=\"font-weight: 400\">Wir l\u00f6schen Ger\u00e4te softwarem\u00e4\u00dfig mit Blancco oder entfernen physische Datentr\u00e4ger. Jedes Ger\u00e4t erh\u00e4lt seine eigene Datenl\u00f6schungsregistrierung und sein eigenes Zertifikat.<\/span><\/p>\n                                                                                                            <\/div>\n                                                <\/div>\n                                                                                            <div class=\"block\">\n                                                    <div class=\"inner\">\n                                                        <h3>4. Qualit\u00e4tskontrolle und Wiederverwendung<\/h3>\n<p><span style=\"font-weight: 400\">Ger\u00e4te, die noch gut funktionieren, werden nach einer technischen \u00dcberpr\u00fcfung wiederverwendet. Defekte Ger\u00e4te werden umweltgerecht recycelt.<\/span><\/p>\n                                                                                                            <\/div>\n                                                <\/div>\n                                                                                            <div class=\"block\">\n                                                    <div class=\"inner\">\n                                                        <h3>5. Berichterstattung und Ertrags\u00fcbersicht<\/h3>\n<p><span style=\"font-weight: 400\">Sie erhalten von uns einen vollst\u00e4ndigen Bericht mit Seriennummern, L\u00f6schmethoden und - falls zutreffend - einer Auszahlung auf der Grundlage des Restwertes.<\/span><\/p>\n                                                                                                            <\/div>\n                                                <\/div>\n                                                                                    <\/div>\n                                                                                                <\/div>\n                                            <\/div>\n                <\/div>\n            <\/div>\n        <\/div>\n    \n\n        <div  class=\"section section-content has-no-padding-bottom-d has-no-padding-bottom-m has-no-bg has-no-pattern\">\n                        <div class=\"container\">\n                <div class=\"content-holder\">\n                    <div class=\"content\">\n                        <div class=\"inner\">\n                            <p><strong>Aufkauf von Telefonen<\/strong><\/p>\n<h2>Welche mobilen Ger\u00e4te kaufen wir auf?<\/h2>\n<p>Wir akzeptieren praktisch alle mobilen Gesch\u00e4ftsger\u00e4te, einschlie\u00dflich:<\/p>\n<ul>\n<li>Smartphones (iPhone, Samsung, Android-Ger\u00e4te, usw.)<\/li>\n<li>Tablets (iPad, Galaxy Tab, Lenovo, usw.).<\/li>\n<li>Robuste Ger\u00e4te oder Scanner mit SIM-Funktionalit\u00e4t<\/li>\n<li>Gesch\u00e4ftstelefone mit MDM-Software oder Verschl\u00fcsselung<\/li>\n<li>Ger\u00e4te mit Benutzersch\u00e4den oder ohne Ladeger\u00e4t sind ebenfalls willkommen<\/li>\n<\/ul>\n<p>Fragen Sie sich, ob Ihre Telefone noch einen Wert haben? Fragen Sie sich, ob Ihre Telefone noch etwas wert sind? Schicken Sie uns eine E-Mail oder rufen Sie uns an - wir helfen Ihnen gerne.<\/p>\n                                                                                                                <\/div>\n                    <\/div>\n                <\/div>\n            <\/div>\n        <\/div>\n\n    \n\n        <div  class=\"section section-content two-columns has-no-bg has-no-pattern\">\n            <div class=\"container\">\n                <div class=\"content-holder\">\n                                            <div class=\"column\">\n                            <div class=\"content\">\n                                <h3>Datensicherheit ist oberstes Gebot<\/h3>\n<p>Ein altes Telefon enth\u00e4lt oft mehr Informationen, als man denkt: E-Mails, Kontakte, Fotos, Apps und Konfigurationsdateien. Deshalb stellen wir sicher, dass kein Ger\u00e4t das Haus verl\u00e4sst, ohne dass die Daten entfernt oder zerst\u00f6rt wurden.<\/p>\n<p>Reuzado ist ein zertifizierter Blancco Gold Partner. Wir s\u00e4ubern Telefone nach den h\u00f6chsten Standards. Sind die Ger\u00e4te nicht mehr bootf\u00e4hig? Dann f\u00fchren wir eine physische Datenvernichtung durch und Sie erhalten ein Zertifikat mit Seriennummer - AVG-sicher und revisionssicher.<\/p>\n                            <\/div>\n                        <\/div>\n                                        <div class=\"column\">\n                        <div class=\"content\">\n                            <h3>Nachhaltige Entsorgung von mobilen Ger\u00e4ten<\/h3>\n<p>Neben der Datensicherheit achten wir auch auf eine umweltfreundliche Verarbeitung. Ger\u00e4te, die f\u00fcr ein zweites Leben geeignet sind, werden aufgearbeitet und wiederverwendet. Ger\u00e4te, die nicht mehr verwendbar sind, gehen an einen autorisierten Verarbeiter nach <a href=\"https:\/\/www.weeelabex.org\/\" target=\"_blank\" rel=\"noopener\">WEEELABEX<\/a>-Richtlinien. Dadurch wird Elektroschrott vermieden und ein Beitrag zur Kreislauf-IT geleistet.<\/p>\n                                                    <\/div>\n                    <\/div>\n                <\/div>\n            <\/div>\n        <\/div>\n\n    \n\n    <div\n                class=\"section section-card-slider has-no-bg has-no-pattern is-slider\">\n        <div class=\"holder\">\n                            <div class=\"background-image\">\n                    <img decoding=\"async\" src=\"https:\/\/reuzado.nl\/app\/uploads\/2025\/09\/Reuzado-hoge-resolutie-JudithCapponFotografie-7669.jpg\" alt=\"\">\n                <\/div>\n            \n                            <div class=\"text-holder\">\n                    <p><strong>Aufkauf von Telefonen<\/strong><\/p>\n<h4>Warum sollten Sie Ihre Gesch\u00e4ftstelefone aufkaufen?<\/h4>\n                <\/div>\n            \n                            <div class=\"card-holder swiper\">\n                    <div class=\"swiper-wrapper\">\n                                                    <div class=\"swiper-slide\">\n                                <div class=\"card usp\">\n                                                                            <div class=\"icon\">\n                                            <div class=\"icon-wrapper\">\n                                                <i class=\"fa-classic fa-solid fa-check\"><\/i>\n                                            <\/div>\n                                        <\/div>\n                                    \n                                                                            <div class=\"inner\">\n                                            <p><strong>Weniger Unordnung im Lager<\/strong><\/p>\n                                        <\/div>\n                                                                    <\/div>\n                            <\/div>\n                                                    <div class=\"swiper-slide\">\n                                <div class=\"card usp\">\n                                                                            <div class=\"icon\">\n                                            <div class=\"icon-wrapper\">\n                                                <i class=\"fa-classic fa-solid fa-check\"><\/i>\n                                            <\/div>\n                                        <\/div>\n                                    \n                                                                            <div class=\"inner\">\n                                            <p><strong>Restwert zur Wiederanlage<\/strong><\/p>\n                                        <\/div>\n                                                                    <\/div>\n                            <\/div>\n                                                    <div class=\"swiper-slide\">\n                                <div class=\"card usp\">\n                                                                            <div class=\"icon\">\n                                            <div class=\"icon-wrapper\">\n                                                <i class=\"fa-classic fa-solid fa-check\"><\/i>\n                                            <\/div>\n                                        <\/div>\n                                    \n                                                                            <div class=\"inner\">\n                                            <p><strong>Kein Datenrisiko dank Zertifikaten<\/strong><\/p>\n                                        <\/div>\n                                                                    <\/div>\n                            <\/div>\n                                                    <div class=\"swiper-slide\">\n                                <div class=\"card usp\">\n                                                                            <div class=\"icon\">\n                                            <div class=\"icon-wrapper\">\n                                                <i class=\"fa-classic fa-solid fa-check\"><\/i>\n                                            <\/div>\n                                        <\/div>\n                                    \n                                                                            <div class=\"inner\">\n                                            <p><strong>Nachhaltige Entsorgung von Althandys<\/strong><\/p>\n                                        <\/div>\n                                                                    <\/div>\n                            <\/div>\n                                                    <div class=\"swiper-slide\">\n                                <div class=\"card usp\">\n                                                                            <div class=\"icon\">\n                                            <div class=\"icon-wrapper\">\n                                                <i class=\"fa-classic fa-solid fa-check\"><\/i>\n                                            <\/div>\n                                        <\/div>\n                                    \n                                                                            <div class=\"inner\">\n                                            <p><strong>Alles \u00fcber einen einzigen Ansprechpartner geregelt<\/strong><\/p>\n                                        <\/div>\n                                                                    <\/div>\n                            <\/div>\n                                            <\/div>\n                    <div class=\"swiper-actions\">\n                        <div class=\"swiper-button-prev\"><\/div>\n                        <div class=\"swiper-button-next\"><\/div>\n                    <\/div>\n                <\/div>\n                    <\/div>\n\n\n    <\/div>\n\n\n    <div  class=\"section section-faq  has-no-padding-top-d has-no-padding-top-m has-no-bg has-no-pattern\">\n        \n        <div class=\"container\">\n                        <div class=\"faq-wrapper\">\n                <div class=\"faq\">\n                                                                        <div class=\"faq-title\">\n                                <h2>H\u00e4ufig gestellte Fragen zum Aufkauf von Telefonen<\/h2>\n                            <\/div>\n                                            \n                                            <div class=\"faq-items-wrapper\">\n                                                            <div class=\"faq-item\">\n                                    <div class=\"faq-heading toggle-heading\">\n                                        <h3>Kann ich mein altes iPhone an Reuzado zur\u00fcckgeben?<\/h3>\n                                        <i class=\"icon opened\"><\/i>\n                                    <\/div>\n                                    <div class=\"faq-body toggle-body is-opened\">\n                                        <p>Ja, Sie k\u00f6nnen Ihr altes iPhone, aber auch Smartphones anderer Marken bei uns abgeben. Wir bewerten jedes Ger\u00e4t nach Modell, Zustand und Funktion. Funktionierende iPhones bringen oft einen sch\u00f6nen Restwert, aber auch defekte Ger\u00e4te nehmen wir zur verantwortungsvollen Aufarbeitung an.<\/p>\n                                    <\/div>\n                                <\/div>\n                                                            <div class=\"faq-item\">\n                                    <div class=\"faq-heading toggle-heading\">\n                                        <h3>Wie funktioniert es, wenn ich mehrere Handys abgeben m\u00f6chte?<\/h3>\n                                        <i class=\"icon closed\"><\/i>\n                                    <\/div>\n                                    <div class=\"faq-body toggle-body hidden\">\n                                        <p>Sie k\u00f6nnen mehrere Handys auf einmal abgeben - von einer Handvoll Ger\u00e4ten bis hin zu Hunderten von Gesch\u00e4ftshandys. Wir holen sie bei Ihnen ab, l\u00f6schen die Daten und erstellen Berichte und Zertifikate.<\/p>\n                                    <\/div>\n                                <\/div>\n                                                            <div class=\"faq-item\">\n                                    <div class=\"faq-heading toggle-heading\">\n                                        <h3>Was passiert mit alten Handys, die nicht mehr funktionieren?<\/h3>\n                                        <i class=\"icon closed\"><\/i>\n                                    <\/div>\n                                    <div class=\"faq-body toggle-body hidden\">\n                                        <p>Alte Handys, die nicht mehr funktionieren, werden nachhaltig recycelt. Wenn Teile noch brauchbar sind (z. B. Bildschirme oder Geh\u00e4use), nehmen wir sie zur Wiederverwendung heraus. Der Rest wird nach dem WEEELABEX-Standard verarbeitet.<\/p>\n                                    <\/div>\n                                <\/div>\n                                                            <div class=\"faq-item\">\n                                    <div class=\"faq-heading toggle-heading\">\n                                        <h3>M\u00fcssen die Telefone bei der R\u00fcckgabe v\u00f6llig leer sein?<\/h3>\n                                        <i class=\"icon closed\"><\/i>\n                                    <\/div>\n                                    <div class=\"faq-body toggle-body hidden\">\n                                        <p>Nein, das m\u00fcssen Sie nicht. Wir bieten eine zertifizierte Datenvernichtung an, unabh\u00e4ngig davon, ob das Telefon noch bootet oder nicht. Sie erhalten f\u00fcr jedes Ger\u00e4t ein Zertifikat \u00fcber die sichere Datenvernichtung.<\/p>\n                                    <\/div>\n                                <\/div>\n                                                            <div class=\"faq-item\">\n                                    <div class=\"faq-heading toggle-heading\">\n                                        <h3>Kann ich auch Tablets oder widerstandsf\u00e4hige Ger\u00e4te einreichen?<\/h3>\n                                        <i class=\"icon closed\"><\/i>\n                                    <\/div>\n                                    <div class=\"faq-body toggle-body hidden\">\n                                        <p>Nat\u00fcrlich. Business-Tablets, Scanner und robuste Telefone mit SIM-Funktionalit\u00e4t werden ebenfalls von unserem Beschaffungsdienst abgedeckt.<\/p>\n                                    <\/div>\n                                <\/div>\n                                                            <div class=\"faq-item\">\n                                    <div class=\"faq-heading toggle-heading\">\n                                        <h3>Wie schnell werde ich \u00fcber den Restwert informiert?<\/h3>\n                                        <i class=\"icon closed\"><\/i>\n                                    <\/div>\n                                    <div class=\"faq-body toggle-body hidden\">\n                                        <p>Nach Erhalt Ihrer Ger\u00e4te erhalten Sie innerhalb weniger Arbeitstage eine Abrechnung mit Wertgutachten und Zertifikaten.<\/p>\n                                    <\/div>\n                                <\/div>\n                                                    <\/div>\n                                    <\/div>\n            <\/div>\n        <\/div>\n    <\/div>\n\n\n    <div  class=\"section section-cta has-small-image has-no-padding-bottom-d has-no-padding-bottom-m has-no-bg has-no-pattern\">\n        \n        <div class=\"holder\">\n            <div class=\"container\">\n                <div class=\"cta-holder\">\n                                            <div class=\"image-holder\">\n                            <img decoding=\"async\" src=\"https:\/\/reuzado.nl\/app\/uploads\/2026\/03\/CTA-Tim.png\" alt=\"\">\n                        <\/div>\n                                        <div class=\"content-holder\">\n                        <div class=\"inner\">\n                            <p>M\u00f6chten Sie wissen, welche Produkte f\u00fcr Ihr Unternehmen am besten geeignet sind?<\/p>\n<p>Dann wenden Sie sich an unsere Beraterinnen und Berater. Sie k\u00f6nnen sie erreichen \u00fcber <a href=\"mailto:info@reuzado.nl\">info@reuzado.nl<\/a> oder \u00fcber <a href=\"tel:+31(0)235519821\">+31 (0)23 551 98 21<\/a>. Oder f\u00fcllen Sie das Kontaktformular aus.<\/p>\n                                                            <div class=\"button-holder\">\n                                    \n                                                                            <a href=\"https:\/\/reuzado.nl\/de\/kontakt\/\" target=\"_self\" class=\"button alt\">Kontakt aufnehmen<\/a>\n                                                                    <\/div>\n                                                    <\/div>\n                    <\/div>\n                <\/div>\n            <\/div>\n        <\/div>\n\n                    <div class=\"background-image\">\n                <img decoding=\"async\" src=\"https:\/\/reuzado.nl\/app\/uploads\/2025\/06\/Reuzado-9377-scaled.jpg\" alt=\"\">\n            <\/div>\n            <\/div>","protected":false},"excerpt":{"rendered":"","protected":false},"author":1,"featured_media":0,"parent":434,"menu_order":0,"comment_status":"closed","ping_status":"closed","template":"","meta":{"_acf_changed":false,"footnotes":""},"class_list":["post-822","page","type-page","status-publish","hentry"],"acf":[],"_links":{"self":[{"href":"https:\/\/reuzado.nl\/de\/wp-json\/wp\/v2\/pages\/822","targetHints":{"allow":["GET"]}}],"collection":[{"href":"https:\/\/reuzado.nl\/de\/wp-json\/wp\/v2\/pages"}],"about":[{"href":"https:\/\/reuzado.nl\/de\/wp-json\/wp\/v2\/types\/page"}],"author":[{"embeddable":true,"href":"https:\/\/reuzado.nl\/de\/wp-json\/wp\/v2\/users\/1"}],"replies":[{"embeddable":true,"href":"https:\/\/reuzado.nl\/de\/wp-json\/wp\/v2\/comments?post=822"}],"version-history":[{"count":0,"href":"https:\/\/reuzado.nl\/de\/wp-json\/wp\/v2\/pages\/822\/revisions"}],"up":[{"embeddable":true,"href":"https:\/\/reuzado.nl\/de\/wp-json\/wp\/v2\/pages\/434"}],"wp:attachment":[{"href":"https:\/\/reuzado.nl\/de\/wp-json\/wp\/v2\/media?parent=822"}],"curies":[{"name":"wp","href":"https:\/\/api.w.org\/{rel}","templated":true}]}}