{"id":864,"date":"2025-05-14T10:18:57","date_gmt":"2025-05-14T10:18:57","guid":{"rendered":"https:\/\/reuzado.nl\/?page_id=864"},"modified":"2025-08-01T14:10:57","modified_gmt":"2025-08-01T14:10:57","slug":"handy-recycling","status":"publish","type":"page","link":"https:\/\/reuzado.nl\/de\/losungsdienstleistungen\/ikt-beschaffung\/handy-recycling\/","title":{"rendered":"Telefon-Recycling"},"content":{"rendered":"<div  class=\"section section-pageheader-detail  has-no-bg has-no-pattern\">\n        <div class=\"container\">\n            <div class=\"holder\">\n                                    <div class=\"background-image\">\n                        <img decoding=\"async\" src=\"https:\/\/reuzado.nl\/app\/uploads\/2025\/06\/Reuzado-9564-scaled.jpg\" alt=\"Telefon-Recycling\">\n                    <\/div>\n                \n                                    <div class=\"content\">\n                        <h1>Telefon-Recycling<\/h1>\n\n                                                    <div class=\"rank-math-breadcrumbs\">\n                                <nav aria-label=\"Semmelbr\u00f6sel\" class=\"rank-math-breadcrumb\"><p><span class=\"last\">Startseite<\/span><\/p><\/nav>                            <\/div>\n                                            <\/div>\n                \n                            <\/div>\n        <\/div>\n    <\/div>\n\n\n        <div  class=\"section section-block-cards has-no-bg has-pattern-blue\">\n            \n            <div class=\"container\">\n                <div class=\"holder\">\n                    <div class=\"content-holder\">\n                        <h2>Telefonrecycling: Der Prozess<\/h2>\n<p>Mobiltelefone enthalten wertvolle Materialien und datenschutzrelevante Daten. Sie einfach wegzuwerfen, ist nicht nur schlecht f\u00fcr die Umwelt, sondern birgt auch Risiken. Denken Sie an die Daten, die im Ger\u00e4t zur\u00fcckbleiben, oder an die Batterien, die nicht im normalen Abfall entsorgt werden sollten.<\/p>\n\n                                            <\/div>\n\n                    <div class=\"block-holder\">\n                                                    <div class=\"blocks\">\n                                                                                                            <div class=\"column\">\n                                                                                            <div class=\"block\">\n                                                    <div class=\"inner\">\n                                                        <h3>1.  Anmeldung<\/h3>\n<p>Melden Sie per Mail oder Telefon, dass Sie alte Handys abholen oder abgeben m\u00f6chten.<\/p>\n                                                                                                            <\/div>\n                                                <\/div>\n                                                                                            <div class=\"block\">\n                                                    <div class=\"inner\">\n                                                        <h3>2. Abholung oder Lieferung<\/h3>\n<p>Wir holen die Ger\u00e4te bei Ihnen vor Ort ab. Selbstanlieferung ist ebenfalls m\u00f6glich. Bei gr\u00f6\u00dferen Mengen nutzen wir den sicheren Transport.<\/p>\n                                                                                                            <\/div>\n                                                <\/div>\n                                                                                    <\/div>\n                                                                                                                                                <div class=\"column\">\n                                                                                            <div class=\"block\">\n                                                    <div class=\"inner\">\n                                                        <h3>Registrierung und Bearbeitung<\/h3>\n<p>Bei der Ankunft registrieren wir die Ger\u00e4te. Funktionierende Ger\u00e4te werden f\u00fcr die Wiederverwendung aufbereitet, defekte Telefone werden umweltfreundlich aufbereitet.<\/p>\n                                                                                                            <\/div>\n                                                <\/div>\n                                                                                            <div class=\"block\">\n                                                    <div class=\"inner\">\n                                                        <h3>4. L\u00f6schung oder Vernichtung von Daten<\/h3>\n<p>Wir l\u00f6schen alle Daten auf sichere Weise: entweder softwarebasiert oder durch physische Vernichtung. Sie erhalten ein Zertifikat \u00fcber die Datenvernichtung.<\/p>\n                                                                                                            <\/div>\n                                                <\/div>\n                                                                                            <div class=\"block\">\n                                                    <div class=\"inner\">\n                                                        <h3>5. Berichterstattung und Nachweise<\/h3>\n<p>Sie erhalten einen \u00dcberblick \u00fcber alle abgegebenen Handys und was mit jedem einzelnen passiert ist.<\/p>\n                                                                                                            <\/div>\n                                                <\/div>\n                                                                                    <\/div>\n                                                                                                <\/div>\n                                            <\/div>\n                <\/div>\n            <\/div>\n        <\/div>\n    \n\n        <div  class=\"section section-content has-no-padding-top-d has-no-padding-top-m has-no-bg has-no-pattern\">\n                        <div class=\"container\">\n                <div class=\"content-holder\">\n                    <div class=\"content\">\n                        <div class=\"inner\">\n                            <h2>Datenvernichtung beim Handy-Recycling<\/h2>\n<p>Alte Handys enthalten oft mehr Daten, als man denkt: Kontakte, Fotos, E-Mails, Chatverl\u00e4ufe und Dokumente. Wir sorgen daf\u00fcr, dass alles unwiederbringlich gel\u00f6scht wird - auf eine Weise, die Ihren Bed\u00fcrfnissen und der Sensibilit\u00e4t der Daten entspricht.<\/p>\n<p>Sie k\u00f6nnen w\u00e4hlen zwischen:<\/p>\n<ul>\n<li>Softwarebasierte Zerst\u00f6rung<\/li>\n<li>Physische Zerst\u00f6rung<\/li>\n<\/ul>\n                                                                                                                <\/div>\n                    <\/div>\n                <\/div>\n            <\/div>\n        <\/div>\n\n    \n\n        <div  class=\"section section-content two-columns has-bg-lightblue has-no-pattern\">\n            <div class=\"container\">\n                <div class=\"content-holder\">\n                                            <div class=\"column\">\n                            <div class=\"content\">\n                                <h3>Softwarebasierte Zerst\u00f6rung<\/h3>\n<p>Ist das Telefon noch funktionsf\u00e4hig? Dann k\u00f6nnen wir die Daten mit zertifizierter Software sicher und dauerhaft l\u00f6schen. Dazu verwenden wir professionelle Tools, die alle Daten dauerhaft \u00fcberschreiben und eine Wiederherstellung unm\u00f6glich machen. Diese Methode ist ideal, wenn das Telefon noch wiederverwendbar ist.<\/p>\n<p>Wir verwenden <strong>Blancco-Software<\/strong> - weltweit anerkannt auf dem Gebiet der Datenvernichtung. Blancco erf\u00fcllt internationale Standards und wird u. a. von der NATO, dem T\u00dcV, der ANSSI und dem AIVD empfohlen. Anschlie\u00dfend erhalten Sie einen Bericht mit Seriennummern und ein offizielles Zertifikat als Nachweis f\u00fcr die Datenvernichtung.<\/p>\n                            <\/div>\n                        <\/div>\n                                        <div class=\"column\">\n                        <div class=\"content\">\n                            <h3>Physische Zerst\u00f6rung<\/h3>\n<p>Ist das Telefon besch\u00e4digt, nicht mehr benutzbar oder enth\u00e4lt es hochsensible Informationen? Dann bieten wir die physische Zerst\u00f6rung des internen Speichers an. Der Chip wird mit einem Industrieshredder zerkleinert, wodurch die Daten dauerhaft und unwiederbringlich vernichtet werden.<\/p>\n<p>Wir f\u00fchren diese physische Datenvernichtung in unserer sicheren Einrichtung durch, sie kann aber auch vor Ort erfolgen. Insbesondere f\u00fcr Organisationen mit hohen Datenschutzanforderungen oder Compliance-Verpflichtungen ist dies eine zuverl\u00e4ssige Wahl. Selbstverst\u00e4ndlich erhalten Sie auch hier ein Vernichtungszertifikat als schl\u00fcssigen Nachweis.<\/p>\n                                                    <\/div>\n                    <\/div>\n                <\/div>\n            <\/div>\n        <\/div>\n\n    \n\n        <div  class=\"section section-content text-columns has-indentation has-no-padding-top-d has-no-padding-top-m has-bg-lightblue has-no-pattern\">\n            <div class=\"container\">\n                <div class=\"content-holder\">\n                                        <div class=\"column-holder\">\n                        <div class=\"column\">\n                            <div class=\"content\">\n                                <h4>Warum getrennte Telefone<br \/>\nm\u00fcssen demontiert werden<\/h4>\n<p>Jedes Mobiltelefon enth\u00e4lt Komponenten, die besondere Aufmerksamkeit erfordern, bevor wir es auf sichere und umweltfreundliche Weise recyceln k\u00f6nnen. Einer der wichtigsten ist der Akku - oft ein Lithium-Akku. Gem\u00e4\u00df den WEEELABEX-Richtlinien m\u00fcssen diese Akkus zun\u00e4chst aus dem Telefon entfernt werden, da sie eine Brandgefahr darstellen k\u00f6nnen. Insbesondere wenn sie besch\u00e4digt oder intern kurzgeschlossen sind, besteht die Gefahr einer Selbstentz\u00fcndung.<\/p>\n<p>Der Ausbau der Batterie ist nicht immer einfach, vor allem bei Ger\u00e4ten wie dem iPhone, wo das Bauteil fest eingebaut ist. Bei uns werden Lithium-Batterien daher sorgf\u00e4ltig aus den Ger\u00e4ten entfernt und separat in einer feuersicheren Umgebung gelagert, unter Einhaltung aller Sicherheitsvorschriften.<\/p>\n<p>Auch der Bildschirm des Telefons muss besonders behandelt werden. Die meisten Bildschirme enthalten Quecksilber - ein f\u00fcr Mensch und Umwelt sch\u00e4dlicher Stoff. Bildschirme, die gr\u00f6\u00dfer als 10 Quadratzentimeter sind, m\u00fcssen daher vorschriftsm\u00e4\u00dfig aus dem Ger\u00e4t entfernt werden, bevor der Recyclingprozess fortgesetzt werden kann.<\/p>\n<p>Erst nachdem Akku und Bildschirm sorgf\u00e4ltig entfernt wurden, kann das restliche Ger\u00e4t verarbeitet werden. Auf diese Weise stellen wir sicher, dass jedes Teil des Telefons ordnungsgem\u00e4\u00df entsorgt wird - sicher, verantwortungsvoll und im Einklang mit dem Gesetz.<\/p>\n<p>&nbsp;<\/p>\n                                                            <\/div>\n                        <\/div>\n                        <div class=\"column\">\n                            <div class=\"content\">\n                                <h4>Wir kaufen Ihr altes<br \/>\nTelefone an<\/h4>\n<p>M\u00f6chten Sie alte Handys verkaufen? Kontaktieren Sie uns unter opkoop@reuzado.nl oder rufen Sie 023 5519821 an. Gemeinsam besprechen wir, wie viele Handys Sie haben, um welche Typen es sich handelt und in welchem Zustand sie sind. Wir stimmen auch die Logistik mit Ihnen ab. Auf dieser Basis machen wir Ihnen ein marktgerechtes Angebot - klar und ohne \u00dcberraschungen. Sie k\u00f6nnen Ihre Ger\u00e4te abholen, wann immer es Ihnen passt, auch au\u00dferhalb der Gesch\u00e4ftszeiten.<\/p>\n                                                                    <div class=\"button-holder\">\n                                                                                    <a href=\"https:\/\/reuzado.nl\/de\/kontakt\/\"\n                                                target=\"_self\"\n                                                class=\"button\">Kontakt aufnehmen<\/a>\n                                                                                                                    <\/div>\n                                                            <\/div>\n                        <\/div>\n                    <\/div>\n                <\/div>\n            <\/div>\n        <\/div>\n    \n\n    <div  class=\"section section-images-slider has-no-padding-top-d has-no-padding-bottom-d has-no-padding-top-m has-no-padding-bottom-m has-no-bg has-no-pattern\">\n        \n                    <div class=\"slider-container\">\n                <div class=\"slider-track\">\n                                            <div class=\"slide\">\n                            <img decoding=\"async\" src=\"https:\/\/reuzado.nl\/app\/uploads\/2025\/06\/Reuzado-9270-scaled.jpg\" alt=\"\">\n                        <\/div>\n                                            <div class=\"slide\">\n                            <img decoding=\"async\" src=\"https:\/\/reuzado.nl\/app\/uploads\/2025\/06\/Reuzado-9167-scaled.jpg\" alt=\"\">\n                        <\/div>\n                                            <div class=\"slide\">\n                            <img decoding=\"async\" src=\"https:\/\/reuzado.nl\/app\/uploads\/2025\/06\/Reuzado-9091-scaled.jpg\" alt=\"\">\n                        <\/div>\n                                            <div class=\"slide\">\n                            <img decoding=\"async\" src=\"https:\/\/reuzado.nl\/app\/uploads\/2025\/06\/Reuzado-9696-scaled.jpg\" alt=\"\">\n                        <\/div>\n                                            <div class=\"slide\">\n                            <img decoding=\"async\" src=\"https:\/\/reuzado.nl\/app\/uploads\/2025\/06\/Reuzado-9710-scaled.jpg\" alt=\"\">\n                        <\/div>\n                                            <div class=\"slide\">\n                            <img decoding=\"async\" src=\"https:\/\/reuzado.nl\/app\/uploads\/2025\/06\/Reuzado-9597-scaled.jpg\" alt=\"Computer kaufen\">\n                        <\/div>\n                                    <\/div>\n            <\/div>\n            <\/div>\n\n\n    <div  class=\"section section-faq  has-no-bg has-no-pattern\">\n        \n        <div class=\"container\">\n                        <div class=\"faq-wrapper\">\n                <div class=\"faq\">\n                                                                        <div class=\"faq-title\">\n                                <h2>H\u00e4ufig gestellte Fragen zum Handy-Recycling<\/h2>\n                            <\/div>\n                                            \n                                            <div class=\"faq-items-wrapper\">\n                                                            <div class=\"faq-item\">\n                                    <div class=\"faq-heading toggle-heading\">\n                                        <h3>Welche Arten von Handys k\u00f6nnen recycelt werden?<\/h3>\n                                        <i class=\"icon opened\"><\/i>\n                                    <\/div>\n                                    <div class=\"faq-body toggle-body is-opened\">\n                                        <p>Wir bieten das Recycling von Handys aller Formen und Gr\u00f6\u00dfen an: von Smartphones \u00fcber Business-Modelle bis hin zu kaputten oder unvollst\u00e4ndigen Ger\u00e4ten. Sie k\u00f6nnen Ihr altes Handy auch bei uns abgeben. Zubeh\u00f6r wie Ladeger\u00e4te oder Headsets k\u00f6nnen einfach mitgegeben werden.<\/p>\n                                    <\/div>\n                                <\/div>\n                                                            <div class=\"faq-item\">\n                                    <div class=\"faq-heading toggle-heading\">\n                                        <h3>Kann ich mein altes Telefon auch als Privatperson abgeben?<\/h3>\n                                        <i class=\"icon closed\"><\/i>\n                                    <\/div>\n                                    <div class=\"faq-body toggle-body hidden\">\n                                        <p>Aber sicher! Sowohl Unternehmen als auch Privatpersonen k\u00f6nnen Mobiltelefone bei uns recyceln. Setzen Sie sich mit uns in Verbindung, um die M\u00f6glichkeiten f\u00fcr das Recycling Ihres Handys zu besprechen.<\/p>\n                                    <\/div>\n                                <\/div>\n                                                            <div class=\"faq-item\">\n                                    <div class=\"faq-heading toggle-heading\">\n                                        <h3>Was passiert mit meinen Daten auf dem Telefon?<\/h3>\n                                        <i class=\"icon closed\"><\/i>\n                                    <\/div>\n                                    <div class=\"faq-body toggle-body hidden\">\n                                        <p>Wir bieten professionelle Datenvernichtung. Dies kann softwarem\u00e4\u00dfig mit zertifizierten Tools wie Blancco oder physisch, zum Beispiel durch die Zerst\u00f6rung des Speicherchips oder der Festplatte, erfolgen. Sie erhalten immer ein offizielles Zertifikat \u00fcber die Vernichtung.<\/p>\n                                    <\/div>\n                                <\/div>\n                                                            <div class=\"faq-item\">\n                                    <div class=\"faq-heading toggle-heading\">\n                                        <h3>Ist das Recycling von Handys kostenlos?<\/h3>\n                                        <i class=\"icon closed\"><\/i>\n                                    <\/div>\n                                    <div class=\"faq-body toggle-body hidden\">\n                                        <p>In vielen F\u00e4llen ist das Handy-Recycling kostenlos, insbesondere bei gr\u00f6\u00dferen Mengen oder wenn die Ger\u00e4te noch einen Restwert haben. Wir vereinbaren die Kosten immer im Voraus mit Ihnen.<\/p>\n                                    <\/div>\n                                <\/div>\n                                                            <div class=\"faq-item\">\n                                    <div class=\"faq-heading toggle-heading\">\n                                        <h3>Wie schnell k\u00f6nnen Sie die Telefone abholen?<\/h3>\n                                        <i class=\"icon closed\"><\/i>\n                                    <\/div>\n                                    <div class=\"faq-body toggle-body hidden\">\n                                        <p>Wir holen die Ger\u00e4te oft innerhalb weniger Arbeitstage ab. Eine Abholung au\u00dferhalb der Gesch\u00e4ftszeiten ist nach Absprache ebenfalls m\u00f6glich.<\/p>\n                                    <\/div>\n                                <\/div>\n                                                            <div class=\"faq-item\">\n                                    <div class=\"faq-heading toggle-heading\">\n                                        <h3>Was passiert, nachdem das Telefon recycelt wurde?<\/h3>\n                                        <i class=\"icon closed\"><\/i>\n                                    <\/div>\n                                    <div class=\"faq-body toggle-body hidden\">\n                                        <p>Wiederverwendbare Telefone oder Teile werden einem zweiten Leben zugef\u00fchrt. Defekte oder veraltete Ger\u00e4te werden nach den Richtlinien von WEEELABEX umweltgerecht aufbereitet. W\u00e4hrend des Prozesses werden wertvolle Materialien zur\u00fcckgewonnen und Schadstoffe sicher entsorgt.<\/p>\n                                    <\/div>\n                                <\/div>\n                                                            <div class=\"faq-item\">\n                                    <div class=\"faq-heading toggle-heading\">\n                                        <h3>Soll ich den Akku selbst aus dem Telefon entfernen?<\/h3>\n                                        <i class=\"icon closed\"><\/i>\n                                    <\/div>\n                                    <div class=\"faq-body toggle-body hidden\">\n                                        <p>Nein, das ist nicht n\u00f6tig. Wir demontieren Ger\u00e4te sicher und verantwortungsbewusst. Dabei entfernen wir Batterien, Bildschirme und andere Teile in \u00dcbereinstimmung mit den geltenden Sicherheits- und Umweltstandards.<\/p>\n                                    <\/div>\n                                <\/div>\n                                                    <\/div>\n                                    <\/div>\n            <\/div>\n        <\/div>\n    <\/div>","protected":false},"excerpt":{"rendered":"","protected":false},"author":3,"featured_media":0,"parent":432,"menu_order":0,"comment_status":"closed","ping_status":"closed","template":"","meta":{"_acf_changed":false,"footnotes":""},"class_list":["post-864","page","type-page","status-publish","hentry"],"acf":[],"_links":{"self":[{"href":"https:\/\/reuzado.nl\/de\/wp-json\/wp\/v2\/pages\/864","targetHints":{"allow":["GET"]}}],"collection":[{"href":"https:\/\/reuzado.nl\/de\/wp-json\/wp\/v2\/pages"}],"about":[{"href":"https:\/\/reuzado.nl\/de\/wp-json\/wp\/v2\/types\/page"}],"author":[{"embeddable":true,"href":"https:\/\/reuzado.nl\/de\/wp-json\/wp\/v2\/users\/3"}],"replies":[{"embeddable":true,"href":"https:\/\/reuzado.nl\/de\/wp-json\/wp\/v2\/comments?post=864"}],"version-history":[{"count":0,"href":"https:\/\/reuzado.nl\/de\/wp-json\/wp\/v2\/pages\/864\/revisions"}],"up":[{"embeddable":true,"href":"https:\/\/reuzado.nl\/de\/wp-json\/wp\/v2\/pages\/432"}],"wp:attachment":[{"href":"https:\/\/reuzado.nl\/de\/wp-json\/wp\/v2\/media?parent=864"}],"curies":[{"name":"wp","href":"https:\/\/api.w.org\/{rel}","templated":true}]}}