{"id":898,"date":"2025-05-14T10:29:31","date_gmt":"2025-05-14T10:29:31","guid":{"rendered":"https:\/\/reuzado.nl\/?page_id=898"},"modified":"2025-08-01T14:07:28","modified_gmt":"2025-08-01T14:07:28","slug":"datenrecycling","status":"publish","type":"page","link":"https:\/\/reuzado.nl\/de\/losungsdienstleistungen\/ikt-beschaffung\/it-recycling\/datenrecycling\/","title":{"rendered":"Datenrecycling"},"content":{"rendered":"<div  class=\"section section-pageheader-detail  has-no-bg has-no-pattern\">\n        <div class=\"container\">\n            <div class=\"holder\">\n                                    <div class=\"background-image\">\n                        <img decoding=\"async\" src=\"https:\/\/reuzado.nl\/app\/uploads\/2025\/06\/Reuzado-9270-scaled.jpg\" alt=\"\">\n                    <\/div>\n                \n                                    <div class=\"content\">\n                        <h1>Datenrecycling<\/h1>\n\n                                                    <div class=\"rank-math-breadcrumbs\">\n                                <nav aria-label=\"Semmelbr\u00f6sel\" class=\"rank-math-breadcrumb\"><p><span class=\"last\">Startseite<\/span><\/p><\/nav>                            <\/div>\n                                            <\/div>\n                \n                            <\/div>\n        <\/div>\n    <\/div>\n\n\n        <div  class=\"section section-content has-no-padding-bottom-d has-no-padding-bottom-m has-no-bg has-no-pattern\">\n                        <div class=\"container\">\n                <div class=\"content-holder\">\n                    <div class=\"content\">\n                        <div class=\"inner\">\n                            <p>Ausrangierte Festplatten, Server oder andere Datentr\u00e4ger? Bei Reuzado bieten wir Ihnen sicheres und zertifiziertes Datenrecycling. Ob Sie ein paar alte Laptops haben oder einen Serverraum entr\u00fcmpeln: Wir verarbeiten Ihre Datentr\u00e4ger verantwortungsvoll und nach strengsten Sicherheitsstandards.<\/p>\n<p>Im Mittelpunkt steht dabei immer die zertifizierte Datenvernichtung. Sie erhalten einen klaren Bericht und ein offizielles Vernichtungszertifikat - so k\u00f6nnen Sie sicher sein, dass Ihre Daten sicher sind.<\/p>\n                                                                                                <div class=\"button-holder\">\n                                                                                    <a href=\"https:\/\/reuzado.nl\/de\/ein-angebot-anfordern\/\"\n                                                target=\"_self\"\n                                                class=\"button\">Angebot anfordern<\/a>\n                                                                                                                            <a href=\"https:\/\/reuzado.nl\/de\/kontakt\/\"\n                                                target=\"_self\"\n                                                class=\"button\">Kontakt aufnehmen<\/a>\n                                                                                                                    <\/div>\n                                                                                    <\/div>\n                    <\/div>\n                <\/div>\n            <\/div>\n        <\/div>\n\n    \n\n        <div  class=\"section section-block-cards has-bg-lightblue has-pattern-blue\">\n            \n            <div class=\"container\">\n                <div class=\"holder\">\n                    <div class=\"content-holder\">\n                        <h2>Datenrecycling: Wie funktioniert das Recyclingverfahren?<\/h2>\n<p>Daten werden oft jahrelang auf allen m\u00f6glichen Ger\u00e4ten gespeichert: Festplatten, SSDs, B\u00e4nder, Server, Laptops, USB-Sticks. Selbst wenn ein Ger\u00e4t nicht mehr funktioniert, k\u00f6nnen Spuren von sensiblen Informationen noch vorhanden sein. Sie wegzuwerfen ist also keine Option.<\/p>\n<p>Datenrecycling verhindert, dass diese Informationen in falsche H\u00e4nde geraten und sorgt daf\u00fcr, dass die Materialien in Ihrer alten Hardware nachhaltig verarbeitet werden. Ob pers\u00f6nliche Daten, Kundenakten oder Gesch\u00e4ftsunterlagen: Wir sorgen daf\u00fcr, dass alles<\/p>\n\n                                            <\/div>\n\n                    <div class=\"block-holder\">\n                                                    <div class=\"blocks\">\n                                                                                                            <div class=\"column\">\n                                                                                            <div class=\"block\">\n                                                    <div class=\"inner\">\n                                                        <h3>1. Registrierung Ihrer Ausr\u00fcstung<\/h3>\n<p>Geben Sie einfach an, welche Datentr\u00e4ger Sie verarbeiten m\u00f6chten. Denken Sie an interne und externe Festplatten, Laptops, Server, SSDs oder NAS-Systeme. Wir besprechen Ihre Anforderungen und vereinbaren alles klar im Voraus.<\/p>\n                                                                                                            <\/div>\n                                                <\/div>\n                                                                                            <div class=\"block\">\n                                                    <div class=\"inner\">\n                                                        <h3>2. Abholung durch sicheren Transport<\/h3>\n<p>Wir holen die Ger\u00e4te bei Ihnen ab - diskret und sicher. Bei gr\u00f6\u00dferen Mengen nutzen wir den sicheren Transport. Selbstanlieferung ist nat\u00fcrlich auch m\u00f6glich.<\/p>\n                                                                                                            <\/div>\n                                                <\/div>\n                                                                                    <\/div>\n                                                                                                                                                <div class=\"column\">\n                                                                                            <div class=\"block\">\n                                                    <div class=\"inner\">\n                                                        <h3>3. Registrierung und Bearbeitung<\/h3>\n<p>Bei der Ankunft erfassen wir jeden Artikel und verkn\u00fcpfen die Seriennummern mit dem Verarbeitungsweg. Funktionierende Ger\u00e4te werden auf ihre Wiederverwendung gepr\u00fcft, defekte Ger\u00e4te werden sofort dem Recycling zugef\u00fchrt.<\/p>\n                                                                                                            <\/div>\n                                                <\/div>\n                                                                                            <div class=\"block\">\n                                                    <div class=\"inner\">\n                                                        <h3>4. Vollst\u00e4ndige Datenvernichtung<\/h3>\n<p>Je nach Ihren W\u00fcnschen und der Art der Speicherung entfernen wir die Daten entweder per Software oder durch physische Vernichtung. In beiden F\u00e4llen erhalten Sie ein Datenvernichtungszertifikat.<\/p>\n                                                                                                            <\/div>\n                                                <\/div>\n                                                                                            <div class=\"block\">\n                                                    <div class=\"inner\">\n                                                        <h3>5. Berichterstattung und Nachweise<\/h3>\n<p>Anschlie\u00dfend erhalten Sie von uns einen offiziellen Vernichtungsnachweis. Darin sind auch die Seriennummern aufgef\u00fchrt, so dass Sie volle Transparenz haben.<\/p>\n                                                                                                            <\/div>\n                                                <\/div>\n                                                                                    <\/div>\n                                                                                                <\/div>\n                                            <\/div>\n                <\/div>\n            <\/div>\n        <\/div>\n    \n\n    <div         class=\"section section-image-content has-no-padding-top-d has-no-padding-top-m has-no-bg has-no-pattern has-image-left\">\n        <div class=\"holder\">\n                            <div class=\"image-holder\">\n                                            <div class=\"column\">\n                            <div class=\"image-wrapper\">\n                                <img decoding=\"async\" src=\"https:\/\/reuzado.nl\/app\/uploads\/2025\/06\/Reuzado-9468-scaled.jpg\" alt=\"\">\n                            <\/div>\n                        <\/div>\n                                        <div class=\"column\">\n                                                    <div class=\"image-wrapper\">\n                                <img decoding=\"async\" src=\"https:\/\/reuzado.nl\/app\/uploads\/2025\/06\/Reuzado-9710-scaled.jpg\" alt=\"\">\n                            <\/div>\n                                                                            <div class=\"image-wrapper\">\n                                <img decoding=\"async\" src=\"https:\/\/reuzado.nl\/app\/uploads\/2025\/06\/Reuzado-9701-scaled.jpg\" alt=\"Aufkauf von Cisco\">\n                            <\/div>\n                                            <\/div>\n                                            <div class=\"column\">\n                            <div class=\"image-wrapper\">\n                                <img decoding=\"async\" src=\"https:\/\/reuzado.nl\/app\/uploads\/2025\/06\/Reuzado-9677-scaled.jpg\" alt=\"\">\n                            <\/div>\n                        <\/div>\n                                    <\/div>\n                <div class=\"image-holder-mobile\">\n\n                                            <div class=\"column\">\n                            <div class=\"image-wrapper\">\n                                <img decoding=\"async\" src=\"https:\/\/reuzado.nl\/app\/uploads\/2025\/06\/Reuzado-9468-scaled.jpg\" alt=\"\">\n                            <\/div>\n                        <\/div>\n                                        <div class=\"column\">\n                                                    <div class=\"image-wrapper\">\n                                <img decoding=\"async\" src=\"https:\/\/reuzado.nl\/app\/uploads\/2025\/06\/Reuzado-9710-scaled.jpg\" alt=\"\">\n                            <\/div>\n                                                                            <div class=\"image-wrapper\">\n                                <img decoding=\"async\" src=\"https:\/\/reuzado.nl\/app\/uploads\/2025\/06\/Reuzado-9701-scaled.jpg\" alt=\"Aufkauf von Cisco\">\n                            <\/div>\n                                            <\/div>\n                                            <div class=\"column\">\n                            <div class=\"image-wrapper\">\n                                <img decoding=\"async\" src=\"https:\/\/reuzado.nl\/app\/uploads\/2025\/06\/Reuzado-9677-scaled.jpg\" alt=\"\">\n                            <\/div>\n                            <div class=\"image-wrapper is-blue\">\n                            <\/div>\n                        <\/div>\n                                    <\/div>\n                        <div class=\"content-holder\">\n                <div class=\"inner\">\n                                            <h2>Datenvernichtung beim Datenrecycling<\/h2>\n<p>Daten sind oft an mehr Orten versteckt, als man denkt - in Backups, Cache-Dateien, gel\u00f6schten Ordnern oder versteckten Sektoren auf einer Festplatte. Deshalb behandeln wir jeden Datentr\u00e4ger mit \u00e4u\u00dferster Sorgfalt. Unsere Datenvernichtung ist zertifiziert und entspricht voll und ganz den AVG-Richtlinien und internationalen Standards.<\/p>\n                    \n                                    <\/div>\n            <\/div>\n        <\/div>\n    <\/div>\n\n\n        <div  class=\"section section-content two-columns has-no-bg has-no-pattern\">\n            <div class=\"container\">\n                <div class=\"content-holder\">\n                                            <div class=\"column\">\n                            <div class=\"content\">\n                                <h3>Softwarebasierte Datenvernichtung<\/h3>\n<p>Wenn ein Ger\u00e4t noch funktioniert, k\u00f6nnen wir alle Daten professionell mit zertifizierter Software entfernen. Dazu verwenden wir Blancco - Marktf\u00fchrer im Bereich der Datenentfernung und unter anderem von der NATO, dem T\u00dcV, der ANSSI und dem AIVD anerkannt.<\/p>\n<p>Die Software \u00fcberschreibt den gesamten Speicher mehrfach, was eine Wiederherstellung technisch unm\u00f6glich macht. Diese Methode ist ideal, wenn Sie das Ger\u00e4t erneut einsetzen m\u00f6chten. Sie erhalten anschlie\u00dfend ein Datenentfernungszertifikat und einen detaillierten Bericht mit Seriennummern<\/p>\n                            <\/div>\n                        <\/div>\n                                        <div class=\"column\">\n                        <div class=\"content\">\n                            <h3>Physische Zerst\u00f6rung im Falle von nicht wiederherstellbaren Tr\u00e4gern<\/h3>\n<p>Wenn das Ger\u00e4t defekt ist oder besonders sensible Informationen enth\u00e4lt, entscheiden wir uns f\u00fcr die physische Zerst\u00f6rung. Dabei wird die Festplatte, die SSD oder das Band mit einem Industrieshredder in kleine, nicht mehr erkennbare Fragmente zermahlen.<\/p>\n<p>Diese Methode ist 100% unumkehrbar und findet in unserer sicheren Einrichtung oder bei Bedarf vor Ort statt. Insbesondere f\u00fcr Einrichtungen des Gesundheitswesens, Finanzdienstleister oder Regierungen ist dies eine zuverl\u00e4ssige Wahl. Selbstverst\u00e4ndlich erhalten Sie ein Zertifikat \u00fcber die Vernichtung.<\/p>\n                                                    <\/div>\n                    <\/div>\n                <\/div>\n            <\/div>\n        <\/div>\n\n    \n\n    <div  class=\"section section-images-slider has-bg-lightblue has-no-pattern\">\n        \n                    <div class=\"slider-container\">\n                <div class=\"slider-track\">\n                                            <div class=\"slide\">\n                            <img decoding=\"async\" src=\"https:\/\/reuzado.nl\/app\/uploads\/2025\/06\/Reuzado-9564-scaled.jpg\" alt=\"Telefon-Recycling\">\n                        <\/div>\n                                            <div class=\"slide\">\n                            <img decoding=\"async\" src=\"https:\/\/reuzado.nl\/app\/uploads\/2025\/06\/Reuzado-9570-scaled.jpg\" alt=\"\">\n                        <\/div>\n                                            <div class=\"slide\">\n                            <img decoding=\"async\" src=\"https:\/\/reuzado.nl\/app\/uploads\/2025\/06\/Reuzado-9597-scaled.jpg\" alt=\"Computer kaufen\">\n                        <\/div>\n                                            <div class=\"slide\">\n                            <img decoding=\"async\" src=\"https:\/\/reuzado.nl\/app\/uploads\/2025\/06\/Reuzado-9701-scaled.jpg\" alt=\"Aufkauf von Cisco\">\n                        <\/div>\n                                    <\/div>\n            <\/div>\n            <\/div>\n\n\n        <div  class=\"section section-content two-columns has-no-bg has-no-pattern\">\n            <div class=\"container\">\n                <div class=\"content-holder\">\n                                            <div class=\"column\">\n                            <div class=\"content\">\n                                <h4>Verantwortungsvoller Umgang mit abgeschriebener Lagerung<\/h4>\n<p>Nicht alle Datentr\u00e4ger m\u00fcssen sofort vernichtet werden. Manchmal ist ein Ger\u00e4t technisch noch in gutem Zustand. In diesem Fall pr\u00fcfen wir, ob es sich f\u00fcr eine Wiederverwendung eignet, zum Beispiel in Bildungs- oder Sozialprojekten.<\/p>\n<p>Wenn eine Wiederverwendung nicht m\u00f6glich ist, bereiten wir die Ger\u00e4te nach den WEEELABEX-Standards auf. Wertvolle Materialien wie Aluminium, Kupfer oder Edelmetalle werden zur\u00fcckgewonnen. Schadstoffe werden sicher und verantwortungsvoll entsorgt.<\/p>\n                            <\/div>\n                        <\/div>\n                                        <div class=\"column\">\n                        <div class=\"content\">\n                            <h4>Wir kaufen Ihre Datentr\u00e4ger auf<\/h4>\n<p>Haben Sie gr\u00f6\u00dfere Mengen an abgeschriebenen Servern, externen Laufwerken oder Laptops mit Restwert? Reuzado kauft gebrauchte IT-Ger\u00e4te an. Sie erhalten einen fairen Preis und sparen Ihre Recyclingkosten.<\/p>\n<p>Senden Sie eine Liste an opkoop@reuzado.nl oder rufen Sie an unter 023 5519821. Wir machen Ihnen schnell ein marktgerechtes Angebot und stimmen die Logistik mit Ihnen ab. Die Abholung ist auch au\u00dferhalb der Gesch\u00e4ftszeiten m\u00f6glich.<\/p>\n                                                            <div class=\"button-holder\">\n                                                                            <a href=\"https:\/\/reuzado.nl\/de\/kontakt\/\"\n                                            target=\"_self\"\n                                            class=\"button\">Kontakt aufnehmen<\/a>\n                                                                                                        <\/div>\n                                                    <\/div>\n                    <\/div>\n                <\/div>\n            <\/div>\n        <\/div>\n\n    \n\n    <div  class=\"section section-faq  has-no-bg has-no-pattern\">\n        \n        <div class=\"container\">\n                        <div class=\"faq-wrapper\">\n                <div class=\"faq\">\n                                                                        <div class=\"faq-title\">\n                                <h2>H\u00e4ufig gestellte Fragen zum Datenrecycling<\/h2>\n                            <\/div>\n                                            \n                                            <div class=\"faq-items-wrapper\">\n                                                            <div class=\"faq-item\">\n                                    <div class=\"faq-heading toggle-heading\">\n                                        <h3>Welche Ger\u00e4te kommen f\u00fcr das Datenrecycling in Frage?<\/h3>\n                                        <i class=\"icon opened\"><\/i>\n                                    <\/div>\n                                    <div class=\"faq-body toggle-body is-opened\">\n                                        <p>Wir recyceln alle Arten von Speichermedien: Festplatten (HDD und SSD), B\u00e4nder, Laptops, Smartphones, Tablets, USB-Sticks, Speicherkarten und nat\u00fcrlich auch Server. Selbst ein veralteter oder defekter alter Server kann bei uns sicher entsorgt werden.<\/p>\n                                    <\/div>\n                                <\/div>\n                                                            <div class=\"faq-item\">\n                                    <div class=\"faq-heading toggle-heading\">\n                                        <h3>Ist die L\u00f6schung von Daten obligatorisch?<\/h3>\n                                        <i class=\"icon closed\"><\/i>\n                                    <\/div>\n                                    <div class=\"faq-body toggle-body hidden\">\n                                        <p>Ja. Wenn Sie mit pers\u00f6nlichen oder gesch\u00e4ftlichen Daten arbeiten, sind Sie gesetzlich verpflichtet, diese sicher zu entsorgen. Datensicherheit ist wichtig - und mit unserem zertifizierten Ansatz erf\u00fcllen Sie das AVG und andere Vorschriften.<\/p>\n                                    <\/div>\n                                <\/div>\n                                                            <div class=\"faq-item\">\n                                    <div class=\"faq-heading toggle-heading\">\n                                        <h3>Was kostet das Datenrecycling?<\/h3>\n                                        <i class=\"icon closed\"><\/i>\n                                    <\/div>\n                                    <div class=\"faq-body toggle-body hidden\">\n                                        <p>Die Kosten h\u00e4ngen von der Anzahl der Ger\u00e4te, der Art der Speicherung und der gew\u00e4hlten Methode (z. B. softwarebasierte Datenvernichtung oder physische Vernichtung) ab. In vielen F\u00e4llen ist das Datenrecycling kostenlos, wenn die Ger\u00e4te noch einen Restwert haben.<\/p>\n                                    <\/div>\n                                <\/div>\n                                                            <div class=\"faq-item\">\n                                    <div class=\"faq-heading toggle-heading\">\n                                        <h3>Kann ich die Vernichtung auch vor Ort durchf\u00fchren lassen?<\/h3>\n                                        <i class=\"icon closed\"><\/i>\n                                    <\/div>\n                                    <div class=\"faq-body toggle-body hidden\">\n                                        <p>Sicherlich. Vor allem bei sensiblen Daten oder gr\u00f6\u00dferen Mengen ist es gut, wenn die Datenvernichtung bei Ihnen vor Ort erfolgt. Das gilt auch f\u00fcr Situationen, in denen Sie es vorziehen, einen alten Server oder einen anderen Speicher nicht transportieren zu lassen.<\/p>\n                                    <\/div>\n                                <\/div>\n                                                            <div class=\"faq-item\">\n                                    <div class=\"faq-heading toggle-heading\">\n                                        <h3>Wie schnell k\u00f6nnen Sie kommen?<\/h3>\n                                        <i class=\"icon closed\"><\/i>\n                                    <\/div>\n                                    <div class=\"faq-body toggle-body hidden\">\n                                        <p>In der Regel k\u00f6nnen wir innerhalb weniger Arbeitstage vorbeikommen. Bei gro\u00dfen Entr\u00fcmpelungen oder bei der Entsorgung von IT-Abf\u00e4llen k\u00f6nnen wir auch au\u00dferhalb der B\u00fcrozeiten vorbeikommen - zu einer Zeit, die Ihnen passt.<\/p>\n                                    <\/div>\n                                <\/div>\n                                                            <div class=\"faq-item\">\n                                    <div class=\"faq-heading toggle-heading\">\n                                        <h3>Bekomme ich einen Nachweis \u00fcber die Zerst\u00f6rung?<\/h3>\n                                        <i class=\"icon closed\"><\/i>\n                                    <\/div>\n                                    <div class=\"faq-body toggle-body hidden\">\n                                        <p>Ja. Sie erhalten immer ein Vernichtungszertifikat und einen \u00fcbersichtlichen Bericht mit Seriennummern der Datentr\u00e4ger. So haben Sie vollen Einblick und erf\u00fcllen alle Anforderungen an die Datensicherheit.<\/p>\n                                    <\/div>\n                                <\/div>\n                                                            <div class=\"faq-item\">\n                                    <div class=\"faq-heading toggle-heading\">\n                                        <h3>Ist es auch m\u00f6glich, einen Server oder ein NAS-System zu recyceln?<\/h3>\n                                        <i class=\"icon closed\"><\/i>\n                                    <\/div>\n                                    <div class=\"faq-body toggle-body hidden\">\n                                        <p>Ja, wir k\u00f6nnen jede Art von Datentr\u00e4ger oder Netzwerkger\u00e4t sicher aufbereiten - ob Laptop, NAS oder komplettes Server-Recycling. Nat\u00fcrlich inklusive vollst\u00e4ndiger Datenvernichtung und umweltgerechter Entsorgung.<\/p>\n                                    <\/div>\n                                <\/div>\n                                                    <\/div>\n                                    <\/div>\n            <\/div>\n        <\/div>\n    <\/div>","protected":false},"excerpt":{"rendered":"","protected":false},"author":1,"featured_media":0,"parent":756,"menu_order":0,"comment_status":"closed","ping_status":"closed","template":"","meta":{"_acf_changed":false,"footnotes":""},"class_list":["post-898","page","type-page","status-publish","hentry"],"acf":[],"_links":{"self":[{"href":"https:\/\/reuzado.nl\/de\/wp-json\/wp\/v2\/pages\/898","targetHints":{"allow":["GET"]}}],"collection":[{"href":"https:\/\/reuzado.nl\/de\/wp-json\/wp\/v2\/pages"}],"about":[{"href":"https:\/\/reuzado.nl\/de\/wp-json\/wp\/v2\/types\/page"}],"author":[{"embeddable":true,"href":"https:\/\/reuzado.nl\/de\/wp-json\/wp\/v2\/users\/1"}],"replies":[{"embeddable":true,"href":"https:\/\/reuzado.nl\/de\/wp-json\/wp\/v2\/comments?post=898"}],"version-history":[{"count":0,"href":"https:\/\/reuzado.nl\/de\/wp-json\/wp\/v2\/pages\/898\/revisions"}],"up":[{"embeddable":true,"href":"https:\/\/reuzado.nl\/de\/wp-json\/wp\/v2\/pages\/756"}],"wp:attachment":[{"href":"https:\/\/reuzado.nl\/de\/wp-json\/wp\/v2\/media?parent=898"}],"curies":[{"name":"wp","href":"https:\/\/api.w.org\/{rel}","templated":true}]}}