{"id":1017,"date":"2025-05-15T10:18:17","date_gmt":"2025-05-15T10:18:17","guid":{"rendered":"https:\/\/reuzado.nl\/?page_id=1017"},"modified":"2025-12-04T08:44:55","modified_gmt":"2025-12-04T08:44:55","slug":"migration-informatique","status":"publish","type":"page","link":"https:\/\/reuzado.nl\/fr\/services-de-solutions\/solutions-tic\/migration-informatique\/","title":{"rendered":"Installation physique du lieu de travail"},"content":{"rendered":"<div  class=\"section section-pageheader-detail  has-no-bg has-no-pattern\">\n        <div class=\"container\">\n            <div class=\"holder\">\n                                    <div class=\"background-image\">\n                        <img decoding=\"async\" src=\"https:\/\/reuzado.nl\/app\/uploads\/2025\/09\/Reuzado-hoge-resolutie-JudithCapponFotografie-7905.jpg\" alt=\"\">\n                    <\/div>\n                \n                                    <div class=\"content\">\n                        <h1>Installation physique du lieu de travail<\/h1>\n\n                                                    <div class=\"rank-math-breadcrumbs\">\n                                <nav aria-label=\"chapelure\" class=\"rank-math-breadcrumb\"><p><span class=\"last\">Accueil<\/span><\/p><\/nav>                            <\/div>\n                                            <\/div>\n                \n                            <\/div>\n        <\/div>\n    <\/div>\n\n\n        <div  class=\"section section-content has-no-padding-bottom-d has-no-padding-bottom-m has-no-bg has-no-pattern\">\n                        <div class=\"container\">\n                <div class=\"content-holder\">\n                    <div class=\"content\">\n                        <div class=\"inner\">\n                            <h2>Installation physique du lieu de travail<\/h2>\n<p>Le d\u00e9placement ou le remplacement d'un poste de travail ne doit pas \u00eatre un processus invasif ou perturbateur. Reuzado a plus de 15 ans d'exp\u00e9rience dans l'installation et le d\u00e9montage de postes de travail physiques, que ce soit dans de petits bureaux ou dans des environnements de travail \u00e0 grande \u00e9chelle. Qu'il s'agisse d'un seul site ou d'un d\u00e9ploiement \u00e0 l'\u00e9chelle nationale, nous veillons \u00e0 ce que la migration des postes de travail se fasse en douceur, du d\u00e9but \u00e0 la fin, avec un minimum de perturbations pour les employ\u00e9s.<\/p>\n                                                                                                                <\/div>\n                    <\/div>\n                <\/div>\n            <\/div>\n        <\/div>\n\n    \n\n        <div  class=\"section section-content two-columns has-no-bg has-no-pattern\">\n            <div class=\"container\">\n                <div class=\"content-holder\">\n                                            <div class=\"column\">\n                            <div class=\"content\">\n                                <h3>Un personnel exp\u00e9riment\u00e9 et fiable<\/h3>\n<p>Nos collaborateurs sont soigneusement s\u00e9lectionn\u00e9s et disposent d'un certificat VOG, d'une formation en informatique ou d'une affinit\u00e9 manifeste avec l'informatique. Gr\u00e2ce \u00e0 leurs ann\u00e9es d'exp\u00e9rience, ils savent exactement comment manipuler le mat\u00e9riel et fournir un travail de qualit\u00e9. Cela garantit une ex\u00e9cution professionnelle et soign\u00e9e sur place.<\/p>\n<p>&nbsp;<\/p>\n                            <\/div>\n                        <\/div>\n                                        <div class=\"column\">\n                        <div class=\"content\">\n                            <h3>Un point de contact unique<\/h3>\n<p>Pendant toute la dur\u00e9e du projet, vous aurez un chef de projet permanent. Cette personne surveille la planification, coordonne l'ex\u00e9cution et est votre point de contact direct. Cela permet de garder une vue d'ensemble et de r\u00e9pondre rapidement aux questions.<\/p>\n                                                    <\/div>\n                    <\/div>\n                <\/div>\n            <\/div>\n        <\/div>\n\n    \n\n    <div         class=\"section section-image-content has-bg-lightblue has-no-pattern has-image-left\">\n        <div class=\"holder\">\n                            <div class=\"image-holder\">\n                                            <div class=\"column\">\n                            <div class=\"image-wrapper\">\n                                <img decoding=\"async\" src=\"https:\/\/reuzado.nl\/app\/uploads\/2025\/09\/Reuzado-hoge-resolutie-JudithCapponFotografie-9143.jpg\" alt=\"camion broyeur\">\n                            <\/div>\n                        <\/div>\n                                        <div class=\"column\">\n                                                    <div class=\"image-wrapper\">\n                                <img decoding=\"async\" src=\"https:\/\/reuzado.nl\/app\/uploads\/2025\/09\/Reuzado-hoge-resolutie-JudithCapponFotografie-9104.jpg\" alt=\"\">\n                            <\/div>\n                                                                            <div class=\"image-wrapper\">\n                                <img decoding=\"async\" src=\"https:\/\/reuzado.nl\/app\/uploads\/2025\/09\/Reuzado-hoge-resolutie-JudithCapponFotografie-9448.jpg\" alt=\"\">\n                            <\/div>\n                                            <\/div>\n                                            <div class=\"column\">\n                            <div class=\"image-wrapper\">\n                                <img decoding=\"async\" src=\"https:\/\/reuzado.nl\/app\/uploads\/2025\/07\/Reuzado-9143.jpg\" alt=\"\">\n                            <\/div>\n                        <\/div>\n                                    <\/div>\n                <div class=\"image-holder-mobile\">\n\n                                            <div class=\"column\">\n                            <div class=\"image-wrapper\">\n                                <img decoding=\"async\" src=\"https:\/\/reuzado.nl\/app\/uploads\/2025\/09\/Reuzado-hoge-resolutie-JudithCapponFotografie-9143.jpg\" alt=\"camion broyeur\">\n                            <\/div>\n                        <\/div>\n                                        <div class=\"column\">\n                                                    <div class=\"image-wrapper\">\n                                <img decoding=\"async\" src=\"https:\/\/reuzado.nl\/app\/uploads\/2025\/09\/Reuzado-hoge-resolutie-JudithCapponFotografie-9104.jpg\" alt=\"\">\n                            <\/div>\n                                                                            <div class=\"image-wrapper\">\n                                <img decoding=\"async\" src=\"https:\/\/reuzado.nl\/app\/uploads\/2025\/09\/Reuzado-hoge-resolutie-JudithCapponFotografie-9448.jpg\" alt=\"\">\n                            <\/div>\n                                            <\/div>\n                                            <div class=\"column\">\n                            <div class=\"image-wrapper\">\n                                <img decoding=\"async\" src=\"https:\/\/reuzado.nl\/app\/uploads\/2025\/07\/Reuzado-9143.jpg\" alt=\"\">\n                            <\/div>\n                            <div class=\"image-wrapper is-blue\">\n                            <\/div>\n                        <\/div>\n                                    <\/div>\n                        <div class=\"content-holder\">\n                <div class=\"inner\">\n                                            <h2>Une flotte propre pour une flexibilit\u00e9 maximale<\/h2>\n<p>Reuzado dispose de sa propre flotte de v\u00e9hicules, compos\u00e9e d'un camion et de plusieurs bus. Cela nous permet de travailler rapidement et efficacement, m\u00eame pour des projets de grande envergure pouvant atteindre des milliers de postes de travail. Gr\u00e2ce \u00e0 notre couverture nationale, nous pouvons \u00eatre d\u00e9ploy\u00e9s de mani\u00e8re flexible sans d\u00e9pendre de services de transport externes, ce qui am\u00e9liore la fiabilit\u00e9 et la disponibilit\u00e9.<\/p>\n                    \n                                    <\/div>\n            <\/div>\n        <\/div>\n    <\/div>\n\n\n        <div  class=\"section section-content two-columns has-no-bg has-no-pattern\">\n            <div class=\"container\">\n                <div class=\"content-holder\">\n                                            <div class=\"column\">\n                            <div class=\"content\">\n                                <h3>Gestion intelligente des c\u00e2bles pour un lieu de travail ordonn\u00e9<\/h3>\n<p>Un lieu de travail ordonn\u00e9 contribue \u00e0 un environnement de travail agr\u00e9able. C'est pourquoi nous proposons une gestion des c\u00e2bles \u00e9l\u00e9gante et ordonn\u00e9e. Nous utilisons des attaches r\u00e9utilisables, de sorte que les c\u00e2bles sont soigneusement dissimul\u00e9s, mais peuvent \u00eatre facilement adapt\u00e9s ou prolong\u00e9s ult\u00e9rieurement. Cela offre une certaine flexibilit\u00e9 pour les ajustements futurs, sans encombrement ni tracas.<\/p>\n                            <\/div>\n                        <\/div>\n                                        <div class=\"column\">\n                        <div class=\"content\">\n                            <h3>Enregistrement des appareils au niveau de la chambre ou du bureau<\/h3>\n<p>Dans les grandes organisations, en particulier avec des espaces flexibles, il est essentiel de savoir o\u00f9 se trouve l'\u00e9quipement. Reuzado enregistre les biens au niveau de la pi\u00e8ce ou du bureau, de sorte que ces informations peuvent \u00eatre import\u00e9es directement dans votre CMDB. Cela facilite la gestion et \u00e9vite les recherches lors de la maintenance ou du remplacement.<\/p>\n                                                    <\/div>\n                    <\/div>\n                <\/div>\n            <\/div>\n        <\/div>\n\n    \n\n        <div  class=\"section section-content two-columns has-bg-lightblue has-no-pattern\">\n            <div class=\"container\">\n                <div class=\"content-holder\">\n                                            <div class=\"column\">\n                            <div class=\"content\">\n                                <h3>\u00c9limination directe des anciens postes de travail<\/h3>\n<p>Pour minimiser les perturbations, nous \u00e9liminons imm\u00e9diatement les anciens postes de travail. Nous utilisons des conteneurs roulants verrouillables dans lesquels l'ancien mat\u00e9riel est collect\u00e9 en toute s\u00e9curit\u00e9. \u00c0 la fin de la journ\u00e9e, nous l'emportons et le ramenons \u00e0 Reuzado. Nous y \u00e9valuons si le mat\u00e9riel a encore une valeur r\u00e9siduelle ou s'il est consid\u00e9r\u00e9 comme un d\u00e9chet \u00e9lectronique. Votre site reste ainsi propre et op\u00e9rationnel.<\/p>\n                            <\/div>\n                        <\/div>\n                                        <div class=\"column\">\n                        <div class=\"content\">\n                            <h3>\u00c9galement disponible en dehors des heures de bureau<\/h3>\n<p>Afin de ne pas perturber vos activit\u00e9s quotidiennes, nous pouvons \u00e9galement effectuer la migration en dehors des heures de travail normales. Le soir ou le week-end, en concertation avec vous et en fonction de votre emploi du temps. La continuit\u00e9 de votre organisation est ainsi garantie.<\/p>\n                                                    <\/div>\n                    <\/div>\n                <\/div>\n            <\/div>\n        <\/div>\n\n    \n\n    <div  class=\"section section-faq is-default has-no-bg has-no-pattern\">\n        \n        <div class=\"container\">\n                        <div class=\"faq-wrapper\">\n                <div class=\"faq\">\n                                                                        <div class=\"faq-title\">\n                                <h2>Questions fr\u00e9quemment pos\u00e9es sur la migration informatique<\/h2>\n                            <\/div>\n                                            \n                                            <div class=\"faq-items-wrapper\">\n                                                            <div class=\"faq-item\">\n                                    <div class=\"faq-heading toggle-heading\">\n                                        <h3>Reuzado peut-il \u00e9galement effectuer des migrations de lieu de travail dans plusieurs endroits diff\u00e9rents ?<\/h3>\n                                        <i class=\"icon opened\"><\/i>\n                                    <\/div>\n                                    <div class=\"faq-body toggle-body is-opened\">\n                                        <p>Oui, Reuzado est sp\u00e9cialis\u00e9 dans le d\u00e9ploiement de migrations de postes de travail, tant au niveau central que dispers\u00e9. Qu'il s'agisse d'un si\u00e8ge social ou de dizaines de petites succursales, nous \u00e9tablissons un calendrier de d\u00e9ploiement intelligent qui convient \u00e0 votre organisation. De cette mani\u00e8re, la migration du lieu de travail se d\u00e9roule sans heurts et de mani\u00e8re structur\u00e9e, quelle que soit la complexit\u00e9 du projet.<\/p>\n                                    <\/div>\n                                <\/div>\n                                                            <div class=\"faq-item\">\n                                    <div class=\"faq-heading toggle-heading\">\n                                        <h3>Reuzado effectue-t-il \u00e9galement des migrations de travail \u00e0 l'\u00e9tranger ?<\/h3>\n                                        <i class=\"icon closed\"><\/i>\n                                    <\/div>\n                                    <div class=\"faq-body toggle-body hidden\">\n                                        <p>Nous effectuons nos migrations informatiques et mat\u00e9rielles dans tout le Benelux. Dans cette r\u00e9gion, nous offrons la m\u00eame qualit\u00e9 et le m\u00eame service, y compris la logistique, l'installation et l'assistance sur site.<\/p>\n                                    <\/div>\n                                <\/div>\n                                                            <div class=\"faq-item\">\n                                    <div class=\"faq-heading toggle-heading\">\n                                        <h3>Les ordinateurs portables peuvent-ils \u00eatre pr\u00e9charg\u00e9s avec nos logiciels et param\u00e8tres ?<\/h3>\n                                        <i class=\"icon closed\"><\/i>\n                                    <\/div>\n                                    <div class=\"faq-body toggle-body hidden\">\n                                        <p>C'est s\u00fbr. Nous cr\u00e9ons ensemble une image standard personnalis\u00e9e. Nous la pla\u00e7ons sur tous les appareils avant le d\u00e9ploiement. Ainsi, chaque employ\u00e9 d\u00e9marre imm\u00e9diatement avec un poste de travail enti\u00e8rement configur\u00e9 selon vos propres sp\u00e9cifications. Cela permet d'acc\u00e9l\u00e9rer le processus de migration et d'\u00e9viter toute installation erron\u00e9e par la suite.<\/p>\n                                    <\/div>\n                                <\/div>\n                                                            <div class=\"faq-item\">\n                                    <div class=\"faq-heading toggle-heading\">\n                                        <h3>Le personnel de Reuzado est-il titulaire d'une VOG ?<\/h3>\n                                        <i class=\"icon closed\"><\/i>\n                                    <\/div>\n                                    <div class=\"faq-body toggle-body hidden\">\n                                        <p>Oui. Tous les employ\u00e9s de Reuzado impliqu\u00e9s dans un projet de migration disposent d'un certificat de bonne conduite (VOG) valide. C'est important, en particulier lorsque la migration a lieu dans des environnements o\u00f9 cela est obligatoire, comme les soins de sant\u00e9 ou les institutions gouvernementales.<\/p>\n                                    <\/div>\n                                <\/div>\n                                                            <div class=\"faq-item\">\n                                    <div class=\"faq-heading toggle-heading\">\n                                        <h3>Est-il possible de r\u00e9aliser le projet de migration informatique en dehors des heures de travail ?<\/h3>\n                                        <i class=\"icon closed\"><\/i>\n                                    <\/div>\n                                    <div class=\"faq-body toggle-body hidden\">\n                                        <p>Oui, nous comprenons qu'une migration ne peut pas toujours avoir lieu pendant les heures de bureau. C'est pourquoi nous offrons la possibilit\u00e9 d'effectuer des installations et des \u00e9changes en dehors des heures de travail ou pendant les week-ends. Les op\u00e9rations quotidiennes ne sont ainsi pas perturb\u00e9es et les utilisateurs peuvent continuer \u00e0 travailler sans interruption.<\/p>\n                                    <\/div>\n                                <\/div>\n                                                            <div class=\"faq-item\">\n                                    <div class=\"faq-heading toggle-heading\">\n                                        <h3>Qu'advient-il de l'ancien mat\u00e9riel apr\u00e8s la migration vers le lieu de travail ?<\/h3>\n                                        <i class=\"icon closed\"><\/i>\n                                    <\/div>\n                                    <div class=\"faq-body toggle-body hidden\">\n                                        <p>Les anciens appareils sont collect\u00e9s par nos soins, inventori\u00e9s et stock\u00e9s en toute s\u00e9curit\u00e9. Les donn\u00e9es contenues dans ce mat\u00e9riel sont effac\u00e9es de mani\u00e8re compl\u00e8te et certifi\u00e9e \u00e0 l'aide du logiciel Blancco. Dans la mesure du possible, les appareils sont remis en \u00e9tat pour \u00eatre r\u00e9utilis\u00e9s. Les appareils qui ne sont plus utilisables sont recycl\u00e9s de mani\u00e8re responsable, conform\u00e9ment aux normes WEEELABEX.<\/p>\n                                    <\/div>\n                                <\/div>\n                                                            <div class=\"faq-item\">\n                                    <div class=\"faq-heading toggle-heading\">\n                                        <h3>Pouvons-nous \u00e9galement utiliser Reuzado pour relocaliser notre bureau ou notre d\u00e9partement informatique ?<\/h3>\n                                        <i class=\"icon closed\"><\/i>\n                                    <\/div>\n                                    <div class=\"faq-body toggle-body hidden\">\n                                        <p>Oui, vous pouvez \u00e9galement faire appel \u00e0 Reuzado pour d\u00e9placer des postes de travail ou stocker temporairement du mat\u00e9riel. En combinant la relocalisation et la migration informatique, nous garantissons un processus rationalis\u00e9. Contactez-nous pour discuter des possibilit\u00e9s.<\/p>\n                                    <\/div>\n                                <\/div>\n                                                            <div class=\"faq-item\">\n                                    <div class=\"faq-heading toggle-heading\">\n                                        <h3>Est-il possible de confier un projet de migration complet \u00e0 Reuzado ?<\/h3>\n                                        <i class=\"icon closed\"><\/i>\n                                    <\/div>\n                                    <div class=\"faq-body toggle-body hidden\">\n                                        <p>Absolument. Vous pouvez nous confier l'ensemble du processus de migration, y compris la planification, la pr\u00e9paration, l'ex\u00e9cution et le suivi. Nous nous chargeons de la communication avec les \u00e9quipes internes, de la mise en \u0153uvre technique sur site et de l'\u00e9tablissement de rapports complets. Reuzado est donc le partenaire id\u00e9al si vous souhaitez externaliser un projet de migration sans surprise.<\/p>\n                                    <\/div>\n                                <\/div>\n                                                            <div class=\"faq-item\">\n                                    <div class=\"faq-heading toggle-heading\">\n                                        <h3>Comment Reuzado peut-il soutenir les migrations de logiciels ?<\/h3>\n                                        <i class=\"icon closed\"><\/i>\n                                    <\/div>\n                                    <div class=\"faq-body toggle-body hidden\">\n                                        <p>Reuzado fournit principalement une assistance mat\u00e9rielle, mais aide \u00e9galement \u00e0 r\u00e9installer les syst\u00e8mes d'exploitation sur les appareils existants, qui sont d\u00e9j\u00e0 utilis\u00e9s. Nous veillons \u00e0 ce que l'utilisateur final puisse continuer \u00e0 travailler en lui fournissant, \u00e9ventuellement de mani\u00e8re temporaire, un appareil de remplacement pendant la migration.<\/p>\n                                    <\/div>\n                                <\/div>\n                                                    <\/div>\n                                    <\/div>\n            <\/div>\n        <\/div>\n    <\/div>\n\n\n    <div  class=\"section section-cta has-small-image has-no-padding-bottom-d has-no-padding-bottom-m has-no-bg has-no-pattern\">\n        \n        <div class=\"holder\">\n            <div class=\"container\">\n                <div class=\"cta-holder\">\n                                            <div class=\"image-holder\">\n                            <img decoding=\"async\" src=\"https:\/\/reuzado.nl\/app\/uploads\/2025\/06\/Marina-2-reuzado-.jpg\" alt=\"\">\n                        <\/div>\n                                        <div class=\"content-holder\">\n                        <div class=\"inner\">\n                            <h2>Vous voulez savoir quels produits conviennent le mieux \u00e0 votre entreprise ?<\/h2>\n<p>Contactez alors nos conseillers. Vous pouvez les joindre via <a href=\"mailto:info@reuzado.nl\">info@reuzado.nl<\/a> ou via <a href=\"tel:+31(0)235519821\">+31 (0)23 551 98 21<\/a>. Ou remplissez le formulaire de contact.<\/p>\n                                                            <div class=\"button-holder\">\n                                    \n                                                                            <a href=\"https:\/\/reuzado.nl\/fr\/contact\/\"\n                                           target=\"_self\"\n                                           class=\"button alt\">Prendre contact<\/a>\n                                                                    <\/div>\n                                                    <\/div>\n                    <\/div>\n                <\/div>\n            <\/div>\n        <\/div>\n\n                    <div class=\"background-image\">\n                <img decoding=\"async\" src=\"https:\/\/reuzado.nl\/app\/uploads\/2025\/06\/Reuzado-9377-scaled.jpg\" alt=\"\">\n            <\/div>\n            <\/div>","protected":false},"excerpt":{"rendered":"","protected":false},"author":1,"featured_media":0,"parent":430,"menu_order":0,"comment_status":"closed","ping_status":"closed","template":"","meta":{"_acf_changed":false,"footnotes":""},"class_list":["post-1017","page","type-page","status-publish","hentry"],"acf":[],"_links":{"self":[{"href":"https:\/\/reuzado.nl\/fr\/wp-json\/wp\/v2\/pages\/1017","targetHints":{"allow":["GET"]}}],"collection":[{"href":"https:\/\/reuzado.nl\/fr\/wp-json\/wp\/v2\/pages"}],"about":[{"href":"https:\/\/reuzado.nl\/fr\/wp-json\/wp\/v2\/types\/page"}],"author":[{"embeddable":true,"href":"https:\/\/reuzado.nl\/fr\/wp-json\/wp\/v2\/users\/1"}],"replies":[{"embeddable":true,"href":"https:\/\/reuzado.nl\/fr\/wp-json\/wp\/v2\/comments?post=1017"}],"version-history":[{"count":0,"href":"https:\/\/reuzado.nl\/fr\/wp-json\/wp\/v2\/pages\/1017\/revisions"}],"up":[{"embeddable":true,"href":"https:\/\/reuzado.nl\/fr\/wp-json\/wp\/v2\/pages\/430"}],"wp:attachment":[{"href":"https:\/\/reuzado.nl\/fr\/wp-json\/wp\/v2\/media?parent=1017"}],"curies":[{"name":"wp","href":"https:\/\/api.w.org\/{rel}","templated":true}]}}