{"id":1052,"date":"2025-05-15T11:17:41","date_gmt":"2025-05-15T11:17:41","guid":{"rendered":"https:\/\/reuzado.nl\/?page_id=1052"},"modified":"2026-04-10T13:28:15","modified_gmt":"2026-04-10T13:28:15","slug":"camion-broyeur-2","status":"publish","type":"page","link":"https:\/\/reuzado.nl\/fr\/camion-broyeur-2\/","title":{"rendered":"Camion-broyeur"},"content":{"rendered":"<div  class=\"section section-pageheader-detail has-video has-no-bg has-no-pattern\">\n        <div class=\"container\">\n            <div class=\"holder\">\n                                    <div class=\"background-image\">\n                        <video autoplay playsinline muted loop class=\"background-visual\">\n                            <source src=\"https:\/\/reuzado.nl\/app\/uploads\/2026\/04\/Reuzado-Diensten-video-Shredder-Rob-Lust.mp4\" type=\"video\/mp4\">\n                        <\/video>\n                    <\/div>\n                \n                                    <div class=\"content\">\n                        <h1>Destruction de donn\u00e9es sur site avec notre camion-broyeur<\/h1>\n\n                                                    <div class=\"rank-math-breadcrumbs\">\n                                <nav aria-label=\"chapelure\" class=\"rank-math-breadcrumb\"><p><span class=\"last\">Accueil<\/span><\/p><\/nav>                            <\/div>\n                                            <\/div>\n                \n                                    <div class=\"link\">\n                        <div class=\"link-wrapper\">\n                            <a href=\"https:\/\/www.youtube.com\/watch?v=DGLaq7bKZ7s\" data-fancybox=\"video\" data-autoplay=\"true\" target=\"_blank\" rel=\"noopener\">\n                                <i class=\"fa-light fa-play\"><\/i>\n                                Voir la vid\u00e9o\n                            <\/a>\n                        <\/div>\n                    <\/div>\n                            <\/div>\n        <\/div>\n    <\/div>\n\n\n        <div  class=\"section section-block-cards has-no-padding-bottom-d has-no-padding-bottom-m has-no-bg has-no-pattern\">\n            \n            <div class=\"container\">\n                <div class=\"holder\">\n                    <div class=\"content-holder\">\n                        <h2>Comment fonctionne la destruction de donn\u00e9es avec le camion-broyeur ?<\/h2>\n\n                                            <\/div>\n\n                    <div class=\"block-holder\">\n                                                    <div class=\"blocks has-four\">\n                                                                                                            <div class=\"column\">\n                                                                                            <div class=\"block\">\n                                                    <div class=\"inner\">\n                                                        <p><strong>1. Fixer un rendez-vous<\/strong><\/p>\n<p>D\u00e8s que vous avez collect\u00e9 suffisamment de supports de donn\u00e9es, nous fixons un rendez-vous. Le camion de d\u00e9chiquetage se rendra sur place \u00e0 l'heure convenue et notre personnel supervisera le processus.<\/p>\n                                                                                                            <\/div>\n                                                <\/div>\n                                                                                            <div class=\"block\">\n                                                    <div class=\"inner\">\n                                                        <p><strong>2. Collecte et enregistrement<\/strong><\/p>\n<p>Vos supports de donn\u00e9es sont transf\u00e9r\u00e9s dans un emballage verrouillable. Notre personnel scanne et enregistre tous les articles, y compris les num\u00e9ros de s\u00e9rie et les types de supports de stockage.<\/p>\n                                                                                                            <\/div>\n                                                <\/div>\n                                                                                    <\/div>\n                                                                                                                                                <div class=\"column\">\n                                                                                            <div class=\"block\">\n                                                    <div class=\"inner\">\n                                                        <p><strong>3. Destruction directe sur place<\/strong><\/p>\n<p>Les supports de donn\u00e9es sont d\u00e9truits sur place dans la d\u00e9chiqueteuse mobile int\u00e9gr\u00e9e au camion. Vous pouvez suivre ce processus en direct, pour une transparence et une tranquillit\u00e9 d'esprit maximales.<\/p>\n                                                                                                            <\/div>\n                                                <\/div>\n                                                                                            <div class=\"block\">\n                                                    <div class=\"inner\">\n                                                        <p><strong>4. Certificat et rapport<\/strong><\/p>\n<p>Vous recevrez ensuite un certificat de destruction d\u00e9taill\u00e9. Ce certificat contient tous les d\u00e9tails pertinents tels que les num\u00e9ros de s\u00e9rie, la date et la m\u00e9thode de destruction.<\/p>\n                                                                                                            <\/div>\n                                                <\/div>\n                                                                                    <\/div>\n                                                                                                <\/div>\n                                            <\/div>\n                <\/div>\n            <\/div>\n        <\/div>\n    \n\n        <div  class=\"section section-content has-no-padding-top-d has-no-padding-top-m has-no-bg has-no-pattern\">\n                        <div class=\"container\">\n                <div class=\"content-holder\">\n                    <div class=\"content\">\n                        <div class=\"inner\">\n                            <p>Parfois, le transport des supports de donn\u00e9es n'est tout simplement pas envisageable. Pensez aux donn\u00e9es sensibles, aux industries \u00e0 haut risque ou aux organisations qui veulent garder un contr\u00f4le maximal. Reuzado propose donc une solution professionnelle et totalement transparente : la destruction de donn\u00e9es sur place, avec un camion-broyeur mobile qui se rend directement dans les locaux de l'entreprise.<\/p>\n<p>De la collecte \u00e0 la destruction : tout est fait en toute s\u00e9curit\u00e9, de mani\u00e8re certifi\u00e9e et enti\u00e8rement en interne. Vous pouvez suivre le processus du d\u00e9but \u00e0 la fin, y compris le moment o\u00f9 vos supports de donn\u00e9es sont litt\u00e9ralement et irr\u00e9m\u00e9diablement d\u00e9truits.<\/p>\n                                                                                                <div class=\"button-holder\">\n                                                                                    <a href=\"https:\/\/reuzado.nl\/fr\/cotation\/broyeur-sur-site\/\" target=\"_self\" class=\"button\">Demande de devis<\/a>\n                                                                                                                            <a href=\"https:\/\/reuzado.nl\/fr\/contact\/\" target=\"_self\" class=\"button alt\">Contact<\/a>\n                                                                                                                    <\/div>\n                                                                                    <\/div>\n                    <\/div>\n                <\/div>\n            <\/div>\n        <\/div>\n\n    \n\n        <div  class=\"section section-content has-no-padding-top-d has-no-padding-top-m has-no-bg has-no-pattern\">\n                        <div class=\"container\">\n                <div class=\"content-holder\">\n                    <div class=\"content\">\n                        <div class=\"inner\">\n                            <h3>100% destruction s\u00e9curis\u00e9e des donn\u00e9es selon les normes europ\u00e9ennes<\/h3>\n<p>Reuzado effectue la destruction de donn\u00e9es sur site conform\u00e9ment aux normes europ\u00e9ennes les plus strictes. Nos processus sont certifi\u00e9s ISO 9001 et nous travaillons en totale conformit\u00e9 avec la norme DIN 66399, qui prescrit exactement comment les supports de donn\u00e9es doivent \u00eatre d\u00e9truits en fonction du type de donn\u00e9es et des risques en cas de r\u00e9utilisation. Chaque support de donn\u00e9es est pr\u00e9enregistr\u00e9 et, apr\u00e8s sa destruction, vous recevez un certificat indiquant le num\u00e9ro de s\u00e9rie, la date et la m\u00e9thode utilis\u00e9e. Vous disposez ainsi d'une preuve concluante pour les audits, la conformit\u00e9 et la responsabilit\u00e9 totale d'AVG, ainsi que pour l'\u00e9tablissement de rapports.<\/p>\n                                                                                                                <\/div>\n                    <\/div>\n                <\/div>\n            <\/div>\n        <\/div>\n\n    \n\n        <div  class=\"section section-content has-no-padding-top-d has-no-padding-top-m has-no-bg has-no-pattern\">\n                        <div class=\"container\">\n                <div class=\"content-holder\">\n                    <div class=\"content\">\n                        <div class=\"inner\">\n                            <h3>Pourquoi choisir la destruction sur site ?<\/h3>\n<ul>\n<li><strong>Pas de risques li\u00e9s au transport<\/strong><br \/>\nLes donn\u00e9es ne quittent pas les locaux. Ceci est essentiel pour les secteurs ayant des exigences \u00e9lev\u00e9es en mati\u00e8re de respect de la vie priv\u00e9e ou des informations confidentielles.<\/li>\n<li><strong>Contr\u00f4le et visibilit\u00e9 maximum<\/strong><br \/>\nVous voyez vous-m\u00eame comment vos supports de donn\u00e9es sont d\u00e9truits. Le processus se d\u00e9roule sous votre contr\u00f4le<\/li>\n<li><strong>Enti\u00e8rement certifi\u00e9 et pr\u00eat pour l'audit<\/strong><br \/>\nVous recevez une documentation concluante et un certificat pour chaque transporteur d\u00e9truit.<\/li>\n<li><strong>Flexible et efficace<\/strong><br \/>\nNous venons \u00e0 votre convenance. Notre service mobile s'adapte \u00e0 votre emploi du temps et \u00e0 votre rythme.<\/li>\n<\/ul>\n                                                                                                                <\/div>\n                    <\/div>\n                <\/div>\n            <\/div>\n        <\/div>\n\n    \n\n    <div  class=\"section section-images-slider has-no-padding-top-d has-no-padding-top-m has-no-bg has-no-pattern\">\n        \n                    <div class=\"slider-container\">\n                <div class=\"slider-track\">\n                                            <div class=\"slide\">\n                            <img decoding=\"async\" src=\"https:\/\/reuzado.nl\/app\/uploads\/2025\/09\/Reuzado-hoge-resolutie-JudithCapponFotografie-9143.jpg\" alt=\"camion broyeur\">\n                        <\/div>\n                                            <div class=\"slide\">\n                            <img decoding=\"async\" src=\"https:\/\/reuzado.nl\/app\/uploads\/2025\/09\/Reuzado-hoge-resolutie-JudithCapponFotografie-9573.jpg\" alt=\"\">\n                        <\/div>\n                                            <div class=\"slide\">\n                            <img decoding=\"async\" src=\"https:\/\/reuzado.nl\/app\/uploads\/2025\/09\/Reuzado-hoge-resolutie-JudithCapponFotografie-9564.jpg\" alt=\"destruction des donn\u00e9es\">\n                        <\/div>\n                                            <div class=\"slide\">\n                            <img decoding=\"async\" src=\"https:\/\/reuzado.nl\/app\/uploads\/2025\/09\/Reuzado-hoge-resolutie-JudithCapponFotografie-7811.jpg\" alt=\"\">\n                        <\/div>\n                                            <div class=\"slide\">\n                            <img decoding=\"async\" src=\"https:\/\/reuzado.nl\/app\/uploads\/2025\/09\/Reuzado-hoge-resolutie-JudithCapponFotografie-9570.jpg\" alt=\"\">\n                        <\/div>\n                                    <\/div>\n            <\/div>\n            <\/div>\n\n\n    <div  class=\"section section-faq is-default has-no-padding-top-d has-no-padding-top-m has-no-bg has-no-pattern\">\n        \n        <div class=\"container\">\n                        <div class=\"faq-wrapper\">\n                <div class=\"faq\">\n                                                                        <div class=\"faq-title\">\n                                <h2>Questions fr\u00e9quemment pos\u00e9es sur la destruction de donn\u00e9es \u00e0 l'aide d'un camion-broyeur<\/h2>\n                            <\/div>\n                                            \n                                            <div class=\"faq-items-wrapper\">\n                                                            <div class=\"faq-item\">\n                                    <div class=\"faq-heading toggle-heading\">\n                                        <h3>Qu'est-ce qu'un camion-broyeur ?<\/h3>\n                                        <i class=\"icon opened\"><\/i>\n                                    <\/div>\n                                    <div class=\"faq-body toggle-body is-opened\">\n                                        <p>Un camion-broyeur est une unit\u00e9 de destruction mobile dans un camion. Il contient une d\u00e9chiqueteuse industrielle qui nous permet de d\u00e9truire des supports de stockage tels que des disques durs ou des disques SSD directement dans vos locaux. Les donn\u00e9es sensibles restent ainsi enti\u00e8rement dans vos locaux.<\/p>\n                                    <\/div>\n                                <\/div>\n                                                            <div class=\"faq-item\">\n                                    <div class=\"faq-heading toggle-heading\">\n                                        <h3>Quels supports de donn\u00e9es pouvez-vous d\u00e9truire sur place ?<\/h3>\n                                        <i class=\"icon closed\"><\/i>\n                                    <\/div>\n                                    <div class=\"faq-body toggle-body hidden\">\n                                        <p>Nous pouvons d\u00e9truire les disques durs (HDD et SSD), les cassettes, les cl\u00e9s USB, les disques NAS et autres supports de stockage similaires, entre autres. Les donn\u00e9es sont-elles encore stock\u00e9es dans un appareil ? Dans ce cas, nous l'enlevons en toute s\u00e9curit\u00e9 avant de proc\u00e9der \u00e0 la destruction.<\/p>\n                                    <\/div>\n                                <\/div>\n                                                            <div class=\"faq-item\">\n                                    <div class=\"faq-heading toggle-heading\">\n                                        <h3>Pouvons-nous suivre nous-m\u00eames le processus de destruction ?<\/h3>\n                                        <i class=\"icon closed\"><\/i>\n                                    <\/div>\n                                    <div class=\"faq-body toggle-body hidden\">\n                                        <p>Oui, c'est pr\u00e9cis\u00e9ment l'un des avantages de ce service. Vous pouvez assister en direct \u00e0 la destruction des supports de donn\u00e9es. Cela offre une transparence maximale et l'assurance que tout a \u00e9t\u00e9 fait dans les r\u00e8gles de l'art.<\/p>\n                                    <\/div>\n                                <\/div>\n                                                            <div class=\"faq-item\">\n                                    <div class=\"faq-heading toggle-heading\">\n                                        <h3>Recevons-nous un certificat de destruction ?<\/h3>\n                                        <i class=\"icon closed\"><\/i>\n                                    <\/div>\n                                    <div class=\"faq-body toggle-body hidden\">\n                                        <p>C'est s\u00fbr. Vous recevrez ensuite un certificat officiel pour chaque support de donn\u00e9es avec le num\u00e9ro de s\u00e9rie, la date et la m\u00e9thode de destruction utilis\u00e9e. C'est votre preuve pour les audits, la conformit\u00e9 AVG et l'enregistrement interne.<\/p>\n                                    <\/div>\n                                <\/div>\n                                                            <div class=\"faq-item\">\n                                    <div class=\"faq-heading toggle-heading\">\n                                        <h3>Cette m\u00e9thode est-elle s\u00fbre et certifi\u00e9e par AVG ?<\/h3>\n                                        <i class=\"icon closed\"><\/i>\n                                    <\/div>\n                                    <div class=\"faq-body toggle-body hidden\">\n                                        <p>Oui, tout \u00e0 fait. Nous travaillons selon la norme DIN 66399 et sommes certifi\u00e9s ISO 9001. Tout est d\u00e9truit de mani\u00e8re s\u00fbre, tra\u00e7able et d\u00e9montrable, conform\u00e9ment aux exigences de la loi sur la protection des donn\u00e9es. <a href=\"https:\/\/ondernemersplein.overheid.nl\/bedrijfsvoering\/juridische-zaken\/de-avg-dit-moeten-ondernemers-doen\/\" target=\"_blank\" rel=\"noopener\">AVG<\/a>.<\/p>\n                                    <\/div>\n                                <\/div>\n                                                    <\/div>\n                                    <\/div>\n            <\/div>\n        <\/div>\n    <\/div>\n\n\n    <div  class=\"section section-cta has-small-image has-no-padding-bottom-d has-no-padding-bottom-m has-no-bg has-no-pattern\">\n        \n        <div class=\"holder\">\n            <div class=\"container\">\n                <div class=\"cta-holder\">\n                                            <div class=\"image-holder\">\n                            <img decoding=\"async\" src=\"https:\/\/reuzado.nl\/app\/uploads\/2026\/03\/CTA-Gerrit.png\" alt=\"\">\n                        <\/div>\n                                        <div class=\"content-holder\">\n                        <div class=\"inner\">\n                            <p>Vous voulez savoir quels produits conviennent le mieux \u00e0 votre entreprise ?<\/p>\n<p>Contactez alors nos conseillers. Vous pouvez les joindre via <a href=\"mailto:info@reuzado.nl\">info@reuzado.nl<\/a> ou via <a href=\"tel:+31(0)235519821\">+31 (0)23 551 98 21<\/a>. Ou remplissez le formulaire de contact.<\/p>\n                                                            <div class=\"button-holder\">\n                                    \n                                                                            <a href=\"https:\/\/reuzado.nl\/fr\/contact\/\" target=\"_self\" class=\"button alt\">Prendre contact<\/a>\n                                                                    <\/div>\n                                                    <\/div>\n                    <\/div>\n                <\/div>\n            <\/div>\n        <\/div>\n\n                    <div class=\"background-image\">\n                <img decoding=\"async\" src=\"https:\/\/reuzado.nl\/app\/uploads\/2025\/06\/Reuzado-9377-scaled.jpg\" alt=\"\">\n            <\/div>\n            <\/div>","protected":false},"excerpt":{"rendered":"","protected":false},"author":1,"featured_media":0,"parent":0,"menu_order":0,"comment_status":"closed","ping_status":"closed","template":"","meta":{"_acf_changed":false,"footnotes":""},"class_list":["post-1052","page","type-page","status-publish","hentry"],"acf":[],"_links":{"self":[{"href":"https:\/\/reuzado.nl\/fr\/wp-json\/wp\/v2\/pages\/1052","targetHints":{"allow":["GET"]}}],"collection":[{"href":"https:\/\/reuzado.nl\/fr\/wp-json\/wp\/v2\/pages"}],"about":[{"href":"https:\/\/reuzado.nl\/fr\/wp-json\/wp\/v2\/types\/page"}],"author":[{"embeddable":true,"href":"https:\/\/reuzado.nl\/fr\/wp-json\/wp\/v2\/users\/1"}],"replies":[{"embeddable":true,"href":"https:\/\/reuzado.nl\/fr\/wp-json\/wp\/v2\/comments?post=1052"}],"version-history":[{"count":0,"href":"https:\/\/reuzado.nl\/fr\/wp-json\/wp\/v2\/pages\/1052\/revisions"}],"wp:attachment":[{"href":"https:\/\/reuzado.nl\/fr\/wp-json\/wp\/v2\/media?parent=1052"}],"curies":[{"name":"wp","href":"https:\/\/api.w.org\/{rel}","templated":true}]}}