{"id":1168,"date":"2025-05-16T12:45:21","date_gmt":"2025-05-16T12:45:21","guid":{"rendered":"https:\/\/reuzado.nl\/?page_id=1168"},"modified":"2026-03-16T16:09:03","modified_gmt":"2026-03-16T16:09:03","slug":"le-faire-circuler","status":"publish","type":"page","link":"https:\/\/reuzado.nl\/fr\/services-de-solutions\/solutions-tic\/le-faire-circuler\/","title":{"rendered":"Circu-IT"},"content":{"rendered":"<div  class=\"section section-pageheader-detail  has-no-bg has-no-pattern\">\n        <div class=\"container\">\n            <div class=\"holder\">\n                                    <div class=\"background-image\">\n                        <img decoding=\"async\" src=\"https:\/\/reuzado.nl\/app\/uploads\/2025\/09\/Reuzado-lage-resolutie-JudithCapponFotografie-7696.jpg\" alt=\"Circu-IT\">\n                    <\/div>\n                \n                                    <div class=\"content\">\n                        <h1>Circu-IT<\/h1>\n\n                                                    <div class=\"rank-math-breadcrumbs\">\n                                <nav aria-label=\"chapelure\" class=\"rank-math-breadcrumb\"><p><span class=\"last\">Accueil<\/span><\/p><\/nav>                            <\/div>\n                                            <\/div>\n                \n                            <\/div>\n        <\/div>\n    <\/div>\n\n\n        <div  class=\"section section-content has-no-padding-bottom-d has-no-padding-bottom-m has-no-bg has-no-pattern\">\n                        <div class=\"container\">\n                <div class=\"content-holder\">\n                    <div class=\"content\">\n                        <div class=\"inner\">\n                            <p>La plateforme Circu-IT de Reuzado fournit une solution compl\u00e8te et accessible 24h\/24 et 7j\/7 pour g\u00e9rer votre processus de mise au rebut des actifs informatiques (ITAD). Cette plateforme est con\u00e7ue pour assurer un contr\u00f4le complet, la transparence et l'efficacit\u00e9, en veillant \u00e0 ce que votre organisation respecte les normes les plus \u00e9lev\u00e9es en mati\u00e8re de s\u00e9curit\u00e9, de durabilit\u00e9 et de conformit\u00e9.<\/p>\n<p>Dans Circu-IT, vous pouvez cr\u00e9er vos propres num\u00e9ros de tickets pour une r\u00e9f\u00e9rence claire et une communication efficace avec Reuzado.<\/p>\n                                                                                                <div class=\"button-holder\">\n                                                                                    <a href=\"https:\/\/reuzado.nl\/fr\/cotation\/portail-des-circuits\/\"\n                                                target=\"_self\"\n                                                class=\"button\">Demande de devis<\/a>\n                                                                                                                            <a href=\"https:\/\/reuzado.nl\/fr\/contact\/\"\n                                                target=\"_self\"\n                                                class=\"button alt\">Contact<\/a>\n                                                                                                                    <\/div>\n                                                                                    <\/div>\n                    <\/div>\n                <\/div>\n            <\/div>\n        <\/div>\n\n    \n\n    <div  class=\"section section-video has-no-bg has-no-pattern\">\n        <div class=\"container\">\n                            <div class=\"content-holder\">\n                    <h2>Circu-IT : un portail tout-en-un pour la gestion des technologies de l'information circulaires<\/h2>\n                <\/div>\n            \n                            <div class=\"video-holder\">\n                    <a class=\"play-button\" href=\"#\">\n                        <i class=\"fa-solid fa-play\"><\/i>\n                    <\/a>\n                    <video playsinline muted>\n                        <source src=\"https:\/\/reuzado.nl\/app\/uploads\/2025\/08\/Circu-IT-\u2013-Alles-in-e\u0301e\u0301n-portaal-voor-circulair-IT-beheer-1.mp4\"\n                            type=\"video\/mp4\">\n                    <\/video>\n                <\/div>\n                    <\/div>\n    <\/div>\n\n\n        <div  class=\"section section-content two-columns has-bg-lightblue has-no-pattern\">\n            <div class=\"container\">\n                <div class=\"content-holder\">\n                                            <div class=\"column\">\n                            <div class=\"content\">\n                                <h4>Une vision compl\u00e8te et un suivi en temps r\u00e9el<\/h4>\n<ul>\n<li><strong>Suivi en temps r\u00e9el<\/strong>Les services d'assistance technique : Suivre les actifs informatiques \u00e0 chaque \u00e9tape du processus, du transport au traitement et \u00e0 la certification.<\/li>\n<li><strong>Planification en temps r\u00e9el<\/strong>Les collections de mat\u00e9riel informatique sont planifi\u00e9es avec pr\u00e9cision et align\u00e9es sur vos d\u00e9lais internes.<\/li>\n<\/ul>\n<p>&nbsp;<\/p>\n<h4>Efficacit\u00e9 et contr\u00f4le organisationnel<\/h4>\n<ul>\n<li><strong>Gestion centralis\u00e9e :<\/strong> En tant que revendeur ou client final, g\u00e9rez tous vos sites, processus et documents dans un environnement clair et intuitif.<\/li>\n<li><strong>Acc\u00e8s bas\u00e9 sur les r\u00f4les :<\/strong> Attribuer des r\u00f4les aux utilisateurs pour un traitement s\u00e9curis\u00e9 et pr\u00e9cis des donn\u00e9es.<\/li>\n<li><strong>Des flux de travail normalis\u00e9s :<\/strong> Des lignes directrices internes garantissent la coh\u00e9rence et l'efficacit\u00e9 op\u00e9rationnelle.<\/li>\n<\/ul>\n                            <\/div>\n                        <\/div>\n                                        <div class=\"column\">\n                        <div class=\"content\">\n                            <h4>Documentation centralis\u00e9e et compl\u00e8te<\/h4>\n<ul>\n<li><strong>Stockage de documents :<\/strong>\u00a0Stockez les documents essentiels tels que les inventaires, les certificats d'\u00e9limination des donn\u00e9es (effacement ou d\u00e9chiquetage) et les rapports d'impact sur l'environnement en un seul endroit s\u00e9curis\u00e9.<\/li>\n<li><strong>Rapports environnementaux :<\/strong> Obtenez des informations sur les taux de traitement et de r\u00e9utilisation des d\u00e9chets \u00e9lectroniques, gr\u00e2ce aux certifications WEEELABEX\/CENELEC.<\/li>\n<li><strong>Communication sur le projet :<\/strong> G\u00e9rer l'ensemble de la correspondance et de la documentation relatives au projet au sein de la plateforme pour une coordination optimale.<\/li>\n<\/ul>\n                                                    <\/div>\n                    <\/div>\n                <\/div>\n            <\/div>\n        <\/div>\n\n    \n\n        <div  class=\"section section-content has-no-bg has-no-pattern\">\n                        <div class=\"container\">\n                <div class=\"content-holder\">\n                    <div class=\"content\">\n                        <div class=\"inner\">\n                            <h4>Durabilit\u00e9 et conformit\u00e9<\/h4>\n<ul>\n<li><strong>Rapport sur le CO2 :<\/strong>\u00a0Avec une analyse de l'impact de la remise \u00e0 neuf et de la r\u00e9utilisation, y compris les \u00e9conomies potentielles de CO2 qui peuvent \u00eatre d\u00e9duites de vos propres \u00e9missions. Montrez votre sensibilit\u00e9 \u00e0 l'environnement.<\/li>\n<li><strong>Conformit\u00e9 CSRD et ESG :<\/strong> Soutenez vos objectifs de d\u00e9veloppement durable et r\u00e9pondez efficacement aux exigences l\u00e9gales<\/li>\n<\/ul>\n<p>&nbsp;<\/p>\n<h4>Flux de travail convivial et efficace<\/h4>\n<ul>\n<li><strong>Transparence du projet :<\/strong> Acc\u00e9dez \u00e0 des rapports clairs sur les projets en cours et achev\u00e9s, y compris les d\u00e9tails financiers et les taux convenus.<\/li>\n<li><strong>Acc\u00e8s multi-utilisateurs :<\/strong> Les administrateurs peuvent d\u00e9finir des droits d'acc\u00e8s pour faciliter une collaboration s\u00fbre et efficace au sein de l'organisation.<\/li>\n<\/ul>\n                                                                                                                <\/div>\n                    <\/div>\n                <\/div>\n            <\/div>\n        <\/div>\n\n    \n\n    <div  class=\"section section-images-slider has-no-bg has-no-pattern\">\n        \n                    <div class=\"slider-container\">\n                <div class=\"slider-track\">\n                                            <div class=\"slide\">\n                            <img decoding=\"async\" src=\"https:\/\/reuzado.nl\/app\/uploads\/2025\/09\/Reuzado-hoge-resolutie-JudithCapponFotografie-7691.jpg\" alt=\"\">\n                        <\/div>\n                                            <div class=\"slide\">\n                            <img decoding=\"async\" src=\"https:\/\/reuzado.nl\/app\/uploads\/2025\/09\/Reuzado-hoge-resolutie-JudithCapponFotografie-9597.jpg\" alt=\"\">\n                        <\/div>\n                                            <div class=\"slide\">\n                            <img decoding=\"async\" src=\"https:\/\/reuzado.nl\/app\/uploads\/2025\/09\/Reuzado-hoge-resolutie-JudithCapponFotografie-7858.jpg\" alt=\"\">\n                        <\/div>\n                                            <div class=\"slide\">\n                            <img decoding=\"async\" src=\"https:\/\/reuzado.nl\/app\/uploads\/2025\/09\/Reuzado-hoge-resolutie-JudithCapponFotografie-9540.jpg\" alt=\"Achat de serveurs\">\n                        <\/div>\n                                            <div class=\"slide\">\n                            <img decoding=\"async\" src=\"https:\/\/reuzado.nl\/app\/uploads\/2025\/09\/Reuzado-lage-resolutie-JudithCapponFotografie-7673.jpg\" alt=\"\">\n                        <\/div>\n                                            <div class=\"slide\">\n                            <img decoding=\"async\" src=\"https:\/\/reuzado.nl\/app\/uploads\/2025\/09\/Reuzado-lage-resolutie-JudithCapponFotografie-7729.jpg\" alt=\"\">\n                        <\/div>\n                                            <div class=\"slide\">\n                            <img decoding=\"async\" src=\"https:\/\/reuzado.nl\/app\/uploads\/2025\/09\/Reuzado-hoge-resolutie-JudithCapponFotografie-9389.jpg\" alt=\"\">\n                        <\/div>\n                                            <div class=\"slide\">\n                            <img decoding=\"async\" src=\"https:\/\/reuzado.nl\/app\/uploads\/2025\/09\/Reuzado-hoge-resolutie-JudithCapponFotografie-7868.jpg\" alt=\"\">\n                        <\/div>\n                                    <\/div>\n            <\/div>\n            <\/div>\n\n\n        <div  class=\"section section-content two-columns has-no-bg has-no-pattern\">\n            <div class=\"container\">\n                <div class=\"content-holder\">\n                                            <div class=\"column\">\n                            <div class=\"content\">\n                                <h3>Int\u00e9gration transparente dans le processus physique<\/h3>\n<p>Circu-IT est enti\u00e8rement int\u00e9gr\u00e9 dans le processus op\u00e9rationnel de Reuzado. De la recherche d'\u00e9quipement, la r\u00e9servation, l'audit, la suppression et l'emballage \u00e0 la g\u00e9n\u00e9ration de certificats, chaque \u00e9tape est prise en charge num\u00e9riquement et rendue visible dans le portail.<\/p>\n<p>Les mises \u00e0 jour de l'\u00e9tat d'avancement et les notifications garantissent que les clients sont inform\u00e9s de mani\u00e8re proactive, sans suivi manuel. La documentation telle que les registres de poids, les lettres d'orientation et les certificats de processus est automatiquement li\u00e9e \u00e0 la t\u00e2che ou \u00e0 l'emplacement appropri\u00e9.<\/p>\n<p>&nbsp;<\/p>\n                            <\/div>\n                        <\/div>\n                                        <div class=\"column\">\n                        <div class=\"content\">\n                            <h3>S\u00e9curit\u00e9 et flexibilit\u00e9<\/h3>\n<ul>\n<li><strong>Protection des donn\u00e9es : <\/strong>La plateforme est \u00e9quip\u00e9e de mesures de s\u00e9curit\u00e9 modernes et est conforme aux directives AVG. Toutes les donn\u00e9es sont stock\u00e9es dans des centres de donn\u00e9es europ\u00e9ens hautement s\u00e9curis\u00e9s.<\/li>\n<li><strong>Liens API : <\/strong>Pour les grandes organisations, il est possible de relier Circu-IT \u00e0 des syst\u00e8mes internes (tels que ERP ou ITSM), pour une automatisation maximale.<\/li>\n<li><strong>Personnalisation et \u00e9volutivit\u00e9 :\u00a0<\/strong>Circu-IT est modulaire et adaptable au flux de travail et aux besoins du client.<\/li>\n<\/ul>\n<p>Avec Circu-IT, votre organisation dispose d'un processus de gestion informatique enti\u00e8rement circulaire. En int\u00e9grant la durabilit\u00e9, la s\u00e9curit\u00e9 et l'excellence op\u00e9rationnelle, Circu-IT fournit une solution compl\u00e8te, adapt\u00e9e aux besoins des entreprises modernes.<\/p>\n                                                    <\/div>\n                    <\/div>\n                <\/div>\n            <\/div>\n        <\/div>\n\n    \n\n        <div  class=\"section section-content two-columns has-no-padding-top-d has-no-padding-top-m has-no-bg has-no-pattern\">\n            <div class=\"container\">\n                <div class=\"content-holder\">\n                                            <div class=\"column\">\n                            <div class=\"content\">\n                                <h3>S\u00e9curit\u00e9 et confort<\/h3>\n<p>Circu-IT a \u00e9t\u00e9 con\u00e7u en tenant compte de la s\u00e9curit\u00e9 et de la conformit\u00e9 r\u00e9glementaire. La plateforme est conforme aux normes internationales telles que ISO 27001 et ISO 14001 et aide les organisations \u00e0 atteindre leurs objectifs de conformit\u00e9.<\/p>\n                            <\/div>\n                        <\/div>\n                                        <div class=\"column\">\n                        <div class=\"content\">\n                            <h3>Durabilit\u00e9 et responsabilit\u00e9 sociale<\/h3>\n<p>Avec Circu-IT, vous contribuez \u00e0 l'\u00e9conomie circulaire en maximisant la r\u00e9utilisation et en minimisant les d\u00e9chets \u00e9lectroniques. La plateforme permet de conna\u00eetre l'impact carbone de votre \u00e9quipement informatique, ce qui est essentiel pour atteindre les objectifs de d\u00e9veloppement durable.<\/p>\n                                                    <\/div>\n                    <\/div>\n                <\/div>\n            <\/div>\n        <\/div>\n\n    \n\n    <div  class=\"section section-faq is-default has-no-padding-top-d has-no-padding-top-m has-no-bg has-no-pattern\">\n        \n        <div class=\"container\">\n                        <div class=\"faq-wrapper\">\n                <div class=\"faq\">\n                                                                        <div class=\"faq-title\">\n                                <h2>Questions fr\u00e9quemment pos\u00e9es sur Circu-IT<\/h2>\n                            <\/div>\n                                            \n                                            <div class=\"faq-items-wrapper\">\n                                                            <div class=\"faq-item\">\n                                    <div class=\"faq-heading toggle-heading\">\n                                        <h3>Qu'est-ce que Circu-IT ?<\/h3>\n                                        <i class=\"icon opened\"><\/i>\n                                    <\/div>\n                                    <div class=\"faq-body toggle-body is-opened\">\n                                        <p>Circu-IT est un portail de gestion en ligne de Reuzado pour la gestion du mat\u00e9riel informatique d\u00e9pr\u00e9ci\u00e9, y compris la logistique, la destruction des donn\u00e9es et les rapports.<\/p>\n                                    <\/div>\n                                <\/div>\n                                                            <div class=\"faq-item\">\n                                    <div class=\"faq-heading toggle-heading\">\n                                        <h3>Comment fixer un rendez-vous pour l'enl\u00e8vement ?<\/h3>\n                                        <i class=\"icon closed\"><\/i>\n                                    <\/div>\n                                    <div class=\"faq-body toggle-body hidden\">\n                                        <p>Gr\u00e2ce au tableau de bord Circu-IT, vous pouvez facilement planifier un rendez-vous d'enl\u00e8vement qui correspond \u00e0 votre emploi du temps.<\/p>\n                                    <\/div>\n                                <\/div>\n                                                            <div class=\"faq-item\">\n                                    <div class=\"faq-heading toggle-heading\">\n                                        <h3>La destruction des donn\u00e9es est-elle certifi\u00e9e ?<\/h3>\n                                        <i class=\"icon closed\"><\/i>\n                                    <\/div>\n                                    <div class=\"faq-body toggle-body hidden\">\n                                        <p>Oui, Reuzado propose une destruction de donn\u00e9es certifi\u00e9e conforme aux normes ISO 27001, ISO 14001 et ISO 14001. <a href=\"https:\/\/www.weeelabex.org\/\" target=\"_blank\" rel=\"noopener\">WEEELABEX<\/a>-normes.<\/p>\n                                    <\/div>\n                                <\/div>\n                                                            <div class=\"faq-item\">\n                                    <div class=\"faq-heading toggle-heading\">\n                                        <h3>Puis-je t\u00e9l\u00e9charger des rapports d'audit ?<\/h3>\n                                        <i class=\"icon closed\"><\/i>\n                                    <\/div>\n                                    <div class=\"faq-body toggle-body hidden\">\n                                        <p>Oui, Circu-IT fournit des donn\u00e9es et des rapports facilement disponibles pour les audits, les rapports RSE et les objectifs CO\u2082.<\/p>\n                                    <\/div>\n                                <\/div>\n                                                    <\/div>\n                                    <\/div>\n            <\/div>\n        <\/div>\n    <\/div>\n\n\n    <div  class=\"section section-cta has-small-image has-no-padding-bottom-d has-no-padding-bottom-m has-no-bg has-no-pattern\">\n        \n        <div class=\"holder\">\n            <div class=\"container\">\n                <div class=\"cta-holder\">\n                                            <div class=\"image-holder\">\n                            <img decoding=\"async\" src=\"https:\/\/reuzado.nl\/app\/uploads\/2026\/03\/CTA-Gerrit.png\" alt=\"\">\n                        <\/div>\n                                        <div class=\"content-holder\">\n                        <div class=\"inner\">\n                            <p>Vous voulez savoir quels produits conviennent le mieux \u00e0 votre entreprise ?<\/p>\n<p>Contactez alors nos conseillers. Vous pouvez les joindre via <a href=\"mailto:info@reuzado.nl\">info@reuzado.nl<\/a> ou via <a href=\"tel:+31(0)235519821\">+31 (0)23 551 98 21<\/a>. Ou remplissez le formulaire de contact.<\/p>\n                                                            <div class=\"button-holder\">\n                                    \n                                                                            <a href=\"https:\/\/reuzado.nl\/fr\/contact\/\" target=\"_self\" class=\"button alt\">Prendre contact<\/a>\n                                                                    <\/div>\n                                                    <\/div>\n                    <\/div>\n                <\/div>\n            <\/div>\n        <\/div>\n\n                    <div class=\"background-image\">\n                <img decoding=\"async\" src=\"https:\/\/reuzado.nl\/app\/uploads\/2025\/06\/Reuzado-9377-scaled.jpg\" alt=\"\">\n            <\/div>\n            <\/div>","protected":false},"excerpt":{"rendered":"","protected":false},"author":1,"featured_media":0,"parent":430,"menu_order":0,"comment_status":"closed","ping_status":"closed","template":"","meta":{"_acf_changed":false,"footnotes":""},"class_list":["post-1168","page","type-page","status-publish","hentry"],"acf":[],"_links":{"self":[{"href":"https:\/\/reuzado.nl\/fr\/wp-json\/wp\/v2\/pages\/1168","targetHints":{"allow":["GET"]}}],"collection":[{"href":"https:\/\/reuzado.nl\/fr\/wp-json\/wp\/v2\/pages"}],"about":[{"href":"https:\/\/reuzado.nl\/fr\/wp-json\/wp\/v2\/types\/page"}],"author":[{"embeddable":true,"href":"https:\/\/reuzado.nl\/fr\/wp-json\/wp\/v2\/users\/1"}],"replies":[{"embeddable":true,"href":"https:\/\/reuzado.nl\/fr\/wp-json\/wp\/v2\/comments?post=1168"}],"version-history":[{"count":0,"href":"https:\/\/reuzado.nl\/fr\/wp-json\/wp\/v2\/pages\/1168\/revisions"}],"up":[{"embeddable":true,"href":"https:\/\/reuzado.nl\/fr\/wp-json\/wp\/v2\/pages\/430"}],"wp:attachment":[{"href":"https:\/\/reuzado.nl\/fr\/wp-json\/wp\/v2\/media?parent=1168"}],"curies":[{"name":"wp","href":"https:\/\/api.w.org\/{rel}","templated":true}]}}