{"id":1283,"date":"2025-05-20T15:22:15","date_gmt":"2025-05-20T15:22:15","guid":{"rendered":"https:\/\/reuzado.nl\/?page_id=1283"},"modified":"2025-08-01T14:29:53","modified_gmt":"2025-08-01T14:29:53","slug":"declaration-de-confidentialite","status":"publish","type":"page","link":"https:\/\/reuzado.nl\/fr\/declaration-de-confidentialite\/","title":{"rendered":"D\u00e9claration de confidentialit\u00e9"},"content":{"rendered":"<div  class=\"section section-pageheader-detail  has-no-bg has-no-pattern\">\n        <div class=\"container\">\n            <div class=\"holder\">\n                                    <div class=\"background-image\">\n                        <img decoding=\"async\" src=\"https:\/\/reuzado.nl\/app\/uploads\/2025\/06\/Reuzado-9701-scaled.jpg\" alt=\"rachat de cisco\">\n                    <\/div>\n                \n                                    <div class=\"content\">\n                        <h1>D\u00e9claration de confidentialit\u00e9<\/h1>\n\n                                                    <div class=\"rank-math-breadcrumbs\">\n                                <nav aria-label=\"chapelure\" class=\"rank-math-breadcrumb\"><p><span class=\"last\">Accueil<\/span><\/p><\/nav>                            <\/div>\n                                            <\/div>\n                \n                            <\/div>\n        <\/div>\n    <\/div>\n\n\n        <div  class=\"section section-content has-no-bg has-no-pattern\">\n                        <div class=\"container\">\n                <div class=\"content-holder\">\n                    <div class=\"content\">\n                        <div class=\"inner\">\n                            <p><strong>Reuzado BV D\u00e9claration relative \u00e0 la protection de la vie priv\u00e9e et aux cookies<\/strong><\/p>\n<p>Reuzado BV, situ\u00e9 \u00e0 Haarlemmerstraatweg 103, 1165 MK Halfweg (ci-apr\u00e8s : \u201cReuzado\u201d, \u201cnous\u201d ou \u201cnotre\u201d) est le responsable du traitement des donn\u00e9es personnelles obtenues par le biais du site web reuzado.nl (ci-apr\u00e8s : \u201cSite web\u201d). Dans la pr\u00e9sente d\u00e9claration relative \u00e0 la protection de la vie priv\u00e9e et aux cookies, nous expliquons comment nous traitons les donn\u00e9es personnelles que nous obtenons de vous.<\/p>\n<p>Nous respectons la vie priv\u00e9e de nos clients et des utilisateurs de notre site et veillons \u00e0 ce que les informations personnelles que vous nous fournissez soient trait\u00e9es conform\u00e9ment aux lois et r\u00e9glementations applicables en mati\u00e8re de protection des donn\u00e9es personnelles et trait\u00e9es de mani\u00e8re confidentielle.<br \/>\nLors du traitement, nous respectons les exigences de la l\u00e9gislation relative \u00e0 la protection de la vie priv\u00e9e. Cela inclut<\/p>\n<p>Nous indiquons clairement les raisons pour lesquelles nous traitons les donn\u00e9es \u00e0 caract\u00e8re personnel. Nous le faisons par le biais de cette d\u00e9claration de confidentialit\u00e9.<br \/>\nNous limitons la collecte de donn\u00e9es personnelles aux seules donn\u00e9es personnelles n\u00e9cessaires \u00e0 des fins l\u00e9gitimes.<br \/>\nNous demandons d'abord un consentement explicite pour traiter vos donn\u00e9es personnelles dans les cas o\u00f9 votre consentement est requis.<br \/>\nNous prenons des mesures de s\u00e9curit\u00e9 appropri\u00e9es pour prot\u00e9ger vos donn\u00e9es \u00e0 caract\u00e8re personnel et exigeons la m\u00eame chose des parties qui traitent des donn\u00e9es \u00e0 caract\u00e8re personnel en notre nom.<br \/>\nNous respectons votre droit d'acc\u00e9der \u00e0 vos donn\u00e9es personnelles, de les corriger, de les d\u00e9placer, de les restreindre ou de les supprimer \u00e0 votre demande.<br \/>\nLa pr\u00e9sente d\u00e9claration relative \u00e0 la protection de la vie priv\u00e9e et aux cookies peut \u00eatre compl\u00e9t\u00e9e ou modifi\u00e9e \u00e0 l'avenir. Nous vous en informerons en publiant une version actualis\u00e9e de la d\u00e9claration sur la protection de la vie priv\u00e9e et les cookies sur le site web. Nous vous recommandons de consulter r\u00e9guli\u00e8rement cette d\u00e9claration de confidentialit\u00e9 et de cookies afin de prendre connaissance de la version la plus r\u00e9cente.<\/p>\n<p>Cette d\u00e9claration relative \u00e0 la protection de la vie priv\u00e9e et aux cookies a \u00e9t\u00e9 modifi\u00e9e pour la derni\u00e8re fois le 12-01-2021.<\/p>\n<p>&nbsp;<\/p>\n<p><strong>Finalit\u00e9s du traitement des donn\u00e9es<\/strong><br \/>\nNous traitons les donn\u00e9es personnelles que vous nous fournissez uniquement aux fins suivantes :<\/p>\n<p>Pour r\u00e9pondre \u00e0 vos questions sur nos produits et\/ou services, entre autres.<br \/>\nPour vous informer, si vous avez donn\u00e9 votre accord pr\u00e9alable, sur le d\u00e9veloppement du site web et sur les offres sp\u00e9ciales et les promotions par le biais de notre bulletin d'information.<br \/>\nd\u00e9velopper et am\u00e9liorer le site web.<br \/>\nPour l'ex\u00e9cution d'un contrat (d'achat), tel que l'achat, la livraison et la facturation de votre service ou produit.<br \/>\nCompiler des statistiques afin d'optimiser le contenu et les publicit\u00e9s \u00e0 des fins de marketing.<br \/>\n\u00c0 des fins d'analyse et de rapport internes.<br \/>\nNous ne traiterons pas vos donn\u00e9es \u00e0 caract\u00e8re personnel \u00e0 des fins autres que celles mentionn\u00e9es ci-dessus, \u00e0 moins que vous n'ayez donn\u00e9 votre consentement pr\u00e9alable, \u00e0 condition que cela soit n\u00e9cessaire \u00e0 l'ex\u00e9cution de l'accord que nous avons conclu avec vous ou que nous soyons autoris\u00e9s\/contraints \u00e0 le faire par la loi.<\/p>\n<p>&nbsp;<\/p>\n<p><strong>Utilisation des donn\u00e9es personnelles<\/strong><br \/>\nNous traitons les cat\u00e9gories suivantes de donn\u00e9es \u00e0 caract\u00e8re personnel aux fins \u00e9nonc\u00e9es dans la pr\u00e9sente d\u00e9claration sur la protection de la vie priv\u00e9e et les cookies :<\/p>\n<p>Nom et adresse (facultatif dans certains cas) ;<br \/>\nCoordonn\u00e9es (num\u00e9ro de t\u00e9l\u00e9phone et\/ou adresse \u00e9lectronique) ;<br \/>\nModalit\u00e9s de paiement ;<br \/>\nSexe (facultatif) ;<br \/>\n\u00c2ge (facultatif) ;<br \/>\nDonn\u00e9es de localisation d\u00e9riv\u00e9es de votre adresse IP ;<br \/>\nDonn\u00e9es sur l'utilisation du site web, par exemple le type d'appareil, le type de navigateur et l'adresse IP ;<br \/>\nMots cl\u00e9s utilis\u00e9s sur notre site web ;<br \/>\nDonn\u00e9es d\u00e9riv\u00e9es de votre comportement de navigation et de clic ;<br \/>\nID de cookie.<br \/>\nNous n'utilisons pas toujours TOUTES vos donn\u00e9es. Elles sont souvent limit\u00e9es \u00e0 certains des types mentionn\u00e9s ci-dessus.<\/p>\n<p>Certaines des donn\u00e9es susmentionn\u00e9es peuvent \u00eatre consid\u00e9r\u00e9es comme des donn\u00e9es sensibles. Nous ferons donc preuve d'une grande prudence \u00e0 cet \u00e9gard.<\/p>\n<p>&nbsp;<\/p>\n<p><strong>Source d'acquisition des donn\u00e9es<\/strong><br \/>\nLa principale fa\u00e7on d'obtenir des donn\u00e9es est de vous les demander. Ce faisant, vous avez le choix de les fournir ou non. Nous obtenons \u00e9galement des donn\u00e9es par le biais de cookies et de techniques similaires. Nous pouvons recevoir ces informations par l'interm\u00e9diaire de tiers (par exemple Google).<\/p>\n<p>&nbsp;<\/p>\n<p><strong>S\u00e9curit\u00e9<\/strong><br \/>\nNous prenons des mesures de s\u00e9curit\u00e9 appropri\u00e9es pour limiter l'utilisation abusive et l'acc\u00e8s non autoris\u00e9 aux donn\u00e9es \u00e0 caract\u00e8re personnel. Par exemple, nous veillons \u00e0 ce que seules les personnes n\u00e9cessaires aient acc\u00e8s \u00e0 vos donn\u00e9es et \u00e0 ce que nos mesures de s\u00e9curit\u00e9 soient r\u00e9guli\u00e8rement v\u00e9rifi\u00e9es. En outre, nous utilisons des certificats SSL pour la transmission s\u00e9curis\u00e9e de vos donn\u00e9es et de votre communication.<\/p>\n<p>&nbsp;<\/p>\n<p><strong>Fourniture de donn\u00e9es \u00e0 des tiers<\/strong><br \/>\nNous ne vendrons pas vos informations personnelles \u00e0 des tiers et ne fournirons pas vos donn\u00e9es \u00e0 des tiers sans votre consentement pr\u00e9alable ou lorsque cela est n\u00e9cessaire. La loi peut \u00e9galement nous autoriser ou nous obliger \u00e0 partager ces donn\u00e9es.<br \/>\nLes donn\u00e9es re\u00e7ues ou d\u00e9riv\u00e9es des cookies sont trait\u00e9es par des services tiers. Il s'agit des parties suivantes :<\/p>\n<p>les m\u00e9dias sociaux, tels que Facebook et Google. Nous pouvons interagir avec ces parties de mani\u00e8re s\u00e9curis\u00e9e et anonyme, ce qui nous permet de segmenter les audiences pour obtenir des publicit\u00e9s et\/ou des r\u00e9sultats de recherche pertinents.<br \/>\nP\u00e9riode de conservation des donn\u00e9es<br \/>\nNous proposons diff\u00e9rents services via notre site web et nous pouvons vous demander des donn\u00e9es afin de traiter votre demande. \u00c0 l'exception de votre adresse \u00e9lectronique, vous pouvez d\u00e9cider des donn\u00e9es que vous fournissez. Nous ne conservons pas vos donn\u00e9es personnelles plus longtemps que n\u00e9cessaire. Toutefois, il n'existe pas de d\u00e9lai fixe \u00e0 cet \u00e9gard. Cette p\u00e9riode d\u00e9pend de la finalit\u00e9 du stockage des donn\u00e9es.<\/p>\n<p>L'exception \u00e0 cette r\u00e8gle est la loi g\u00e9n\u00e9rale sur la fiscalit\u00e9 des \u00c9tats, pour laquelle nous sommes tenus de conserver les donn\u00e9es relatives aux paiements pendant sept ans.<\/p>\n<p>&nbsp;<\/p>\n<p><strong>Bulletin d'information<\/strong><br \/>\nPar le biais de notre site web, nous vous offrons la possibilit\u00e9 de vous inscrire \u00e0 notre lettre d'information par laquelle nous vous informons chaque semaine des offres commerciales int\u00e9ressantes, des derniers d\u00e9veloppements dans le domaine et des nouvelles de Reuzado. Votre adresse \u00e9lectronique ne sera ajout\u00e9e \u00e0 la liste des abonn\u00e9s qu'avec votre accord. Si vous ne souhaitez plus recevoir la lettre d'information, veuillez nous le faire savoir en envoyant un courriel \u00e0 info@reuzado.nl ou en utilisant l'option d'exclusion via le lien fourni dans la lettre d'information. Le fichier des abonn\u00e9s \u00e0 la lettre d'information ne sera en aucun cas communiqu\u00e9 \u00e0 des tiers.<\/p>\n<p>&nbsp;<\/p>\n<p><strong>Cookies<\/strong><br \/>\nSur le site web, nous utilisons des cookies. Un cookie est un petit fichier texte envoy\u00e9 \u00e0 votre ordinateur lorsque vous visitez un site web et stock\u00e9 sur votre ordinateur par votre navigateur. Ces cookies sont utilis\u00e9s par les sites web pour rendre l'exp\u00e9rience de l'utilisateur plus efficace.<\/p>\n<p>Par exemple, les cookies stockent des informations sur les param\u00e8tres de votre PC et vos pr\u00e9f\u00e9rences, de sorte que vous n'ayez pas \u00e0 fournir ces informations \u00e0 plusieurs reprises, ce qui simplifie votre prochaine visite sur notre site web. Ces informations ne contiennent pas de nom, d'adresse ou d'autres donn\u00e9es personnelles.<\/p>\n<p>La loi nous autorise \u00e0 stocker des cookies sur votre appareil s'ils sont strictement n\u00e9cessaires \u00e0 l'utilisation du site. Pour tous les autres types de cookies, nous avons besoin de votre consentement. Nous utilisons des cookies de statistiques pour analyser des donn\u00e9es anonymes sur les visites de notre site web. Nous utilisons des cookies pour personnaliser le contenu et les publicit\u00e9s et pour partager notre contenu sur les m\u00e9dias sociaux apr\u00e8s avoir obtenu votre consentement.<\/p>\n<p>Votre autorisation s'applique aux domaines suivants : reuzado.co.uk.<\/p>\n<p>Derni\u00e8re mise \u00e0 jour de la d\u00e9claration sur les cookies le 12-01-2021.<\/p>\n<p>&nbsp;<\/p>\n<p><strong>Suppression des cookies<\/strong><br \/>\nDe nombreux cookies ont une date d'expiration. Si une date d'expiration est d\u00e9finie, le cookie est automatiquement supprim\u00e9 \u00e0 l'expiration de la date d'expiration. Vous pouvez \u00e9galement choisir de supprimer les cookies manuellement avant la date d'expiration. Pour ce faire, veuillez consulter le manuel de votre navigateur.<\/p>\n<p>&nbsp;<\/p>\n<p><strong>M\u00e9dias sociaux<\/strong><br \/>\nLe site web comprend des boutons qui vous permettent de promouvoir ou de partager des pages sur des r\u00e9seaux sociaux tels que LinkedIn et Facebook. Ces boutons utilisent un code fourni par ces r\u00e9seaux sociaux. Ce code place \u00e9galement un cookie sur l'appareil du visiteur du site.<\/p>\n<p>&nbsp;<\/p>\n<p><strong>Droit de la personne concern\u00e9e<\/strong><br \/>\nVous avez le droit d'acc\u00e9der \u00e0 vos donn\u00e9es personnelles, de les corriger, de les supprimer ou de les transf\u00e9rer. Vous pouvez \u00e9galement vous opposer au traitement. Vous pouvez exercer vos droits en nous contactant.<\/p>\n<p>&nbsp;<\/p>\n<p><strong>Inspection et modification<\/strong><br \/>\nVous pouvez \u00e0 tout moment acc\u00e9der \u00e0 vos donn\u00e9es et \u00e0 vos param\u00e8tres personnels et les faire modifier si n\u00e9cessaire. Pour conna\u00eetre et corriger vos donn\u00e9es, vous pouvez \u00e9galement contacter notre service client\u00e8le.<\/p>\n<p>&nbsp;<\/p>\n<p>Notre \u00e9quipe du service client\u00e8le sera heureuse de vous aider si vous avez des questions ou des commentaires en r\u00e9ponse \u00e0 cette d\u00e9claration de confidentialit\u00e9 et de cookies ou si vous souhaitez en savoir plus sur les donn\u00e9es que nous traitons \u00e0 votre sujet ou exercer vos droits en tant que personne concern\u00e9e en vertu de la l\u00e9gislation en vigueur en mati\u00e8re de protection de la vie priv\u00e9e. Vous pouvez nous contacter :<\/p>\n<p>&nbsp;<\/p>\n<p><strong>Reuzado B.V.<\/strong><br \/>\nDisponible les jours ouvrables entre 8 heures et 17 heures.<br \/>\nInfo@reuzado.nl<br \/>\nHaarlemmerstraatweg 103, 1165 MK Halfweg<br \/>\nT\u00e9l\u00e9phone : 023-5519821<br \/>\nInternet : reuzado.co.uk<\/p>\n<p>&nbsp;<\/p>\n<p>Bien entendu, nous sommes \u00e9galement heureux de vous aider si vous avez des r\u00e9clamations concernant le traitement de vos donn\u00e9es personnelles. En vertu de la l\u00e9gislation sur la protection de la vie priv\u00e9e, vous avez \u00e9galement le droit de d\u00e9poser une plainte aupr\u00e8s de l'Autorit\u00e9 des donn\u00e9es personnelles concernant le traitement de vos donn\u00e9es personnelles. Vous pouvez contacter l'Autorit\u00e9 des donn\u00e9es personnelles \u00e0 cet effet.<\/p>\n                                                                                                                <\/div>\n                    <\/div>\n                <\/div>\n            <\/div>\n        <\/div>","protected":false},"excerpt":{"rendered":"","protected":false},"author":1,"featured_media":0,"parent":0,"menu_order":0,"comment_status":"closed","ping_status":"closed","template":"","meta":{"_acf_changed":false,"footnotes":""},"class_list":["post-1283","page","type-page","status-publish","hentry"],"acf":[],"_links":{"self":[{"href":"https:\/\/reuzado.nl\/fr\/wp-json\/wp\/v2\/pages\/1283","targetHints":{"allow":["GET"]}}],"collection":[{"href":"https:\/\/reuzado.nl\/fr\/wp-json\/wp\/v2\/pages"}],"about":[{"href":"https:\/\/reuzado.nl\/fr\/wp-json\/wp\/v2\/types\/page"}],"author":[{"embeddable":true,"href":"https:\/\/reuzado.nl\/fr\/wp-json\/wp\/v2\/users\/1"}],"replies":[{"embeddable":true,"href":"https:\/\/reuzado.nl\/fr\/wp-json\/wp\/v2\/comments?post=1283"}],"version-history":[{"count":0,"href":"https:\/\/reuzado.nl\/fr\/wp-json\/wp\/v2\/pages\/1283\/revisions"}],"wp:attachment":[{"href":"https:\/\/reuzado.nl\/fr\/wp-json\/wp\/v2\/media?parent=1283"}],"curies":[{"name":"wp","href":"https:\/\/api.w.org\/{rel}","templated":true}]}}