{"id":1285,"date":"2025-05-20T15:23:29","date_gmt":"2025-05-20T15:23:29","guid":{"rendered":"https:\/\/reuzado.nl\/?page_id=1285"},"modified":"2025-06-18T11:31:04","modified_gmt":"2025-06-18T11:31:04","slug":"clause-de-non-responsabilite","status":"publish","type":"page","link":"https:\/\/reuzado.nl\/fr\/clause-de-non-responsabilite\/","title":{"rendered":"Clause de non-responsabilit\u00e9"},"content":{"rendered":"<div  class=\"section section-pageheader-detail  has-no-bg has-no-pattern\">\n        <div class=\"container\">\n            <div class=\"holder\">\n                                    <div class=\"background-image\">\n                        <img decoding=\"async\" src=\"https:\/\/reuzado.nl\/app\/uploads\/2025\/06\/Reuzado-9710-scaled.jpg\" alt=\"\">\n                    <\/div>\n                \n                                    <div class=\"content\">\n                        <h1>Clause de non-responsabilit\u00e9<\/h1>\n\n                                                    <div class=\"rank-math-breadcrumbs\">\n                                <nav aria-label=\"chapelure\" class=\"rank-math-breadcrumb\"><p><span class=\"last\">Accueil<\/span><\/p><\/nav>                            <\/div>\n                                            <\/div>\n                \n                            <\/div>\n        <\/div>\n    <\/div>\n\n\n        <div  class=\"section section-content has-no-bg has-no-pattern\">\n                        <div class=\"container\">\n                <div class=\"content-holder\">\n                    <div class=\"content\">\n                        <div class=\"inner\">\n                            <p>Les conditions d'utilisation ci-dessous s'appliquent \u00e0 l'utilisation de ce site web (reuzado.co.uk). En utilisant ce site, vous \u00eates r\u00e9put\u00e9 avoir pris connaissance des conditions d'utilisation et les avoir accept\u00e9es.<\/p>\n<p>&nbsp;<\/p>\n<p><strong>Utilisation de l'information<\/strong><br \/>\nReuzado B.V. s'efforce de fournir en permanence des informations correctes et \u00e0 jour sur ce site web. Bien que ces informations aient \u00e9t\u00e9 compil\u00e9es avec le plus grand soin, Reuzado B.V. ne garantit pas l'exhaustivit\u00e9, l'exactitude ou l'actualit\u00e9 des informations. Les informations juridiques figurant sur le site web sont de nature g\u00e9n\u00e9rale et ne peuvent \u00eatre consid\u00e9r\u00e9es comme un substitut \u00e0 un avis juridique.<\/p>\n<p>Aucun droit ne peut \u00eatre d\u00e9riv\u00e9 de l'information. Reuzado B.V. d\u00e9cline toute responsabilit\u00e9 pour les dommages r\u00e9sultant de l'utilisation des informations ou du site web, ainsi que pour le mauvais fonctionnement du site web.<br \/>\nSur la base de l'envoi et de la r\u00e9ception d'informations via le site web ou par e-mail, une relation entre Reuzado B.V. et l'utilisateur du site web ne peut \u00eatre cr\u00e9\u00e9e sans autre forme de proc\u00e8s.<\/p>\n<p>&nbsp;<\/p>\n<p><strong>Courriel<\/strong><br \/>\nReuzado B.V. ne garantit pas que les courriers \u00e9lectroniques qui lui sont envoy\u00e9s soient re\u00e7us ou trait\u00e9s (\u00e0 temps), \u00e9tant donn\u00e9 qu'il n'est pas possible de garantir la r\u00e9ception des courriers \u00e9lectroniques dans les d\u00e9lais impartis. La s\u00e9curit\u00e9 du trafic de courriers \u00e9lectroniques ne peut pas non plus \u00eatre enti\u00e8rement garantie en raison des risques de s\u00e9curit\u00e9 qui y sont associ\u00e9s. En correspondant avec Reuzado B.V. par courrier \u00e9lectronique sans cryptage ni protection par mot de passe, vous acceptez ce risque.<\/p>\n<p>&nbsp;<\/p>\n<p><strong>Hyperliens<\/strong><br \/>\nCe site web peut contenir des hyperliens vers des sites web de tiers. Reuzado B.V. n'a aucune influence sur les sites web de tiers et n'est pas responsable de leur disponibilit\u00e9 ou de leur contenu. Reuzado B.V. n'accepte donc aucune responsabilit\u00e9 pour les dommages r\u00e9sultant de l'utilisation de sites web de tiers.<\/p>\n<p>&nbsp;<\/p>\n<p><strong>Droits de propri\u00e9t\u00e9 intellectuelle<\/strong><br \/>\nToutes les publications et expressions de Reuzado B.V. sont prot\u00e9g\u00e9es par le droit d'auteur et d'autres droits de propri\u00e9t\u00e9 intellectuelle. Sauf pour un usage personnel et non commercial, aucun \u00e9l\u00e9ment de ces publications et expressions ne peut \u00eatre dupliqu\u00e9, copi\u00e9 ou rendu public de quelque autre mani\u00e8re que ce soit sans l'accord \u00e9crit pr\u00e9alable de Reuzado B.V..<\/p>\n                                                                                                                <\/div>\n                    <\/div>\n                <\/div>\n            <\/div>\n        <\/div>","protected":false},"excerpt":{"rendered":"","protected":false},"author":1,"featured_media":0,"parent":0,"menu_order":0,"comment_status":"closed","ping_status":"closed","template":"","meta":{"_acf_changed":false,"footnotes":""},"class_list":["post-1285","page","type-page","status-publish","hentry"],"acf":[],"_links":{"self":[{"href":"https:\/\/reuzado.nl\/fr\/wp-json\/wp\/v2\/pages\/1285","targetHints":{"allow":["GET"]}}],"collection":[{"href":"https:\/\/reuzado.nl\/fr\/wp-json\/wp\/v2\/pages"}],"about":[{"href":"https:\/\/reuzado.nl\/fr\/wp-json\/wp\/v2\/types\/page"}],"author":[{"embeddable":true,"href":"https:\/\/reuzado.nl\/fr\/wp-json\/wp\/v2\/users\/1"}],"replies":[{"embeddable":true,"href":"https:\/\/reuzado.nl\/fr\/wp-json\/wp\/v2\/comments?post=1285"}],"version-history":[{"count":0,"href":"https:\/\/reuzado.nl\/fr\/wp-json\/wp\/v2\/pages\/1285\/revisions"}],"wp:attachment":[{"href":"https:\/\/reuzado.nl\/fr\/wp-json\/wp\/v2\/media?parent=1285"}],"curies":[{"name":"wp","href":"https:\/\/api.w.org\/{rel}","templated":true}]}}