{"id":1401,"date":"2025-06-18T08:47:09","date_gmt":"2025-06-18T08:47:09","guid":{"rendered":"https:\/\/reuzado.nl\/?page_id=1401"},"modified":"2025-10-17T13:56:13","modified_gmt":"2025-10-17T13:56:13","slug":"lhistoire-de-finn-2","status":"publish","type":"page","link":"https:\/\/reuzado.nl\/fr\/a-propos-de-nous\/lhistoire-de-finn-2\/","title":{"rendered":"L'histoire de Finn"},"content":{"rendered":"<div  class=\"section section-pageheader-detail  has-no-bg has-no-pattern\">\n        <div class=\"container\">\n            <div class=\"holder\">\n                                    <div class=\"background-image\">\n                        <img decoding=\"async\" src=\"https:\/\/reuzado.nl\/app\/uploads\/2025\/09\/Mascotte.jpg\" alt=\"\">\n                    <\/div>\n                \n                                    <div class=\"content\">\n                        <h1>L'histoire de Finn et de ses amis<\/h1>\n\n                                                    <div class=\"rank-math-breadcrumbs\">\n                                <nav aria-label=\"chapelure\" class=\"rank-math-breadcrumb\"><p><span class=\"last\">Accueil<\/span><\/p><\/nav>                            <\/div>\n                                            <\/div>\n                \n                            <\/div>\n        <\/div>\n    <\/div>\n\n\n    <div         class=\"section section-image-content has-no-bg has-no-pattern has-image-left\">\n        <div class=\"holder\">\n                            <div class=\"image-holder\">\n                                            <div class=\"column\">\n                            <div class=\"image-wrapper\">\n                                <img decoding=\"async\" src=\"https:\/\/reuzado.nl\/app\/uploads\/2025\/09\/Mascotte-2.jpg\" alt=\"\">\n                            <\/div>\n                        <\/div>\n                                        <div class=\"column\">\n                                                    <div class=\"image-wrapper\">\n                                <img decoding=\"async\" src=\"https:\/\/reuzado.nl\/app\/uploads\/2025\/09\/Reuzado-hoge-resolutie-JudithCapponFotografie-9424.jpg\" alt=\"\">\n                            <\/div>\n                                                                            <div class=\"image-wrapper\">\n                                <img decoding=\"async\" src=\"https:\/\/reuzado.nl\/app\/uploads\/2025\/09\/Reuzado-hoge-resolutie-JudithCapponFotografie-9377.jpg\" alt=\"\">\n                            <\/div>\n                                            <\/div>\n                                            <div class=\"column\">\n                            <div class=\"image-wrapper\">\n                                <img decoding=\"async\" src=\"https:\/\/reuzado.nl\/app\/uploads\/2025\/09\/Reuzado-hoge-resolutie-JudithCapponFotografie-9426.jpg\" alt=\"\">\n                            <\/div>\n                        <\/div>\n                                    <\/div>\n                <div class=\"image-holder-mobile\">\n\n                                            <div class=\"column\">\n                            <div class=\"image-wrapper\">\n                                <img decoding=\"async\" src=\"https:\/\/reuzado.nl\/app\/uploads\/2025\/09\/Mascotte-2.jpg\" alt=\"\">\n                            <\/div>\n                        <\/div>\n                                        <div class=\"column\">\n                                                    <div class=\"image-wrapper\">\n                                <img decoding=\"async\" src=\"https:\/\/reuzado.nl\/app\/uploads\/2025\/09\/Reuzado-hoge-resolutie-JudithCapponFotografie-9424.jpg\" alt=\"\">\n                            <\/div>\n                                                                            <div class=\"image-wrapper\">\n                                <img decoding=\"async\" src=\"https:\/\/reuzado.nl\/app\/uploads\/2025\/09\/Reuzado-hoge-resolutie-JudithCapponFotografie-9377.jpg\" alt=\"\">\n                            <\/div>\n                                            <\/div>\n                                            <div class=\"column\">\n                            <div class=\"image-wrapper\">\n                                <img decoding=\"async\" src=\"https:\/\/reuzado.nl\/app\/uploads\/2025\/09\/Reuzado-hoge-resolutie-JudithCapponFotografie-9426.jpg\" alt=\"\">\n                            <\/div>\n                            <div class=\"image-wrapper is-blue\">\n                            <\/div>\n                        <\/div>\n                                    <\/div>\n                        <div class=\"content-holder\">\n                <div class=\"inner\">\n                                            <h2>Rencontrez Finn : votre guide en mati\u00e8re de TIC durables<\/h2>\n<p>Vous rencontrerez Finn lorsque vous entrerez dans Reuzado. Avec son enthousiasme contagieux et son \u0153il vif, il montre ce que nous repr\u00e9sentons : la durabilit\u00e9, la fiabilit\u00e9 et l'engagement. Finn n'est pas seulement une mascotte, il est le symbole de notre mission : rendre les TIC plus intelligentes, plus vertes et plus humaines.<\/p>\n<p>Finn est convaincu que l'innovation technique va de pair avec la responsabilit\u00e9. Il vous invite \u00e0 vous joindre \u00e0 nous pour faire le pas vers un monde TIC circulaire, o\u00f9 le mat\u00e9riel reprend de la valeur et o\u00f9 les mati\u00e8res premi\u00e8res sont intelligemment utilis\u00e9es. En effet, chez Reuzado, les solutions durables deviennent r\u00e9alit\u00e9 - et Finn se trouve en plein milieu.<\/p>\n                    \n                                            <div class=\"button-holder\">\n                                                            <a href=\"https:\/\/reuzado.nl\/fr\/a-propos-de-nous\/\"\n                                   target=\"_self\"\n                                   class=\"button\">A propos de nous<\/a>\n                                                                                <\/div>\n                                    <\/div>\n            <\/div>\n        <\/div>\n    <\/div>\n\n\n    <div  class=\"section section-images-slider has-bg-lightblue has-no-pattern\">\n        \n                    <div class=\"slider-container\">\n                <div class=\"slider-track\">\n                                            <div class=\"slide\">\n                            <img decoding=\"async\" src=\"https:\/\/reuzado.nl\/app\/uploads\/2025\/09\/Mascotte.jpg\" alt=\"\">\n                        <\/div>\n                                            <div class=\"slide\">\n                            <img decoding=\"async\" src=\"https:\/\/reuzado.nl\/app\/uploads\/2025\/09\/Mascotte-2.jpg\" alt=\"\">\n                        <\/div>\n                                            <div class=\"slide\">\n                            <img decoding=\"async\" src=\"https:\/\/reuzado.nl\/app\/uploads\/2025\/09\/Reuzado-hoge-resolutie-JudithCapponFotografie-9409.jpg\" alt=\"\">\n                        <\/div>\n                                            <div class=\"slide\">\n                            <img decoding=\"async\" src=\"https:\/\/reuzado.nl\/app\/uploads\/2025\/09\/Reuzado-hoge-resolutie-JudithCapponFotografie-9377.jpg\" alt=\"\">\n                        <\/div>\n                                            <div class=\"slide\">\n                            <img decoding=\"async\" src=\"https:\/\/reuzado.nl\/app\/uploads\/2025\/09\/Reuzado-hoge-resolutie-JudithCapponFotografie-9401.jpg\" alt=\"\">\n                        <\/div>\n                                    <\/div>\n            <\/div>\n            <\/div>\n\n\n        <div  class=\"section section-content two-columns has-bg-lightblue has-pattern-colored\">\n            <div class=\"container\">\n                <div class=\"content-holder\">\n                                            <div class=\"column\">\n                            <div class=\"content\">\n                                <h2>Ensemble pour un monde meilleur<\/h2>\n<p>Mais Finn n'est pas seul. Voici ses amis : les personnes et les organisations qui collaborent \u00e0 notre mission. Des partenaires caritatifs locaux, des experts en recyclage et des clients enthousiastes forment une communaut\u00e9 soud\u00e9e. Ensemble, nous prenons des mesures qui ont un impact, qu'il s'agisse du don s\u00e9curis\u00e9 de mat\u00e9riel \u00e0 des causes sociales ou de la r\u00e9utilisation circulaire d'\u00e9quipements usag\u00e9s.<\/p>\n<p>Avec Finn et ses amis, vous soutenez non seulement une \u00e9conomie circulaire, mais vous rendez aussi le monde un peu meilleur. Chaque don d'ordinateur portable ou d'appareil \u00e9lectrom\u00e9nager remis \u00e0 neuf est un choix conscient pour les personnes et l'environnement.<\/p>\n                            <\/div>\n                        <\/div>\n                                        <div class=\"column\">\n                        <div class=\"content\">\n                            <h2>Pourquoi cette histoire vous touche-t-elle ?<\/h2>\n<ul>\n<li>Introduction personnelle : Finn rapproche l'histoire de Reuzado et lui apporte une reconnaissance.<\/li>\n<li>Sentiment communautaire : les amis et partenaires de Finn soulignent que vous n'\u00eates pas seul.<\/li>\n<li>Message orient\u00e9 vers l'action : vous sentez imm\u00e9diatement que votre contribution fait une r\u00e9elle diff\u00e9rence - pour le d\u00e9veloppement durable et pour les personnes.<\/li>\n<\/ul>\n                                                    <\/div>\n                    <\/div>\n                <\/div>\n            <\/div>\n        <\/div>\n\n    \n\n    <div\n                class=\"section section-card-slider has-no-bg has-no-pattern is-slider\">\n        <div class=\"holder\">\n                            <div class=\"background-image\">\n                    <img decoding=\"async\" src=\"https:\/\/reuzado.nl\/app\/uploads\/2025\/09\/Reuzado-hoge-resolutie-JudithCapponFotografie-9424.jpg\" alt=\"\">\n                <\/div>\n            \n                            <div class=\"text-holder\">\n                    <h2>Amis<\/h2>\n<p>Un groupe de personnes et d'entreprises travaillant ensemble \u00e0 l'am\u00e9lioration de la situation sociale.<\/p>\n                <\/div>\n            \n                            <div class=\"card-holder swiper\">\n                    <div class=\"swiper-wrapper\">\n                                                    <div class=\"swiper-slide\">\n                                <div class=\"card usp\">\n                                    \n                                                                            <div class=\"inner\">\n                                            <div class=\"label\">La \u2018naissance\u2019 de Finn<\/div>\n<h3>Un ami pour la vie !<\/h3>\n<p>Apr\u00e8s un long voyage difficile, cach\u00e9 sous une montagne de mat\u00e9riel d\u00e9pr\u00e9ci\u00e9, un petit robot est arriv\u00e9 comme passager clandestin chez Reuzado \u00e0 Halfweg. L'\u00e9quipe l'a accueilli \u00e0 bras ouverts. Bien entendu, il a imm\u00e9diatement re\u00e7u un nom : Finn. Un ami pour la vie. Finn a grandi et a pris plaisir \u00e0 aider ses nouveaux amis de Reuzado. Le petit robot a grandi, s'est montr\u00e9 d\u00e9sireux d'apprendre et sage, et est devenu un expert en TIC. Il est fiable, plein de ressources, cr\u00e9atif et, comme sa nouvelle \u2018famille\u2019, il a un grand c\u0153ur pour la soci\u00e9t\u00e9.<\/p>\n                                        <\/div>\n                                                                    <\/div>\n                            <\/div>\n                                                    <div class=\"swiper-slide\">\n                                <div class=\"card usp\">\n                                    \n                                                                            <div class=\"inner\">\n                                            <div class=\"label\">Sages et forts Haarlem<\/div>\n<h3>Responsabiliser les enfants<\/h3>\n<p>Wise and Strong utilise un m\u00e9lange de coaching sur la r\u00e9silience, les angles d'\u00e9chec et l'\u00e9ducation aux m\u00e9dias dans toutes ses activit\u00e9s. L'\u00e9ducation aux m\u00e9dias et la lutte contre la cyberintimidation sont des \u00e9l\u00e9ments importants pour donner aux enfants les moyens d'agir. Nous utilisons dans toutes les activit\u00e9s les qualit\u00e9s suivantes<\/p>\n<p>De mani\u00e8re ludique et avec une approche positive, les enfants d\u00e9couvrent, entre autres, ce qu'est le langage corporel, comment se d\u00e9fendre, leurs propres qualit\u00e9s, la gestion des sentiments, comment se calmer, comment retourner ses pens\u00e9es, que demander de l'aide est fort et bien d'autres choses encore !<\/p>\n                                        <\/div>\n                                                                    <\/div>\n                            <\/div>\n                                                    <div class=\"swiper-slide\">\n                                <div class=\"card usp\">\n                                    \n                                                                            <div class=\"inner\">\n                                            <div class=\"label\">L'\u00e9ducation \u00e0 la nature et \u00e0 l'environnement est extr\u00eamement importante.<\/div>\n<h3>Assistance aux oiseaux sauvages en d\u00e9tresse<\/h3>\n<p>L'H\u00f4pital des Oiseaux fait partie de la Fondation du Fonds pour le D\u00e9sastre des Oiseaux. L'h\u00f4pital pour oiseaux est soutenu par une cinquantaine de b\u00e9n\u00e9voles. L'\u00e9ducation \u00e0 la nature et \u00e0 l'environnement est extr\u00eamement importante. L'homme s'\u00e9loigne de plus en plus de la nature et donc des animaux. Nous souhaitons apporter notre contribution \u00e0 la transmission de nos connaissances sur les oiseaux \u00e0 diff\u00e9rents groupes cibles.<\/p>\n<p>Nous avons des pr\u00e9sentations int\u00e9ressantes pour les \u00e9coles, les activit\u00e9s extrascolaires, les clubs ou les personnes \u00e2g\u00e9es, qui peuvent \u00eatre donn\u00e9es par nos b\u00e9n\u00e9voles.<\/p>\n                                        <\/div>\n                                                                    <\/div>\n                            <\/div>\n                                                    <div class=\"swiper-slide\">\n                                <div class=\"card usp\">\n                                    \n                                                                            <div class=\"inner\">\n                                            <div class=\"label\">Faire quelque chose pour quelqu'un d'autre vous rend heureux vous-m\u00eame<\/div>\n<h3>Affaires et soci\u00e9t\u00e9 Haarlem<\/h3>\n<p>Business &amp; Society r\u00e9unit des personnes qui ne se connaissent pas forc\u00e9ment dans la vie de tous les jours. Pour ce faire, nous organisons des projets sociaux dans le cadre desquels les participants se rencontrent et s'entraident. De cette mani\u00e8re, nous apprenons \u00e0 mieux conna\u00eetre et comprendre le monde de chacun.<\/p>\n<p>Nos projets de volontariat et de mise en relation des personnes se caract\u00e9risent par une connectivit\u00e9 \u00e0 fort impact social. Nous \u00e9tablissons les correspondances.<\/p>\n                                        <\/div>\n                                                                    <\/div>\n                            <\/div>\n                                                    <div class=\"swiper-slide\">\n                                <div class=\"card usp\">\n                                    \n                                                                            <div class=\"inner\">\n                                            <div class=\"label\">Nous voyons qui vous \u00eates maintenant. Et qui vous avez \u00e9t\u00e9.<\/div>\n<h3>Soins centr\u00e9s sur la personne<\/h3>\n<p>Nous faisons tout ce qui est en notre pouvoir pour que les personnes \u00e2g\u00e9es se sentent chez elles, qu'elles s\u00e9journent chez nous pendant quelques semaines ou qu'elles y vivent pendant des ann\u00e9es. Plus de 750 membres du personnel et 300 b\u00e9n\u00e9voles leur donnent chaque jour un coup de main affectueux.<\/p>\n<p>Si n\u00e9cessaire, nos clients re\u00e7oivent des soins et un soutien 24 heures sur 24, sept jours sur sept, parce qu'ils sont vuln\u00e9rables en raison d'une maladie, telle que la maladie d'Alzheimer ou de Parkinson, ou limit\u00e9s en raison d'un handicap (temporaire).<\/p>\n                                        <\/div>\n                                                                    <\/div>\n                            <\/div>\n                                            <\/div>\n                    <div class=\"swiper-actions\">\n                        <div class=\"swiper-button-prev\"><\/div>\n                        <div class=\"swiper-button-next\"><\/div>\n                    <\/div>\n                <\/div>\n                    <\/div>\n\n\n    <\/div>","protected":false},"excerpt":{"rendered":"","protected":false},"author":1,"featured_media":0,"parent":426,"menu_order":0,"comment_status":"closed","ping_status":"closed","template":"","meta":{"_acf_changed":false,"footnotes":""},"class_list":["post-1401","page","type-page","status-publish","hentry"],"acf":[],"_links":{"self":[{"href":"https:\/\/reuzado.nl\/fr\/wp-json\/wp\/v2\/pages\/1401","targetHints":{"allow":["GET"]}}],"collection":[{"href":"https:\/\/reuzado.nl\/fr\/wp-json\/wp\/v2\/pages"}],"about":[{"href":"https:\/\/reuzado.nl\/fr\/wp-json\/wp\/v2\/types\/page"}],"author":[{"embeddable":true,"href":"https:\/\/reuzado.nl\/fr\/wp-json\/wp\/v2\/users\/1"}],"replies":[{"embeddable":true,"href":"https:\/\/reuzado.nl\/fr\/wp-json\/wp\/v2\/comments?post=1401"}],"version-history":[{"count":0,"href":"https:\/\/reuzado.nl\/fr\/wp-json\/wp\/v2\/pages\/1401\/revisions"}],"up":[{"embeddable":true,"href":"https:\/\/reuzado.nl\/fr\/wp-json\/wp\/v2\/pages\/426"}],"wp:attachment":[{"href":"https:\/\/reuzado.nl\/fr\/wp-json\/wp\/v2\/media?parent=1401"}],"curies":[{"name":"wp","href":"https:\/\/api.w.org\/{rel}","templated":true}]}}