{"id":1630,"date":"2025-07-03T11:52:27","date_gmt":"2025-07-03T11:52:27","guid":{"rendered":"https:\/\/reuzado.nl\/?page_id=1630"},"modified":"2025-08-01T14:27:29","modified_gmt":"2025-08-01T14:27:29","slug":"examen-de-la-salle-dexposition","status":"publish","type":"page","link":"https:\/\/reuzado.nl\/fr\/a-propos-de-nous\/mvo\/examen-de-la-salle-dexposition\/","title":{"rendered":"Revue de l'exposition"},"content":{"rendered":"<div  class=\"section section-pageheader-detail  has-no-bg has-no-pattern\">\n        <div class=\"container\">\n            <div class=\"holder\">\n                                    <div class=\"background-image\">\n                        <img decoding=\"async\" src=\"https:\/\/reuzado.nl\/app\/uploads\/2025\/06\/Reuzado-9244-scaled.jpg\" alt=\"\">\n                    <\/div>\n                \n                                    <div class=\"content\">\n                        <h1>Revue de l'exposition<\/h1>\n\n                                                    <div class=\"rank-math-breadcrumbs\">\n                                <nav aria-label=\"chapelure\" class=\"rank-math-breadcrumb\"><p><span class=\"last\">Accueil<\/span><\/p><\/nav>                            <\/div>\n                                            <\/div>\n                \n                            <\/div>\n        <\/div>\n    <\/div>\n\n\n        <div  class=\"section section-content has-no-bg has-no-pattern\">\n                        <div class=\"container\">\n                <div class=\"content-holder\">\n                    <div class=\"content\">\n                        <div class=\"inner\">\n                            <h2>Rencontre r\u00e9ussie au salon Business &amp; Society de Haarlem : Reuzado \u00e9tait bien s\u00fbr pr\u00e9sent.<\/h2>\n<p>Le fait que la responsabilit\u00e9 sociale des entreprises soit une priorit\u00e9 pour Reuzado n'est pas une nouveaut\u00e9. Depuis des ann\u00e9es, par exemple, nous offrons des emplois permanents \u00e0 des personnes \u00e9loign\u00e9es du march\u00e9 du travail (et nous disposons \u00e9galement de coaches sp\u00e9ciaux et d'un certificat PSO ici (<a href=\"https:\/\/lnkd.in\/eY-rExUs\" target=\"_blank\" rel=\"noopener\">https:\/\/lnkd.in\/eY-rExUs<\/a>) soutiennent diverses associations caritatives) par le biais de dons informatiques, ainsi que notre dernier projet avec Finn (<a href=\"https:\/\/lnkd.in\/ejMzwmka\" target=\"_blank\" rel=\"noopener\">https:\/\/lnkd.in\/ejMzwmka<\/a>) en est un excellent exemple. Le Haarlem Business &amp; Society est un partenaire important pour Reuzado dans ce domaine.<\/p>\n<p>Business &amp; Society r\u00e9unit des personnes qui ne se connaissent pas forc\u00e9ment dans la vie de tous les jours. Pour ce faire, elle organise des projets sociaux dans le cadre desquels les participants se rencontrent et s'entraident. Ils apprennent ainsi \u00e0 mieux conna\u00eetre et comprendre le monde de l'autre.<\/p>\n<p>La foire commerciale de Haarlem (17e \u00e9dition) fonctionne litt\u00e9ralement comme \u2018la foire\u2019 avec des hommes de coin et des notaires, o\u00f9 les participants se cherchent avec l'offre et la demande et, en cas de correspondance, sont imm\u00e9diatement li\u00e9s officiellement en tant que partenaires.<\/p>\n<p>Lors de la derni\u00e8re \u00e9dition, l'\u00e9quipe de Reuzado a de nouveau nou\u00e9 d'excellents contacts avec des organisations ayant besoin d'une assistance informatique professionnelle. Il peut s'agir de mat\u00e9riel, mais aussi de logiciels ou de services TIC. Les fondations pr\u00e9sentaient une demande d'aide claire - et si celle-ci correspondait aux possibilit\u00e9s de Reuzado, une correspondance \u00e9tait \u00e9tablie. Une ad\u00e9quation qui, en ce qui nous concerne, a le potentiel de se transformer en une relation \u00e0 long terme.<\/p>\n<p>Nos matchs de la foire commerciale de Haarlem 2023 sont :<br \/>\n<a href=\"https:\/\/www.linkedin.com\/company\/stichting-vogelrampenfonds\/\" target=\"_blank\" rel=\"noopener\">L'h\u00f4pital des oiseaux<\/a><br \/>\n<a href=\"https:\/\/www.linkedin.com\/company\/stichting-sint-jacob\/\" target=\"_blank\" rel=\"noopener\">Saint James<\/a><br \/>\nFondation de la maison kurde de Haarlem<br \/>\nFondation Somalis Haarlem &amp; Environs (SSHO)<\/p>\n<p>Si votre organisation a \u00e9galement une demande d'aide, veuillez contacter <a href=\"https:\/\/www.linkedin.com\/in\/ACoAAALM_v8BRMLPdmJMSMoFrvtGOiaYCr0aCk8\" target=\"_blank\" rel=\"noopener\">Entreprises et soci\u00e9t\u00e9<\/a>. Qui sait, nous nous rencontrerons peut-\u00eatre lors du prochain Haarlem Beursvloer !<\/p>\n                                                                                                                <\/div>\n                    <\/div>\n                <\/div>\n            <\/div>\n        <\/div>","protected":false},"excerpt":{"rendered":"","protected":false},"author":1,"featured_media":0,"parent":1397,"menu_order":0,"comment_status":"closed","ping_status":"closed","template":"","meta":{"_acf_changed":false,"footnotes":""},"class_list":["post-1630","page","type-page","status-publish","hentry"],"acf":[],"_links":{"self":[{"href":"https:\/\/reuzado.nl\/fr\/wp-json\/wp\/v2\/pages\/1630","targetHints":{"allow":["GET"]}}],"collection":[{"href":"https:\/\/reuzado.nl\/fr\/wp-json\/wp\/v2\/pages"}],"about":[{"href":"https:\/\/reuzado.nl\/fr\/wp-json\/wp\/v2\/types\/page"}],"author":[{"embeddable":true,"href":"https:\/\/reuzado.nl\/fr\/wp-json\/wp\/v2\/users\/1"}],"replies":[{"embeddable":true,"href":"https:\/\/reuzado.nl\/fr\/wp-json\/wp\/v2\/comments?post=1630"}],"version-history":[{"count":0,"href":"https:\/\/reuzado.nl\/fr\/wp-json\/wp\/v2\/pages\/1630\/revisions"}],"up":[{"embeddable":true,"href":"https:\/\/reuzado.nl\/fr\/wp-json\/wp\/v2\/pages\/1397"}],"wp:attachment":[{"href":"https:\/\/reuzado.nl\/fr\/wp-json\/wp\/v2\/media?parent=1630"}],"curies":[{"name":"wp","href":"https:\/\/api.w.org\/{rel}","templated":true}]}}