{"id":1637,"date":"2025-07-03T12:32:25","date_gmt":"2025-07-03T12:32:25","guid":{"rendered":"https:\/\/reuzado.nl\/?page_id=1637"},"modified":"2025-08-01T14:27:01","modified_gmt":"2025-08-01T14:27:01","slug":"retour-social","status":"publish","type":"page","link":"https:\/\/reuzado.nl\/fr\/a-propos-de-nous\/mvo\/retour-social\/","title":{"rendered":"Retour social"},"content":{"rendered":"<div  class=\"section section-pageheader-detail  has-no-bg has-no-pattern\">\n        <div class=\"container\">\n            <div class=\"holder\">\n                                    <div class=\"background-image\">\n                        <img decoding=\"async\" src=\"https:\/\/reuzado.nl\/app\/uploads\/2025\/06\/Reuzado-9167-scaled.jpg\" alt=\"\">\n                    <\/div>\n                \n                                    <div class=\"content\">\n                        <h1>Retour social<\/h1>\n\n                                                    <div class=\"rank-math-breadcrumbs\">\n                                <nav aria-label=\"chapelure\" class=\"rank-math-breadcrumb\"><p><span class=\"last\">Accueil<\/span><\/p><\/nav>                            <\/div>\n                                            <\/div>\n                \n                            <\/div>\n        <\/div>\n    <\/div>\n\n\n        <div  class=\"section section-content has-no-bg has-no-pattern\">\n                        <div class=\"container\">\n                <div class=\"content-holder\">\n                    <div class=\"content\">\n                        <div class=\"inner\">\n                            <p>Reuzado estime que chacun m\u00e9rite une chance \u00e9gale de trouver un emploi solide. M\u00eame si tout le monde ne participe pas facilement au march\u00e9 du travail, nous essayons de faire la diff\u00e9rence avec nos partenaires. Par exemple, nous collaborons avec Paswerk et Pasmatch pour r\u00e9int\u00e9grer les ch\u00f4meurs de longue dur\u00e9e et nous avons un programme pour les personnes \u00e9loign\u00e9es du march\u00e9 du travail.<\/p>\n<p>Nous consid\u00e9rons qu'il est de notre devoir de fournir les bons conseils en la mati\u00e8re et d'encourager le d\u00e9veloppement et l'\u00e9panouissement de nos employ\u00e9s. Pour y parvenir de la mani\u00e8re la plus ad\u00e9quate possible, nous offrons aux cadres la possibilit\u00e9 de suivre des cours de formation pour soutenir les coll\u00e8gues souffrant d'un handicap professionnel.<\/p>\n<p>La formation Harrie en est un bon exemple. Cette formation a \u00e9t\u00e9 suivie par nos employ\u00e9s travaillant sous le nom de \u201cHarrie\u201d. Le terme \u201cHarrie\u201d signifie :\u00a0<strong>H<\/strong>ulpful,\u00a0<strong>A<\/strong>lert,\u00a0<strong>R<\/strong>ustig,\u00a0<strong>R<\/strong>\u00e9aliste,\u00a0<strong>I<\/strong>nstructions et\u00a0<strong>E<\/strong>eral. Dans l'atelier, ce \u201cHarrie\u201d veille \u00e0 ce que les employ\u00e9s qui ont besoin d'\u00eatre soutenus b\u00e9n\u00e9ficient d'un encadrement ad\u00e9quat.<\/p>\n<p>Outre notre politique en faveur des demandeurs d'emploi, Reuzado a des partenariats similaires avec des \u00e9coles pour former des stagiaires. Il s'agit principalement d'\u00e9l\u00e8ves qui ont un peu plus de difficult\u00e9s \u00e0 suivre et\/ou qui ont des probl\u00e8mes de comportement. L\u00e0 aussi, Reuzado propose une solution adapt\u00e9e et un accompagnement ad\u00e9quat.<\/p>\n                                                                                                                <\/div>\n                    <\/div>\n                <\/div>\n            <\/div>\n        <\/div>","protected":false},"excerpt":{"rendered":"","protected":false},"author":1,"featured_media":0,"parent":1397,"menu_order":0,"comment_status":"closed","ping_status":"closed","template":"","meta":{"_acf_changed":false,"footnotes":""},"class_list":["post-1637","page","type-page","status-publish","hentry"],"acf":[],"_links":{"self":[{"href":"https:\/\/reuzado.nl\/fr\/wp-json\/wp\/v2\/pages\/1637","targetHints":{"allow":["GET"]}}],"collection":[{"href":"https:\/\/reuzado.nl\/fr\/wp-json\/wp\/v2\/pages"}],"about":[{"href":"https:\/\/reuzado.nl\/fr\/wp-json\/wp\/v2\/types\/page"}],"author":[{"embeddable":true,"href":"https:\/\/reuzado.nl\/fr\/wp-json\/wp\/v2\/users\/1"}],"replies":[{"embeddable":true,"href":"https:\/\/reuzado.nl\/fr\/wp-json\/wp\/v2\/comments?post=1637"}],"version-history":[{"count":0,"href":"https:\/\/reuzado.nl\/fr\/wp-json\/wp\/v2\/pages\/1637\/revisions"}],"up":[{"embeddable":true,"href":"https:\/\/reuzado.nl\/fr\/wp-json\/wp\/v2\/pages\/1397"}],"wp:attachment":[{"href":"https:\/\/reuzado.nl\/fr\/wp-json\/wp\/v2\/media?parent=1637"}],"curies":[{"name":"wp","href":"https:\/\/api.w.org\/{rel}","templated":true}]}}