{"id":1649,"date":"2025-07-03T12:40:04","date_gmt":"2025-07-03T12:40:04","guid":{"rendered":"https:\/\/reuzado.nl\/?page_id=1649"},"modified":"2025-07-03T12:40:06","modified_gmt":"2025-07-03T12:40:06","slug":"cas-wsp","status":"publish","type":"page","link":"https:\/\/reuzado.nl\/fr\/a-propos-de-nous\/mvo\/cas-wsp\/","title":{"rendered":"Cas : WSP"},"content":{"rendered":"<div  class=\"section section-pageheader-detail  has-no-bg has-no-pattern\">\n        <div class=\"container\">\n            <div class=\"holder\">\n                                    <div class=\"background-image\">\n                        <img decoding=\"async\" src=\"https:\/\/reuzado.nl\/app\/uploads\/2025\/05\/IMG_2740.jpg\" alt=\"\">\n                    <\/div>\n                \n                                    <div class=\"content\">\n                        <h1>Cas : WSP<\/h1>\n\n                                                    <div class=\"rank-math-breadcrumbs\">\n                                <nav aria-label=\"chapelure\" class=\"rank-math-breadcrumb\"><p><span class=\"last\">Accueil<\/span><\/p><\/nav>                            <\/div>\n                                            <\/div>\n                \n                            <\/div>\n        <\/div>\n    <\/div>\n\n\n        <div  class=\"section section-content has-no-bg has-no-pattern\">\n                        <div class=\"container\">\n                <div class=\"content-holder\">\n                    <div class=\"content\">\n                        <div class=\"inner\">\n                            <p>En collaboration avec le WSP, nous avons mis en place un projet pendant la p\u00e9riode de blocage de Corona pour mettre des ordinateurs portables \u00e0 la disposition des demandeurs d'emploi \u00e0 revenu minimum.<br \/>\nWSP s'occupe de rapprocher l'offre et la demande sur le march\u00e9 du travail. \u00c0 cet \u00e9gard, il consid\u00e8re que l'inclusion est importante. WSP s'engage \u00e0 aider les personnes \u00e9loign\u00e9es du march\u00e9 du travail. Les municipalit\u00e9s demandent \u00e0 leurs entrepreneurs d'aider ces personnes \u00e0 trouver du travail.<\/p>\n<p>Les demandeurs d'emploi b\u00e9n\u00e9ficiaires de l'aide sociale d\u00e9pendent des ordinateurs publics. Ceux-ci n'\u00e9taient pas accessibles pendant le lockdown. Reuzado a doubl\u00e9 le nombre d'ordinateurs portables demand\u00e9s et notre personnel a nettoy\u00e9, r\u00e9par\u00e9 et \u00e9quip\u00e9 d'une souris les appareils d\u00e9pr\u00e9ci\u00e9s. Les demandeurs d'emploi \u00e0 revenu minimum ont ensuite pu acheter les ordinateurs portables \u00e0 un prix tr\u00e8s bas. Ils ont ainsi pu continuer \u00e0 travailler sur leur avenir \u00e0 la maison.<\/p>\n                                                                                                                <\/div>\n                    <\/div>\n                <\/div>\n            <\/div>\n        <\/div>","protected":false},"excerpt":{"rendered":"","protected":false},"author":1,"featured_media":0,"parent":1397,"menu_order":0,"comment_status":"closed","ping_status":"closed","template":"","meta":{"_acf_changed":false,"footnotes":""},"class_list":["post-1649","page","type-page","status-publish","hentry"],"acf":[],"_links":{"self":[{"href":"https:\/\/reuzado.nl\/fr\/wp-json\/wp\/v2\/pages\/1649","targetHints":{"allow":["GET"]}}],"collection":[{"href":"https:\/\/reuzado.nl\/fr\/wp-json\/wp\/v2\/pages"}],"about":[{"href":"https:\/\/reuzado.nl\/fr\/wp-json\/wp\/v2\/types\/page"}],"author":[{"embeddable":true,"href":"https:\/\/reuzado.nl\/fr\/wp-json\/wp\/v2\/users\/1"}],"replies":[{"embeddable":true,"href":"https:\/\/reuzado.nl\/fr\/wp-json\/wp\/v2\/comments?post=1649"}],"version-history":[{"count":0,"href":"https:\/\/reuzado.nl\/fr\/wp-json\/wp\/v2\/pages\/1649\/revisions"}],"up":[{"embeddable":true,"href":"https:\/\/reuzado.nl\/fr\/wp-json\/wp\/v2\/pages\/1397"}],"wp:attachment":[{"href":"https:\/\/reuzado.nl\/fr\/wp-json\/wp\/v2\/media?parent=1649"}],"curies":[{"name":"wp","href":"https:\/\/api.w.org\/{rel}","templated":true}]}}