{"id":1652,"date":"2025-07-03T12:42:43","date_gmt":"2025-07-03T12:42:43","guid":{"rendered":"https:\/\/reuzado.nl\/?page_id=1652"},"modified":"2025-08-01T14:21:20","modified_gmt":"2025-08-01T14:21:20","slug":"cas-societe-societe","status":"publish","type":"page","link":"https:\/\/reuzado.nl\/fr\/a-propos-de-nous\/mvo\/cas-societe-societe\/","title":{"rendered":"Dossier : Entreprises et soci\u00e9t\u00e9"},"content":{"rendered":"<div  class=\"section section-pageheader-detail  has-no-bg has-no-pattern\">\n        <div class=\"container\">\n            <div class=\"holder\">\n                                    <div class=\"background-image\">\n                        <img decoding=\"async\" src=\"https:\/\/reuzado.nl\/app\/uploads\/2025\/06\/Reuzado-9701-scaled.jpg\" alt=\"rachat de cisco\">\n                    <\/div>\n                \n                                    <div class=\"content\">\n                        <h1>Dossier : Entreprises et soci\u00e9t\u00e9<\/h1>\n\n                                                    <div class=\"rank-math-breadcrumbs\">\n                                <nav aria-label=\"chapelure\" class=\"rank-math-breadcrumb\"><p><span class=\"last\">Accueil<\/span><\/p><\/nav>                            <\/div>\n                                            <\/div>\n                \n                            <\/div>\n        <\/div>\n    <\/div>\n\n\n        <div  class=\"section section-content has-no-bg has-no-pattern\">\n                        <div class=\"container\">\n                <div class=\"content-holder\">\n                    <div class=\"content\">\n                        <div class=\"inner\">\n                            <p>Pendant la p\u00e9riode de confinement de Corona, toutes les \u00e9coles ont \u00e9t\u00e9 ferm\u00e9es. Par cons\u00e9quent, de nombreux \u00e9l\u00e8ves ont disparu des \u00e9crans radars parce qu'ils n'avaient pas acc\u00e8s \u00e0 un ordinateur portable. Par cons\u00e9quent, un grand nombre d'\u00e9l\u00e8ves ont pris du retard dans leur apprentissage. Pour donner \u00e0 ces enfants une chance \u00e9quitable d'acc\u00e9der \u00e0 l'\u00e9ducation, nous avons collabor\u00e9 avec\u00a0<a href=\"https:\/\/bedrijfensamenleving.nl\/\" target=\"_blank\" rel=\"noopener\">Entreprises et soci\u00e9t\u00e9<\/a>\u00a0a fonctionn\u00e9. Ils ont lanc\u00e9 un appel au don d'ordinateurs portables et les ont ensuite offerts aux \u00e9l\u00e8ves en question.<\/p>\n<p>Nous avons naturellement voulu apporter notre pierre \u00e0 l'\u00e9difice et avons \u00e9galement offert des ordinateurs portables. Nous avons donc doubl\u00e9 l'achat de 20 ordinateurs portables d'occasion par des fonds de parrainage pour passer directement \u00e0 40.<\/p>\n<p>Pour plus d'informations <a href=\"https:\/\/www.facebook.com\/BedrijfenSamenleving\/posts\/inmiddels-zijn-er-ruim-60-laptops-voor-leerlingen-leerachterstanden-door-het-mis\/2460621037373019\/\" target=\"_blank\" rel=\"noopener\">cliquez ici<\/a><\/p>\n                                                                                                                <\/div>\n                    <\/div>\n                <\/div>\n            <\/div>\n        <\/div>","protected":false},"excerpt":{"rendered":"","protected":false},"author":1,"featured_media":0,"parent":1397,"menu_order":0,"comment_status":"closed","ping_status":"closed","template":"","meta":{"_acf_changed":false,"footnotes":""},"class_list":["post-1652","page","type-page","status-publish","hentry"],"acf":[],"_links":{"self":[{"href":"https:\/\/reuzado.nl\/fr\/wp-json\/wp\/v2\/pages\/1652","targetHints":{"allow":["GET"]}}],"collection":[{"href":"https:\/\/reuzado.nl\/fr\/wp-json\/wp\/v2\/pages"}],"about":[{"href":"https:\/\/reuzado.nl\/fr\/wp-json\/wp\/v2\/types\/page"}],"author":[{"embeddable":true,"href":"https:\/\/reuzado.nl\/fr\/wp-json\/wp\/v2\/users\/1"}],"replies":[{"embeddable":true,"href":"https:\/\/reuzado.nl\/fr\/wp-json\/wp\/v2\/comments?post=1652"}],"version-history":[{"count":0,"href":"https:\/\/reuzado.nl\/fr\/wp-json\/wp\/v2\/pages\/1652\/revisions"}],"up":[{"embeddable":true,"href":"https:\/\/reuzado.nl\/fr\/wp-json\/wp\/v2\/pages\/1397"}],"wp:attachment":[{"href":"https:\/\/reuzado.nl\/fr\/wp-json\/wp\/v2\/media?parent=1652"}],"curies":[{"name":"wp","href":"https:\/\/api.w.org\/{rel}","templated":true}]}}