{"id":1655,"date":"2025-07-03T12:45:12","date_gmt":"2025-07-03T12:45:12","guid":{"rendered":"https:\/\/reuzado.nl\/?page_id=1655"},"modified":"2025-08-01T14:24:28","modified_gmt":"2025-08-01T14:24:28","slug":"cas-de-la-fondation-philomela","status":"publish","type":"page","link":"https:\/\/reuzado.nl\/fr\/a-propos-de-nous\/mvo\/cas-de-la-fondation-philomela\/","title":{"rendered":"Cas : Fondation Philomela"},"content":{"rendered":"<div  class=\"section section-pageheader-detail  has-no-bg has-no-pattern\">\n        <div class=\"container\">\n            <div class=\"holder\">\n                                    <div class=\"background-image\">\n                        <img decoding=\"async\" src=\"https:\/\/reuzado.nl\/app\/uploads\/2025\/06\/Reuzado-9167-scaled.jpg\" alt=\"\">\n                    <\/div>\n                \n                                    <div class=\"content\">\n                        <h1>Cas : Fondation Philomela<\/h1>\n\n                                                    <div class=\"rank-math-breadcrumbs\">\n                                <nav aria-label=\"chapelure\" class=\"rank-math-breadcrumb\"><p><span class=\"last\">Accueil<\/span><\/p><\/nav>                            <\/div>\n                                            <\/div>\n                \n                            <\/div>\n        <\/div>\n    <\/div>\n\n\n        <div  class=\"section section-content has-no-bg has-no-pattern\">\n                        <div class=\"container\">\n                <div class=\"content-holder\">\n                    <div class=\"content\">\n                        <div class=\"inner\">\n                            <p><a href=\"https:\/\/www.philomela.nl\/\" target=\"_blank\" rel=\"noopener\">Fondation Philom\u00e8le<\/a>\u00a0s'engage \u00e0 rendre la musique et l'art classiques accessibles \u00e0 tous. Ce faisant, elle int\u00e8gre toutes les cultures, tous les \u00e2ges et tous les milieux sociaux. La Fondation Philomela d\u00e9pend des dons. C'est pourquoi nous avons mis en place une collaboration pour le retour du mat\u00e9riel usag\u00e9. Le mat\u00e9riel donn\u00e9 qui arrive \u00e0 Philomela est trait\u00e9 par Reuzado, la s\u00e9curit\u00e9 des donn\u00e9es \u00e9tant la priorit\u00e9 absolue. Le produit de la revente des biens est int\u00e9gralement vers\u00e9 \u00e0 Philomela.<\/p>\n                                                                                                                <\/div>\n                    <\/div>\n                <\/div>\n            <\/div>\n        <\/div>","protected":false},"excerpt":{"rendered":"","protected":false},"author":1,"featured_media":0,"parent":1397,"menu_order":0,"comment_status":"closed","ping_status":"closed","template":"","meta":{"_acf_changed":false,"footnotes":""},"class_list":["post-1655","page","type-page","status-publish","hentry"],"acf":[],"_links":{"self":[{"href":"https:\/\/reuzado.nl\/fr\/wp-json\/wp\/v2\/pages\/1655","targetHints":{"allow":["GET"]}}],"collection":[{"href":"https:\/\/reuzado.nl\/fr\/wp-json\/wp\/v2\/pages"}],"about":[{"href":"https:\/\/reuzado.nl\/fr\/wp-json\/wp\/v2\/types\/page"}],"author":[{"embeddable":true,"href":"https:\/\/reuzado.nl\/fr\/wp-json\/wp\/v2\/users\/1"}],"replies":[{"embeddable":true,"href":"https:\/\/reuzado.nl\/fr\/wp-json\/wp\/v2\/comments?post=1655"}],"version-history":[{"count":0,"href":"https:\/\/reuzado.nl\/fr\/wp-json\/wp\/v2\/pages\/1655\/revisions"}],"up":[{"embeddable":true,"href":"https:\/\/reuzado.nl\/fr\/wp-json\/wp\/v2\/pages\/1397"}],"wp:attachment":[{"href":"https:\/\/reuzado.nl\/fr\/wp-json\/wp\/v2\/media?parent=1655"}],"curies":[{"name":"wp","href":"https:\/\/api.w.org\/{rel}","templated":true}]}}