{"id":1691,"date":"2025-07-09T09:12:27","date_gmt":"2025-07-09T09:12:27","guid":{"rendered":"https:\/\/reuzado.nl\/?page_id=1691"},"modified":"2025-12-15T08:57:03","modified_gmt":"2025-12-15T08:57:03","slug":"nos-valeurs","status":"publish","type":"page","link":"https:\/\/reuzado.nl\/fr\/nos-valeurs\/","title":{"rendered":"Nos valeurs"},"content":{"rendered":"<div  class=\"section section-pageheader-detail  has-no-bg has-no-pattern\">\n        <div class=\"container\">\n            <div class=\"holder\">\n                                    <div class=\"background-image\">\n                        <img decoding=\"async\" src=\"https:\/\/reuzado.nl\/app\/uploads\/2025\/06\/Reuzado-9377-scaled.jpg\" alt=\"\">\n                    <\/div>\n                \n                                    <div class=\"content\">\n                        <h1>Nos valeurs<\/h1>\n\n                                                    <div class=\"rank-math-breadcrumbs\">\n                                <nav aria-label=\"chapelure\" class=\"rank-math-breadcrumb\"><p><span class=\"last\">Accueil<\/span><\/p><\/nav>                            <\/div>\n                                            <\/div>\n                \n                            <\/div>\n        <\/div>\n    <\/div>\n\n\n        <div  class=\"section section-content has-no-bg has-no-pattern\">\n                        <div class=\"container\">\n                <div class=\"content-holder\">\n                    <div class=\"content\">\n                        <div class=\"inner\">\n                            <p data-start=\"104\" data-end=\"170\"><strong data-start=\"104\" data-end=\"170\">Chez Reuzado, il est essentiel d'op\u00e9rer de mani\u00e8re responsable dans chaque r\u00e9gion.<\/strong><\/p>\n<p data-start=\"172\" data-end=\"459\">Afin de garantir que toutes nos activit\u00e9s sont conformes aux lois et r\u00e9glementations en vigueur dans les pays o\u00f9 nous op\u00e9rons, nous ne travaillons qu'avec des partenaires qui souscrivent \u00e0 notre code de conduite, \u00e0 notre politique en mati\u00e8re de travail des enfants, \u00e0 notre politique de d\u00e9nonciation ainsi qu'\u00e0 nos valeurs d'entreprise fondamentales.<\/p>\n<p data-start=\"461\" data-end=\"925\">Par exemple, nous travaillons exclusivement avec des entreprises locales afin d'investir structurellement dans les capacit\u00e9s des r\u00e9gions o\u00f9 la collecte a lieu. Seuls les produits dont l'utilisation n'est plus pertinente sont recycl\u00e9s. Pour garantir cela, nous payons d\u00e9lib\u00e9r\u00e9ment les collecteurs agr\u00e9\u00e9s moins que la valeur du march\u00e9 de l'occasion dans la r\u00e9gion o\u00f9 le produit est collect\u00e9. De cette mani\u00e8re, la r\u00e9utilisation est toujours privil\u00e9gi\u00e9e par rapport au recyclage ou \u00e0 la destruction.<\/p>\n<p data-start=\"927\" data-end=\"1143\">Nos activit\u00e9s de collecte n'entrent pas en concurrence avec les syst\u00e8mes de reprise obligatoires ou r\u00e9glement\u00e9s existants dans les r\u00e9gions o\u00f9 ils fonctionnent bien et disposent d'une capacit\u00e9 suffisante pour traiter les produits collect\u00e9s.<\/p>\n<p data-start=\"1145\" data-end=\"1322\"><strong data-start=\"1145\" data-end=\"1322\">Chez Reuzado, nous pensons que l'impact r\u00e9el commence par la transparence, la collaboration et la technologie - et c'est pourquoi nous construisons chaque jour une cha\u00eene informatique circulaire qui fonctionne pour tout le monde.<\/strong><\/p>\n                                                                                                                <\/div>\n                    <\/div>\n                <\/div>\n            <\/div>\n        <\/div>\n\n    \n\n        <div  class=\"section section-links has-no-padding-top-d has-no-padding-top-m has-no-bg has-no-pattern\">\n        <div class=\"container\">\n            <div class=\"holder\">\n                \n                                    <div class=\"links-holder\">\n                                                    <div class=\"link\">\n                                <div class=\"icon\">\n                                    <i class=\"fa-solid fa-file-pdf\"><\/i>\n                                <\/div>\n                                <a href=\"https:\/\/reuzado.nl\/app\/uploads\/2025\/11\/Gedragscode-Beleid.pdf\" target=\"_blank\">Politique en mati\u00e8re de code de conduite<\/a>\n                            <\/div>\n                                                    <div class=\"link\">\n                                <div class=\"icon\">\n                                    <i class=\"fa-solid fa-file-pdf\"><\/i>\n                                <\/div>\n                                <a href=\"https:\/\/reuzado.nl\/app\/uploads\/2025\/11\/Ken-uw-Tegenpartij-KYC-Beleid.pdf\" target=\"_blank\">Politique de connaissance des contreparties (KYC)<\/a>\n                            <\/div>\n                                                    <div class=\"link\">\n                                <div class=\"icon\">\n                                    <i class=\"fa-solid fa-file-pdf\"><\/i>\n                                <\/div>\n                                <a href=\"https:\/\/reuzado.nl\/app\/uploads\/2025\/11\/Kinderarbeid-Beleid.pdf\" target=\"_blank\">Politique en mati\u00e8re de travail des enfants<\/a>\n                            <\/div>\n                                                    <div class=\"link\">\n                                <div class=\"icon\">\n                                    <i class=\"fa-solid fa-file-pdf\"><\/i>\n                                <\/div>\n                                <a href=\"https:\/\/reuzado.nl\/app\/uploads\/2025\/11\/Klokkenluiders-Procedure.pdf\" target=\"_blank\">Proc\u00e9dure de d\u00e9nonciation<\/a>\n                            <\/div>\n                                                    <div class=\"link\">\n                                <div class=\"icon\">\n                                    <i class=\"fa-solid fa-file-pdf\"><\/i>\n                                <\/div>\n                                <a href=\"https:\/\/reuzado.nl\/app\/uploads\/2025\/11\/Formulier-voor-het-Indienen-van-Zorgen-Klachten.pdf\" target=\"_blank\">Formulaire de d\u00e9p\u00f4t de pr\u00e9occupations et de plaintes<\/a>\n                            <\/div>\n                        \n                        \n                                                                                                <\/div>\n                            <\/div>\n        <\/div>\n    <\/div>","protected":false},"excerpt":{"rendered":"","protected":false},"author":1,"featured_media":0,"parent":0,"menu_order":0,"comment_status":"closed","ping_status":"closed","template":"","meta":{"_acf_changed":false,"footnotes":""},"class_list":["post-1691","page","type-page","status-publish","hentry"],"acf":[],"_links":{"self":[{"href":"https:\/\/reuzado.nl\/fr\/wp-json\/wp\/v2\/pages\/1691","targetHints":{"allow":["GET"]}}],"collection":[{"href":"https:\/\/reuzado.nl\/fr\/wp-json\/wp\/v2\/pages"}],"about":[{"href":"https:\/\/reuzado.nl\/fr\/wp-json\/wp\/v2\/types\/page"}],"author":[{"embeddable":true,"href":"https:\/\/reuzado.nl\/fr\/wp-json\/wp\/v2\/users\/1"}],"replies":[{"embeddable":true,"href":"https:\/\/reuzado.nl\/fr\/wp-json\/wp\/v2\/comments?post=1691"}],"version-history":[{"count":0,"href":"https:\/\/reuzado.nl\/fr\/wp-json\/wp\/v2\/pages\/1691\/revisions"}],"wp:attachment":[{"href":"https:\/\/reuzado.nl\/fr\/wp-json\/wp\/v2\/media?parent=1691"}],"curies":[{"name":"wp","href":"https:\/\/api.w.org\/{rel}","templated":true}]}}