{"id":1764,"date":"2025-07-18T13:24:46","date_gmt":"2025-07-18T13:24:46","guid":{"rendered":"https:\/\/reuzado.nl\/?page_id=1764"},"modified":"2025-08-01T13:27:31","modified_gmt":"2025-08-01T13:27:31","slug":"remplir-les-conteneurs","status":"publish","type":"page","link":"https:\/\/reuzado.nl\/fr\/remplir-les-conteneurs\/","title":{"rendered":"Comment remplir le r\u00e9cipient ?"},"content":{"rendered":"<div  class=\"section section-pageheader-detail  has-no-bg has-no-pattern\">\n        <div class=\"container\">\n            <div class=\"holder\">\n                                    <div class=\"background-image\">\n                        <img decoding=\"async\" src=\"https:\/\/reuzado.nl\/app\/uploads\/2025\/06\/Reuzado-9143-scaled.jpg\" alt=\"destruction des donn\u00e9es sur site\">\n                    <\/div>\n                \n                                    <div class=\"content\">\n                        <h1>Comment remplir le r\u00e9cipient ?<\/h1>\n\n                                                    <div class=\"rank-math-breadcrumbs\">\n                                <nav aria-label=\"chapelure\" class=\"rank-math-breadcrumb\"><p><span class=\"last\">Accueil<\/span><\/p><\/nav>                            <\/div>\n                                            <\/div>\n                \n                            <\/div>\n        <\/div>\n    <\/div>\n\n\n        <div\n                class=\"section section-card-overview has-no-bg has-no-pattern\">\n        <div class=\"container\">\n            <div class=\"intro-wrapper\">\n                                    <div class=\"intro\">\n                        <h2>La feuille de route<\/h2>\n<p>Voir notre feuille de route ici. Suivez cette description pour installer correctement les conteneurs. En positionnant correctement les articles, vous \u00e9viterez autant que possible de les endommager.<\/p>\n                    <\/div>\n                \n                            <\/div>\n                            <div class=\"cards-holder\">\n                    <div class=\"cards left\">\n                                                    <div class=\"card is-default\">\n                                                                    <div class=\"image-holder\">\n                                        <img decoding=\"async\" src=\"https:\/\/reuzado.nl\/app\/uploads\/2025\/07\/Rolcontainer1.jpg\" alt=\"\" \/>\n                                    <\/div>\n                                                                <div class=\"content-holder\">\n                                    <div class=\"inner\">\n                                      <div class=\"info\">\n                                                                                                                          <div class=\"title\">\n                                                <h3>1. D\u00e9poser le conteneur<\/h3>\n                                            <\/div>\n                                                                                                                            <div class=\"content\">\n                                                <p>Placez le conteneur ouvert devant vous, pr\u00eat \u00e0 \u00eatre charg\u00e9. Le conteneur est-il encore affaiss\u00e9 ? Dans ce cas, suivez les instructions suivantes <a href=\"https:\/\/reuzado.nl\/fr\/deplier-le-conteneur\/\">cette description<\/a> Pour assembler le conteneur.<\/p>\n                                            <\/div>\n                                                                              <\/div>\n\n                                                                            <\/div>\n                                <\/div>\n                            <\/div>\n                                                    <div class=\"card is-default\">\n                                                                    <div class=\"image-holder\">\n                                        <img decoding=\"async\" src=\"https:\/\/reuzado.nl\/app\/uploads\/2025\/07\/Rolcontainer2.jpg\" alt=\"\" \/>\n                                    <\/div>\n                                                                <div class=\"content-holder\">\n                                    <div class=\"inner\">\n                                      <div class=\"info\">\n                                                                                                                          <div class=\"title\">\n                                                <h3>2. Objets lourds sous<\/h3>\n                                            <\/div>\n                                                                                                                            <div class=\"content\">\n                                                <p>Placez les objets lourds dans la partie inf\u00e9rieure du conteneur.<\/p>\n                                            <\/div>\n                                                                              <\/div>\n\n                                                                            <\/div>\n                                <\/div>\n                            <\/div>\n                                                    <div class=\"card is-default\">\n                                                                    <div class=\"image-holder\">\n                                        <img decoding=\"async\" src=\"https:\/\/reuzado.nl\/app\/uploads\/2025\/07\/Rolcontainer3.jpg\" alt=\"\" \/>\n                                    <\/div>\n                                                                <div class=\"content-holder\">\n                                    <div class=\"inner\">\n                                      <div class=\"info\">\n                                                                                                                          <div class=\"title\">\n                                                <h3>3. \u00c9l\u00e9ments l\u00e9gers ci-dessus<\/h3>\n                                            <\/div>\n                                                                                                                            <div class=\"content\">\n                                                <p>Placer les objets les plus l\u00e9gers dans la partie sup\u00e9rieure du conteneur.<\/p>\n                                            <\/div>\n                                                                              <\/div>\n\n                                                                            <\/div>\n                                <\/div>\n                            <\/div>\n                                                    <div class=\"card is-default\">\n                                                                    <div class=\"image-holder\">\n                                        <img decoding=\"async\" src=\"https:\/\/reuzado.nl\/app\/uploads\/2025\/07\/Rolcontainer4-1.jpg\" alt=\"\" \/>\n                                    <\/div>\n                                                                <div class=\"content-holder\">\n                                    <div class=\"inner\">\n                                      <div class=\"info\">\n                                                                                                                          <div class=\"title\">\n                                                <h3>4. Pr\u00e9venir les dommages<\/h3>\n                                            <\/div>\n                                                                                                                            <div class=\"content\">\n                                                <p><strong>Remarque !<\/strong> En positionnant correctement les articles, vous \u00e9vitez au maximum qu'ils soient endommag\u00e9s pendant le transport.<\/p>\n                                            <\/div>\n                                                                              <\/div>\n\n                                                                            <\/div>\n                                <\/div>\n                            <\/div>\n                                            <\/div>\n                <\/div>\n                    <\/div>\n    <\/div>","protected":false},"excerpt":{"rendered":"","protected":false},"author":1,"featured_media":0,"parent":0,"menu_order":0,"comment_status":"closed","ping_status":"closed","template":"","meta":{"_acf_changed":false,"footnotes":""},"class_list":["post-1764","page","type-page","status-publish","hentry"],"acf":[],"_links":{"self":[{"href":"https:\/\/reuzado.nl\/fr\/wp-json\/wp\/v2\/pages\/1764","targetHints":{"allow":["GET"]}}],"collection":[{"href":"https:\/\/reuzado.nl\/fr\/wp-json\/wp\/v2\/pages"}],"about":[{"href":"https:\/\/reuzado.nl\/fr\/wp-json\/wp\/v2\/types\/page"}],"author":[{"embeddable":true,"href":"https:\/\/reuzado.nl\/fr\/wp-json\/wp\/v2\/users\/1"}],"replies":[{"embeddable":true,"href":"https:\/\/reuzado.nl\/fr\/wp-json\/wp\/v2\/comments?post=1764"}],"version-history":[{"count":0,"href":"https:\/\/reuzado.nl\/fr\/wp-json\/wp\/v2\/pages\/1764\/revisions"}],"wp:attachment":[{"href":"https:\/\/reuzado.nl\/fr\/wp-json\/wp\/v2\/media?parent=1764"}],"curies":[{"name":"wp","href":"https:\/\/api.w.org\/{rel}","templated":true}]}}