{"id":1782,"date":"2025-07-18T14:02:21","date_gmt":"2025-07-18T14:02:21","guid":{"rendered":"https:\/\/reuzado.nl\/?page_id=1782"},"modified":"2025-08-01T13:29:20","modified_gmt":"2025-08-01T13:29:20","slug":"deplier-le-conteneur","status":"publish","type":"page","link":"https:\/\/reuzado.nl\/fr\/deplier-le-conteneur\/","title":{"rendered":"Comment assembler le conteneur ?"},"content":{"rendered":"<div  class=\"section section-pageheader-detail  has-no-bg has-no-pattern\">\n        <div class=\"container\">\n            <div class=\"holder\">\n                                    <div class=\"background-image\">\n                        <img decoding=\"async\" src=\"https:\/\/reuzado.nl\/app\/uploads\/2025\/06\/Reuzado-9710-scaled.jpg\" alt=\"\">\n                    <\/div>\n                \n                                    <div class=\"content\">\n                        <h1>Comment assembler le conteneur ?<\/h1>\n\n                                                    <div class=\"rank-math-breadcrumbs\">\n                                <nav aria-label=\"chapelure\" class=\"rank-math-breadcrumb\"><p><span class=\"last\">Accueil<\/span><\/p><\/nav>                            <\/div>\n                                            <\/div>\n                \n                            <\/div>\n        <\/div>\n    <\/div>\n\n\n        <div\n                class=\"section section-card-overview has-no-bg has-no-pattern\">\n        <div class=\"container\">\n            <div class=\"intro-wrapper\">\n                                    <div class=\"intro\">\n                        <h2>La feuille de route<\/h2>\n                    <\/div>\n                \n                            <\/div>\n                            <div class=\"cards-holder\">\n                    <div class=\"cards left\">\n                                                    <div class=\"card is-default\">\n                                                                    <div class=\"image-holder\">\n                                        <img decoding=\"async\" src=\"https:\/\/reuzado.nl\/app\/uploads\/2025\/07\/uitklappen1.jpg\" alt=\"\" \/>\n                                    <\/div>\n                                                                <div class=\"content-holder\">\n                                    <div class=\"inner\">\n                                      <div class=\"info\">\n                                                                                                                          <div class=\"title\">\n                                                <h3>1. Ouvrir les c\u00f4t\u00e9s<\/h3>\n                                            <\/div>\n                                                                                                                            <div class=\"content\">\n                                                <p>D\u00e9ployer les c\u00f4t\u00e9s du r\u00e9cipient repli\u00e9.<\/p>\n                                            <\/div>\n                                                                              <\/div>\n\n                                                                            <\/div>\n                                <\/div>\n                            <\/div>\n                                                    <div class=\"card is-default\">\n                                                                    <div class=\"image-holder\">\n                                        <img decoding=\"async\" src=\"https:\/\/reuzado.nl\/app\/uploads\/2025\/07\/uitklappen2.jpg\" alt=\"\" \/>\n                                    <\/div>\n                                                                <div class=\"content-holder\">\n                                    <div class=\"inner\">\n                                      <div class=\"info\">\n                                                                                                                          <div class=\"title\">\n                                                <h3>2. D\u00e9plier les autres c\u00f4t\u00e9s<\/h3>\n                                            <\/div>\n                                                                                                                            <div class=\"content\">\n                                                <p>D\u00e9pliez le bas, le milieu et le haut.<\/p>\n                                            <\/div>\n                                                                              <\/div>\n\n                                                                            <\/div>\n                                <\/div>\n                            <\/div>\n                                                    <div class=\"card is-default\">\n                                                                    <div class=\"image-holder\">\n                                        <img decoding=\"async\" src=\"https:\/\/reuzado.nl\/app\/uploads\/2025\/07\/uitklappen3.jpg\" alt=\"\" \/>\n                                    <\/div>\n                                                                <div class=\"content-holder\">\n                                    <div class=\"inner\">\n                                      <div class=\"info\">\n                                                                                                                          <div class=\"title\">\n                                                <h3>3. Fixer les crochets<\/h3>\n                                            <\/div>\n                                                                                                                            <div class=\"content\">\n                                                <p>Tournez les crochets pour le fixer.<\/p>\n                                            <\/div>\n                                                                              <\/div>\n\n                                                                            <\/div>\n                                <\/div>\n                            <\/div>\n                                                    <div class=\"card is-default\">\n                                                                    <div class=\"image-holder\">\n                                        <img decoding=\"async\" src=\"https:\/\/reuzado.nl\/app\/uploads\/2025\/07\/uitklappen4.jpg\" alt=\"\" \/>\n                                    <\/div>\n                                                                <div class=\"content-holder\">\n                                    <div class=\"inner\">\n                                      <div class=\"info\">\n                                                                                                                          <div class=\"title\">\n                                                <h3>4. Stabiliser<\/h3>\n                                            <\/div>\n                                                                                                                            <div class=\"content\">\n                                                <p>Assurez-vous que le conteneur est stable. Pr\u00eat \u00e0 remplir le conteneur ? Suivez les instructions suivantes <a href=\"https:\/\/reuzado.nl\/fr\/remplir-les-conteneurs\/\">cette instruction<\/a>.<\/p>\n                                            <\/div>\n                                                                              <\/div>\n\n                                                                            <\/div>\n                                <\/div>\n                            <\/div>\n                                            <\/div>\n                <\/div>\n                    <\/div>\n    <\/div>","protected":false},"excerpt":{"rendered":"","protected":false},"author":1,"featured_media":0,"parent":0,"menu_order":0,"comment_status":"closed","ping_status":"closed","template":"","meta":{"_acf_changed":false,"footnotes":""},"class_list":["post-1782","page","type-page","status-publish","hentry"],"acf":[],"_links":{"self":[{"href":"https:\/\/reuzado.nl\/fr\/wp-json\/wp\/v2\/pages\/1782","targetHints":{"allow":["GET"]}}],"collection":[{"href":"https:\/\/reuzado.nl\/fr\/wp-json\/wp\/v2\/pages"}],"about":[{"href":"https:\/\/reuzado.nl\/fr\/wp-json\/wp\/v2\/types\/page"}],"author":[{"embeddable":true,"href":"https:\/\/reuzado.nl\/fr\/wp-json\/wp\/v2\/users\/1"}],"replies":[{"embeddable":true,"href":"https:\/\/reuzado.nl\/fr\/wp-json\/wp\/v2\/comments?post=1782"}],"version-history":[{"count":0,"href":"https:\/\/reuzado.nl\/fr\/wp-json\/wp\/v2\/pages\/1782\/revisions"}],"wp:attachment":[{"href":"https:\/\/reuzado.nl\/fr\/wp-json\/wp\/v2\/media?parent=1782"}],"curies":[{"name":"wp","href":"https:\/\/api.w.org\/{rel}","templated":true}]}}