{"id":1972,"date":"2025-07-24T10:37:04","date_gmt":"2025-07-24T10:37:04","guid":{"rendered":"https:\/\/reuzado.nl\/?page_id=1972"},"modified":"2026-02-13T14:19:27","modified_gmt":"2026-02-13T14:19:27","slug":"blancco","status":"publish","type":"page","link":"https:\/\/reuzado.nl\/fr\/services-de-solutions\/solutions-tic\/blancco\/","title":{"rendered":"Blancco"},"content":{"rendered":"<div  class=\"section section-pageheader-detail  has-no-bg has-no-pattern\">\n        <div class=\"container\">\n            <div class=\"holder\">\n                                    <div class=\"background-image\">\n                        <img decoding=\"async\" src=\"https:\/\/reuzado.nl\/app\/uploads\/2025\/05\/6T7A8526.png\" alt=\"Console de gestion Blancco\">\n                    <\/div>\n                \n                                    <div class=\"content\">\n                        <h1>Console de gestion Blancco (sur site)<\/h1>\n\n                                                    <div class=\"rank-math-breadcrumbs\">\n                                <nav aria-label=\"chapelure\" class=\"rank-math-breadcrumb\"><p><span class=\"last\">Accueil<\/span><\/p><\/nav>                            <\/div>\n                                            <\/div>\n                \n                            <\/div>\n        <\/div>\n    <\/div>\n\n\n        <div  class=\"section section-content has-no-bg has-no-pattern\">\n                        <div class=\"container\">\n                <div class=\"content-holder\">\n                    <div class=\"content\">\n                        <div class=\"inner\">\n                            <h2>Contr\u00f4le total de la suppression des donn\u00e9es et de l'\u00e9tablissement des rapports, dans votre propre environnement informatique<\/h2>\n<p>Avec la console de gestion Blancco (sur site), vous b\u00e9n\u00e9ficiez d'un acc\u00e8s s\u00e9curis\u00e9 et facile \u00e0 toutes les activit\u00e9s de suppression des donn\u00e9es et de diagnostic, sans d\u00e9pendre d'un logiciel en nuage. G\u00e9rez les utilisateurs, g\u00e9n\u00e9rez des rapports d'audit et am\u00e9liorez votre s\u00e9curit\u00e9 de l'information et vos objectifs de d\u00e9veloppement durable en m\u00eame temps - tout cela dans votre propre infrastructure.<\/p>\n                                                                                                                <\/div>\n                    <\/div>\n                <\/div>\n            <\/div>\n        <\/div>\n\n    \n\n    <div  class=\"section section-intro-text-image has-bg-lightblue has-no-pattern\">\n        <div class=\"wrapper\">\n            <div class=\"column-wrapper\">\n                <div class=\"column-holder\">\n                    <div class=\"column\">\n                        <div class=\"image-holder is-blue\">\n                        <\/div>\n                    <\/div>\n                    <div class=\"column\">\n                        <div class=\"image-holder is-lightblue\">\n                        <\/div>\n                        <div class=\"image-holder is-blue\">\n                        <\/div>\n                    <\/div>\n                    <div class=\"column\">\n                                                    <div class=\"image-holder\">\n                                <img decoding=\"async\" src=\"https:\/\/reuzado.nl\/app\/uploads\/2025\/06\/Reuzado-9241-scaled.jpg\" alt=\"\">\n                            <\/div>\n                                                <div class=\"image-holder is-blue\">\n                        <\/div>\n                    <\/div>\n                <\/div>\n            <\/div>\n            <div class=\"container\">\n                <div class=\"title\">\n                                            <h3>Qu'est-ce que Blancco Management Console (On-Premise) ?<\/h3>\n<p>Blancco Management Console (On-Premise) est une solution de gestion puissante qui s'ex\u00e9cute localement dans votre environnement informatique. Vous b\u00e9n\u00e9ficiez ainsi de tous les avantages du logiciel Blancco, sans avoir \u00e0 vous connecter \u00e0 des plateformes cloud externes. Id\u00e9al pour les organisations ayant des exigences de conformit\u00e9 strictes ou une pr\u00e9f\u00e9rence pour un contr\u00f4le interne complet.<\/p>\n                    \n                                    <\/div>\n                <div class=\"mobile-image\">\n                    <div class=\"column-holder\">\n                        <div class=\"column\">\n                            <div class=\"image-holder is-blue\">\n                            <\/div>\n                        <\/div>\n                        <div class=\"column\">\n                            <div class=\"image-holder is-lightblue\">\n                            <\/div>\n                            <div class=\"image-holder is-blue\">\n                            <\/div>\n                        <\/div>\n                        <div class=\"column\">\n                                                            <div class=\"image-holder\">\n                                    <img decoding=\"async\" src=\"https:\/\/reuzado.nl\/app\/uploads\/2025\/06\/Reuzado-9241-scaled.jpg\" alt=\"\">\n                                <\/div>\n                                                        <div class=\"image-holder is-blue\">\n                            <\/div>\n                        <\/div>\n                    <\/div>\n                <\/div>\n                <div class=\"text\">\n                    <div class=\"inner\">\n                                                    <h3>Int\u00e9gration transparente au sein de votre organisation<\/h3>\n<p>Cette solution sur site peut \u00eatre facilement int\u00e9gr\u00e9e dans les syst\u00e8mes existants. Vous g\u00e9rez donc \u00e0 partir d'un point central :<\/p>\n<ul>\n<li>Distribution mondiale des licences<\/li>\n<li>Gestion des utilisateurs et des droits<\/li>\n<li>Acc\u00e8s \u00e0 des rapports s\u00e9curis\u00e9s et infalsifiables<\/li>\n<\/ul>\n<p>Tous les rapports sont g\u00e9n\u00e9r\u00e9s et stock\u00e9s localement, ce qui garantit une s\u00e9curit\u00e9 optimale des donn\u00e9es et un contr\u00f4le sur l'ensemble du processus d'audit.<\/p>\n                                                                    <\/div>\n                <\/div>\n            <\/div>\n        <\/div>\n    <\/div>\n\n\n    <div  class=\"section section-image-card has-no-bg has-no-pattern\">\n        \n        <div class=\"container\">\n            <div class=\"card-holder\">\n                                    <div class=\"content-holder\">\n                        <div class=\"inner\">\n                            <h2>Fonctionnalit\u00e9s cl\u00e9s<\/h2>\n<ul>\n<li>Gestion compl\u00e8te des solutions Blancco au sein de votre propre infrastructure<\/li>\n<li>Gestion des utilisateurs et distribution des licences dans le monde entier, \u00e0 partir d'un site unique<\/li>\n<li>Rapports complets, y compris les d\u00e9tails de l'appareil (tels que le nom, le mod\u00e8le, l'IMEI et la capacit\u00e9 de stockage)<\/li>\n<li>Rapports exportables au format PDF, XML ou CSV<\/li>\n<li>Options de sauvegarde vers des lecteurs locaux ou des serveurs<\/li>\n<li>Transparence et contr\u00f4le lors des audits, sans violation des donn\u00e9es<\/li>\n<li>Support en plusieurs langues<\/li>\n<\/ul>\n                                                    <\/div>\n                    <\/div>\n                \n                                    <div class=\"image-wrapper\">\n                        <div class=\"image-holder\">\n                            <img decoding=\"async\" src=\"https:\/\/reuzado.nl\/app\/uploads\/2025\/05\/6T7A8522.png\" alt=\"\">\n                        <\/div>\n                    <\/div>\n                            <\/div>\n        <\/div>\n    <\/div>\n\n\n        <div  class=\"section section-block-cards has-bg-lightblue has-pattern-blue\">\n            \n            <div class=\"container\">\n                <div class=\"holder\">\n                    <div class=\"content-holder\">\n                        <h2>Les avantages en un coup d'\u0153il<\/h2>\n\n                                            <\/div>\n\n                    <div class=\"block-holder\">\n                                                    <div class=\"blocks\">\n                                                                                                            <div class=\"column\">\n                                                                                            <div class=\"block\">\n                                                    <div class=\"inner\">\n                                                        <h3>Gestion et rapports centralis\u00e9s<\/h3>\n<p>G\u00e9rez toutes vos activit\u00e9s de suppression de donn\u00e9es \u00e0 partir d'un environnement s\u00e9curis\u00e9, avec des certificats g\u00e9n\u00e9r\u00e9s automatiquement et sign\u00e9s num\u00e9riquement pour une conformit\u00e9 totale.<\/p>\n                                                                                                            <\/div>\n                                                <\/div>\n                                                                                            <div class=\"block\">\n                                                    <div class=\"inner\">\n                                                        <h3>Durabilit\u00e9 accrue<\/h3>\n<p>Gr\u00e2ce au tableau de bord de la durabilit\u00e9 et au calculateur ESG int\u00e9gr\u00e9s, vous avez un aper\u00e7u des \u00e9missions de CO2 \u00e9conomis\u00e9es gr\u00e2ce aux lingettes Blancco - une information pr\u00e9cieuse pour <a href=\"https:\/\/www.rvo.nl\/onderwerpen\/mvo\/transparantie-en-verslaglegging\" target=\"_blank\" rel=\"noopener\">RSE<\/a>-rapports.<\/p>\n                                                                                                            <\/div>\n                                                <\/div>\n                                                                                    <\/div>\n                                                                                                                                                <div class=\"column\">\n                                                                                            <div class=\"block\">\n                                                    <div class=\"inner\">\n                                                        <h3>Une mise en \u0153uvre souple<\/h3>\n<p>Rapidement d\u00e9ployable dans divers environnements informatiques. Que vous g\u00e9riez 10 ou 10 000 appareils, Blancco On-Premise \u00e9volue facilement avec votre organisation.<\/p>\n                                                                                                            <\/div>\n                                                <\/div>\n                                                                                            <div class=\"block\">\n                                                    <div class=\"inner\">\n                                                        <h3>Acc\u00e8s permanent \u00e0 des connaissances actualis\u00e9es<\/h3>\n<p>Gr\u00e2ce \u00e0 la base de connaissances int\u00e9gr\u00e9e, vous pouvez acc\u00e9der aux questions fr\u00e9quemment pos\u00e9es, aux vid\u00e9os d'instruction, aux manuels et aux meilleures pratiques.<\/p>\n                                                                                                            <\/div>\n                                                <\/div>\n                                                                                            <div class=\"block\">\n                                                    <div class=\"inner\">\n                                                        <h3>Conforme \u00e0 toutes les normes en vigueur<\/h3>\n<p>Prend en charge les normes PCI DSS, HIPAA et GDPR, entre autres, au niveau local et international.<\/p>\n                                                                                                            <\/div>\n                                                <\/div>\n                                                                                    <\/div>\n                                                                                                <\/div>\n                                            <\/div>\n                <\/div>\n            <\/div>\n        <\/div>\n    \n\n    <div  class=\"section section-cta has-small-image has-no-padding-bottom-d has-no-padding-bottom-m has-no-bg has-no-pattern\">\n        \n        <div class=\"holder\">\n            <div class=\"container\">\n                <div class=\"cta-holder\">\n                                            <div class=\"image-holder\">\n                            <img decoding=\"async\" src=\"https:\/\/reuzado.nl\/app\/uploads\/2025\/06\/LI-retouched.jpg\" alt=\"\">\n                        <\/div>\n                                        <div class=\"content-holder\">\n                        <div class=\"inner\">\n                            <h2>Vous souhaitez en savoir plus ou demander une d\u00e9monstration ?<span style=\"font-size: 16px\"><br \/>\n<\/span><\/h2>\n<p><span style=\"font-size: 16px\">Vous souhaitez savoir comment Blancco Management Console (On-Premise) peut aider votre organisation \u00e0 supprimer les donn\u00e9es de mani\u00e8re s\u00e9curis\u00e9e et certifi\u00e9e ? Contactez-nous sans engagement<\/span><span style=\"font-size: 16px\">: <\/span><a style=\"font-size: 16px\" href=\"tel:+31235519821\">nous appeler<\/a><span style=\"font-size: 16px\"> ou envoyer un <\/span><a href=\"mailto:info@reuzado.nl\">courriel<\/a><span style=\"font-size: 16px\"> pour obtenir des conseils gratuits et un devis sur mesure.<\/span><\/p>\n                                                            <div class=\"button-holder\">\n                                    \n                                                                            <a href=\"https:\/\/reuzado.nl\/fr\/contact\/\" target=\"_self\" class=\"button alt\">Prendre contact<\/a>\n                                                                    <\/div>\n                                                    <\/div>\n                    <\/div>\n                <\/div>\n            <\/div>\n        <\/div>\n\n                    <div class=\"background-image\">\n                <img decoding=\"async\" src=\"https:\/\/reuzado.nl\/app\/uploads\/2025\/05\/Groot-formaat-9414.jpg\" alt=\"\">\n            <\/div>\n            <\/div>","protected":false},"excerpt":{"rendered":"","protected":false},"author":1,"featured_media":0,"parent":430,"menu_order":0,"comment_status":"closed","ping_status":"closed","template":"","meta":{"_acf_changed":false,"footnotes":""},"class_list":["post-1972","page","type-page","status-publish","hentry"],"acf":[],"_links":{"self":[{"href":"https:\/\/reuzado.nl\/fr\/wp-json\/wp\/v2\/pages\/1972","targetHints":{"allow":["GET"]}}],"collection":[{"href":"https:\/\/reuzado.nl\/fr\/wp-json\/wp\/v2\/pages"}],"about":[{"href":"https:\/\/reuzado.nl\/fr\/wp-json\/wp\/v2\/types\/page"}],"author":[{"embeddable":true,"href":"https:\/\/reuzado.nl\/fr\/wp-json\/wp\/v2\/users\/1"}],"replies":[{"embeddable":true,"href":"https:\/\/reuzado.nl\/fr\/wp-json\/wp\/v2\/comments?post=1972"}],"version-history":[{"count":0,"href":"https:\/\/reuzado.nl\/fr\/wp-json\/wp\/v2\/pages\/1972\/revisions"}],"up":[{"embeddable":true,"href":"https:\/\/reuzado.nl\/fr\/wp-json\/wp\/v2\/pages\/430"}],"wp:attachment":[{"href":"https:\/\/reuzado.nl\/fr\/wp-json\/wp\/v2\/media?parent=1972"}],"curies":[{"name":"wp","href":"https:\/\/api.w.org\/{rel}","templated":true}]}}