{"id":2323,"date":"2025-08-29T13:48:55","date_gmt":"2025-08-29T13:48:55","guid":{"rendered":"https:\/\/reuzado.nl\/?page_id=2323"},"modified":"2025-11-14T13:58:55","modified_gmt":"2025-11-14T13:58:55","slug":"ordinateurs-portables-reconditionnes-dell","status":"publish","type":"page","link":"https:\/\/reuzado.nl\/fr\/ordinateurs-portables-reconditionnes-dell\/","title":{"rendered":"Ordinateurs portables reconditionn\u00e9s Dell"},"content":{"rendered":"<div  class=\"section section-pageheader-detail  has-no-bg has-no-pattern\">\n        <div class=\"container\">\n            <div class=\"holder\">\n                                    <div class=\"background-image\">\n                        <img decoding=\"async\" src=\"https:\/\/reuzado.nl\/app\/uploads\/2025\/07\/Datavernietiging-voor-uw-bedrijf-Laat-het-aan-Reuzado-over-.jpg\" alt=\"\">\n                    <\/div>\n                \n                                    <div class=\"content\">\n                        <h1>Ordinateurs portables reconditionn\u00e9s Dell<\/h1>\n\n                                                    <div class=\"rank-math-breadcrumbs\">\n                                <nav aria-label=\"chapelure\" class=\"rank-math-breadcrumb\"><p><span class=\"last\">Accueil<\/span><\/p><\/nav>                            <\/div>\n                                            <\/div>\n                \n                            <\/div>\n        <\/div>\n    <\/div>\n\n\n        <div  class=\"section section-content has-no-bg has-no-pattern\">\n                        <div class=\"container\">\n                <div class=\"content-holder\">\n                    <div class=\"content\">\n                        <div class=\"inner\">\n                            <h2>Acheter des ordinateurs portables reconditionn\u00e9s Dell<\/h2>\n<p>Dell est connu dans le monde entier comme une marque qui sait allier performance et robustesse. Avec les ordinateurs portables Dell reconditionn\u00e9s achet\u00e9s chez Reuzado, vous b\u00e9n\u00e9ficiez de syst\u00e8mes puissants adapt\u00e9s \u00e0 une grande vari\u00e9t\u00e9 d'applications, du travail de bureau standard aux logiciels d'ing\u00e9nierie lourds.<\/p>\n<p>\u00c0 partir de 365 euros, vous pouvez acheter un ordinateur portable Dell remis \u00e0 neuf par des professionnels et pr\u00eat \u00e0 \u00eatre utilis\u00e9 imm\u00e9diatement. Vous b\u00e9n\u00e9ficiez ainsi de la puissance d'une marque A \u00e0 un prix comp\u00e9titif, sans concession sur la qualit\u00e9 ou la fiabilit\u00e9.<\/p>\n                                                                                                                <\/div>\n                    <\/div>\n                <\/div>\n            <\/div>\n        <\/div>\n\n    \n\n        <div  class=\"section section-content has-bg-lightblue has-pattern-colored\">\n                        <div class=\"container\">\n                <div class=\"content-holder\">\n                    <div class=\"content\">\n                        <div class=\"inner\">\n                            <h2>Qu'est-ce qui rend les ordinateurs portables reconditionn\u00e9s Dell attrayants ?<\/h2>\n<p>Dell est particuli\u00e8rement appr\u00e9ci\u00e9 des entreprises pour la polyvalence et l'\u00e9volutivit\u00e9 de ses mod\u00e8les. Qu'il s'agisse d'ordinateurs portables Latitude l\u00e9gers pour les employ\u00e9s en d\u00e9placement ou de stations de travail Precision puissantes pour les sp\u00e9cialistes, il existe toujours une solution adapt\u00e9e.<br \/>\nPrincipales caract\u00e9ristiques des ordinateurs portables Dell :<\/p>\n<ul>\n<li>Construction robuste pour une utilisation quotidienne intensive<\/li>\n<li>Configurations flexibles, adapt\u00e9es \u00e0 divers secteurs<\/li>\n<li>Haute performance, de l'utilisation de base aux applications lourdes<\/li>\n<li>Qualit\u00e9 constante, id\u00e9ale pour un d\u00e9ploiement \u00e0 grande \u00e9chelle<\/li>\n<li>Remis \u00e0 neuf, livr\u00e9 avec Windows 11 Pro et garantie<\/li>\n<\/ul>\n<p>Avec les ordinateurs portables reconditionn\u00e9s achet\u00e9s par Dell, vous obtenez du mat\u00e9riel professionnel \u00e9prouv\u00e9 qui durera des ann\u00e9es.<\/p>\n                                                                                                                <\/div>\n                    <\/div>\n                <\/div>\n            <\/div>\n        <\/div>\n\n    \n\n        <div  class=\"section section-block-cards has-bg-lightblue has-pattern-blue\">\n            \n            <div class=\"container\">\n                <div class=\"holder\">\n                    <div class=\"content-holder\">\n                        <h2>\u00c0 qui s'adressent les ordinateurs portables Dell ?<\/h2>\n<p>&nbsp;<\/p>\n\n                                            <\/div>\n\n                    <div class=\"block-holder\">\n                                                    <div class=\"blocks has-four\">\n                                                                                                            <div class=\"column\">\n                                                                                            <div class=\"block\">\n                                                    <div class=\"inner\">\n                                                        <p><strong>Agences gouvernementales et municipalit\u00e9s<\/strong><\/p>\n<p>Les ordinateurs portables Dell Latitude sont tr\u00e8s appr\u00e9ci\u00e9s des gouvernements pour leur stabilit\u00e9 et leur facilit\u00e9 d'utilisation. Ils sont parfaits pour les employ\u00e9s qui d\u00e9pendent quotidiennement d'une informatique fiable.<\/p>\n                                                                                                            <\/div>\n                                                <\/div>\n                                                                                            <div class=\"block\">\n                                                    <div class=\"inner\">\n                                                        <p><strong>Soins et \u00e9ducation<\/strong><\/p>\n<p>Les ordinateurs portables Dell sont r\u00e9put\u00e9s pour leur robustesse. Ils peuvent r\u00e9sister \u00e0 une utilisation intensive, ce qui les rend id\u00e9aux pour les \u00e9tablissements de sant\u00e9 et les \u00e9coles.<\/p>\n                                                                                                            <\/div>\n                                                <\/div>\n                                                                                    <\/div>\n                                                                                                                                                <div class=\"column\">\n                                                                                            <div class=\"block\">\n                                                    <div class=\"inner\">\n                                                        <p><strong>Fournisseurs de services informatiques et int\u00e9grateurs de syst\u00e8mes<\/strong><\/p>\n<p>Les mod\u00e8les Dell peuvent \u00eatre d\u00e9ploy\u00e9s de mani\u00e8re flexible pour des migrations ou des livraisons dans le cadre de projets. Le large choix de configurations permet de r\u00e9pondre \u00e0 une grande vari\u00e9t\u00e9 de besoins des clients.<\/p>\n                                                                                                            <\/div>\n                                                <\/div>\n                                                                                            <div class=\"block\">\n                                                    <div class=\"inner\">\n                                                        <p><strong>PME et multinationales<\/strong><\/p>\n<p>Les entreprises ayant des ambitions de croissance ou des \u00e9quipes internationales choisissent souvent Dell pour son \u00e9volutivit\u00e9 et sa qualit\u00e9 constante.<\/p>\n                                                                                                            <\/div>\n                                                <\/div>\n                                                                                    <\/div>\n                                                                                                <\/div>\n                                            <\/div>\n                <\/div>\n            <\/div>\n        <\/div>\n    \n\n        <div  class=\"section section-product-overview has-no-bg has-no-pattern\">\n        <div class=\"container\">\n                                        <div class=\"product-holder\">\n                                                                    <div class=\"product-card\"\n                            data-product-id=\"2310\"\n                            data-product-price=\"465 \"\n                            data-product-categories=\"6\"\n                            data-product-brands=\"11\"\n                            data-product-sizes=\"8\"\n                            data-product-uses=\"9,10\">\n\n                                                            <div class=\"image-holder\">\n                                    <img decoding=\"async\" src=\"https:\/\/reuzado.nl\/app\/uploads\/2025\/08\/dell-5550-1.webp\" alt=\"Dell Precision 5550\">\n                                                                    <\/div>\n                                                        <div class=\"content-holder\">\n                                <div class=\"inner\">\n                                    <div class=\"title\">\n                                                                                <h4> <a href=\"https:\/\/reuzado.nl\/fr\/produits\/dell-precision-5550\/\">Dell Precision 5550<\/a> <\/h4>\n                                                                                    <span>\u00e0 partir de 465 <\/span>\n                                                                            <\/div>\n                                                                            <p>Une puissante station de travail mobile de 15 pouces qui allie design et performance pour les professionnels des secteurs exigeants tels que la mod\u00e9lisation 3D, le montage vid\u00e9o et l'analyse de donn\u00e9es.<\/p>\n                                    \n                                                                            <ul>\n                                                                                                                                                <li>La Precision 5550 est la station de travail mobile de 15 pouces la plus fine de Dell, avec un profil mince de seulement 7,7 mm \u00e0 l'avant.<\/li>\n                                                                                                                                                                                                <li>\u00c9quip\u00e9s de processeurs Intel Core i7 ou Xeon et de cartes graphiques professionnelles NVIDIA Quadro pour les applications exigeantes.<\/li>\n                                                                                                                                                                                                <li>Le Precision 5550 est conforme aux normes militaires MIL-STD-810G, ce qui en fait un ordinateur portable robuste et fiable, capable de relever les d\u00e9fis du travail en d\u00e9placement.<\/li>\n                                                                                                                                    <\/ul>\n                                                                    <\/div>\n                                <div class=\"button-holder\">\n                                    <a href=\"https:\/\/reuzado.nl\/fr\/produits\/dell-precision-5550\/\" class=\"button alt\">Plus d'informations<\/a>\n                                <\/div>\n                            <\/div>\n                        <\/div>\n                                                                    <div class=\"product-card\"\n                            data-product-id=\"2305\"\n                            data-product-price=\"389\"\n                            data-product-categories=\"6\"\n                            data-product-brands=\"11\"\n                            data-product-sizes=\"8\"\n                            data-product-uses=\"9,10\">\n\n                                                            <div class=\"image-holder\">\n                                    <img decoding=\"async\" src=\"https:\/\/reuzado.nl\/app\/uploads\/2025\/08\/7410.png\" alt=\"Dell Latitude 7400 \/ 7410 \/ 7420\">\n                                                                    <\/div>\n                                                        <div class=\"content-holder\">\n                                <div class=\"inner\">\n                                    <div class=\"title\">\n                                                                                <h4> <a href=\"https:\/\/reuzado.nl\/fr\/produits\/dell-latitude-7400-7410-7420\/\">Dell Latitude 7400 \/ 7410 \/ 7420<\/a> <\/h4>\n                                                                                    <span>\u00e0 partir de 389<\/span>\n                                                                            <\/div>\n                                                                            <p>Un excellent choix pour les professionnels qui d\u00e9pendent quotidiennement d'un environnement de travail stable et s\u00fbr.<\/p>\n                                    \n                                                                            <ul>\n                                                                                                                                                <li>ExpressCharge\u2122 pour une charge rapide<\/li>\n                                                                                                                                                                                                <li>Conception l\u00e9g\u00e8re et durable<\/li>\n                                                                                                                                                                                                <li>Longue dur\u00e9e de vie de la batterie, id\u00e9ale pour les voyages<\/li>\n                                                                                                                                    <\/ul>\n                                                                    <\/div>\n                                <div class=\"button-holder\">\n                                    <a href=\"https:\/\/reuzado.nl\/fr\/produits\/dell-latitude-7400-7410-7420\/\" class=\"button alt\">Plus d'informations<\/a>\n                                <\/div>\n                            <\/div>\n                        <\/div>\n                                                                    <div class=\"product-card\"\n                            data-product-id=\"2299\"\n                            data-product-price=\"365 \"\n                            data-product-categories=\"6\"\n                            data-product-brands=\"11\"\n                            data-product-sizes=\"8\"\n                            data-product-uses=\"9,10\">\n\n                                                            <div class=\"image-holder\">\n                                    <img decoding=\"async\" src=\"https:\/\/reuzado.nl\/app\/uploads\/2025\/08\/Dell-Latitude-5420-Side-1-600x600-1.webp\" alt=\"Dell Latitude 5420\">\n                                                                    <\/div>\n                                                        <div class=\"content-holder\">\n                                <div class=\"inner\">\n                                    <div class=\"title\">\n                                                                                <h4> <a href=\"https:\/\/reuzado.nl\/fr\/produits\/dell-latitude-5420\/\">Dell Latitude 5420<\/a> <\/h4>\n                                                                                    <span>\u00e0 partir de 365 euros <\/span>\n                                                                            <\/div>\n                                                                            <p>Un ordinateur portable professionnel de 14 pouces polyvalent et fiable, con\u00e7u pour la productivit\u00e9 et la mobilit\u00e9.<\/p>\n                                    \n                                                                            <ul>\n                                                                                                                                                <li>Test\u00e9 selon la norme militaire MIL-STD-810H, mais compact (\u00e0 partir d'environ 1,4 kg).<\/li>\n                                                                                                                                                                                                <li>Longue dur\u00e9e de vie de la batterie avec ExpressCharge\u2122 pour une charge rapide.<\/li>\n                                                                                                                                                                                                <li>Bo\u00eetier partiellement fabriqu\u00e9 en bioplastique recycl\u00e9, conception respectueuse de l'environnement.<\/li>\n                                                                                                                                    <\/ul>\n                                                                    <\/div>\n                                <div class=\"button-holder\">\n                                    <a href=\"https:\/\/reuzado.nl\/fr\/produits\/dell-latitude-5420\/\" class=\"button alt\">Plus d'informations<\/a>\n                                <\/div>\n                            <\/div>\n                        <\/div>\n                                    <\/div>\n                    <\/div>\n    <\/div>\n\n\n    <div         class=\"section section-image-content has-no-bg has-no-pattern has-image-left\">\n        <div class=\"holder\">\n                            <div class=\"image-holder\">\n                                            <div class=\"column\">\n                            <div class=\"image-wrapper\">\n                                <img decoding=\"async\" src=\"https:\/\/reuzado.nl\/app\/uploads\/2025\/07\/Wat-is-hardware-hardware-opkopen-en-hardware-afvoeren.jpg\" alt=\"Qu&#039;est-ce que le mat\u00e9riel, le rachat de mat\u00e9riel et la mise au rebut de mat\u00e9riel ?\">\n                            <\/div>\n                        <\/div>\n                                        <div class=\"column\">\n                                                    <div class=\"image-wrapper\">\n                                <img decoding=\"async\" src=\"https:\/\/reuzado.nl\/app\/uploads\/2025\/07\/IT-Asset-Disposition-.png\" alt=\"Disposition des actifs informatiques\">\n                            <\/div>\n                                                                            <div class=\"image-wrapper\">\n                                <img decoding=\"async\" src=\"https:\/\/reuzado.nl\/app\/uploads\/2025\/08\/dell-5550-1.webp\" alt=\"\">\n                            <\/div>\n                                            <\/div>\n                                            <div class=\"column\">\n                            <div class=\"image-wrapper\">\n                                <img decoding=\"async\" src=\"https:\/\/reuzado.nl\/app\/uploads\/2025\/08\/Estunt-Dell-Latitude-7420-1.jpg\" alt=\"\">\n                            <\/div>\n                        <\/div>\n                                    <\/div>\n                <div class=\"image-holder-mobile\">\n\n                                            <div class=\"column\">\n                            <div class=\"image-wrapper\">\n                                <img decoding=\"async\" src=\"https:\/\/reuzado.nl\/app\/uploads\/2025\/07\/Wat-is-hardware-hardware-opkopen-en-hardware-afvoeren.jpg\" alt=\"Qu&#039;est-ce que le mat\u00e9riel, le rachat de mat\u00e9riel et la mise au rebut de mat\u00e9riel ?\">\n                            <\/div>\n                        <\/div>\n                                        <div class=\"column\">\n                                                    <div class=\"image-wrapper\">\n                                <img decoding=\"async\" src=\"https:\/\/reuzado.nl\/app\/uploads\/2025\/07\/IT-Asset-Disposition-.png\" alt=\"Disposition des actifs informatiques\">\n                            <\/div>\n                                                                            <div class=\"image-wrapper\">\n                                <img decoding=\"async\" src=\"https:\/\/reuzado.nl\/app\/uploads\/2025\/08\/dell-5550-1.webp\" alt=\"\">\n                            <\/div>\n                                            <\/div>\n                                            <div class=\"column\">\n                            <div class=\"image-wrapper\">\n                                <img decoding=\"async\" src=\"https:\/\/reuzado.nl\/app\/uploads\/2025\/08\/Estunt-Dell-Latitude-7420-1.jpg\" alt=\"\">\n                            <\/div>\n                            <div class=\"image-wrapper is-blue\">\n                            <\/div>\n                        <\/div>\n                                    <\/div>\n                        <div class=\"content-holder\">\n                <div class=\"inner\">\n                                            <h2>Services suppl\u00e9mentaires avec les ordinateurs portables Dell<\/h2>\n<p>Reuzado fournit non seulement du mat\u00e9riel, mais aussi une mise en \u0153uvre sans faille. Pour les ordinateurs portables Dell, nous proposons entre autres :<\/p>\n<ul>\n<li>Installation et configuration sur site ou \u00e0 distance<\/li>\n<li>Pr\u00e9-installation avec lien vers l'image du client ou le domaine<\/li>\n<li>Marquage des biens et gestion des num\u00e9ros de s\u00e9rie<\/li>\n<li>\u00c9tiquetage ou gravure du logo de l'entreprise<\/li>\n<li>Int\u00e9gration avec le portail client D-atz pour une meilleure compr\u00e9hension et des commandes r\u00e9p\u00e9t\u00e9es<\/li>\n<\/ul>\n<p>Gr\u00e2ce \u00e0 ces avantages, l'achat d'ordinateurs portables Dell reconditionn\u00e9s devient plus qu'un simple achat : il s'agit d'une solution enti\u00e8rement g\u00e9rable.<\/p>\n                    \n                                    <\/div>\n            <\/div>\n        <\/div>\n    <\/div>\n\n\n        <div  class=\"section section-content two-columns has-no-bg has-no-pattern\">\n            <div class=\"container\">\n                <div class=\"content-holder\">\n                                            <div class=\"column\">\n                            <div class=\"content\">\n                                <h2>Avantage durable<\/h2>\n<p>Les ordinateurs portables Dell reconditionn\u00e9s r\u00e9duisent les co\u00fbts ainsi que votre empreinte carbone. Vous prolongez la dur\u00e9e de vie du mat\u00e9riel professionnel tout en \u00e9conomisant du CO\u2082 et des ressources. Nous fournissons \u00e9galement des rapports directement utilisables pour la responsabilit\u00e9 ESG et CSRD.<\/p>\n                            <\/div>\n                        <\/div>\n                                        <div class=\"column\">\n                        <div class=\"content\">\n                            <h3>Conclusion : acheter des ordinateurs portables Dell remis \u00e0 neuf \u00e0 partir de 365 \u20ac.<\/h3>\n<p>Avec les ordinateurs portables Dell reconditionn\u00e9s achet\u00e9s chez Reuzado, vous choisissez la puissance, la flexibilit\u00e9 et la durabilit\u00e9. Que vous soyez dans l'administration, la sant\u00e9, l'\u00e9ducation, l'informatique ou l'entreprise, Dell offre la polyvalence et la fiabilit\u00e9 dont votre organisation a besoin.<\/p>\n                                                            <div class=\"button-holder\">\n                                                                            <a href=\"https:\/\/reuzado.nl\/fr\/demander-un-devis\/\"\n                                            target=\"_self\"\n                                            class=\"button\">Postuler<\/a>\n                                                                                                                <a href=\"https:\/\/reuzado.nl\/fr\/contact\/\"\n                                            target=\"_self\"\n                                            class=\"button alt\">Appeler directement<\/a>\n                                                                    <\/div>\n                                                    <\/div>\n                    <\/div>\n                <\/div>\n            <\/div>\n        <\/div>","protected":false},"excerpt":{"rendered":"","protected":false},"author":3,"featured_media":0,"parent":0,"menu_order":0,"comment_status":"closed","ping_status":"closed","template":"","meta":{"_acf_changed":false,"footnotes":""},"class_list":["post-2323","page","type-page","status-publish","hentry"],"acf":[],"_links":{"self":[{"href":"https:\/\/reuzado.nl\/fr\/wp-json\/wp\/v2\/pages\/2323","targetHints":{"allow":["GET"]}}],"collection":[{"href":"https:\/\/reuzado.nl\/fr\/wp-json\/wp\/v2\/pages"}],"about":[{"href":"https:\/\/reuzado.nl\/fr\/wp-json\/wp\/v2\/types\/page"}],"author":[{"embeddable":true,"href":"https:\/\/reuzado.nl\/fr\/wp-json\/wp\/v2\/users\/3"}],"replies":[{"embeddable":true,"href":"https:\/\/reuzado.nl\/fr\/wp-json\/wp\/v2\/comments?post=2323"}],"version-history":[{"count":0,"href":"https:\/\/reuzado.nl\/fr\/wp-json\/wp\/v2\/pages\/2323\/revisions"}],"wp:attachment":[{"href":"https:\/\/reuzado.nl\/fr\/wp-json\/wp\/v2\/media?parent=2323"}],"curies":[{"name":"wp","href":"https:\/\/api.w.org\/{rel}","templated":true}]}}