{"id":2779,"date":"2025-11-27T12:50:08","date_gmt":"2025-11-27T12:50:08","guid":{"rendered":"https:\/\/reuzado.nl\/?page_id=2779"},"modified":"2026-05-06T09:02:18","modified_gmt":"2026-05-06T09:02:18","slug":"kilo-pour-kilo","status":"publish","type":"page","link":"https:\/\/reuzado.nl\/fr\/kilo-pour-kilo\/","title":{"rendered":"Kilo pour kilo"},"content":{"rendered":"<div  class=\"section section-pageheader-one-for-one has-no-bg has-no-pattern\">\n                    <img decoding=\"async\" src=\"https:\/\/reuzado.nl\/app\/uploads\/2025\/12\/IMG_8974.jpg\" alt=\"\">\n                <div class=\"container\">\n            <div class=\"content-holder\">\n                                    <h4>De toekomst van IT is circulair. Wij bouwen de nieuwe standaard.<\/h4>\n<h2>Reuzado Kilo pour kilo<\/h2>\n<p>IT hoeft geen afvalstroom te zijn. Het kan een gecontroleerde, transparante en meetbare waardeketen worden.<\/p>\n<p>Als full-service ITAD-dienstverlener voert Reuzado de volledige lifecycle-regie in eigen huis uit \u2014 van logistiek en gecertificeerde datavernietiging tot refurbishment, remarketing en ESG-rapportage.<\/p>\n<p>Volledige ketenregie. Meetbare impact. Geen greenwashing.<\/p>\n                \n                                    <div class=\"button-holder\">\n                                                    <a href=\"#intro\" target=\"_self\" class=\"button\">Ontdek Kilo voor Kilo<\/a>\n                        \n                                                    <a href=\"https:\/\/reuzado.nl\/fr\/contact\/\" target=\"_self\" class=\"button alt\">Prendre contact<\/a>\n                                            <\/div>\n                            <\/div>\n        <\/div>\n    <\/div>\n\n\n        <div  class=\"section section-content has-large-text has-no-bg has-no-pattern\">\n            <div class=\"container\">\n                                    <div class=\"content-holder\">\n                        <h2>La norme que nous construisons<\/h2>\n<p>Le march\u00e9 des technologies de l'information \u00e9volue. Les obligations ESG deviennent plus strictes. Le CSRD exige des donn\u00e9es v\u00e9rifiables. L'\u00e9coblanchiment est activement combattu.<\/p>\n<p>C'est pourquoi nous ne nous contentons pas d'affirmations vagues en mati\u00e8re de d\u00e9veloppement durable. Nous construisons une nouvelle norme pour les technologies de l'information circulaires.<\/p>\n<p>Cette norme s'appelle<\/p>\n<h4><em>Kilo pour kilo<\/em><\/h4>\n                    <\/div>\n                            <\/div>\n        <\/div>\n\n\n    <div  class=\"section section-usp-blocks has-bg-lightblue has-rows\">\n        <div class=\"container\">\n                            <div class=\"content-holder\">\n                    <h2>Kilo-voor-Kilo<\/h2>\n<p>Voor elke kilo nieuwe IT-apparatuur die via ons lifecyclemodel wordt ingezet, wordt \u00e9\u00e9n kilo additioneel e-waste veilig verwerkt. Elke opdracht bevat een Verified E-Waste Contribution.<\/p>\n<p><strong>Dat betekent:<\/strong><\/p>\n                <\/div>\n            \n                            <div class=\"usp-holder\">\n                                                                                                <div class=\"usp-row\">\n                                                                    <div class=\"usp\">\n                                        <div class=\"icon\">\n                                                                                            <i class=\"fa-solid fa-check\"><\/i>\n                                                                                    <\/div>\n                                                                                    <p>Financiering van additionele veilige verwerking<\/p>\n                                                                            <\/div>\n                                                                    <div class=\"usp\">\n                                        <div class=\"icon\">\n                                                                                            <i class=\"fa-solid fa-check\"><\/i>\n                                                                                    <\/div>\n                                                                                    <p>Geen dubbele telling onder EPR<\/p>\n                                                                            <\/div>\n                                                            <\/div>\n                                                    <div class=\"usp-row\">\n                                                                    <div class=\"usp\">\n                                        <div class=\"icon\">\n                                                                                            <i class=\"fa-solid fa-check\"><\/i>\n                                                                                    <\/div>\n                                                                                    <p>Geen cherry-picking van waardevolle materialen<\/p>\n                                                                            <\/div>\n                                                                    <div class=\"usp\">\n                                        <div class=\"icon\">\n                                                                                            <i class=\"fa-solid fa-check\"><\/i>\n                                                                                    <\/div>\n                                                                                    <p>Prioriteit voor risicovolle en zero-value fracties<\/p>\n                                                                            <\/div>\n                                                            <\/div>\n                                                    <div class=\"usp-row\">\n                                                                    <div class=\"usp\">\n                                        <div class=\"icon\">\n                                                                                            <i class=\"fa-solid fa-check\"><\/i>\n                                                                                    <\/div>\n                                                                                    <p>Volledige mass balance<\/p>\n                                                                            <\/div>\n                                                                    <div class=\"usp\">\n                                        <div class=\"icon\">\n                                                                                            <i class=\"fa-solid fa-check\"><\/i>\n                                                                                    <\/div>\n                                                                                    <p>End-to-end traceability<\/p>\n                                                                            <\/div>\n                                                            <\/div>\n                                                            <\/div>\n            \n                            <h4><strong><em>Dit is geen symbolische compensatie. Dit is een controleerbaar systeem.<\/em><\/strong><\/h4>\n                    <\/div>\n    <\/div>\n\n\n    <div  class=\"section section-usp-blocks has-no-bg has-no-pattern has-one-column\">\n        <div class=\"container\">\n                            <div class=\"content-holder\">\n                    <h2>No Greenwashing. No offsets<\/h2>\n<p>Reuzado doet <strong>niet<\/strong> aan greenwashing. Onze Verified E-Waste Contribution is gebaseerd op <strong>additionaliteit<\/strong>, <strong>transparantie<\/strong> en <strong>verifieerbare impact<\/strong>.<\/p>\n<p>Ons model sluit inhoudelijk aan op internationale minimum requirements voor e-waste compensation, waaraan onder andere TCO Certified en Oeko-Institut hebben bijgedragen.<\/p>\n                <\/div>\n            \n                            <div class=\"usp-holder\">\n                                                                        <div class=\"usp\">\n                                <div class=\"icon\">\n                                                                            <i class=\"fa-regular fa-xmark\"><\/i>\n                                                                    <\/div>\n                                                                    <p>Wij claimen geen \u201cwaste neutrality\u201d<\/p>\n                                                            <\/div>\n                                                    <div class=\"usp\">\n                                <div class=\"icon\">\n                                                                            <i class=\"fa-regular fa-xmark\"><\/i>\n                                                                    <\/div>\n                                                                    <p>Wij verkopen geen offsets<\/p>\n                                                            <\/div>\n                                                    <div class=\"usp\">\n                                <div class=\"icon\">\n                                                                            <i class=\"fa-regular fa-xmark\"><\/i>\n                                                                    <\/div>\n                                                                    <p>Wij gebruiken compensatie niet als marketinginstrument.<\/p>\n                                                            <\/div>\n                                                            <\/div>\n            \n                            <h4><strong><em>Impact boven imago. Data boven claims.<\/em><\/strong><\/h4>\n                    <\/div>\n    <\/div>\n\n\n    <div  class=\"section section-usp-blocks has-bg-lightblue has-no-pattern has-rows\">\n        <div class=\"container\">\n                            <div class=\"content-holder\">\n                    <h2>Volledige ketenregie<\/h2>\n<p>Waar anderen schakels uitbesteden, beheerst Reuzado de volledige IT-lifecycle in eigen huis.<\/p>\n<p><strong>Dit houdt in:<\/strong><\/p>\n                <\/div>\n            \n                            <div class=\"usp-holder\">\n                                                                                                <div class=\"usp-row\">\n                                                                    <div class=\"usp\">\n                                        <div class=\"icon\">\n                                                                                            <i class=\"fa-classic fa-solid fa-truck\"><\/i>\n                                                                                    <\/div>\n                                                                                    <p>Logistique<\/p>\n                                                                            <\/div>\n                                                                    <div class=\"usp\">\n                                        <div class=\"icon\">\n                                                                                            <i class=\"fa-classic fa-solid fa-trash-can\"><\/i>\n                                                                                    <\/div>\n                                                                                    <p>Secure datavernietiging<\/p>\n                                                                            <\/div>\n                                                            <\/div>\n                                                    <div class=\"usp-row\">\n                                                                    <div class=\"usp\">\n                                        <div class=\"icon\">\n                                                                                            <i class=\"fa-classic fa-solid fa-clipboard-list\"><\/i>\n                                                                                    <\/div>\n                                                                                    <p>Invetarisatie &amp; Rapportage<\/p>\n                                                                            <\/div>\n                                                                    <div class=\"usp\">\n                                        <div class=\"icon\">\n                                                                                            <i class=\"fa-classic fa-solid fa-screwdriver-wrench\"><\/i>\n                                                                                    <\/div>\n                                                                                    <p>R\u00e9novation<\/p>\n                                                                            <\/div>\n                                                            <\/div>\n                                                    <div class=\"usp-row\">\n                                                                    <div class=\"usp\">\n                                        <div class=\"icon\">\n                                                                                            <i class=\"fa-classic fa-solid fa-arrows-rotate\"><\/i>\n                                                                                    <\/div>\n                                                                                    <p>Remarketing<\/p>\n                                                                            <\/div>\n                                                                    <div class=\"usp\">\n                                        <div class=\"icon\">\n                                                                                            <i class=\"fa-classic fa-solid fa-leaf\"><\/i>\n                                                                                    <\/div>\n                                                                                    <p>ESG-doumentatie<\/p>\n                                                                            <\/div>\n                                                            <\/div>\n                                                            <\/div>\n            \n                            <h4><strong><em>Wanneer je de keten beheerst, wordt IT circulair. Wij beheersen die keten.<\/em><\/strong><\/h4>\n                    <\/div>\n    <\/div>\n\n\n    <div  class=\"section section-content-full-image has-no-bg has-no-pattern\">\n        <div class=\"container\">\n            <div class=\"holder\">\n                                    <div class=\"content-holder\">\n                        <h2>Transparence totale - de la collecte \u00e0 l'\u00e9tablissement de rapports dans notre tableau de bord \"One-for-One\".<\/h2>\n                    <\/div>\n                \n                                    <div class=\"image-holder\">\n                        <img decoding=\"async\" src=\"https:\/\/reuzado.nl\/app\/uploads\/2025\/12\/E-wate-Kenia-met-achtergrond-scaled.png\" alt=\"Capture d&#039;\u00e9cran du logiciel Reuzado Kilo-For-Kilo e-waste batch\">\n                    <\/div>\n                            <\/div>\n        <\/div>\n    <\/div>\n\n\n    <div  class=\"section section-image-content-one-for-one has-img-right has-no-bg has-no-pattern\">\n        <div class=\"container\">\n            <div class=\"holder\">\n                <div class=\"content-holder\">\n                                            <h2>Impact au Kenya<\/h2>\n<p>Au Kenya, Reuzado met en place un traitement s\u00fbr des d\u00e9chets \u00e9lectroniques. Nous cr\u00e9ons des emplois, formons des techniciens et restaurons les \u00e9cosyst\u00e8mes. Chaque kilo de mat\u00e9riau recycl\u00e9 contribue \u00e0 r\u00e9cup\u00e9rer des ressources et \u00e0 pr\u00e9venir la pollution.<\/p>\n                    \n                                            <div class=\"button-holder\">\n                            <a href=\"#leesmeer\" target=\"_self\" class=\"button\">Lire le fonctionnement<\/a>\n                        <\/div>\n                                    <\/div>\n\n                                    <div class=\"image-holder\">\n                        <img decoding=\"async\" src=\"https:\/\/reuzado.nl\/app\/uploads\/2025\/12\/IMG_89332.jpg\" alt=\"\">\n                    <\/div>\n                            <\/div>\n        <\/div>\n    <\/div>\n\n\n    <div  class=\"section section-image-content-one-for-one has-img-left has-no-bg has-no-pattern\">\n        <div class=\"container\">\n            <div class=\"holder\">\n                <div class=\"content-holder\">\n                                            <h2>Notre objectif<\/h2>\n<p>Chez Reuzado, nous croyons en un monde sans d\u00e9chets \u00e9lectroniques. Notre objectif est de collaborer avec les entreprises qui utilisent ou produisent des appareils \u00e9lectroniques afin de r\u00e9soudre le probl\u00e8me mondial des d\u00e9chets \u00e9lectroniques, qui conna\u00eet une croissance rapide.<\/p>\n<p>Ensemble, nous ne prot\u00e9geons pas seulement l'environnement et les populations locales des dangereux dommages environnementaux caus\u00e9s par les d\u00e9chets \u00e9lectroniques, mais nous pr\u00e9servons \u00e9galement des mati\u00e8res premi\u00e8res pr\u00e9cieuses qui garantiront notre acc\u00e8s \u00e0 de nouveaux d\u00e9veloppements \u00e0 l'avenir.<\/p>\n                    \n                                            <div class=\"button-holder\">\n                            <a href=\"#leesmeer\" target=\"_self\" class=\"button\">Lire le fonctionnement<\/a>\n                        <\/div>\n                                    <\/div>\n\n                                    <div class=\"image-holder\">\n                        <img decoding=\"async\" src=\"https:\/\/reuzado.nl\/app\/uploads\/2025\/12\/ac5d1981-9fa0-42ab-b99f-c57103484702.jpeg\" alt=\"\">\n                    <\/div>\n                            <\/div>\n        <\/div>\n    <\/div>\n\n\n    <div  class=\"section section-rotating-text\">\n        <div class=\"container\">\n            <div class=\"content-holder\">\n                                                        <h2 data-rotating-title class=\"rotating-text__heading\">IT is geen                        <span data-rotating-words=\"kostenpost, afvalstroom, marketinginstrument\" class=\"rotating-text__highlight\"><\/span>\n                    <\/h2>\n                                                    <h2>IT is VERANTWOORDELIJKHEID<\/h2>\n<p>En verantwoordelijkheid vraagt om een nieuwe standaard. Reuzado bouwt die standaard. Reuzado beheerst die keten.<\/p>\n                \n                                    <div class=\"button-holder\">\n                        <a href=\"https:\/\/reuzado.nl\/fr\/contact\/\" target=\"_self\" class=\"button\">Planifier une consultation<\/a>\n                    <\/div>\n                            <\/div>\n        <\/div>\n    <\/div>\n\n\n    <div  class=\"section section-quote has-bg-lightblue has-no-pattern\">\n        <div class=\"container\">\n            <div class=\"holder\">\n                                    <div class=\"content-holder\">\n                        <h2><h2>\u201cNous ne nous contentons pas de recycler les appareils, nous restaurons les \u00e9cosyst\u00e8mes et les opportunit\u00e9s.\u201d<\/h2>\n<p>&nbsp;<\/p>\n<\/h2>\n                    <\/div>\n                            <\/div>\n        <\/div>\n    <\/div>\n\n\n    <div  class=\"section section-cta-one-for-one has-no-bg has-no-pattern\">\n        <div class=\"container\">\n            <div class=\"holder\">\n                <div class=\"content-holder\">\n                                            <h2>Fermer le cercle. Faites en sorte que votre TI soit circulaire.<\/h2>\n<p>Que vous soyez client de Reuzado ou partenaire de la cha\u00eene informatique, chaque kilo compte. Ensemble, nous rendons la technologie responsable, transparente et circulaire.<\/p>\n                    \n                                            <div class=\"button-holder\">\n                                                            <a href=\"https:\/\/reuzado.nl\/fr\/contact\/\" target=\"_self\" class=\"button\">Planifier une consultation<\/a>\n                                                                                <\/div>\n                                    <\/div>\n            <\/div>\n        <\/div>\n    <\/div>","protected":false},"excerpt":{"rendered":"","protected":false},"author":1,"featured_media":0,"parent":0,"menu_order":0,"comment_status":"closed","ping_status":"closed","template":"","meta":{"_acf_changed":false,"footnotes":""},"class_list":["post-2779","page","type-page","status-publish","hentry"],"acf":[],"_links":{"self":[{"href":"https:\/\/reuzado.nl\/fr\/wp-json\/wp\/v2\/pages\/2779","targetHints":{"allow":["GET"]}}],"collection":[{"href":"https:\/\/reuzado.nl\/fr\/wp-json\/wp\/v2\/pages"}],"about":[{"href":"https:\/\/reuzado.nl\/fr\/wp-json\/wp\/v2\/types\/page"}],"author":[{"embeddable":true,"href":"https:\/\/reuzado.nl\/fr\/wp-json\/wp\/v2\/users\/1"}],"replies":[{"embeddable":true,"href":"https:\/\/reuzado.nl\/fr\/wp-json\/wp\/v2\/comments?post=2779"}],"version-history":[{"count":16,"href":"https:\/\/reuzado.nl\/fr\/wp-json\/wp\/v2\/pages\/2779\/revisions"}],"predecessor-version":[{"id":3125,"href":"https:\/\/reuzado.nl\/fr\/wp-json\/wp\/v2\/pages\/2779\/revisions\/3125"}],"wp:attachment":[{"href":"https:\/\/reuzado.nl\/fr\/wp-json\/wp\/v2\/media?parent=2779"}],"curies":[{"name":"wp","href":"https:\/\/api.w.org\/{rel}","templated":true}]}}