{"id":2867,"date":"2025-12-12T12:05:51","date_gmt":"2025-12-12T12:05:51","guid":{"rendered":"https:\/\/reuzado.nl\/?page_id=2867"},"modified":"2025-12-12T12:28:46","modified_gmt":"2025-12-12T12:28:46","slug":"lhistoire-de-finn","status":"publish","type":"page","link":"https:\/\/reuzado.nl\/fr\/lhistoire-de-finn\/","title":{"rendered":"L'histoire de Finn"},"content":{"rendered":"<div  class=\"section section-pageheader-finn has-bg-lightblue has-pattern-colored\">\n        <div class=\"container\">\n            <div class=\"holder\">\n                                    <div class=\"content-holder\">\n                        <h1>Bonjour, je suis Finn<\/h1>\n<p>Votre aide en ligne pour toutes vos questions concernant Reuzado.<\/p>\n                    <\/div>\n                \n                                    <div class=\"image-holder\">\n                        <img decoding=\"async\" src=\"https:\/\/reuzado.nl\/app\/uploads\/2025\/11\/a366793288c614c3a0e1c41f9b943785ff650a45.png\" alt=\"\">\n                    <\/div>\n                            <\/div>\n\n        <\/div>\n    <\/div>\n\n\n        <div  class=\"section section-content two-columns has-no-bg has-no-pattern\">\n            <div class=\"container\">\n                <div class=\"content-holder\">\n                                            <div class=\"column\">\n                            <div class=\"content\">\n                                <h2>Qui est Finn ?<\/h2>\n                            <\/div>\n                        <\/div>\n                                        <div class=\"column\">\n                        <div class=\"content\">\n                            <p>Notre expert client\u00e8le, Finn, est toujours l\u00e0 pour vous. Partager ses connaissances approfondies et ses ann\u00e9es d'exp\u00e9rience est ce qu'il aime le plus. Il est plein de ressources et cr\u00e9atif, c'est pourquoi Finn propose toujours des solutions appropri\u00e9es aux clients de Reuzado. En outre, il partage r\u00e9guli\u00e8rement des faits et des d\u00e9veloppements pr\u00e9cieux dans l'industrie. Sur le plan social, Finn est \u00e9galement engag\u00e9. Surtout lorsqu'il s'agit des jeunes. C'est pourquoi il participe \u00e9troitement \u00e0 l'\u00e9laboration d'un programme d'enseignement sur la cybers\u00e9curit\u00e9, les technologies de l'information et l'environnement, destin\u00e9 aux \u00e9l\u00e8ves des \u00e9coles primaires. Pour un avenir meilleur pour la g\u00e9n\u00e9ration actuelle et les g\u00e9n\u00e9rations futures.<\/p>\n                                                    <\/div>\n                    <\/div>\n                <\/div>\n            <\/div>\n        <\/div>\n\n    \n\n    <div  class=\"section section-cards-finn has-bg-lightblue has-pattern-blue\">\n        <div class=\"container\">\n            <div class=\"holder\">\n                                    <div class=\"content-holder\">\n                        <h2>Son histoire<\/h2>\n                    <\/div>\n                \n                                    <div class=\"cards-holder\">\n                                                    <div class=\"card\">\n                                <div class=\"inner\">\n                                                                            <div class=\"image-holder\">\n                                            <img decoding=\"async\" src=\"https:\/\/reuzado.nl\/app\/uploads\/2025\/11\/Copy-of-Voorbeeld-Tim-Max-Quality-e1634033742740-260x260-2-1.svg\" alt=\"\" \/>\n                                        <\/div>\n                                    \n                                                                            <div class=\"card-content\">\n                                            <h3>L'arriv\u00e9e d'un invit\u00e9 inattendu<\/h3>\n<p>Apr\u00e8s un long et inconfortable voyage cach\u00e9 sous toutes sortes de vieilleries, le petit robot \u00e9tait arriv\u00e9 \u00e0 Halfweg. Pendant un certain temps, il s'est senti seul dans l'entrep\u00f4t ultramoderne, sans savoir o\u00f9 il avait atterri. Jusqu'au moment o\u00f9 il a \u00e9t\u00e9 d\u00e9couvert par les employ\u00e9s de Reuzado, qui l'ont accueilli \u00e0 bras ouverts.<\/p>\n                                        <\/div>\n                                                                    <\/div>\n                            <\/div>\n                                                    <div class=\"card\">\n                                <div class=\"inner\">\n                                                                            <div class=\"image-holder\">\n                                            <img decoding=\"async\" src=\"https:\/\/reuzado.nl\/app\/uploads\/2025\/11\/Finn-1.svg\" alt=\"\" \/>\n                                        <\/div>\n                                    \n                                                                            <div class=\"card-content\">\n                                            <h3>Comment Finn est devenu un v\u00e9ritable ami<\/h3>\n<p>Bien que le petit robot ait eu besoin d'un peu de temps pour s'habituer, il s'est d\u00e9velopp\u00e9 \u00e0 la vitesse de l'\u00e9clair. Les employ\u00e9s de Reuzado lui ont enseign\u00e9 toutes les subtilit\u00e9s du m\u00e9tier des TIC et la m\u00e9thode de travail unique de l'entreprise innovante. Finn est devenu son nom, une corruption du mot \"ami\". Finn est synonyme de sagesse et d'honn\u00eatet\u00e9, d'apr\u00e8s le nom d'un h\u00e9ros l\u00e9gendaire. Et Finn porte bien son nom : il est extr\u00eamement curieux, rapide et fiable. Il a rapidement appris \u00e0 fournir un excellent service aux clients de Reuzado. Intelligent, il a tout de suite compris que la transparence est tr\u00e8s importante pour les clients.<\/p>\n                                        <\/div>\n                                                                    <\/div>\n                            <\/div>\n                                                    <div class=\"card\">\n                                <div class=\"inner\">\n                                                                            <div class=\"image-holder\">\n                                            <img decoding=\"async\" src=\"https:\/\/reuzado.nl\/app\/uploads\/2025\/11\/finn_computer-1.svg\" alt=\"\" \/>\n                                        <\/div>\n                                    \n                                                                            <div class=\"card-content\">\n                                            <h3>Du nouvel arrivant enthousiaste au coll\u00e8gue indispensable<\/h3>\n<p>Entre-temps, Finn est devenu un robot mature, une v\u00e9ritable source de connaissances au sein de Reuzado. Il est toujours l\u00e0 pour tout le monde et est un coll\u00e8gue agr\u00e9able et ouvert, dont les meilleures qualit\u00e9s sont la volont\u00e9 d'apprendre et de penser avec le client.<\/p>\n                                        <\/div>\n                                                                    <\/div>\n                            <\/div>\n                                            <\/div>\n                            <\/div>\n        <\/div>\n    <\/div>\n\n\n    <div  class=\"section section-image-content-finn has-image-right. has-no-bg has-no-pattern\">\n        <div class=\"holder\">\n                            <div class=\"content-holder\">\n                    <h2>Engagement social<\/h2>\n<p>Tant sur le plan professionnel que priv\u00e9. Car l'actualit\u00e9 sociale lui tient \u00e9galement \u00e0 c\u0153ur. Surtout lorsqu'il s'agit des jeunes. C'est pourquoi Finn est \u00e9troitement impliqu\u00e9 dans le d\u00e9veloppement d'un programme d'enseignement pour les enfants sur la cyberintimidation et l'addiction aux jeux. Il sait \u00e0 quel point la vie num\u00e9rique est amusante et importante, mais il sait aussi que le \u2018cybercomportement\u2019 devrait \u00eatre un sujet d'enseignement \u00e0 l'\u00e9cole, dans le cadre de l'\u00e9ducation sociale. Tout comme la sensibilisation \u00e0 l'environnement : les d\u00e9chets et ce que l'on peut faire soi-m\u00eame pour l'avenir de la plan\u00e8te. L'\u00e9ducation a besoin de toute l'aide possible et c'est ce sur quoi Finn, au nom de Reuzado, travaille actuellement : un programme amusant, interactif et informatif qui promeut la cybers\u00e9curit\u00e9 des enfants et les sensibilise \u00e0 l'environnement.<\/p>\n                <\/div>\n            \n                            <div class=\"image-holder\">\n                    <img decoding=\"async\" src=\"https:\/\/reuzado.nl\/app\/uploads\/2025\/11\/Finn_2-2.svg\" alt=\"\">\n                <\/div>\n                    <\/div>\n    <\/div>\n\n\n\n    <div  class=\"section section-cards-stacked has-bg-lightblue has-no-pattern\">\n        <div class=\"container\" data-reveal-group>\n                            <div class=\"title\">\n                    <h2>Finn est l\u00e0 pour vous !<\/h2>\n                <\/div>\n            \n                            <div class=\"holder\" data-reveal-group-nested data-ignore=\"false\" data-distance=\"1\">\n                                            <div class=\"image-holder\">\n                            <img decoding=\"async\" src=\"https:\/\/reuzado.nl\/app\/uploads\/2025\/11\/Finn-1.svg\" alt=\"\">\n                        <\/div>\n                                        <div class=\"stackable-cards\">\n                                                    <div class=\"stackable-card\" data-index=\"0\">\n                                <div class=\"card-inner\">\n                                                                            <div class=\"icon\">\n                                            <i class=\"fa-classic fa-solid fa-comment-exclamation\"><\/i>\n                                        <\/div>\n                                    \n                                                                            <div class=\"card-content\">\n                                            <h4>Vous avez des questions ? Je me ferai un plaisir d'y r\u00e9pondre dans le chat !<\/h4>\n<p>Les diff\u00e9rents services propos\u00e9s par Reuzado peuvent encore susciter des interrogations. La clart\u00e9 est notre priorit\u00e9. C'est pourquoi Finn est heureux de vous aider dans le chat ou par e-mail. Vous avez une question urgente ? N'h\u00e9sitez pas \u00e0 nous contacter par t\u00e9l\u00e9phone au +31 (0)23 551 98 21.<\/p>\n                                        <\/div>\n                                                                    <\/div>\n                            <\/div>\n                                                    <div class=\"stackable-card\" data-index=\"1\">\n                                <div class=\"card-inner\">\n                                                                            <div class=\"icon\">\n                                            <i class=\"fa-classic fa-solid fa-newspaper\"><\/i>\n                                        <\/div>\n                                    \n                                                                            <div class=\"card-content\">\n                                            <h4>Par le biais du bulletin d'information, je vous tiendrai au courant des derniers d\u00e9veloppements.<\/h4>\n<p>Dans notre lettre d'information hebdomadaire, Finn vous informe des derniers faits, d\u00e9veloppements et offres. Il aime partager ses connaissances pour vous tenir au courant. Sur nos r\u00e9seaux sociaux, Finn pr\u00e9sente \u00e9galement les meilleures photos et vid\u00e9os.<\/p>\n                                        <\/div>\n                                                                    <\/div>\n                            <\/div>\n                                                    <div class=\"stackable-card\" data-index=\"2\">\n                                <div class=\"card-inner\">\n                                                                            <div class=\"icon\">\n                                            <i class=\"fa-classic fa-solid fa-location-dot\"><\/i>\n                                        <\/div>\n                                    \n                                                                            <div class=\"card-content\">\n                                            <h4>Avez-vous un rendez-vous sur place ? Je me d\u00e9place volontiers !<\/h4>\n<p>La destruction des donn\u00e9es est possible aussi bien dans notre entrep\u00f4t s\u00e9curis\u00e9 que dans vos propres locaux. Le transport de supports de donn\u00e9es peut repr\u00e9senter un risque trop important pour certaines industries ou entreprises. Dans notre camion-broyeur, Finn et ses coll\u00e8gues sont pr\u00eats \u00e0 intervenir chez vous. En toute s\u00e9curit\u00e9.<\/p>\n                                        <\/div>\n                                                                    <\/div>\n                            <\/div>\n                                                    <div class=\"stackable-card\" data-index=\"3\">\n                                <div class=\"card-inner\">\n                                                                            <div class=\"icon\">\n                                            <i class=\"fa-classic fa-solid fa-handshake\"><\/i>\n                                        <\/div>\n                                    \n                                                                            <div class=\"card-content\">\n                                            <h4>Je pr\u00e9f\u00e8re r\u00e9fl\u00e9chir avec vous. Ensemble, nous parvenons \u00e0 la meilleure solution.<\/h4>\n<p>Chez Reuzado, nous voulons servir nos clients de la meilleure fa\u00e7on possible. C'est pourquoi nous aimons engager la conversation. Nous cherchons une solution adapt\u00e9e \u00e0 chacun. Pour ce faire, nous communiquons de mani\u00e8re transparente et travaillons de mani\u00e8re flexible.<\/p>\n                                        <\/div>\n                                                                    <\/div>\n                            <\/div>\n                                                <div class=\"space\"><\/div>\n                    <\/div>\n                <\/div>\n                    <\/div>\n    <\/div>\n\n\n    <div  class=\"section section-cta-finn has-bg-white has-no-pattern\">\n        <div class=\"container\">\n            <div class=\"holder\">\n                <div class=\"inner\">\n                    <div class=\"content-holder\">\n                                                    <h4>Envie d'en savoir plus ? Je suis \u00e0 votre service !<\/h4>\n<p>Contactez Finn en cliquant sur le bouton ci-dessous.<\/p>\n                        \n                                                    <div class=\"button-holder\">\n                                <a href=\"https:\/\/reuzado.nl\/fr\/contact\/\" target=\"_self\" class=\"button\">Contact Finn<\/a>\n                            <\/div>\n                                            <\/div>\n                <\/div>\n            <\/div>\n        <\/div>\n    <\/div>","protected":false},"excerpt":{"rendered":"","protected":false},"author":1,"featured_media":0,"parent":0,"menu_order":0,"comment_status":"closed","ping_status":"closed","template":"","meta":{"_acf_changed":false,"footnotes":""},"class_list":["post-2867","page","type-page","status-publish","hentry"],"acf":[],"_links":{"self":[{"href":"https:\/\/reuzado.nl\/fr\/wp-json\/wp\/v2\/pages\/2867","targetHints":{"allow":["GET"]}}],"collection":[{"href":"https:\/\/reuzado.nl\/fr\/wp-json\/wp\/v2\/pages"}],"about":[{"href":"https:\/\/reuzado.nl\/fr\/wp-json\/wp\/v2\/types\/page"}],"author":[{"embeddable":true,"href":"https:\/\/reuzado.nl\/fr\/wp-json\/wp\/v2\/users\/1"}],"replies":[{"embeddable":true,"href":"https:\/\/reuzado.nl\/fr\/wp-json\/wp\/v2\/comments?post=2867"}],"version-history":[{"count":0,"href":"https:\/\/reuzado.nl\/fr\/wp-json\/wp\/v2\/pages\/2867\/revisions"}],"wp:attachment":[{"href":"https:\/\/reuzado.nl\/fr\/wp-json\/wp\/v2\/media?parent=2867"}],"curies":[{"name":"wp","href":"https:\/\/api.w.org\/{rel}","templated":true}]}}