{"id":2870,"date":"2025-12-12T12:18:47","date_gmt":"2025-12-12T12:18:47","guid":{"rendered":"https:\/\/reuzado.nl\/?page_id=2870"},"modified":"2025-12-12T12:29:57","modified_gmt":"2025-12-12T12:29:57","slug":"les-amis-de-finn","status":"publish","type":"page","link":"https:\/\/reuzado.nl\/fr\/les-amis-de-finn\/","title":{"rendered":"Les amis de Finn"},"content":{"rendered":"<div class=\"section section-pageheader-home-finn\">\n                    <div class=\"items-holder\">\n                                    <div class=\"holder\" data-filter=\"0\">\n                                                    <div class=\"image-holder\">\n                                <img decoding=\"async\" src=\"https:\/\/reuzado.nl\/app\/uploads\/2025\/12\/Finn_2-1.svg\" alt=\"\">\n                            <\/div>\n                                                <div class=\"content-holder\">\n                            <div class=\"text\">\n                                                                    <h4>La naissance de Finn<\/h4>\n<h1>Un ami pour la vie !<\/h1>\n<p>Apr\u00e8s un long voyage difficile, cach\u00e9 sous une montagne de mat\u00e9riel d\u00e9pr\u00e9ci\u00e9, un petit robot est arriv\u00e9 comme passager clandestin chez Reuzado \u00e0 Halfweg. L'\u00e9quipe l'a accueilli \u00e0 bras ouverts. Bien entendu, il a imm\u00e9diatement re\u00e7u un nom : Finn. Un ami pour la vie. Finn a grandi et a pris plaisir \u00e0 aider ses nouveaux amis de Reuzado. Le petit robot a grandi, s'est montr\u00e9 d\u00e9sireux d'apprendre et sage, et est devenu un expert en TIC. Il est fiable, plein de ressources, cr\u00e9atif et, comme sa nouvelle \u2018famille\u2019, il a un grand c\u0153ur pour la soci\u00e9t\u00e9.<\/p>\n                                \n                                                            <\/div>\n                        <\/div>\n                    <\/div>\n                                    <div class=\"holder\" data-filter=\"1\">\n                                                    <div class=\"image-holder\">\n                                <img decoding=\"async\" src=\"https:\/\/reuzado.nl\/app\/uploads\/2025\/12\/Wes_logo-2.svg\" alt=\"\">\n                            <\/div>\n                                                <div class=\"content-holder\">\n                            <div class=\"text\">\n                                                                    <h4>Sages et forts Haarlem<\/h4>\n<h1>Responsabiliser les enfants<\/h1>\n<p>Wise and Strong utilise un m\u00e9lange de coaching sur la r\u00e9silience, les angles d'\u00e9chec et l'\u00e9ducation aux m\u00e9dias dans toutes ses activit\u00e9s. L'\u00e9ducation aux m\u00e9dias et la lutte contre la cyberintimidation sont des \u00e9l\u00e9ments importants pour donner aux enfants les moyens d'agir. Nous utilisons dans toutes les activit\u00e9s les qualit\u00e9s suivantes<\/p>\n<p>De mani\u00e8re ludique et avec une approche positive, les enfants d\u00e9couvrent, entre autres, ce qu'est le langage corporel, comment se d\u00e9fendre, leurs propres qualit\u00e9s, la gestion des sentiments, comment se calmer, comment retourner ses pens\u00e9es, que demander de l'aide est fort et bien d'autres choses encore !<\/p>\n                                \n                                                                    <div class=\"button-holder\">\n                                        <a href=\"#\" target=\"_self\" class=\"button\">Aller sur le site web<\/a>\n                                    <\/div>\n                                                            <\/div>\n                        <\/div>\n                    <\/div>\n                                    <div class=\"holder\" data-filter=\"2\">\n                                                    <div class=\"image-holder\">\n                                <img decoding=\"async\" src=\"https:\/\/reuzado.nl\/app\/uploads\/2025\/12\/Vogelhospitaal-1.svg\" alt=\"\">\n                            <\/div>\n                                                <div class=\"content-holder\">\n                            <div class=\"text\">\n                                                                    <h4>L'\u00e9ducation \u00e0 la nature et \u00e0 l'environnement est extr\u00eamement importante.<\/h4>\n<h1>Assistance aux oiseaux sauvages en d\u00e9tresse<\/h1>\n<p>L'H\u00f4pital des Oiseaux fait partie de la Fondation du Fonds pour le D\u00e9sastre des Oiseaux. L'h\u00f4pital pour oiseaux est soutenu par une cinquantaine de b\u00e9n\u00e9voles. L'\u00e9ducation \u00e0 la nature et \u00e0 l'environnement est extr\u00eamement importante. L'homme s'\u00e9loigne de plus en plus de la nature et donc des animaux. Nous souhaitons apporter notre contribution \u00e0 la transmission de nos connaissances sur les oiseaux \u00e0 diff\u00e9rents groupes cibles.<\/p>\n<p>Nous avons des pr\u00e9sentations int\u00e9ressantes pour les \u00e9coles, les activit\u00e9s extrascolaires, les clubs ou les personnes \u00e2g\u00e9es, qui peuvent \u00eatre donn\u00e9es par nos b\u00e9n\u00e9voles.<\/p>\n                                \n                                                                    <div class=\"button-holder\">\n                                        <a href=\"#\" target=\"_self\" class=\"button\">Aller sur le site web<\/a>\n                                    <\/div>\n                                                            <\/div>\n                        <\/div>\n                    <\/div>\n                                    <div class=\"holder\" data-filter=\"3\">\n                                                    <div class=\"image-holder\">\n                                <img decoding=\"async\" src=\"https:\/\/reuzado.nl\/app\/uploads\/2025\/12\/images-1.svg\" alt=\"\">\n                            <\/div>\n                                                <div class=\"content-holder\">\n                            <div class=\"text\">\n                                                                    <h4>Faire quelque chose pour quelqu'un d'autre vous rend heureux vous-m\u00eame<\/h4>\n<h1>Affaires et soci\u00e9t\u00e9 Haarlem<\/h1>\n<p>Business &amp; Society r\u00e9unit des personnes qui ne se connaissent pas forc\u00e9ment dans la vie de tous les jours. Pour ce faire, nous organisons des projets sociaux dans le cadre desquels les participants se rencontrent et s'entraident. De cette mani\u00e8re, nous apprenons \u00e0 mieux conna\u00eetre et comprendre le monde de chacun.<\/p>\n<p>Nos projets de volontariat et de mise en relation des personnes se caract\u00e9risent par une connectivit\u00e9 \u00e0 fort impact social. Nous \u00e9tablissons les correspondances.<\/p>\n                                \n                                                                    <div class=\"button-holder\">\n                                        <a href=\"#\" target=\"_self\" class=\"button\">Aller sur le site web<\/a>\n                                    <\/div>\n                                                            <\/div>\n                        <\/div>\n                    <\/div>\n                                <div class=\"filter-holder\">\n                    <div class=\"filters\">\n                                                    <div class=\"filter\" data-filter=\"0\">\n                                <a href=\"\">\n                                                                            <img decoding=\"async\" src=\"https:\/\/reuzado.nl\/app\/uploads\/2025\/11\/Copy-of-Voorbeeld-Tim-Max-Quality-e1634033742740-260x260-2.svg\" alt=\"\">\n                                                                    <\/a>\n                            <\/div>\n                                                    <div class=\"filter\" data-filter=\"1\">\n                                <a href=\"\">\n                                                                            <img decoding=\"async\" src=\"https:\/\/reuzado.nl\/app\/uploads\/2025\/11\/Wes_logo-1.png\" alt=\"\">\n                                                                    <\/a>\n                            <\/div>\n                                                    <div class=\"filter\" data-filter=\"2\">\n                                <a href=\"\">\n                                                                            <img decoding=\"async\" src=\"https:\/\/reuzado.nl\/app\/uploads\/2025\/11\/Vogel_logo-1.png\" alt=\"\">\n                                                                    <\/a>\n                            <\/div>\n                                                    <div class=\"filter\" data-filter=\"3\">\n                                <a href=\"\">\n                                                                            <img decoding=\"async\" src=\"https:\/\/reuzado.nl\/app\/uploads\/2025\/11\/Bedrijf_logo-1.png\" alt=\"\">\n                                                                    <\/a>\n                            <\/div>\n                                            <\/div>\n                <\/div>\n            <\/div>\n            <\/div>\n\n\n        <div  class=\"section section-content two-columns has-no-bg has-no-pattern\">\n            <div class=\"container\">\n                <div class=\"content-holder\">\n                                            <div class=\"column\">\n                            <div class=\"content\">\n                                <h2>Finn \u00e0 Reuzado : \u00e0 la base de la soci\u00e9t\u00e9<\/h2>\n                            <\/div>\n                        <\/div>\n                                        <div class=\"column\">\n                        <div class=\"content\">\n                            <p>Visage de Reuzado, l'expert client Finn est toujours pr\u00eat \u00e0 r\u00e9pondre aux questions et \u00e0 trouver des solutions cr\u00e9atives aux plus grands d\u00e9fis. Ses connaissances sont inimaginables et son rythme de travail in\u00e9gal\u00e9. Outre son travail, sa plus grande passion r\u00e9side dans les projets sociaux qu'il d\u00e9veloppe. Son c\u0153ur bat pour la jeunesse : la cyber\u00e9ducation.<\/p>\n<p>Avec son programme d'enseignement pour les \u00e9coles primaires, il enseigne aux enfants des classes 6 \u00e0 8 la cybers\u00e9curit\u00e9, les technologies de l'information et l'environnement. Des sujets tels que la cyberintimidation et l'addiction aux jeux sont abord\u00e9s, \u00e0 la mani\u00e8re unique et amusante de Finn, afin que le sujet soit vraiment bien assimil\u00e9. L'objectif ultime est d'offrir aux g\u00e9n\u00e9rations actuelles et futures un avenir (en ligne) meilleur et plus s\u00fbr.<\/p>\n                                                    <\/div>\n                    <\/div>\n                <\/div>\n            <\/div>\n        <\/div>\n\n    \n\n    <div  class=\"section section-usps-finn has-bg-lightblue has-pattern-blue\">\n        <div class=\"container\">\n            <div class=\"holder\">\n                                    <div class=\"content-holder\">\n                        <h2>Apprendre et grandir avec Finn<\/h2>\n                    <\/div>\n                \n                                    <div class=\"usp-holder\">\n                                                    <div class=\"usp\">\n                                <div class=\"inner\">\n                                                                            <div class=\"icon\">\n                                            <i class=\"fa-classic fa-solid fa-user-robot\"><\/i>\n                                        <\/div>\n                                    \n                                                                            <h4>Cyberintimidation<\/h4>\n<p>Finn de Reuzado travaille sur un programme de lutte contre la cyberintimidation, ax\u00e9 sur la sensibilisation et les comportements positifs en ligne, dans le but de promouvoir un environnement num\u00e9rique s\u00fbr.<\/p>\n                                                                    <\/div>\n                            <\/div>\n                                                    <div class=\"usp\">\n                                <div class=\"inner\">\n                                                                            <div class=\"icon\">\n                                            <i class=\"fa-classic fa-solid fa-gamepad\"><\/i>\n                                        <\/div>\n                                    \n                                                                            <h4>D\u00e9pendance au jeu<\/h4>\n<p>En tant qu'ambassadeur, Finn fait campagne contre l'addiction aux jeux en proposant un court programme d'enseignement destin\u00e9 \u00e0 sensibiliser les enfants et \u00e0 les inciter \u00e0 adopter un comportement sain face aux jeux. L'objectif est de comprendre l'impact sur leur bien-\u00eatre.<\/p>\n                                                                    <\/div>\n                            <\/div>\n                                                    <div class=\"usp\">\n                                <div class=\"inner\">\n                                                                            <div class=\"icon\">\n                                            <i class=\"fa-classic fa-solid fa-chalkboard\"><\/i>\n                                        <\/div>\n                                    \n                                                                            <h4>Interactif et informatif<\/h4>\n<p>Le programme est engageant et interactif, avec des \u00e9l\u00e9ments ludiques qui rendent l'apprentissage amusant. L'objectif est de rendre les connaissances accessibles et de faire en sorte que les participants appr\u00e9cient le processus d'apprentissage.<\/p>\n                                                                    <\/div>\n                            <\/div>\n                          \n                    <\/div>\n                            <\/div>\n        <\/div>\n    <\/div>\n\n\n    <div  class=\"section section-image-content-finn has-image-right. has-no-bg has-no-pattern\">\n        <div class=\"holder\">\n                            <div class=\"content-holder\">\n                    <h2>La mission de Finn<\/h2>\n<p>Avoir un impact sur la soci\u00e9t\u00e9, directement et indirectement, en enthousiasmant et en stimulant \u00e9galement d'autres entreprises. Contribuer concr\u00e8tement au bien-\u00eatre et au bonheur des personnes, jeunes et moins jeunes, qui ont besoin d'aide. Avec des initiatives qui ont un effet direct : pratiques et contraignantes. Positive, l\u00e9g\u00e8re et joyeuse.<\/p>\n<p>L'engagement est contagieux, Finn esp\u00e8re donc inspirer d'autres entreprises \u00e0 prendre \u00e9galement leurs responsabilit\u00e9s et \u00e0 \u00e9prouver la satisfaction de mettre en pratique la responsabilit\u00e9 sociale des entreprises #MVO.<\/p>\n                <\/div>\n            \n                            <div class=\"image-holder\">\n                    <img decoding=\"async\" src=\"https:\/\/reuzado.nl\/app\/uploads\/2025\/11\/Finn_2-2.svg\" alt=\"\">\n                <\/div>\n                    <\/div>\n    <\/div>\n\n\n\n    <div  class=\"section section-image-content-finn has-image-left has-no-bg has-no-pattern\">\n        <div class=\"holder\">\n                            <div class=\"content-holder\">\n                    <h2>R\u00eaves d'avenir<\/h2>\n<p>Finn r\u00eave de la communaut\u00e9 Finn. Un groupe de personnes et d'entreprises travaillant ensemble \u00e0 l'am\u00e9lioration de la soci\u00e9t\u00e9. Avec une attention particuli\u00e8re pour les personnes moins chanceuses dans leur vie, les personnes moins prosp\u00e8res, qui ont eu moins d'opportunit\u00e9s. La communaut\u00e9 Finn les aide de mani\u00e8re pratique afin qu'ils puissent se prendre en main et faire des pas vers plus de joie et de bonheur dans la vie.<\/p>\n                <\/div>\n            \n                            <div class=\"image-holder\">\n                    <img decoding=\"async\" src=\"https:\/\/reuzado.nl\/app\/uploads\/2025\/12\/Finn-1.svg\" alt=\"\">\n                <\/div>\n                    <\/div>\n    <\/div>\n\n\n\n    <div  class=\"section section-cta-finn has-bg-white has-no-pattern\">\n        <div class=\"container\">\n            <div class=\"holder\">\n                <div class=\"inner\">\n                    <div class=\"content-holder\">\n                                                    <h4>Devenir membre de cette communaut\u00e9 ?<\/h4>\n<p>Contactez Finn en cliquant sur le bouton ci-dessous.<\/p>\n                        \n                                                    <div class=\"button-holder\">\n                                <a href=\"https:\/\/reuzado.nl\/fr\/contact\/\" target=\"_self\" class=\"button\">Contact Finn<\/a>\n                            <\/div>\n                                            <\/div>\n                <\/div>\n            <\/div>\n        <\/div>\n    <\/div>","protected":false},"excerpt":{"rendered":"","protected":false},"author":1,"featured_media":0,"parent":0,"menu_order":0,"comment_status":"closed","ping_status":"closed","template":"","meta":{"_acf_changed":false,"footnotes":""},"class_list":["post-2870","page","type-page","status-publish","hentry"],"acf":[],"_links":{"self":[{"href":"https:\/\/reuzado.nl\/fr\/wp-json\/wp\/v2\/pages\/2870","targetHints":{"allow":["GET"]}}],"collection":[{"href":"https:\/\/reuzado.nl\/fr\/wp-json\/wp\/v2\/pages"}],"about":[{"href":"https:\/\/reuzado.nl\/fr\/wp-json\/wp\/v2\/types\/page"}],"author":[{"embeddable":true,"href":"https:\/\/reuzado.nl\/fr\/wp-json\/wp\/v2\/users\/1"}],"replies":[{"embeddable":true,"href":"https:\/\/reuzado.nl\/fr\/wp-json\/wp\/v2\/comments?post=2870"}],"version-history":[{"count":0,"href":"https:\/\/reuzado.nl\/fr\/wp-json\/wp\/v2\/pages\/2870\/revisions"}],"wp:attachment":[{"href":"https:\/\/reuzado.nl\/fr\/wp-json\/wp\/v2\/media?parent=2870"}],"curies":[{"name":"wp","href":"https:\/\/api.w.org\/{rel}","templated":true}]}}