{"id":424,"date":"2025-05-01T12:27:12","date_gmt":"2025-05-01T12:27:12","guid":{"rendered":"https:\/\/reuzado.nl\/?page_id=424"},"modified":"2025-08-01T13:34:35","modified_gmt":"2025-08-01T13:34:35","slug":"services-de-solutions","status":"publish","type":"page","link":"https:\/\/reuzado.nl\/fr\/services-de-solutions\/","title":{"rendered":"Solutions et services"},"content":{"rendered":"<div  class=\"section section-pageheader-detail  has-no-bg has-no-pattern\">\n        <div class=\"container\">\n            <div class=\"holder\">\n                                    <div class=\"background-image\">\n                        <img decoding=\"async\" src=\"https:\/\/reuzado.nl\/app\/uploads\/2025\/06\/Reuzado-9448-scaled.jpg\" alt=\"\">\n                    <\/div>\n                \n                                    <div class=\"content\">\n                        <h1>Solutions et services<\/h1>\n\n                                                    <div class=\"rank-math-breadcrumbs\">\n                                <nav aria-label=\"chapelure\" class=\"rank-math-breadcrumb\"><p><span class=\"last\">Accueil<\/span><\/p><\/nav>                            <\/div>\n                                            <\/div>\n                \n                            <\/div>\n        <\/div>\n    <\/div>\n\n\n    <div\n                    class=\"section section-card-slider-contained has-no-bg has-no-pattern is-transparent has-no-navigation\">\n        <div class=\"holder\">\n            <div class=\"content\">\n                                    <h2>Nos solutions TIC<\/h2>\n<p>Reuzado dispose d'un ensemble complet de services pour prendre en charge l'int\u00e9gralit\u00e9 du processus de suivi apr\u00e8s l'achat de biens ICT.<\/p>\n                                                    <div class=\"button-holder\">\n                                                                            <a href=\"https:\/\/reuzado.nl\/fr\/demander-un-devis\/\"\n                               target=\"_self\"\n                               class=\"button alt\">Demander un devis directement<\/a>\n                                            <\/div>\n                            <\/div>\n\n                            <div class=\"card-holder\">\n                    <div class=\"swiper-actions\">\n                        <div class=\"swiper-button-next\"><\/div>\n                        <div class=\"swiper-button-prev\"><\/div>\n                    <\/div>\n                    <div class=\"cards-contained-swiper swiper\">\n                        <div class=\"swiper-wrapper\">\n                                                            <div class=\"swiper-slide\">\n                                    <div class=\"card\">\n                                                                                    <div class=\"image-holder\">\n                                                <img decoding=\"async\" src=\"https:\/\/reuzado.nl\/app\/uploads\/2025\/05\/01.svg\"\n                                                     alt=\"\">\n                                            <\/div>\n                                                                                <div class=\"content-holder\">\n                                            <div class=\"inner\">\n                                                                                                    <div class=\"title\">\n                                                        <h3>Solutions TIC<\/h3>\n                                                    <\/div>\n                                                                                                                                                                                                            <a class=\"inline-button\" href=\"https:\/\/reuzado.nl\/fr\/services-de-solutions\/solutions-tic\/\"><i\n                                                                    class=\"fa-solid fa-arrow-right\"><\/i> Plus d'informations<\/a>\n                                                                                                                                                <\/div>\n                                        <\/div>\n                                    <\/div>\n                                <\/div>\n                                                            <div class=\"swiper-slide\">\n                                    <div class=\"card\">\n                                                                                    <div class=\"image-holder\">\n                                                <img decoding=\"async\" src=\"https:\/\/reuzado.nl\/app\/uploads\/2025\/05\/01.svg\"\n                                                     alt=\"\">\n                                            <\/div>\n                                                                                <div class=\"content-holder\">\n                                            <div class=\"inner\">\n                                                                                                    <div class=\"title\">\n                                                        <h3>March\u00e9s publics de TIC<\/h3>\n                                                    <\/div>\n                                                                                                                                                                                                            <a class=\"inline-button\" href=\"https:\/\/reuzado.nl\/fr\/services-de-solutions\/solutions-tic\/migration-informatique\/\"><i\n                                                                    class=\"fa-solid fa-arrow-right\"><\/i> Plus d'informations<\/a>\n                                                                                                                                                <\/div>\n                                        <\/div>\n                                    <\/div>\n                                <\/div>\n                                                            <div class=\"swiper-slide\">\n                                    <div class=\"card\">\n                                                                                    <div class=\"image-holder\">\n                                                <img decoding=\"async\" src=\"https:\/\/reuzado.nl\/app\/uploads\/2025\/05\/01.svg\"\n                                                     alt=\"\">\n                                            <\/div>\n                                                                                <div class=\"content-holder\">\n                                            <div class=\"inner\">\n                                                                                                    <div class=\"title\">\n                                                        <h3>Ventes de TIC<\/h3>\n                                                    <\/div>\n                                                                                                                                                                                                            <a class=\"inline-button\" href=\"https:\/\/reuzado.nl\/fr\/services-de-solutions\/ventes-de-tic\/\"><i\n                                                                    class=\"fa-solid fa-arrow-right\"><\/i> Plus d'informations<\/a>\n                                                                                                                                                <\/div>\n                                        <\/div>\n                                    <\/div>\n                                <\/div>\n                                                            <div class=\"swiper-slide\">\n                                    <div class=\"card\">\n                                                                                    <div class=\"image-holder\">\n                                                <img decoding=\"async\" src=\"https:\/\/reuzado.nl\/app\/uploads\/2025\/05\/01.svg\"\n                                                     alt=\"\">\n                                            <\/div>\n                                                                                <div class=\"content-holder\">\n                                            <div class=\"inner\">\n                                                                                                    <div class=\"title\">\n                                                        <h3>Location de TIC<\/h3>\n                                                    <\/div>\n                                                                                                                                                                                                            <a class=\"inline-button\" href=\"https:\/\/reuzado.nl\/fr\/services-de-solutions\/location-de-materiel-informatique\/\"><i\n                                                                    class=\"fa-solid fa-arrow-right\"><\/i> Plus d'informations<\/a>\n                                                                                                                                                <\/div>\n                                        <\/div>\n                                    <\/div>\n                                <\/div>\n                                                            <div class=\"swiper-slide\">\n                                    <div class=\"card\">\n                                                                                    <div class=\"image-holder\">\n                                                <img decoding=\"async\" src=\"https:\/\/reuzado.nl\/app\/uploads\/2025\/05\/01.svg\"\n                                                     alt=\"\">\n                                            <\/div>\n                                                                                <div class=\"content-holder\">\n                                            <div class=\"inner\">\n                                                                                                    <div class=\"title\">\n                                                        <h3>Faire un don pour les TIC<\/h3>\n                                                    <\/div>\n                                                                                                                                                                                                            <a class=\"inline-button\" href=\"https:\/\/reuzado.nl\/fr\/services-de-solutions\/don-de-tic\/\"><i\n                                                                    class=\"fa-solid fa-arrow-right\"><\/i> Plus d'informations<\/a>\n                                                                                                                                                <\/div>\n                                        <\/div>\n                                    <\/div>\n                                <\/div>\n                                                    <\/div>\n                    <\/div>\n                <\/div>\n                    <\/div>\n    <\/div>","protected":false},"excerpt":{"rendered":"","protected":false},"author":1,"featured_media":0,"parent":0,"menu_order":0,"comment_status":"closed","ping_status":"closed","template":"","meta":{"_acf_changed":false,"footnotes":""},"class_list":["post-424","page","type-page","status-publish","hentry"],"acf":[],"_links":{"self":[{"href":"https:\/\/reuzado.nl\/fr\/wp-json\/wp\/v2\/pages\/424","targetHints":{"allow":["GET"]}}],"collection":[{"href":"https:\/\/reuzado.nl\/fr\/wp-json\/wp\/v2\/pages"}],"about":[{"href":"https:\/\/reuzado.nl\/fr\/wp-json\/wp\/v2\/types\/page"}],"author":[{"embeddable":true,"href":"https:\/\/reuzado.nl\/fr\/wp-json\/wp\/v2\/users\/1"}],"replies":[{"embeddable":true,"href":"https:\/\/reuzado.nl\/fr\/wp-json\/wp\/v2\/comments?post=424"}],"version-history":[{"count":0,"href":"https:\/\/reuzado.nl\/fr\/wp-json\/wp\/v2\/pages\/424\/revisions"}],"wp:attachment":[{"href":"https:\/\/reuzado.nl\/fr\/wp-json\/wp\/v2\/media?parent=424"}],"curies":[{"name":"wp","href":"https:\/\/api.w.org\/{rel}","templated":true}]}}