{"id":426,"date":"2025-05-01T12:27:20","date_gmt":"2025-05-01T12:27:20","guid":{"rendered":"https:\/\/reuzado.nl\/?page_id=426"},"modified":"2025-09-24T09:57:02","modified_gmt":"2025-09-24T09:57:02","slug":"a-propos-de-nous","status":"publish","type":"page","link":"https:\/\/reuzado.nl\/fr\/a-propos-de-nous\/","title":{"rendered":"A propos de nous"},"content":{"rendered":"<div  class=\"section section-pageheader-detail  has-no-bg has-no-pattern\">\n        <div class=\"container\">\n            <div class=\"holder\">\n                                    <div class=\"background-image\">\n                        <img decoding=\"async\" src=\"https:\/\/reuzado.nl\/app\/uploads\/2025\/09\/Reuzado-hoge-resolutie-JudithCapponFotografie-9377.jpg\" alt=\"\">\n                    <\/div>\n                \n                                    <div class=\"content\">\n                        <h1>\u00c0 propos de Reuzado ICT Services<\/h1>\n\n                                                    <div class=\"rank-math-breadcrumbs\">\n                                <nav aria-label=\"chapelure\" class=\"rank-math-breadcrumb\"><p><span class=\"last\">Accueil<\/span><\/p><\/nav>                            <\/div>\n                                            <\/div>\n                \n                            <\/div>\n        <\/div>\n    <\/div>\n\n\n        <div  class=\"section section-content has-no-padding-bottom-d has-no-padding-bottom-m has-no-bg has-no-pattern\">\n                        <div class=\"container\">\n                <div class=\"content-holder\">\n                    <div class=\"content\">\n                        <div class=\"inner\">\n                            <h1>Voici Reuzado :<br \/>\nnotre mission et notre vision<\/h1>\n<h3>Esp\u00e9ranto pour \u2018r\u00e9utilisation\u2019<\/h3>\n<p>Reuzado est l'expert pour tout ce qui concerne les TIC. Avec une \u00e9quipe de quelques<strong> 68 coll\u00e8gues<\/strong> qui ne cesse de cro\u00eetre, un <strong>entrep\u00f4t de 5 500 m2<\/strong> et notre propre flotte de v\u00e9hicules, y compris des camions de d\u00e9chiquetage hyper-innovants pour la destruction de donn\u00e9es sur site, nous r\u00e9pondons \u00e0 tous les besoins \u00e0 toutes les \u00e9chelles.<\/p>\n<p>En 2004, la soci\u00e9t\u00e9 n\u00e9erlandaise Reuzado B.V. a \u00e9t\u00e9 fond\u00e9e pour acheter et vendre des biens TIC d'occasion. Depuis, nous sommes devenus une entreprise qui se concentre \u00e0 la fois sur les services TIC (y compris la gestion du cycle de vie et le \"Device as a Service\") et sur l'optimisation de l'\u00e9conomie circulaire dans le domaine du mat\u00e9riel informatique. En tant qu'entreprise autonome, nous travaillons de mani\u00e8re flexible, cr\u00e9ative, innovante et transparente, sans \u00eatre entrav\u00e9s par des structures ou des processus hi\u00e9rarchiques. Cela nous permet de changer rapidement et donc de travailler d'une mani\u00e8re plus orient\u00e9e vers le client et plus durable, en mettant davantage l'accent sur la RSE. Unique dans l'industrie.<\/p>\n                                                                                                <div class=\"button-holder\">\n                                                                                                                            <a href=\"https:\/\/reuzado.nl\/fr\/contact\/\"\n                                                target=\"_self\"\n                                                class=\"button\">Prendre contact<\/a>\n                                                                                                                    <\/div>\n                                                                                    <\/div>\n                    <\/div>\n                <\/div>\n            <\/div>\n        <\/div>\n\n    \n\n    <div\n                class=\"section section-card-slider has-no-bg has-no-pattern is-grid\">\n        <div class=\"holder\">\n                            <div class=\"background-image\">\n                    <img decoding=\"async\" src=\"https:\/\/reuzado.nl\/app\/uploads\/2025\/09\/Reuzado-hoge-resolutie-JudithCapponFotografie-9308.jpg\" alt=\"\">\n                <\/div>\n            \n                            <div class=\"text-holder\">\n                    <h2>Cinq raisons de choisir Reuzado :<\/h2>\n                <\/div>\n            \n                            <div class=\"card-holder\">\n                    <div class=\"card-grid\">\n                                                    <div class=\"card usp\">\n                                                                    <div class=\"icon\">\n                                        <div class=\"icon-wrapper\">\n                                            <i class=\"fa-classic fa-regular fa-handshake\"><\/i>\n                                        <\/div>\n                                    <\/div>\n                                                                                                    <div class=\"inner\">\n                                        <h4>Gamme de services<\/h4>\n<p>Reuzado offre une large gamme de services TIC, y compris le rachat, le traitement et le recyclage du mat\u00e9riel, et surtout la destruction s\u00e9curis\u00e9e des donn\u00e9es confidentielles (donn\u00e9es !). De nombreuses entreprises et organisations vous ont pr\u00e9c\u00e9d\u00e9, notamment des communes, des banques, des \u00e9coles, des cabinets d'avocats, des experts-comptables, des h\u00f4pitaux et des entreprises du secteur informatique et des services aux entreprises.<\/p>\n                                    <\/div>\n                                                            <\/div>\n                                                    <div class=\"card usp\">\n                                                                    <div class=\"icon\">\n                                        <div class=\"icon-wrapper\">\n                                            <i class=\"fa-classic fa-solid fa-users\"><\/i>\n                                        <\/div>\n                                    <\/div>\n                                                                                                    <div class=\"inner\">\n                                        <h4>Qualit\u00e9 et efficacit\u00e9<\/h4>\n<p>Gr\u00e2ce \u00e0 des technologies et des processus avanc\u00e9s, nous obtenons les meilleurs r\u00e9sultats et garantissons un traitement 100% des donn\u00e9es de vos appareils en toute s\u00e9curit\u00e9. En collaborant avec divers partenaires et experts, nous continuons \u00e0 innover et \u00e0 am\u00e9liorer nos services.<\/p>\n                                    <\/div>\n                                                            <\/div>\n                                                    <div class=\"card usp\">\n                                                                    <div class=\"icon\">\n                                        <div class=\"icon-wrapper\">\n                                            <i class=\"fa-classic fa-regular fa-file\"><\/i>\n                                        <\/div>\n                                    <\/div>\n                                                                                                    <div class=\"inner\">\n                                        <h4>R\u00e9duction des co\u00fbts<\/h4>\n<p>En recourant \u00e0 nos services, de nombreuses entreprises et organisations r\u00e9alisent d\u00e9j\u00e0 des \u00e9conomies en termes de personnel, de traitement et de recyclage des d\u00e9chets \u00e9lectroniques, ainsi que d'achat de nouveaux \u00e9quipements. La seconde vie des anciens \u00e9quipements peut \u00e9galement contribuer \u00e0 r\u00e9duire les co\u00fbts globaux.<\/p>\n                                    <\/div>\n                                                            <\/div>\n                                                    <div class=\"card usp\">\n                                                                    <div class=\"icon\">\n                                        <div class=\"icon-wrapper\">\n                                            <i class=\"fa-classic fa-solid fa-seedling\"><\/i>\n                                        <\/div>\n                                    <\/div>\n                                                                                                    <div class=\"inner\">\n                                        <h4>Sensibilisation \u00e0 l'environnement<\/h4>\n<p>Reuzado se concentre sur la durabilit\u00e9 et la r\u00e9duction de la quantit\u00e9 de d\u00e9chets \u00e9lectroniques mis en d\u00e9charge ou incin\u00e9r\u00e9s. Ces d\u00e9chets sont trait\u00e9s de mani\u00e8re responsable et s\u00fbre, dans le respect de l'environnement et de la sant\u00e9 humaine et animale.<\/p>\n                                    <\/div>\n                                                            <\/div>\n                                                    <div class=\"card usp\">\n                                                                    <div class=\"icon\">\n                                        <div class=\"icon-wrapper\">\n                                            <i class=\"fa-classic fa-solid fa-truck-arrow-right\"><\/i>\n                                        <\/div>\n                                    <\/div>\n                                                                                                    <div class=\"inner\">\n                                        <h4>Responsabilit\u00e9 sociale<\/h4>\n<p>choisir les services de Reuzado contribue aux objectifs de RSE et de d\u00e9veloppement durable des entreprises et des organisations. La r\u00e9duction des d\u00e9chets informatiques et la r\u00e9utilisation de mat\u00e9riaux pr\u00e9cieux contribuent \u00e0 un avenir meilleur pour l'environnement et la soci\u00e9t\u00e9 dans son ensemble.<\/p>\n                                    <\/div>\n                                                            <\/div>\n                                            <\/div>\n\n                <\/div>\n                    <\/div>\n\n\n    <\/div>\n\n\n    <div  class=\"section section-images-slider has-no-padding-bottom-d has-no-padding-bottom-m has-no-bg has-no-pattern\">\n        \n                    <div class=\"slider-container\">\n                <div class=\"slider-track\">\n                                            <div class=\"slide\">\n                            <img decoding=\"async\" src=\"https:\/\/reuzado.nl\/app\/uploads\/2025\/09\/Reuzado-hoge-resolutie-JudithCapponFotografie-9291.jpg\" alt=\"\">\n                        <\/div>\n                                            <div class=\"slide\">\n                            <img decoding=\"async\" src=\"https:\/\/reuzado.nl\/app\/uploads\/2025\/09\/Mascotte-2.jpg\" alt=\"\">\n                        <\/div>\n                                            <div class=\"slide\">\n                            <img decoding=\"async\" src=\"https:\/\/reuzado.nl\/app\/uploads\/2025\/09\/Reuzado-lage-resolutie-JudithCapponFotografie-7696.jpg\" alt=\"Circu-IT\">\n                        <\/div>\n                                            <div class=\"slide\">\n                            <img decoding=\"async\" src=\"https:\/\/reuzado.nl\/app\/uploads\/2025\/09\/Reuzado-hoge-resolutie-JudithCapponFotografie-7912.jpg\" alt=\"\">\n                        <\/div>\n                                            <div class=\"slide\">\n                            <img decoding=\"async\" src=\"https:\/\/reuzado.nl\/app\/uploads\/2025\/09\/Reuzado-lage-resolutie-JudithCapponFotografie-7669.jpg\" alt=\"\">\n                        <\/div>\n                                            <div class=\"slide\">\n                            <img decoding=\"async\" src=\"https:\/\/reuzado.nl\/app\/uploads\/2025\/09\/Reuzado-hoge-resolutie-JudithCapponFotografie-7850.jpg\" alt=\"\">\n                        <\/div>\n                                            <div class=\"slide\">\n                            <img decoding=\"async\" src=\"https:\/\/reuzado.nl\/app\/uploads\/2025\/09\/Reuzado-hoge-resolutie-JudithCapponFotografie-9401.jpg\" alt=\"\">\n                        <\/div>\n                                            <div class=\"slide\">\n                            <img decoding=\"async\" src=\"https:\/\/reuzado.nl\/app\/uploads\/2025\/09\/Certificaten.jpg\" alt=\"\">\n                        <\/div>\n                                    <\/div>\n            <\/div>\n            <\/div>\n\n\n        <div  class=\"section section-content text-columns has-indentation has-bg-lightblue has-pattern-colored\">\n            <div class=\"container\">\n                <div class=\"content-holder\">\n                                        <div class=\"column-holder\">\n                        <div class=\"column\">\n                            <div class=\"content\">\n                                <h3>Notre mission<\/h3>\n<p>La mission de Reuzado est de contribuer \u00e0 un monde plus durable en achetant, en traitant (destruction des donn\u00e9es), en r\u00e9utilisant et \u00e9ventuellement en recyclant le mat\u00e9riel informatique de mani\u00e8re responsable et s\u00fbre. Nous aspirons \u00e0 une \u00e9conomie circulaire, o\u00f9 les \u00e9quipements informatiques usag\u00e9s ont une seconde vie (r\u00e9utilisation) et seulement si cela n'est pas possible techniquement, o\u00f9 les mat\u00e9riaux de valeur sont r\u00e9cup\u00e9r\u00e9s et r\u00e9utilis\u00e9s dans l'\u00e9conomie (recyclage).<\/p>\n<p>Tout cela n'est possible que gr\u00e2ce \u00e0 notre sp\u00e9cialisation dans la premi\u00e8re \u00e9tape la plus importante : la destruction des donn\u00e9es. Nous travaillons selon des proc\u00e9dures \u00e9tablies, nous respectons les lois et les r\u00e8glements et nous appliquons nos propres mesures de s\u00e9curit\u00e9, encore plus strictes. Nous nous engageons \u00e9galement \u00e0 prot\u00e9ger l'environnement et la sant\u00e9 humaine et animale en r\u00e9duisant l'incin\u00e9ration ou la mise en d\u00e9charge des d\u00e9chets informatiques. Nous mettons l'accent sur la pr\u00e9servation des ressources naturelles en r\u00e9utilisant les mat\u00e9riaux, r\u00e9duisant ainsi l'extraction de nouvelles mati\u00e8res premi\u00e8res.<\/p>\n                                                            <\/div>\n                        <\/div>\n                        <div class=\"column\">\n                            <div class=\"content\">\n                                <p>Parall\u00e8lement \u00e0 notre mission durable, notre \u00e9quipe s'engage \u00e0 continuer d'offrir le plus haut niveau de service possible dans le domaine des services TIC. Tant pour les services TIC en cours avec l'outil CMDB unique D-atz : Services from A to Z, que pour la phase finale du mat\u00e9riel au sein d'une organisation avec le portail client Circu-IT - \u00e9galement d\u00e9velopp\u00e9 en exclusivit\u00e9 pour Reuzado. Gr\u00e2ce \u00e0 ces outils logiciels in\u00e9gal\u00e9s, hyper conviviaux et innovants (d\u00e9velopp\u00e9s sur mesure pour nous), nous offrons transparence, fiabilit\u00e9, autonomie et efficacit\u00e9 \u00e0 nos relations. Ainsi, aucun temps pr\u00e9cieux n'est perdu et les employ\u00e9s peuvent se consacrer \u00e0 ce qu'ils font le mieux ! La derni\u00e8re innovation de notre offre de services a trait au CSRD, qui concernera de plus en plus d'organisations dans les ann\u00e9es \u00e0 venir. Il s'agit d'un outil permettant de cartographier l'impact CO2 des actifs informatiques, de l'achat \u00e0 l'abandon (Itad). Le rapport sur le CO2 r\u00e9sultant de cet outil peut \u00eatre trait\u00e9 par le CSO directement dans le rapport CSRD complet, de mani\u00e8re efficace et facile.<\/p>\n                                                            <\/div>\n                        <\/div>\n                    <\/div>\n                <\/div>\n            <\/div>\n        <\/div>\n    \n\n        <div  class=\"section section-content two-columns has-no-bg has-no-pattern\">\n            <div class=\"container\">\n                <div class=\"content-holder\">\n                                            <div class=\"column\">\n                            <div class=\"content\">\n                                <h2>Notre vision<\/h2>\n<p>La r\u00e9utilisation des ressources est un \u00e9l\u00e9ment important de la transition vers une \u00e9conomie circulaire. Reuzado joue un r\u00f4le de premier plan dans cette transition en sensibilisant aux avantages et en offrant l'infrastructure technologique et logistique la plus efficace pour un traitement correct et s\u00fbr du mat\u00e9riel et des donn\u00e9es usag\u00e9s.<\/p>\n<p>Reuzado innove et investit en permanence dans les technologies et les processus les plus r\u00e9cents afin d'am\u00e9liorer la qualit\u00e9 et l'efficacit\u00e9 de ses services. Afin de rester un leader dans la destruction des donn\u00e9es et la gestion des d\u00e9chets informatiques.<\/p>\n                            <\/div>\n                        <\/div>\n                                        <div class=\"column\">\n                        <div class=\"content\">\n                            <h2>Nos valeurs<\/h2>\n<p>Chez Reuzado, la transparence, la collaboration et la technologie sont essentielles. Nous ne travaillons qu'avec des partenaires qui partagent notre code de conduite et nos valeurs fondamentales et qui investissent consciemment dans les capacit\u00e9s locales. La r\u00e9utilisation est toujours pr\u00e9f\u00e9r\u00e9e au recyclage ou \u00e0 la destruction. Ainsi, nous construisons chaque jour une cha\u00eene informatique circulaire, responsable et tourn\u00e9e vers l'avenir.<\/p>\n                                                            <div class=\"button-holder\">\n                                                                            <a href=\"https:\/\/reuzado.nl\/fr\/nos-valeurs\/\"\n                                            target=\"_self\"\n                                            class=\"button\">En savoir plus sur nos valeurs<\/a>\n                                                                                                        <\/div>\n                                                    <\/div>\n                    <\/div>\n                <\/div>\n            <\/div>\n        <\/div>\n\n    \n\n        <div  class=\"section section-block-cards has-bg-lightblue has-pattern-blue\">\n            \n            <div class=\"container\">\n                <div class=\"holder\">\n                    <div class=\"content-holder\">\n                        <h2>Pourquoi choisir Reuzado ?<\/h2>\n<p>Nous aimerions vous donner les 5 principales raisons de choisir les services ICT de Reuzado.<\/p>\n\n                                                    <div class=\"button-holder\">\n                                <a href=\"https:\/\/reuzado.nl\/fr\/contact\/\" target=\"_self\" class=\"button\">\n                                    Prendre contact                                <\/a>\n                            <\/div>\n                                            <\/div>\n\n                    <div class=\"block-holder\">\n                                                    <div class=\"blocks\">\n                                                                                                            <div class=\"column\">\n                                                                                            <div class=\"block\">\n                                                    <div class=\"inner\">\n                                                        <h3>Sensibilisation \u00e0 l'environnement<\/h3>\n<p>Contribution active \u00e0 la r\u00e9duction des d\u00e9chets \u00e9lectroniques par la r\u00e9utilisation et le recyclage.<\/p>\n                                                                                                            <\/div>\n                                                <\/div>\n                                                                                            <div class=\"block\">\n                                                    <div class=\"inner\">\n                                                        <h3>\u00a0Gamme de services<\/h3>\n<p>Du rachat et de l'effacement \u00e0 la remise en \u00e9tat et \u00e0 l'\u00e9tablissement de rapports.<\/p>\n                                                                                                            <\/div>\n                                                <\/div>\n                                                                                    <\/div>\n                                                                                                                                                <div class=\"column\">\n                                                                                            <div class=\"block\">\n                                                    <div class=\"inner\">\n                                                        <h3>Qualit\u00e9 et efficacit\u00e9<\/h3>\n<p>Outils et processus avanc\u00e9s, tels que notre outil CMDB unique D-atz et le portail client Circu-IT.<\/p>\n                                                                                                            <\/div>\n                                                <\/div>\n                                                                                            <div class=\"block\">\n                                                    <div class=\"inner\">\n                                                        <h3>R\u00e9duction des co\u00fbts<\/h3>\n<p>Diminution des co\u00fbts d'approvisionnement, r\u00e9duction des d\u00e9chets, processus plus efficaces.<\/p>\n                                                                                                            <\/div>\n                                                <\/div>\n                                                                                            <div class=\"block\">\n                                                    <div class=\"inner\">\n                                                        <h3>Responsabilit\u00e9 sociale<\/h3>\n<p>Reuzado r\u00e9pond \u00e0 la norme PSO 30+ et aide votre organisation \u00e0 atteindre ses objectifs en mati\u00e8re de RSE.<\/p>\n                                                                                                            <\/div>\n                                                <\/div>\n                                                                                    <\/div>\n                                                                                                <\/div>\n                                            <\/div>\n                <\/div>\n            <\/div>\n        <\/div>\n    \n\n    <div  class=\"section section-cta has-small-image has-no-padding-bottom-d has-no-padding-bottom-m has-no-bg has-no-pattern\">\n        \n        <div class=\"holder\">\n            <div class=\"container\">\n                <div class=\"cta-holder\">\n                                            <div class=\"image-holder\">\n                            <img decoding=\"async\" src=\"https:\/\/reuzado.nl\/app\/uploads\/2025\/06\/LI-retouched.jpg\" alt=\"\">\n                        <\/div>\n                                        <div class=\"content-holder\">\n                        <div class=\"inner\">\n                            <h4>Travailler avec Reuzado<\/h4>\n<p>Qu'il s'agisse de la destruction s\u00e9curis\u00e9e de donn\u00e9es, de la r\u00e9utilisation de mat\u00e9riel ou de la mise en \u0153uvre de nouvelles solutions TIC, Reuzado est l\u00e0 pour vous. Contactez-nous et d\u00e9couvrez comment nous pouvons travailler ensemble pour cr\u00e9er un environnement TIC plus durable et plus efficace.<\/p>\n                                                            <div class=\"button-holder\">\n                                    \n                                                                            <a href=\"https:\/\/reuzado.nl\/fr\/contact\/\"\n                                           target=\"_self\"\n                                           class=\"button alt\">Prendre contact<\/a>\n                                                                    <\/div>\n                                                    <\/div>\n                    <\/div>\n                <\/div>\n            <\/div>\n        <\/div>\n\n                    <div class=\"background-image\">\n                <img decoding=\"async\" src=\"https:\/\/reuzado.nl\/app\/uploads\/2025\/09\/Reuzado-hoge-resolutie-JudithCapponFotografie-9468.jpg\" alt=\"\">\n            <\/div>\n            <\/div>","protected":false},"excerpt":{"rendered":"","protected":false},"author":1,"featured_media":0,"parent":0,"menu_order":0,"comment_status":"closed","ping_status":"closed","template":"","meta":{"_acf_changed":false,"footnotes":""},"class_list":["post-426","page","type-page","status-publish","hentry"],"acf":[],"_links":{"self":[{"href":"https:\/\/reuzado.nl\/fr\/wp-json\/wp\/v2\/pages\/426","targetHints":{"allow":["GET"]}}],"collection":[{"href":"https:\/\/reuzado.nl\/fr\/wp-json\/wp\/v2\/pages"}],"about":[{"href":"https:\/\/reuzado.nl\/fr\/wp-json\/wp\/v2\/types\/page"}],"author":[{"embeddable":true,"href":"https:\/\/reuzado.nl\/fr\/wp-json\/wp\/v2\/users\/1"}],"replies":[{"embeddable":true,"href":"https:\/\/reuzado.nl\/fr\/wp-json\/wp\/v2\/comments?post=426"}],"version-history":[{"count":0,"href":"https:\/\/reuzado.nl\/fr\/wp-json\/wp\/v2\/pages\/426\/revisions"}],"wp:attachment":[{"href":"https:\/\/reuzado.nl\/fr\/wp-json\/wp\/v2\/media?parent=426"}],"curies":[{"name":"wp","href":"https:\/\/api.w.org\/{rel}","templated":true}]}}