{"id":437,"date":"2025-05-01T12:31:55","date_gmt":"2025-05-01T12:31:55","guid":{"rendered":"https:\/\/reuzado.nl\/?page_id=437"},"modified":"2026-02-17T15:22:43","modified_gmt":"2026-02-17T15:22:43","slug":"location-de-materiel-informatique","status":"publish","type":"page","link":"https:\/\/reuzado.nl\/fr\/services-de-solutions\/location-de-materiel-informatique\/","title":{"rendered":"Location de TIC"},"content":{"rendered":"<div  class=\"section section-pageheader-detail  has-no-bg has-no-pattern\">\n        <div class=\"container\">\n            <div class=\"holder\">\n                                    <div class=\"background-image\">\n                        <img decoding=\"async\" src=\"https:\/\/reuzado.nl\/app\/uploads\/2025\/09\/Reuzado-hoge-resolutie-JudithCapponFotografie-7876.jpg\" alt=\"Services de gestion du cycle de vie\">\n                    <\/div>\n                \n                                    <div class=\"content\">\n                        <h1>Location de TIC<\/h1>\n\n                                                    <div class=\"rank-math-breadcrumbs\">\n                                <nav aria-label=\"chapelure\" class=\"rank-math-breadcrumb\"><p><span class=\"last\">Accueil<\/span><\/p><\/nav>                            <\/div>\n                                            <\/div>\n                \n                            <\/div>\n        <\/div>\n    <\/div>\n\n\n        <div  class=\"section section-content two-columns has-no-bg has-no-pattern\">\n            <div class=\"container\">\n                <div class=\"content-holder\">\n                                            <div class=\"column\">\n                            <div class=\"content\">\n                                <h2>Des solutions TIC sur mesure, flexibles et durables<\/h2>\n                            <\/div>\n                        <\/div>\n                                        <div class=\"column\">\n                        <div class=\"content\">\n                            <p>Votre organisation a temporairement besoin de mat\u00e9riel informatique suppl\u00e9mentaire ? Ou cherchez-vous une solution flexible pour vos besoins changeants en mat\u00e9riel informatique ? Reuzado propose une large gamme d'\u00e9quipements informatiques \u00e0 louer, allant des ordinateurs portables et de bureau aux serveurs et imprimantes. Gr\u00e2ce \u00e0 nos services flexibles et \u00e0 notre souci de durabilit\u00e9, nous fournissons une solution qui r\u00e9pond parfaitement \u00e0 vos besoins.<\/p>\n                                                            <div class=\"button-holder\">\n                                                                            <a href=\"https:\/\/reuzado.nl\/fr\/demander-un-devis\/\"\n                                            target=\"_self\"\n                                            class=\"button\">Demande de devis<\/a>\n                                                                                                                <a href=\"https:\/\/reuzado.nl\/fr\/contact\/\"\n                                            target=\"_self\"\n                                            class=\"button alt\">Prendre contact<\/a>\n                                                                    <\/div>\n                                                    <\/div>\n                    <\/div>\n                <\/div>\n            <\/div>\n        <\/div>\n\n    \n\n    <div  class=\"section section-intro-text-image has-no-padding-top-d has-no-padding-top-m has-no-bg has-no-pattern\">\n        <div class=\"wrapper\">\n            <div class=\"column-wrapper\">\n                <div class=\"column-holder\">\n                    <div class=\"column\">\n                        <div class=\"image-holder is-blue\">\n                        <\/div>\n                    <\/div>\n                    <div class=\"column\">\n                        <div class=\"image-holder is-lightblue\">\n                        <\/div>\n                        <div class=\"image-holder is-blue\">\n                        <\/div>\n                    <\/div>\n                    <div class=\"column\">\n                                                    <div class=\"image-holder\">\n                                <img decoding=\"async\" src=\"https:\/\/reuzado.nl\/app\/uploads\/2025\/09\/Twee-collega_s-.jpg\" alt=\"\">\n                            <\/div>\n                                                <div class=\"image-holder is-blue\">\n                        <\/div>\n                    <\/div>\n                <\/div>\n            <\/div>\n            <div class=\"container\">\n                <div class=\"title\">\n                                            <h2>Notre offre : La location de mat\u00e9riel informatique qui \u00e9volue avec votre organisation<\/h2>\n                    \n                                    <\/div>\n                <div class=\"mobile-image\">\n                    <div class=\"column-holder\">\n                        <div class=\"column\">\n                            <div class=\"image-holder is-blue\">\n                            <\/div>\n                        <\/div>\n                        <div class=\"column\">\n                            <div class=\"image-holder is-lightblue\">\n                            <\/div>\n                            <div class=\"image-holder is-blue\">\n                            <\/div>\n                        <\/div>\n                        <div class=\"column\">\n                                                            <div class=\"image-holder\">\n                                    <img decoding=\"async\" src=\"https:\/\/reuzado.nl\/app\/uploads\/2025\/09\/Twee-collega_s-.jpg\" alt=\"\">\n                                <\/div>\n                                                        <div class=\"image-holder is-blue\">\n                            <\/div>\n                        <\/div>\n                    <\/div>\n                <\/div>\n                <div class=\"text\">\n                    <div class=\"inner\">\n                                                    <p>Que vous ayez besoin d'un simple ordinateur portable pour un employ\u00e9 temporaire ou que vous souhaitiez mettre en place un r\u00e9seau complet de postes de travail pour un \u00e9v\u00e9nement, vous \u00eates au bon endroit chez Reuzado. Nous louons une large gamme de mat\u00e9riel informatique, y compris des ordinateurs portables, des ordinateurs de bureau, des serveurs et des imprimantes, tous disponibles dans notre propre stock. Vous pouvez donc agir rapidement, sans devoir faire de gros investissements.<\/p>\n<p>Avec nous, vous louez exactement ce dont vous avez besoin, aussi longtemps que vous en avez besoin. Il n'y a pas d'achat minimum ni de dur\u00e9e fixe : la flexibilit\u00e9 est primordiale. Que ce soit pour quelques jours, quelques mois ou m\u00eame un an, nous adaptons enti\u00e8rement la location \u00e0 votre situation. La location de mat\u00e9riel informatique est donc id\u00e9ale pour les projets temporaires, les pics saisonniers ou comme mesure de transition en cas de probl\u00e8mes de livraison d'un nouvel \u00e9quipement.<\/p>\n                                                                    <\/div>\n                <\/div>\n            <\/div>\n        <\/div>\n    <\/div>\n\n\n        <div  class=\"section section-block-cards has-bg-lightblue has-no-pattern\">\n            \n            <div class=\"container\">\n                <div class=\"holder\">\n                    <div class=\"content-holder\">\n                        <p><strong>Location de TIC<\/strong><\/p>\n<h2>Notre service : rapide, s\u00fbr et enti\u00e8rement gratuit<\/h2>\n<p>Chez Reuzado, la location informatique va au-del\u00e0 de la simple fourniture de mat\u00e9riel. Nous assurons une livraison rapide, souvent dans les 24 heures, et fournissons une assistance sur place pour l'installation et le d\u00e9montage des postes de travail. Ensuite, nous assurons la destruction certifi\u00e9e des donn\u00e9es, de sorte que vos donn\u00e9es sont toujours en s\u00e9curit\u00e9. Vous pouvez compter sur une personnalisation, des accords clairs et une \u00e9quipe qui r\u00e9fl\u00e9chit avec vous - du premier contact jusqu'au moment o\u00f9 tout est ramass\u00e9 proprement.<\/p>\n\n                                                    <div class=\"button-holder\">\n                                <a href=\"https:\/\/reuzado.nl\/fr\/contact\/\" target=\"_self\" class=\"button\">\n                                    Prendre contact                                <\/a>\n                            <\/div>\n                                            <\/div>\n\n                    <div class=\"block-holder\">\n                                                    <div class=\"blocks has-four\">\n                                                                                                            <div class=\"column\">\n                                                                                            <div class=\"block\">\n                                                    <div class=\"inner\">\n                                                        <h3>Livraison rapide<\/h3>\n<p>Livraison sur place en 24 heures aux Pays-Bas.<\/p>\n                                                                                                            <\/div>\n                                                <\/div>\n                                                                                            <div class=\"block\">\n                                                    <div class=\"inner\">\n                                                        <h3>Soutien sur place<\/h3>\n<p>Aide au montage et au d\u00e9montage des postes de travail.<\/p>\n                                                                                                            <\/div>\n                                                <\/div>\n                                                                                    <\/div>\n                                                                                                                                                <div class=\"column\">\n                                                                                            <div class=\"block\">\n                                                    <div class=\"inner\">\n                                                        <h3>S\u00e9curit\u00e9 des donn\u00e9es<\/h3>\n<p>Destruction certifi\u00e9e des donn\u00e9es avec Blancco pour les envois de retour.<\/p>\n                                                                                                            <\/div>\n                                                <\/div>\n                                                                                            <div class=\"block\">\n                                                    <div class=\"inner\">\n                                                        <h3>Solutions sur mesure<\/h3>\n<p>Nous r\u00e9fl\u00e9chissons avec vous \u00e0 la meilleure approche pour votre organisation.<\/p>\n                                                                                                            <\/div>\n                                                <\/div>\n                                                                                    <\/div>\n                                                                                                <\/div>\n                                            <\/div>\n                <\/div>\n            <\/div>\n        <\/div>\n    \n\n    <div         class=\"section section-image-content has-no-padding-top-d has-no-bg has-no-pattern has-image-left\">\n        <div class=\"holder\">\n                            <div class=\"image-holder\">\n                                            <div class=\"column\">\n                            <div class=\"image-wrapper\">\n                                <img decoding=\"async\" src=\"https:\/\/reuzado.nl\/app\/uploads\/2025\/09\/Reuzado-hoge-resolutie-JudithCapponFotografie-7858.jpg\" alt=\"\">\n                            <\/div>\n                        <\/div>\n                                        <div class=\"column\">\n                                                    <div class=\"image-wrapper\">\n                                <img decoding=\"async\" src=\"https:\/\/reuzado.nl\/app\/uploads\/2025\/09\/Reuzado-hoge-resolutie-JudithCapponFotografie-7754.jpg\" alt=\"\">\n                            <\/div>\n                                                                            <div class=\"image-wrapper\">\n                                <img decoding=\"async\" src=\"https:\/\/reuzado.nl\/app\/uploads\/2025\/09\/Reuzado-hoge-resolutie-JudithCapponFotografie-9124.jpg\" alt=\"\">\n                            <\/div>\n                                            <\/div>\n                                            <div class=\"column\">\n                            <div class=\"image-wrapper\">\n                                <img decoding=\"async\" src=\"https:\/\/reuzado.nl\/app\/uploads\/2025\/09\/Reuzado-hoge-resolutie-JudithCapponFotografie-7865.jpg\" alt=\"\">\n                            <\/div>\n                        <\/div>\n                                    <\/div>\n                <div class=\"image-holder-mobile\">\n\n                                            <div class=\"column\">\n                            <div class=\"image-wrapper\">\n                                <img decoding=\"async\" src=\"https:\/\/reuzado.nl\/app\/uploads\/2025\/09\/Reuzado-hoge-resolutie-JudithCapponFotografie-7858.jpg\" alt=\"\">\n                            <\/div>\n                        <\/div>\n                                        <div class=\"column\">\n                                                    <div class=\"image-wrapper\">\n                                <img decoding=\"async\" src=\"https:\/\/reuzado.nl\/app\/uploads\/2025\/09\/Reuzado-hoge-resolutie-JudithCapponFotografie-7754.jpg\" alt=\"\">\n                            <\/div>\n                                                                            <div class=\"image-wrapper\">\n                                <img decoding=\"async\" src=\"https:\/\/reuzado.nl\/app\/uploads\/2025\/09\/Reuzado-hoge-resolutie-JudithCapponFotografie-9124.jpg\" alt=\"\">\n                            <\/div>\n                                            <\/div>\n                                            <div class=\"column\">\n                            <div class=\"image-wrapper\">\n                                <img decoding=\"async\" src=\"https:\/\/reuzado.nl\/app\/uploads\/2025\/09\/Reuzado-hoge-resolutie-JudithCapponFotografie-7865.jpg\" alt=\"\">\n                            <\/div>\n                            <div class=\"image-wrapper is-blue\">\n                            <\/div>\n                        <\/div>\n                                    <\/div>\n                        <div class=\"content-holder\">\n                <div class=\"inner\">\n                                            <p><strong>Location de TIC<\/strong><\/p>\n<h2>Pourquoi choisir Reuzado ?<\/h2>\n<ul>\n<li><strong>Durabilit\u00e9<\/strong>Nos services de location contribuent \u00e0 l'\u00e9conomie circulaire en r\u00e9utilisant le mat\u00e9riel informatique.<\/li>\n<li><strong>L'orientation client<\/strong>Nous vous proposons des solutions adapt\u00e9es \u00e0 vos besoins sp\u00e9cifiques.<\/li>\n<li><strong>Fiabilit\u00e9<\/strong>Les services informatiques : Forts de nos ann\u00e9es d'exp\u00e9rience dans le secteur des TIC, nous sommes un partenaire fiable pour vos besoins informatiques.<\/li>\n<li><strong>D\u00e9charge compl\u00e8te<\/strong>Nous vous d\u00e9chargeons de l'ensemble du processus, de la livraison \u00e0 l'installation et \u00e0 la destruction des donn\u00e9es.<\/li>\n<\/ul>\n                    \n                                    <\/div>\n            <\/div>\n        <\/div>\n    <\/div>\n\n\n    <div  class=\"section section-cta has-small-image has-no-padding-bottom-d has-no-padding-bottom-m has-no-bg has-no-pattern\">\n        \n        <div class=\"holder\">\n            <div class=\"container\">\n                <div class=\"cta-holder\">\n                                            <div class=\"image-holder\">\n                            <img decoding=\"async\" src=\"https:\/\/reuzado.nl\/app\/uploads\/2025\/06\/LI-retouched.jpg\" alt=\"\">\n                        <\/div>\n                                        <div class=\"content-holder\">\n                        <div class=\"inner\">\n                            <h2>Contactez nous<\/h2>\n<p>Vous souhaitez en savoir plus sur nos services de location de mat\u00e9riel informatique ou demander un devis ? Contactez-nous via <a href=\"mailto:info@reuzado.nl\">info@reuzado.nl<\/a> ou appeler <a href=\"tel:+31(0)235519821\">+31 (0)23 551 98 21<\/a>. Ensemble, nous trouverons la meilleure solution pour votre organisation.<\/p>\n                                                            <div class=\"button-holder\">\n                                    \n                                                                            <a href=\"https:\/\/reuzado.nl\/fr\/contact\/\"\n                                           target=\"_self\"\n                                           class=\"button alt\">Prendre contact<\/a>\n                                                                    <\/div>\n                                                    <\/div>\n                    <\/div>\n                <\/div>\n            <\/div>\n        <\/div>\n\n                    <div class=\"background-image\">\n                <img decoding=\"async\" src=\"https:\/\/reuzado.nl\/app\/uploads\/2025\/06\/Reuzado-9377-scaled.jpg\" alt=\"\">\n            <\/div>\n            <\/div>","protected":false},"excerpt":{"rendered":"","protected":false},"author":1,"featured_media":0,"parent":424,"menu_order":0,"comment_status":"closed","ping_status":"closed","template":"","meta":{"_acf_changed":false,"footnotes":""},"class_list":["post-437","page","type-page","status-publish","hentry"],"acf":[],"_links":{"self":[{"href":"https:\/\/reuzado.nl\/fr\/wp-json\/wp\/v2\/pages\/437","targetHints":{"allow":["GET"]}}],"collection":[{"href":"https:\/\/reuzado.nl\/fr\/wp-json\/wp\/v2\/pages"}],"about":[{"href":"https:\/\/reuzado.nl\/fr\/wp-json\/wp\/v2\/types\/page"}],"author":[{"embeddable":true,"href":"https:\/\/reuzado.nl\/fr\/wp-json\/wp\/v2\/users\/1"}],"replies":[{"embeddable":true,"href":"https:\/\/reuzado.nl\/fr\/wp-json\/wp\/v2\/comments?post=437"}],"version-history":[{"count":0,"href":"https:\/\/reuzado.nl\/fr\/wp-json\/wp\/v2\/pages\/437\/revisions"}],"up":[{"embeddable":true,"href":"https:\/\/reuzado.nl\/fr\/wp-json\/wp\/v2\/pages\/424"}],"wp:attachment":[{"href":"https:\/\/reuzado.nl\/fr\/wp-json\/wp\/v2\/media?parent=437"}],"curies":[{"name":"wp","href":"https:\/\/api.w.org\/{rel}","templated":true}]}}