{"id":439,"date":"2025-05-01T12:32:18","date_gmt":"2025-05-01T12:32:18","guid":{"rendered":"https:\/\/reuzado.nl\/?page_id=439"},"modified":"2025-09-24T09:29:05","modified_gmt":"2025-09-24T09:29:05","slug":"don-de-tic","status":"publish","type":"page","link":"https:\/\/reuzado.nl\/fr\/services-de-solutions\/don-de-tic\/","title":{"rendered":"Donation informatique"},"content":{"rendered":"<div  class=\"section section-pageheader-detail  has-no-bg has-no-pattern\">\n        <div class=\"container\">\n            <div class=\"holder\">\n                                    <div class=\"background-image\">\n                        <img decoding=\"async\" src=\"https:\/\/reuzado.nl\/app\/uploads\/2025\/09\/Reuzado-hoge-resolutie-JudithCapponFotografie-9291.jpg\" alt=\"\">\n                    <\/div>\n                \n                                    <div class=\"content\">\n                        <h1>IT Donate via Reuzado<\/h1>\n\n                                                    <div class=\"rank-math-breadcrumbs\">\n                                <nav aria-label=\"chapelure\" class=\"rank-math-breadcrumb\"><p><span class=\"last\">Accueil<\/span><\/p><\/nav>                            <\/div>\n                                            <\/div>\n                \n                            <\/div>\n        <\/div>\n    <\/div>\n\n\n        <div  class=\"section section-content two-columns has-no-padding-bottom-d has-no-padding-bottom-m has-no-bg has-no-pattern\">\n            <div class=\"container\">\n                <div class=\"content-holder\">\n                                            <div class=\"column\">\n                            <div class=\"content\">\n                                <h2>Soutenez une bonne cause : faites don de la valeur r\u00e9siduelle de votre mat\u00e9riel informatique<\/h2>\n                            <\/div>\n                        <\/div>\n                                        <div class=\"column\">\n                        <div class=\"content\">\n                            <p>Faites don de votre mat\u00e9riel informatique \u00e0 l'organisation caritative de votre choix et b\u00e9n\u00e9ficiez d'une \u00e9limination certifi\u00e9e, 100%, s\u00fbre et professionnelle de vos pr\u00e9cieuses donn\u00e9es. La combinaison ultime de la responsabilit\u00e9 sociale de l'entreprise et de la garantie d'une \u00e9limination s\u00fbre des donn\u00e9es du mat\u00e9riel informatique d\u00e9pr\u00e9ci\u00e9 de votre organisation.<\/p>\n                                                            <div class=\"button-holder\">\n                                                                            <a href=\"https:\/\/reuzado.nl\/fr\/contact\/\"\n                                            target=\"_self\"\n                                            class=\"button\">Prendre contact<\/a>\n                                                                                                        <\/div>\n                                                    <\/div>\n                    <\/div>\n                <\/div>\n            <\/div>\n        <\/div>\n\n    \n\n    <div         class=\"section section-image-content has-no-bg has-no-pattern has-image-left\">\n        <div class=\"holder\">\n                            <div class=\"image-holder\">\n                                            <div class=\"column\">\n                            <div class=\"image-wrapper\">\n                                <img decoding=\"async\" src=\"https:\/\/reuzado.nl\/app\/uploads\/2025\/07\/IMG_3717-1.jpg\" alt=\"\">\n                            <\/div>\n                        <\/div>\n                                        <div class=\"column\">\n                                                    <div class=\"image-wrapper\">\n                                <img decoding=\"async\" src=\"https:\/\/reuzado.nl\/app\/uploads\/2025\/09\/Reuzado-hoge-resolutie-JudithCapponFotografie-9424.jpg\" alt=\"\">\n                            <\/div>\n                                                                            <div class=\"image-wrapper\">\n                                <img decoding=\"async\" src=\"https:\/\/reuzado.nl\/app\/uploads\/2025\/09\/Reuzado-hoge-resolutie-JudithCapponFotografie-9459.jpg\" alt=\"\">\n                            <\/div>\n                                            <\/div>\n                                            <div class=\"column\">\n                            <div class=\"image-wrapper\">\n                                <img decoding=\"async\" src=\"https:\/\/reuzado.nl\/app\/uploads\/2025\/09\/Mascotte-2.jpg\" alt=\"\">\n                            <\/div>\n                        <\/div>\n                                    <\/div>\n                <div class=\"image-holder-mobile\">\n\n                                            <div class=\"column\">\n                            <div class=\"image-wrapper\">\n                                <img decoding=\"async\" src=\"https:\/\/reuzado.nl\/app\/uploads\/2025\/07\/IMG_3717-1.jpg\" alt=\"\">\n                            <\/div>\n                        <\/div>\n                                        <div class=\"column\">\n                                                    <div class=\"image-wrapper\">\n                                <img decoding=\"async\" src=\"https:\/\/reuzado.nl\/app\/uploads\/2025\/09\/Reuzado-hoge-resolutie-JudithCapponFotografie-9424.jpg\" alt=\"\">\n                            <\/div>\n                                                                            <div class=\"image-wrapper\">\n                                <img decoding=\"async\" src=\"https:\/\/reuzado.nl\/app\/uploads\/2025\/09\/Reuzado-hoge-resolutie-JudithCapponFotografie-9459.jpg\" alt=\"\">\n                            <\/div>\n                                            <\/div>\n                                            <div class=\"column\">\n                            <div class=\"image-wrapper\">\n                                <img decoding=\"async\" src=\"https:\/\/reuzado.nl\/app\/uploads\/2025\/09\/Mascotte-2.jpg\" alt=\"\">\n                            <\/div>\n                            <div class=\"image-wrapper is-blue\">\n                            <\/div>\n                        <\/div>\n                                    <\/div>\n                        <div class=\"content-holder\">\n                <div class=\"inner\">\n                                            <h2>Vous souhaitez \u00e9galement faire don de mat\u00e9riel informatique ?<\/h2>\n<p>Le mat\u00e9riel informatique de votre entreprise est \u00e9conomiquement d\u00e9pr\u00e9ci\u00e9, mais il est encore en bon \u00e9tat et se pr\u00eate \u00e0 une seconde vie ? Dans la plupart des cas, il vaut encore de l'argent. Vous pouvez faire don de ce montant directement via Reuzado \u00e0 l'organisation caritative de votre choix. En \u00e9change de ce soutien social, Reuzado se charge de l'\u00e9limination certifi\u00e9e et garantie des donn\u00e9es : du transport en toute s\u00e9curit\u00e9 des donn\u00e9es jusqu'au don en votre nom \u00e0 l'organisation caritative de votre choix.<\/p>\n<p>\u201cDepuis la cr\u00e9ation de Reuzado (et bien avant que la RSE ne soit un concept), nous soutenons nous-m\u00eames des associations caritatives et des fondations locales. Aujourd'hui, nous travaillons en \u00e9troite collaboration avec Business &amp; Society, une organisation bas\u00e9e \u00e0 Haarlem qui soutient toutes sortes d'initiatives locales. Par le biais du don de technologies de l'information, nous voulons \u00e9galement encourager d'autres entreprises \u00e0 faire de m\u00eame. Nous prenons en charge les frais de destruction des donn\u00e9es et le produit de la vente des appareils est revers\u00e9 \u00e0 l'organisation caritative choisie par le donateur. Tout le monde y gagne !\u201d<\/p>\n                    \n                                    <\/div>\n            <\/div>\n        <\/div>\n    <\/div>\n\n\n        <div  class=\"section section-donations has-no-padding-bottom-d has-no-padding-bottom-m has-no-bg has-no-pattern\">\n        <div class=\"holder\">\n            <div class=\"container\">\n                <div class=\"cta-holder\">\n                    <div class=\"information-holder\">\n                                                    <div class=\"image-holder\">\n                                <img decoding=\"async\" src=\"https:\/\/reuzado.nl\/app\/uploads\/2025\/09\/Reuzado-hoge-resolutie-JudithCapponFotografie-9377.jpg\" alt=\"\">\n                            <\/div>\n                                                <div class=\"text\">\n                            <div class=\"text-inner\">\n                                                                    <h3>Ce montant a d\u00e9j\u00e0 \u00e9t\u00e9 donn\u00e9 <strong>via Reuzado<\/strong><\/h3>\n                                \n                                                                    <h3 class=\"amount\">\u20ac658.949<\/h3>\n                                                            <\/div>\n                        <\/div>\n                    <\/div>\n\n                    <div class=\"content-holder\">\n                        <div class=\"inner\">\n                                                            <h2>Faire un impact avec votre don<\/h2>\n<p>Avec le programme de donation ICT de Reuzado, vous donnez la valeur r\u00e9siduelle de votre mat\u00e9riel informatique d\u00e9pr\u00e9ci\u00e9 \u00e0 une bonne cause. Reuzado assure une destruction s\u00fbre des donn\u00e9es, un traitement transparent et veille \u00e0 ce que votre don aille \u00e0 une fondation de votre choix. Vous combinez ainsi durabilit\u00e9 et engagement social d'une mani\u00e8re fiable et simple.<\/p>\n                            \n                                                            <div class=\"button-holder\">\n                                    <a href=\"https:\/\/reuzado.nl\/fr\/contact\/\" target=\"_self\" class=\"button\">Je souhaite \u00e9galement faire un don<\/a>\n                                <\/div>\n                                                    <\/div>\n                    <\/div>\n                <\/div>\n            <\/div>\n        <\/div>\n\n                    <div class=\"background-image\">\n                <img decoding=\"async\" src=\"https:\/\/reuzado.nl\/app\/uploads\/2025\/07\/6T7A9338-1.png\" alt=\"\">\n            <\/div>\n            <\/div>\n\n\n        <div  class=\"section section-block-cards has-bg-lightblue has-pattern-blue\">\n            \n            <div class=\"container\">\n                <div class=\"holder\">\n                    <div class=\"content-holder\">\n                        <h2>Donation informatique : Soutenez une association caritative de votre choix<\/h2>\n<p>Choisissez votre propre organisation caritative et faites don de la valeur r\u00e9siduelle de votre mat\u00e9riel informatique.<\/p>\n\n                                                    <div class=\"button-holder\">\n                                <a href=\"https:\/\/reuzado.nl\/fr\/contact\/\" target=\"_self\" class=\"button\">\n                                    Prendre contact                                <\/a>\n                            <\/div>\n                                            <\/div>\n\n                    <div class=\"block-holder\">\n                                                    <div class=\"blocks has-four\">\n                                                                                                            <div class=\"column\">\n                                                                                            <div class=\"block\">\n                                                    <div class=\"inner\">\n                                                        <h3>Pourquoi via Reuzado ?<\/h3>\n<p>Reuzado encourage les entreprises \u00e0 faire don de leur mat\u00e9riel informatique \u00e0 des \u0153uvres caritatives. Au sens figur\u00e9, bien s\u00fbr, car le don r\u00e9el se fait en euros sonnants et tr\u00e9buchants : le produit de la vente du mat\u00e9riel donn\u00e9. Mais la premi\u00e8re \u00e9tape consiste toujours \u00e0 garantir l'\u00e9limination s\u00e9curis\u00e9e des donn\u00e9es. Il s'agit d'un processus co\u00fbteux qui doit \u00eatre ex\u00e9cut\u00e9 avec soin pour garantir la s\u00e9curit\u00e9. Dans le cadre d'un processus de donation informatique, nous prenons en charge ces co\u00fbts.<\/p>\n                                                                                                            <\/div>\n                                                <\/div>\n                                                                                            <div class=\"block\">\n                                                    <div class=\"inner\">\n                                                        <h3>100% Suppression s\u00e9curis\u00e9e des donn\u00e9es<\/h3>\n<p>Pour de nombreuses entreprises, les donn\u00e9es sont leur bien le plus pr\u00e9cieux. Reuzado supprime ces donn\u00e9es 100% de mani\u00e8re s\u00fbre, confidentielle et compl\u00e8te. Et certifi\u00e9. Sans souci, donc. Et avec le don d'informatique, gratuitement*.<\/p>\n                                                                                                            <\/div>\n                                                <\/div>\n                                                                                    <\/div>\n                                                                                                                                                <div class=\"column\">\n                                                                                            <div class=\"block\">\n                                                    <div class=\"inner\">\n                                                        <h3>\u201cPratiquer ce que l'on pr\u00eache\u201d<\/h3>\n<p>Outre l'incitant financier (suppression gratuite des donn\u00e9es) que nous offrons aux entreprises pour qu'elles optent pour le don de technologies de l'information, Reuzado soutient directement les projets n\u00e9cessaires. Il s'agit g\u00e9n\u00e9ralement de fondations et d'organisations de la r\u00e9gion de Haarlem, de sorte que nous ne sommes pas seulement impliqu\u00e9s financi\u00e8rement, mais aussi pratiquement : par exemple, par le biais d'un soutien en mati\u00e8re de TIC.<\/p>\n                                                                                                            <\/div>\n                                                <\/div>\n                                                                                            <div class=\"block\">\n                                                    <div class=\"inner\">\n                                                        <h3>Pas besoin de s'inqui\u00e9ter de la logistique<\/h3>\n<p>Nous nous chargeons de toute la logistique et du traitement. Transport s\u00e9curis\u00e9 ou m\u00eame destruction des donn\u00e9es sur place dans notre d\u00e9chiqueteuse mobile unique en son genre. La s\u00e9curit\u00e9 des donn\u00e9es est \u00e9galement garantie dans notre entrep\u00f4t gr\u00e2ce \u00e0 des mesures de s\u00e9curit\u00e9 optimales. Nous travaillons avec notre propre personnel de confiance, de sorte que le facteur humain est \u00e9galement sous contr\u00f4le. Enfin, vous recevez \u00e9galement des certificats de destruction des donn\u00e9es. Il est donc tr\u00e8s facile de soutenir une bonne cause en toute tranquillit\u00e9.<\/p>\n                                                                                                            <\/div>\n                                                <\/div>\n                                                                                    <\/div>\n                                                                                                <\/div>\n                                            <\/div>\n                <\/div>\n            <\/div>\n        <\/div>\n    \n\n        <div  class=\"section section-content has-no-padding-top-d has-no-padding-top-m has-no-bg has-no-pattern\">\n                        <div class=\"container\">\n                <div class=\"content-holder\">\n                    <div class=\"content\">\n                        <div class=\"inner\">\n                            <h2>Cas<\/h2>\n<p>En 2023, nous avons particip\u00e9 au \u2018Beursvloer\u2019 de Business &amp; Society, un nom bien connu dans la r\u00e9gion de Haarlem. Au cours d'une sorte de \"speed dates\", nous avons rencontr\u00e9 des fondations amies ayant une demande d'aide concr\u00e8te en mati\u00e8re de TIC. Pour ces organisations, nous pouvons pleinement d\u00e9ployer notre expertise afin de les aider dans l'excellent travail qu'elles accomplissent pour la soci\u00e9t\u00e9. Entre-temps, des collaborations agr\u00e9ables sont en cours avec l'organisation de soins Sint Jacob Haarlem, l'H\u00f4pital des Oiseaux et la Fondation Kurdish House Haarlem et la Fondation Somalis Haarlem &amp; Surroundings.<\/p>\n<p>* Avant de proc\u00e9der \u00e0 un don de mat\u00e9riel informatique, nous d\u00e9terminons d'abord les appareils que vous donnez afin d'\u00e9tablir une pr\u00e9vision des recettes. Si ces recettes sont nulles, Reuzado se r\u00e9serve le droit de ne pas traiter les biens en tant que dons de technologies de l'information.<\/p>\n                                                                                                                <\/div>\n                    <\/div>\n                <\/div>\n            <\/div>\n        <\/div>\n\n    \n\n    <div  class=\"section section-intro-text-image has-bg-lightblue has-no-pattern\">\n        <div class=\"wrapper\">\n            <div class=\"column-wrapper\">\n                <div class=\"column-holder\">\n                    <div class=\"column\">\n                        <div class=\"image-holder is-blue\">\n                        <\/div>\n                    <\/div>\n                    <div class=\"column\">\n                        <div class=\"image-holder is-lightblue\">\n                        <\/div>\n                        <div class=\"image-holder is-blue\">\n                        <\/div>\n                    <\/div>\n                    <div class=\"column\">\n                                                    <div class=\"image-holder\">\n                                <img decoding=\"async\" src=\"https:\/\/reuzado.nl\/app\/uploads\/2025\/09\/Reuzado-hoge-resolutie-JudithCapponFotografie-9696.jpg\" alt=\"\">\n                            <\/div>\n                                                <div class=\"image-holder is-blue\">\n                        <\/div>\n                    <\/div>\n                <\/div>\n            <\/div>\n            <div class=\"container\">\n                <div class=\"title\">\n                                            <h2>Faites plaisir \u00e0 quelqu'un d'autre : faites don de votre mat\u00e9riel informatique !<\/h2>\n<p>Votre mat\u00e9riel informatique doit \u00eatre remplac\u00e9 et vous ne savez pas quoi en faire ? Faites alors don de la valeur r\u00e9siduelle de votre mat\u00e9riel informatique \u00e0 l'organisation caritative de votre choix. Reuzado vous d\u00e9charge de toute la logistique et du processus administratif. Pourquoi ? Parce que nous accordons nous-m\u00eames de l'importance \u00e0 la RSE et que nous voulons encourager les entreprises \u00e0 faire des dons. C'est pourquoi nous prenons \u00e9galement en charge le co\u00fbt de la destruction des donn\u00e9es. Ainsi, les entreprises b\u00e9n\u00e9ficient non seulement d'une incitation \u00e0 la RSE, mais aussi d'une incitation financi\u00e8re.<\/p>\n                    \n                                    <\/div>\n                <div class=\"mobile-image\">\n                    <div class=\"column-holder\">\n                        <div class=\"column\">\n                            <div class=\"image-holder is-blue\">\n                            <\/div>\n                        <\/div>\n                        <div class=\"column\">\n                            <div class=\"image-holder is-lightblue\">\n                            <\/div>\n                            <div class=\"image-holder is-blue\">\n                            <\/div>\n                        <\/div>\n                        <div class=\"column\">\n                                                            <div class=\"image-holder\">\n                                    <img decoding=\"async\" src=\"https:\/\/reuzado.nl\/app\/uploads\/2025\/09\/Reuzado-hoge-resolutie-JudithCapponFotografie-9696.jpg\" alt=\"\">\n                                <\/div>\n                                                        <div class=\"image-holder is-blue\">\n                            <\/div>\n                        <\/div>\n                    <\/div>\n                <\/div>\n                <div class=\"text\">\n                    <div class=\"inner\">\n                                                    <h3>100% suppression compl\u00e8te des donn\u00e9es<\/h3>\n<p>Ordinateurs de bureau, ordinateurs portables, serveurs, appareils mobiles (smartphone, tablette), environnements SAN ; lorsqu'un appareil stocke des donn\u00e9es, Reuzado peut les supprimer. Nous effa\u00e7ons vos donn\u00e9es de mani\u00e8re confidentielle et compl\u00e8te avec Blancco - approuv\u00e9 par l'OTAN et le TUV. Vos donn\u00e9es sont si sensibles qu'elles ne doivent pas quitter vos locaux ? Dans ce cas, nous proc\u00e9dons \u00e0 la destruction des donn\u00e9es dans vos locaux. Nous travaillons \u00e9galement de mani\u00e8re itin\u00e9rante avec le logiciel de destruction de donn\u00e9es certifi\u00e9 de Blancco. Pour chaque support de donn\u00e9es, nous fournissons un certificat garantissant que les donn\u00e9es ont \u00e9t\u00e9 d\u00e9truites avec une certitude de 100%.<\/p>\n<p>&nbsp;<\/p>\n<h3>Chaque petit geste compte !<\/h3>\n<p>Si vous ne savez pas si votre mat\u00e9riel informatique d\u00e9pr\u00e9ci\u00e9 a encore suffisamment de valeur pour \u00eatre donn\u00e9, n'h\u00e9sitez pas \u00e0 nous contacter.<\/p>\n                                                                    <\/div>\n                <\/div>\n            <\/div>\n        <\/div>\n    <\/div>\n\n\n    <div  class=\"section section-cta has-small-image has-no-padding-bottom-d has-no-padding-bottom-m has-no-bg has-no-pattern\">\n        \n        <div class=\"holder\">\n            <div class=\"container\">\n                <div class=\"cta-holder\">\n                                            <div class=\"image-holder\">\n                            <img decoding=\"async\" src=\"https:\/\/reuzado.nl\/app\/uploads\/2025\/06\/Marina-2-reuzado-.jpg\" alt=\"\">\n                        <\/div>\n                                        <div class=\"content-holder\">\n                        <div class=\"inner\">\n                            <h2>Devenez partenaire !<\/h2>\n<p>Vous souhaitez soutenir des associations caritatives avec Reuzado ? Alors contactez-nous via <a href=\"mailto:info@reuzado.nl\">info@reuzado.nl<\/a> ou appeler <a href=\"tel:+31(0)235519821\">+31 (0)23 551 98 21<\/a>.  Nous serions heureux de discuter avec vous des diff\u00e9rentes possibilit\u00e9s de coop\u00e9ration. Apr\u00e8s tout, les partenariats et la coop\u00e9ration \u00e0 long terme nous permettent d'obtenir davantage et d'aller plus loin.<\/p>\n                                                            <div class=\"button-holder\">\n                                    \n                                                                            <a href=\"https:\/\/reuzado.nl\/fr\/contact\/\"\n                                           target=\"_self\"\n                                           class=\"button alt\">Prendre contact<\/a>\n                                                                    <\/div>\n                                                    <\/div>\n                    <\/div>\n                <\/div>\n            <\/div>\n        <\/div>\n\n                    <div class=\"background-image\">\n                <img decoding=\"async\" src=\"https:\/\/reuzado.nl\/app\/uploads\/2025\/06\/Reuzado-9377-scaled.jpg\" alt=\"\">\n            <\/div>\n            <\/div>","protected":false},"excerpt":{"rendered":"","protected":false},"author":1,"featured_media":0,"parent":424,"menu_order":0,"comment_status":"closed","ping_status":"closed","template":"","meta":{"_acf_changed":false,"footnotes":""},"class_list":["post-439","page","type-page","status-publish","hentry"],"acf":[],"_links":{"self":[{"href":"https:\/\/reuzado.nl\/fr\/wp-json\/wp\/v2\/pages\/439","targetHints":{"allow":["GET"]}}],"collection":[{"href":"https:\/\/reuzado.nl\/fr\/wp-json\/wp\/v2\/pages"}],"about":[{"href":"https:\/\/reuzado.nl\/fr\/wp-json\/wp\/v2\/types\/page"}],"author":[{"embeddable":true,"href":"https:\/\/reuzado.nl\/fr\/wp-json\/wp\/v2\/users\/1"}],"replies":[{"embeddable":true,"href":"https:\/\/reuzado.nl\/fr\/wp-json\/wp\/v2\/comments?post=439"}],"version-history":[{"count":0,"href":"https:\/\/reuzado.nl\/fr\/wp-json\/wp\/v2\/pages\/439\/revisions"}],"up":[{"embeddable":true,"href":"https:\/\/reuzado.nl\/fr\/wp-json\/wp\/v2\/pages\/424"}],"wp:attachment":[{"href":"https:\/\/reuzado.nl\/fr\/wp-json\/wp\/v2\/media?parent=439"}],"curies":[{"name":"wp","href":"https:\/\/api.w.org\/{rel}","templated":true}]}}